{"id":1633,"date":"2013-09-26T07:44:55","date_gmt":"2013-09-26T07:44:55","guid":{"rendered":"http:\/\/people.unica.it\/lingueecomunicazione\/?page_id=1633"},"modified":"2025-05-05T09:55:05","modified_gmt":"2025-05-05T09:55:05","slug":"ammissione","status":"publish","type":"page","link":"https:\/\/people.unica.it\/lingueecomunicazione\/futuristudenti\/ammissione\/","title":{"rendered":"Modalit\u00e0 di ammissione"},"content":{"rendered":"<p><strong>Anno Accademico 2025\/2026<\/strong><\/p>\n<p style=\"text-align: justify\">Per essere ammessi al Corso di Studi occorre:<\/p>\n<ul style=\"text-align: justify\">\n<li>essere in possesso del titolo di scuola secondaria superiore o di altro titolo di studio conseguito all\u2019estero riconosciuto idoneo;<\/li>\n<li>effettuare la verifica della preparazione iniziale.<\/li>\n<\/ul>\n<div class=\"entry fix\" style=\"text-align: justify\">\n<p>La verifica sar\u00e0 svolta\u00a0mediante\u00a0 <a href=\"https:\/\/www.cisiaonline.it\/area-tematica-tolc-studi-umanistici\/home-tolc-su\/\"><strong>TOLC\u2010SU<\/strong><\/a> e verr\u00e0 gestita tramite il <a href=\"https:\/\/www.cisiaonline.it\/?t=1\">CISIA<\/a> Consorzio Interuniversitario Sistemi integrati per l\u2019Accesso.<\/p>\n<p>Quest\u2019anno i\u00a0 TOLC-SU si svolgeranno secondo il seguente calendario:<\/p>\n<\/div>\n<table style=\"width: 40.296%\" border=\"1\" cellspacing=\"1\" cellpadding=\"1\">\n<thead>\n<tr>\n<th style=\"width: 47.3068%\" scope=\"col\">TOLC SU<\/th>\n<th style=\"width: 76.7554%\" scope=\"col\">modalit\u00e0<\/th>\n<\/tr>\n<\/thead>\n<tbody>\n<tr>\n<td style=\"width: 47.3068%\">In aggiornamento<\/td>\n<td style=\"width: 76.7554%\"><\/td>\n<\/tr>\n<tr>\n<td style=\"width: 47.3068%\"><\/td>\n<td style=\"width: 76.7554%\"><\/td>\n<\/tr>\n<tr>\n<td style=\"width: 47.3068%\"><\/td>\n<td style=\"width: 76.7554%\"><\/td>\n<\/tr>\n<tr>\n<td style=\"width: 47.3068%\"><\/td>\n<td style=\"width: 76.7554%\"><\/td>\n<\/tr>\n<tr>\n<td style=\"width: 47.3068%\"><\/td>\n<td style=\"width: 76.7554%\"><\/td>\n<\/tr>\n<tr>\n<td style=\"width: 47.3068%\"><\/td>\n<td style=\"width: 76.7554%\"><\/td>\n<\/tr>\n<tr>\n<td style=\"width: 47.3068%\"><\/td>\n<td style=\"width: 76.7554%\"><\/td>\n<\/tr>\n<tr>\n<td style=\"width: 47.3068%\"><\/td>\n<td style=\"width: 76.7554%\"><\/td>\n<\/tr>\n<tr>\n<td style=\"width: 47.3068%\"><\/td>\n<td style=\"width: 76.7554%\"><\/td>\n<\/tr>\n<\/tbody>\n<\/table>\n<div class=\"entry fix\" style=\"text-align: justify\">\n<p><strong>Descrizione prova di verifica della preparazione iniziale<\/strong><\/p>\n<p>La prova \u00e8 obbligatoria ed \u00e8 volta a valutare il livello di conoscenze in ingresso e a determinare eventuali obblighi formativi aggiuntivi.<\/p>\n<p>Il <strong>TOLC \u2013 SU<\/strong> \u00e8 composto da quesiti delle seguenti sezioni: Comprensione del testo e conoscenza della lingua italiana, Conoscenze e competenze acquisite negli studi, Ragionamento logico. Al termine del TOLC-SU \u00e8 presente una sezione per la prova della conoscenza della Lingua Inglese volta a determinare il livello in ingresso.<\/p>\n<p>La prova consister\u00e0 in un test di 50 domande a risposta multipla e di 30 quesiti aggiuntivi di Inglese, come da tabella che segue:<\/p>\n<table width=\"0\">\n<tbody>\n<tr>\n<td width=\"241\"><strong>SEZIONI<\/strong><\/td>\n<td width=\"330\"><strong>NUMERO DI QUESITI<\/strong><\/td>\n<td width=\"166\"><strong>TEMPO A DISPOSIZIONE<\/strong><\/td>\n<\/tr>\n<tr>\n<td width=\"241\">COMPRENSIONE DEL TESTO E CONOSCENZA<br \/>\nDELLA LINGUA ITALIANA<\/td>\n<td width=\"330\">30 QUESITI<\/td>\n<td width=\"166\">60 MINUTI<\/td>\n<\/tr>\n<tr>\n<td width=\"241\">CONOSCENZE E COMPETENZE<br \/>\nACQUISITE NEGLI STUDI<\/td>\n<td width=\"330\">10 QUESITI<\/td>\n<td width=\"166\">20 MINUTI<\/td>\n<\/tr>\n<tr>\n<td width=\"241\">RAGIONAMENTO LOGICO<\/td>\n<td width=\"330\">10 QUESITI<\/td>\n<td width=\"166\">20 MINUTI<\/td>\n<\/tr>\n<tr>\n<td width=\"241\"><strong>TOTALE<\/strong><\/td>\n<td width=\"330\"><strong>50 QUESITI<\/strong><\/td>\n<td width=\"166\"><strong>100 MINUTI<\/strong><\/td>\n<\/tr>\n<tr>\n<td width=\"241\">INGLESE<\/td>\n<td width=\"330\">30 QUESITI<\/td>\n<td width=\"166\">15 MINUTI<\/td>\n<\/tr>\n<tr>\n<td width=\"241\"><strong>TOTALE CON INGLESE<\/strong><\/td>\n<td width=\"330\"><strong>80 QUESITI<\/strong><\/td>\n<td width=\"166\"><strong>115 MINUTI<\/strong><\/td>\n<\/tr>\n<\/tbody>\n<\/table>\n<p>Per approfondimenti consultare la seguente pagina del consorzio CISIA:<a href=\"https:\/\/www.cisiaonline.it\/area-tematica-tolc-studi-umanistici\/struttura-della-prova-e-syllabus-2\/\">https:\/\/www.cisiaonline.it\/area-tematica-tolc-studi-umanistici\/struttura-della-prova-e-syllabus-2\/<\/a><\/p>\n<\/div>\n<p><strong>Esiti del test e assegnazione dei debiti formativi<\/strong><\/p>\n<p>Per il superamento della prova lo studente dovr\u00e0 conseguire un punteggio minimo di <strong>25<\/strong> sui primi 50 quesiti (viene escluso quindi il punteggio relativo all&#8217;inglese).<\/p>\n<p>Gli studenti che totalizzeranno un punteggio inferiore a 25, riceveranno un debito formativo in <strong>comprensione del testo e conoscenza della lingua italiana.<\/strong> Il punteggio relativo alla lingua inglese non dar\u00e0 invece luogo a un debito formativo, ma sar\u00e0 trasmesso ai docenti di inglese che potranno tenerne conto per l&#8217;organizzazione di eventuali iniziative di riallineamento.<\/p>\n<p>Gli studenti con debito formativo saranno tenuti a recuperarlo mediante la frequenza di <em><strong>corsi di riallineamento <\/strong><\/em>che saranno messi a disposizione dall&#8217;Ateneo.<\/p>\n<p><strong>IMMATRICOLAZIONE<\/strong><\/p>\n<p>Una volta che gli esiti della verifica vengono pubblicati, \u00e8 possibile <strong>immatricolarsi<\/strong>. L&#8217;immatricolazione si effettua online dalla propria area riservata sul sito www.unica.it, seguendo la procedura e le scadenze indicate nel <a href=\"https:\/\/www.unica.it\/unica\/it\/futuri_studenti_s01_ss02.page\"><em>Manifesto Generale degli Studi<\/em>.<\/a><\/p>\n<p>Al momento dell&#8217;immatricolazione, devi scegliere la <em>lingua straniera B<\/em> fra <strong>Arabo<\/strong>, <strong>Cinese<\/strong>, <strong>Francese<\/strong> e <strong>Spagnolo<\/strong>.<\/p>","protected":false},"excerpt":{"rendered":"<p>Anno Accademico 2025\/2026 Per essere ammessi al Corso di Studi occorre: essere in possesso del titolo di scuola secondaria superiore o di altro titolo di studio conseguito all\u2019estero riconosciuto idoneo; effettuare la verifica della preparazione iniziale. La verifica sar\u00e0 svolta\u00a0mediante\u00a0 TOLC\u2010SU e verr\u00e0 gestita tramite il CISIA Consorzio Interuniversitario Sistemi integrati per l\u2019Accesso. Quest\u2019anno i\u00a0 TOLC-SU si svolgeranno secondo il seguente calendario: TOLC SU modalit\u00e0 In aggiornamento Descrizione prova di verifica della preparazione iniziale La prova \u00e8 obbligatoria ed \u00e8 volta a valutare il livello di conoscenze in ingresso e a determinare eventuali obblighi formativi aggiuntivi. Il TOLC \u2013 SU <a href='https:\/\/people.unica.it\/lingueecomunicazione\/futuristudenti\/ammissione\/' class='excerpt-more'>[&#8230;]<\/a><\/p>\n","protected":false},"author":2072,"featured_media":0,"parent":4297,"menu_order":0,"comment_status":"closed","ping_status":"closed","template":"","meta":{"footnotes":""},"class_list":["post-1633","page","type-page","status-publish","hentry","post-seq-1","post-parity-odd","meta-position-corners","fix"],"_links":{"self":[{"href":"https:\/\/people.unica.it\/lingueecomunicazione\/wp-json\/wp\/v2\/pages\/1633","targetHints":{"allow":["GET"]}}],"collection":[{"href":"https:\/\/people.unica.it\/lingueecomunicazione\/wp-json\/wp\/v2\/pages"}],"about":[{"href":"https:\/\/people.unica.it\/lingueecomunicazione\/wp-json\/wp\/v2\/types\/page"}],"author":[{"embeddable":true,"href":"https:\/\/people.unica.it\/lingueecomunicazione\/wp-json\/wp\/v2\/users\/2072"}],"replies":[{"embeddable":true,"href":"https:\/\/people.unica.it\/lingueecomunicazione\/wp-json\/wp\/v2\/comments?post=1633"}],"version-history":[{"count":27,"href":"https:\/\/people.unica.it\/lingueecomunicazione\/wp-json\/wp\/v2\/pages\/1633\/revisions"}],"predecessor-version":[{"id":7425,"href":"https:\/\/people.unica.it\/lingueecomunicazione\/wp-json\/wp\/v2\/pages\/1633\/revisions\/7425"}],"up":[{"embeddable":true,"href":"https:\/\/people.unica.it\/lingueecomunicazione\/wp-json\/wp\/v2\/pages\/4297"}],"wp:attachment":[{"href":"https:\/\/people.unica.it\/lingueecomunicazione\/wp-json\/wp\/v2\/media?parent=1633"}],"curies":[{"name":"wp","href":"https:\/\/api.w.org\/{rel}","templated":true}]}}