{"id":1509,"date":"2013-03-06T11:48:18","date_gmt":"2013-03-06T11:48:18","guid":{"rendered":"http:\/\/people.unica.it\/lingueecomunicazione\/?page_id=1509"},"modified":"2022-05-19T15:49:47","modified_gmt":"2022-05-19T15:49:47","slug":"indagine-soddisfazione-studenti-frequentanti","status":"publish","type":"page","link":"https:\/\/people.unica.it\/lingueecomunicazione\/requisiti-di-trasparenza\/indagine-soddisfazione-studenti-frequentanti\/","title":{"rendered":"Opinioni degli studenti sulla didattica"},"content":{"rendered":"<p style=\"text-align: justify\">In base alla normativa nazionale, <strong>l&#8217;Universit\u00e0 di Cagliari raccoglie le opinioni degli studenti su tutti gli insegnamenti<\/strong>.<\/p>\n<p style=\"text-align: justify\">Nel momento in cui gli studenti effettuano la prenotazione online ad un esame, compilano anche, <em>in forma anonima<\/em>, un <strong>questionario<\/strong> in cui sono chiamati a esprimere una <strong>valutazione <\/strong>sull&#8217;<strong>attivit\u00e0 didattica<\/strong>.<\/p>\n<p style=\"text-align: justify\">I quesiti riguardano aspetti quali: <em>adeguatezza del carico di studio e del materiale didattico<\/em>, <em>chiarezza delle modalit\u00e0 d&#8217;esame<\/em>, <em>rispetto degli orari<\/em>, <em>chiarezza espositiva<\/em>, <em>reperibilit\u00e0 del docente<\/em>, <em>interesse per gli argomenti trattati<\/em>. Lo studente pu\u00f2 anche inserire un commento anonimo per inviare delle segnalazioni specifiche.<\/p>\n<p style=\"text-align: justify\">Gli <em>esiti delle valutazioni<\/em> vengono presentati e discussi in Consiglio di Classe almeno una volta all&#8217;anno, successivamente alla ricezione, da parte del Nucleo di Valutazione di Ateneo, del report annuale.<\/p>\n<p style=\"text-align: justify\">Di seguito sono pubblicati gli esiti delle valutazioni degli studenti di <em>Lingue e comunicazione<\/em>, anno per anno.<\/p>\n<p><a href=\"https:\/\/people.unica.it\/lingueecomunicazione\/files\/2022\/05\/L20-opinioni-studenti-20-21.pdf\">A.A. 2020\/2021<\/a><\/p>\n<p><a href=\"http:\/\/people.unica.it\/lingueecomunicazione\/files\/2021\/01\/L20-Lingue-e-comunicazione-valutazione-studenti.pdf\">A.A. 2019\/2020<\/a><\/p>\n<p><a href=\"http:\/\/people.unica.it\/lingueecomunicazione\/requisiti-di-trasparenza\/indagine-soddisfazione-studenti-frequentanti\/su_cds_2018_2019_annuale\/\" rel=\"attachment wp-att-6713\">A.A. 2018\/2019<\/a><\/p>\n<p><a href=\"https:\/\/www.unica.it\/unica\/protected\/142076\/0\/def\/ref\/GNC202928\/\">A.A. 2017\/2018<\/a><\/p>\n<p><a href=\"http:\/\/people.unica.it\/lingueecomunicazione\/requisiti-di-trasparenza\/indagine-soddisfazione-studenti-frequentanti\/32-17-valutazione-cds-2016-2017\/\" rel=\"attachment wp-att-4957\">A.A. 2016\/2017<\/a><\/p>\n<p><a href=\"http:\/\/people.unica.it\/lingueecomunicazione\/requisiti-di-trasparenza\/indagine-soddisfazione-studenti-frequentanti\/su_32_17_cds_aa2015_2016_annuale\/\" rel=\"attachment wp-att-4747\">A.A. 2015\/2016<\/a><\/p>\n<p><a href=\"http:\/\/people.unica.it\/lingueecomunicazione\/requisiti-di-trasparenza\/indagine-soddisfazione-studenti-frequentanti\/su_32_17_cds_ad_aa2014_2015_annuale\/\" rel=\"attachment wp-att-4748\">A.A. 2014\/2015<\/a><\/p>\n<p><a href=\"http:\/\/people.unica.it\/lingueecomunicazione\/requisiti-di-trasparenza\/indagine-soddisfazione-studenti-frequentanti\/su_32_17_cds_ad_aa2013_2014_annuale\/\" rel=\"attachment wp-att-4749\">A.A. 2013\/2014<\/a><\/p>\n<p>A.A. 2012\/2013:\u00a0<a href=\"http:\/\/people.unica.it\/lingueecomunicazione\/requisiti-di-trasparenza\/indagine-soddisfazione-studenti-frequentanti\/su_32_17_qvd_cds_aa2012_2013_sem1-2\/\" rel=\"attachment wp-att-4750\">1\u00b0 SEMESTRE<\/a> &#8211; <a href=\"http:\/\/people.unica.it\/lingueecomunicazione\/requisiti-di-trasparenza\/indagine-soddisfazione-studenti-frequentanti\/su_32_17_qvd_cds_aa2012_2013_sem2\/\" rel=\"attachment wp-att-4751\">2\u00b0 SEMESTRE<\/a><\/p>\n<p>A.A. 2011\/2012:\u00a0<a href=\"http:\/\/people.unica.it\/lingueecomunicazione\/requisiti-di-trasparenza\/indagine-soddisfazione-studenti-frequentanti\/32_17_qvd_cds_1_sem_2011\/\" rel=\"attachment wp-att-4752\">1\u00b0 SEMESTRE<\/a> &#8211; <a href=\"http:\/\/people.unica.it\/lingueecomunicazione\/requisiti-di-trasparenza\/indagine-soddisfazione-studenti-frequentanti\/32_17_qvd_cds_aa_2011_2012_sem_2\/\" rel=\"attachment wp-att-4753\">2\u00b0 SEMESTRE<\/a><\/p>\n","protected":false},"excerpt":{"rendered":"<p>In base alla normativa nazionale, l&#8217;Universit\u00e0 di Cagliari raccoglie le opinioni degli studenti su tutti gli insegnamenti. Nel momento in cui gli studenti effettuano la prenotazione online ad un esame, compilano anche, in forma anonima, un questionario in cui sono chiamati a esprimere una valutazione sull&#8217;attivit\u00e0 didattica. I quesiti riguardano aspetti quali: adeguatezza del carico di studio e del materiale didattico, chiarezza delle modalit\u00e0 d&#8217;esame, rispetto degli orari, chiarezza espositiva, reperibilit\u00e0 del docente, interesse per gli argomenti trattati. Lo studente pu\u00f2 anche inserire un commento anonimo per inviare delle segnalazioni specifiche. Gli esiti delle valutazioni vengono presentati e discussi in <a href='https:\/\/people.unica.it\/lingueecomunicazione\/requisiti-di-trasparenza\/indagine-soddisfazione-studenti-frequentanti\/' class='excerpt-more'>[&#8230;]<\/a><\/p>\n","protected":false},"author":678,"featured_media":0,"parent":1245,"menu_order":0,"comment_status":"closed","ping_status":"closed","template":"","meta":{"footnotes":""},"class_list":["post-1509","page","type-page","status-publish","hentry","post-seq-1","post-parity-odd","meta-position-corners","fix"],"_links":{"self":[{"href":"https:\/\/people.unica.it\/lingueecomunicazione\/wp-json\/wp\/v2\/pages\/1509","targetHints":{"allow":["GET"]}}],"collection":[{"href":"https:\/\/people.unica.it\/lingueecomunicazione\/wp-json\/wp\/v2\/pages"}],"about":[{"href":"https:\/\/people.unica.it\/lingueecomunicazione\/wp-json\/wp\/v2\/types\/page"}],"author":[{"embeddable":true,"href":"https:\/\/people.unica.it\/lingueecomunicazione\/wp-json\/wp\/v2\/users\/678"}],"replies":[{"embeddable":true,"href":"https:\/\/people.unica.it\/lingueecomunicazione\/wp-json\/wp\/v2\/comments?post=1509"}],"version-history":[{"count":21,"href":"https:\/\/people.unica.it\/lingueecomunicazione\/wp-json\/wp\/v2\/pages\/1509\/revisions"}],"predecessor-version":[{"id":7036,"href":"https:\/\/people.unica.it\/lingueecomunicazione\/wp-json\/wp\/v2\/pages\/1509\/revisions\/7036"}],"up":[{"embeddable":true,"href":"https:\/\/people.unica.it\/lingueecomunicazione\/wp-json\/wp\/v2\/pages\/1245"}],"wp:attachment":[{"href":"https:\/\/people.unica.it\/lingueecomunicazione\/wp-json\/wp\/v2\/media?parent=1509"}],"curies":[{"name":"wp","href":"https:\/\/api.w.org\/{rel}","templated":true}]}}