{"id":10877,"date":"2020-10-01T09:48:08","date_gmt":"2020-10-01T09:48:08","guid":{"rendered":"http:\/\/people.unica.it\/liaisonoffice\/?page_id=10877"},"modified":"2023-02-17T08:16:14","modified_gmt":"2023-02-17T08:16:14","slug":"link-utili","status":"publish","type":"page","link":"https:\/\/people.unica.it\/liaisonoffice\/link-utili\/","title":{"rendered":"Link utili"},"content":{"rendered":"<p><strong><span style=\"font-size: 12pt\">Ricerca e innovazione tecnologica in Sardegna<\/span><br \/>\n<\/strong><a href=\"http:\/\/www.regione.sardegna.it\/argomenti\/innovazione_tecnologica\/\"><strong>Innovazione tecnologica &#8211; Regione Sardegna<\/strong><\/a><br \/>\n<span style=\"font-size: 12pt\">Approfondimenti sulle attivit\u00e0 della RAS in materia di banda larga, Centri di accesso Pubblici, cartografia digitale, e-government, ricerca e sviluppo, sistemi informativi e societ\u00e0 della informazione.<\/span><br \/>\n<strong><a href=\"http:\/\/www.sardegnaricerche.it\/\">Sardegna Ricerche <\/a><\/strong><br \/>\nContiene informazioni sui cluster e i distretti sardi, notizie su eventi e bandi e un dettaglio dei servizi offerti dall\u2019Ente per la ricerca e lo sviluppo tecnologico: intermediazione tecnologica, business intelligence, ricerca documentale, consulenze brevettuali e biblioteca.<br \/>\n<a href=\"http:\/\/www.portocontericerche.it\/\"><strong>Porto Conte Ricerche<\/strong><\/a><br \/>\nDescrive i progetti in corso, le pubblicazioni del Parco tecnologico insediato ad Alghero e le quattro piattaforme tecnologiche attive.<br \/>\n<a href=\"http:\/\/www.crs4.it\/\"><strong>CRS4 &#8211; Centro di ricerca, sviluppo e studi superiori in Sardegna<\/strong><\/a><br \/>\nApprofondimenti sulle \u201cfocus area\u201d e i programmi di ricerca, un canale YouTube, Facebook e Twitter e una newsletter sui finanziamenti per la ricerca, lo sviluppo e l\u2019innovazione.<\/p>\n<p><strong>Innovazione nel contesto italiano<\/strong><br \/>\n<a href=\"https:\/\/www.miur.gov.it\/web\/guest\/ricerca1\"><strong> Sezione Ricerca del Ministero dell\u2019Istruzione, dell\u2019Universit\u00e0 e della ricerca<\/strong><\/a><br \/>\nFonte ufficiale di informazione sui riferimenti normativi e gli approfondimenti sui programmi di sostegno alla ricerca e sul sistema della ricerca pubblica.<br \/>\n<strong><a href=\"https:\/\/www.mise.gov.it\/index.php\/it\/\">Ministero dello sviluppo economico<\/a><\/strong><br \/>\nFonte ufficiale sulle politiche per la promozione della ricerca e dell&#8217;innovazione industriale e per favorire il trasferimento tecnologico, anche attraverso il ricorso ai titoli di propriet\u00e0 industriale.<br \/>\n<a href=\"http:\/\/www.aginnovazione.gov.it\/\"><strong>Agenzia per la diffusione delle tecnologie per l\u2019innovazione<\/strong><\/a><br \/>\nIl sito offre un\u2019agenda degli eventi importabile con Ical, una ricca sezione di video e pubblicazioni da scaricare sulla cultura dell\u2019innovazione. Inoltre, approfondimenti sui progetti curati dall\u2019Agenzia: Italia degli innovatori, Digital agenda going local, cooperazione Italia-Cina, Innovatori Jam.<br \/>\n<a href=\"https:\/\/www.researchitaly.it\/home\/#null\"><strong>Portale nazionale della ricerca italiana<\/strong><\/a><br \/>\nSchede sulla normativa e le realt\u00e0 esistenti in materia di politiche, attori e luoghi della ricerca, trasferimento tecnologico, politiche per i distretti territoriali e valorizzazione del capitale umano.<br \/>\n<a href=\"http:\/\/www.nottericercatori.it\/\"><strong>La notte dei ricercatori<\/strong><\/a><br \/>\nIl sito dell\u2019evento \u00e8 sempre aggiornato: i suoi articoli raccontano le storie, gli eventi e i personaggi legati al mondo della ricerca. Si trovano anche una ricca galleria di video e foto e uno spazio su Facebook sempre aggiornato.<\/p>\n<p><strong>Servizi informativi<\/strong><br \/>\n<a href=\"http:\/\/www.sardegnaricerche.it\/agenda\/bandi\/\"><strong>Bollettino Sardegna Ricerche<\/strong><\/a><br \/>\nSegnalazioni di bandi, programmi e progetti di ricerca applicata, formazione e trasferimento tecnologico, eventi e iniziative organizzati dal Parco tecnologico e da imprese e centri di ricerca insediati. Il bollettino \u00e8 disponibile anche in modalit\u00e0 newsletter.<a href=\"http:\/\/first.aster.it\/\"><strong><br \/>\nF1rst &#8211; finanziamenti per l\u2019innovazione, la ricerca e lo sviluppo tecnologico<\/strong><\/a><br \/>\nInformazioni ricche e aggiornate, video interviste e materiali di approfondimento da scaricare. Registrandosi, si pu\u00f2 accedere a servizi personalizzati di newsletter, feed rss, ricerca partner e consulenza. Sito dell\u2019Associazione scienza e tecnologia Emilia Romagna.<\/p>\n<p><strong>Propriet\u00e0 intellettuale<\/strong><br \/>\n<a href=\"https:\/\/uibm.mise.gov.it\/index.php\/it\/\"><strong>Ufficio italiano brevetti e marchi Ministero dello sviluppo economico<\/strong><\/a><br \/>\nRassegna normativa, servizi di newsletter, call center e accesso a banche dati online. Una sezione \u00e8 dedicata alle collaborazioni con Universit\u00e0 ed enti di ricerca. Ampie sezioni di approfondimento su brevetti, marchi, brevetti e modelli, servizi telematici di deposito domande e accesso ai database.<br \/>\n<a href=\"http:\/\/www.epo.org\/\"><strong>European Patent Office<\/strong><\/a><br \/>\nSito ufficiale europeo in materia di brevetti. Ricche sezioni sulla giurisprudenza, contenuti di formazione e training, notizie diffuse anche sui social network. In inglese, francese e tedesco.<strong><br \/>\n<a href=\"https:\/\/www.iprhelpdesk.eu\/home\">IPR Helpdesk<\/a><\/strong><br \/>\nUn servizio di supporto informativo sul tema della propriet\u00e0 intellettuale erogato gratuitamente in diverse modalit\u00e0: a distanza, in presenza, in forma modulare, webinar, workshop e materiali disponibili in download. In inglese.<br \/>\n<a href=\"http:\/\/www.wipo.org\/\"><strong>World Intellectual Property Organization<\/strong><\/a><br \/>\nSito ufficiale dell\u2019Organizzazione Mondiale per la Propriet\u00e0 Intellettuale. Ricche sezioni di news, servizi online inerenti la propriet\u00e0 intellettuale e risorse da scaricare.<\/p>\n<p><strong>Network<\/strong><br \/>\n<a href=\"https:\/\/netval.it\/\"><strong>Network per la valorizzazione della ricerca universitaria<\/strong><\/a><br \/>\nIl sito di NetVal contiene una vetrina dei brevetti e degli spin off accademici e universitari su base nazionale. Inoltre organizza corsi a catalogo e pubblica ogni anno una survey sul trasferimento tecnologico.<br \/>\n<a href=\"http:\/\/www.protoneurope.org\/\"><strong>Proton Europe, associazione europea sul trasferimento tecnologico<\/strong><\/a><br \/>\nPubblica report annuali sul trasferimento tecnologico in Europa, riporta una vetrina di buone pratiche sugli uffici di trasferimento tecnologico, la propriet\u00e0 intellettuale, gli spin off e le politiche di sviluppo. Ampia sezione di servizi informativi. Tutto disponibile per gli associati, in inglese.<br \/>\n<a href=\"http:\/\/www.pnicube.it\/\"><strong>Pni Cube<\/strong><\/a><br \/>\nAssociazione nazionale che promuove il trasferimento tecnologico attraverso il supporto alla creazione d\u2019impresa dal mondo della ricerca accademica. \u00c8 attivo, in particolare, nella nascita di incubatori universitari, nell\u2019acquisizione di risorse e nel supporto alla creazione di start up dalla ricerca.<\/p>\n<p><strong>Fondazioni<\/strong><br \/>\n<a href=\"https:\/\/www.fondazionedisardegna.it\/\"><strong>Banco di Sardegna<\/strong><\/a><br \/>\nIl bando 2012 per la richiesta contributi erogati dalla Fondazione bancaria sarda scade il 31 gennaio 2012.<br \/>\n<a href=\"http:\/\/www.fub.it\/\"><strong>Ugo Bordoni<\/strong><\/a><br \/>\nIstituzione di Alta cultura e ricerca in queste materie: comunicazioni elettroniche, informatica, elettronica, servizi pubblici a rete, radiotelevisione e servizi audiovisivi e multimediali. Collabora con le attivit\u00e0 di ricerca e formazione di diverse universit\u00e0 italiane e offre gratuitamente articoli e paper scaricabili. La sezione \u201cmultimedia\u201d \u00e8 ricca di video, audio e slide.<br \/>\n<a href=\"http:\/\/www.fbk.eu\/\"><strong>Ugo Kessler<\/strong><\/a><br \/>\nEnte di ricerca della Provincia autonoma di Trento che opera nel campo scientifico tecnologico e delle scienze umane. Web TV con i contenuti diffusi in creative commons, angolo dei giovani e link ai siti dei gruppi di ricerca.<br \/>\n<a href=\"http:\/\/www.fondazioneveronesi.it\/\"><strong>Umberto Veronesi<\/strong><\/a><br \/>\nPromuove borse per il finanziamento delle attivit\u00e0 di giovani ricercatori e di progetti di ricerca in campo medico.<br \/>\n<a href=\"http:\/\/societageografica.net\/wp\/it\/\"><strong>Societ\u00e0 geografica italiana<\/strong><\/a><br \/>\nLa Societ\u00e0 fondata nel 1867 bandisce premi di ricerca in ambito geografico.<\/p>\n<p><strong>Parchi scientifici e tecnologici e incubatori<\/strong><br \/>\n<a href=\"http:\/\/www.sardegnaricerche.it\/attivita\/parcotecnologico\/\"><strong>Polaris<\/strong><\/a><br \/>\nIl Parco scientifico e tecnologico della Sardegna \u00e8 un sistema di infrastrutture avanzate e servizi per l\u2019innovazione e la ricerca. Ha due sedi: Cagliari e Alghero. Oltre ai servizi generali di logistica, manutenzione ed accoglienza, il Parco offre servizi specialistici per lo sviluppo tecnologico.<br \/>\n<a href=\"https:\/\/www.polimi.it\/ricerca\/la-ricerca-al-politecnico\/polihub-innovation-park-startup-accelerator\"><strong>Acceleratore d\u2019impresa del Politecnico di Milano<\/strong><\/a><br \/>\nGestito dalla Fondazione Politecnico di Milano, \u00e8 un incubatore di start up tecnologiche con specializzazione in ICT e \u201cclean technologies\u201d.<br \/>\n<a href=\"http:\/\/www.parcoscientifico.uniroma2.it\/parco\/index.htm\"><strong>Parco scientifico romano<\/strong><\/a><br \/>\nIl Parco dell\u2019Universit\u00e0 di Roma Tor Vergata svolge attivit\u00e0 di incubazione di start up e di trasferimento tecnologico. Offre inoltre attivit\u00e0 di formazione e consulenza.<br \/>\n<a href=\"http:\/\/www.sapienzainnovazione.it\/\"><strong>Sapienza Innovazione<\/strong><\/a><br \/>\nConsorzio nato per promuovere le collaborazioni tra universit\u00e0, centri di ricerca, associazioni di categoria e imprenditori per promuovere la commercializzazione delle invenzioni e delle conoscenze generate dalle attivit\u00e0 scientifiche di base. Al suo interno sono attualmente operativi 15 \u201cjoint labs\u201d.<br \/>\n<a href=\"http:\/\/www.almacube.com\/\"><strong>AlmaCube<\/strong><\/a><br \/>\nIncubatore dell\u2019Universit\u00e0 di Bologna, offre agli spin off supporto logistico, consulenza nel networking e intermediazione per il reperimento di finanziamenti.<br \/>\n<a href=\"http:\/\/www.startcube.it\/\"><strong>StartCube<\/strong><\/a><br \/>\nIncubatore dell\u2019Universit\u00e0 di Padova, offre a pagamento servizi logistici e consulenza manageriale, di comunicazione e promozione, legale, amministrativa e contabile.<a href=\"http:\/\/www.area.trieste.it\/\"><strong><br \/>\nArea science Park<\/strong><\/a><br \/>\nConsorzio per l\u2019Area di ricerca scientifica e tecnologica di Trieste, \u00e8 anche un parco scientifico e tecnologico multisettoriale di livello internazionale.<\/p>\n<p><strong>Fund raising e premi per start up<\/strong><br \/>\n<a href=\"http:\/\/www.startcupsardegna.it\/\"><strong>Start cup Sardegna<\/strong><\/a><br \/>\nLa competizione che premia le migliori idee d\u2019impresa innovative da realizzare in Sardegna. L\u2019iniziativa \u00e8 promossa dalle Universit\u00e0 degli Studi di Sassari e di Cagliari e da Sardegna Ricerche nell\u2019ambito del progetto INNOVA.Re.<br \/>\n<a href=\"http:\/\/www.mindthebridge.org\/\"><strong>Mind the bridge<\/strong><\/a><br \/>\nFondazione che promuove annualmente una business plan competition e un programma di mentoring e coaching per le start up intenzionate a insediarsi a San Francisco.<br \/>\n<a href=\"https:\/\/www.wcap.tim.it\/it\"><strong>Telecom Working Capital<\/strong><\/a><br \/>\nUn progetto di Telecom Italia che promuove la creazione di startup e sostiene i migliori progetti di ricerca con supporti finanziari e logistici.<br \/>\n<a href=\"http:\/\/www.iban.it\/\"><strong>Italian business angel network<\/strong><\/a><br \/>\nIl sito dell\u2019associazione italiana investitori informali in capitale di rischio pubblica bandi di rilevanza nazionale e contiene la mappa italiana dei business angel network.<\/p>\n<p><strong>Archivi online e biblioteche<\/strong><br \/>\n<strong><a href=\"http:\/\/www.p-arch.it\/\">Sardegna Ricerche P-arch<\/a><\/strong><br \/>\nP-arch raccoglie e rende accessibile la produzione documentale del Parco scientifico e tecnologico sardo. Contiene articoli scientifici, progetti e report tecnici sulle attivit\u00e0 di ricerca finanziate con fondi pubblici e condotte da CRS4, Porto Conte Ricerche, Sardegna Ricerche e dalle organizzazioni insediate nel Parco.<br \/>\n<a href=\"https:\/\/opac.regione.sardegna.it\/SebinaOpac\/.do?sysb=sardegnaRicerche\"><strong>Biblioteca Sardegna Ricerche <\/strong><\/a><br \/>\nLa biblioteca \u00e8 aperta al pubblico nella sede nell\u2019edificio 2 di Sardegna Ricerche a Pula, ma fornisce servizi di prestito interbibliotecario e fornitura di documenti (document delivery). Il catalogo viene costantemente aggiornato con nuove acquisizioni. Accedendo all\u2019area utenti sul sito, si pu\u00f2 richiedere un acquisto e prenotare una consulenza bibliografica.<a href=\"https:\/\/www.cineca.it\/progetti\/pleiadi\"><strong><br \/>\nPleiadi &#8211; Portale per la letteratura scientifica elettronica italiana su archivi aperti e depositi istituzionali<\/strong><\/a><br \/>\nPiattaforma nazionale della letteratura scientifica depositata negli archivi aperti italiani gestiti da universit\u00e0 e centri di ricerca. Al momento Pleiadi contiene circa 440mila voci. Sul tema dell\u2019accesso aperto propone anche risorse di approfondimento e un calendario di news ed eventi.<\/p>\n","protected":false},"excerpt":{"rendered":"<p> &#8230; <a href=\"https:\/\/people.unica.it\/liaisonoffice\/link-utili\/\" class=\"more-link\">Read More<\/a><\/p>\n","protected":false},"author":643,"featured_media":0,"parent":0,"menu_order":0,"comment_status":"closed","ping_status":"closed","template":"","meta":{"footnotes":""},"class_list":["post-10877","page","type-page","status-publish","hentry","no-post-thumbnail"],"_links":{"self":[{"href":"https:\/\/people.unica.it\/liaisonoffice\/wp-json\/wp\/v2\/pages\/10877","targetHints":{"allow":["GET"]}}],"collection":[{"href":"https:\/\/people.unica.it\/liaisonoffice\/wp-json\/wp\/v2\/pages"}],"about":[{"href":"https:\/\/people.unica.it\/liaisonoffice\/wp-json\/wp\/v2\/types\/page"}],"author":[{"embeddable":true,"href":"https:\/\/people.unica.it\/liaisonoffice\/wp-json\/wp\/v2\/users\/643"}],"replies":[{"embeddable":true,"href":"https:\/\/people.unica.it\/liaisonoffice\/wp-json\/wp\/v2\/comments?post=10877"}],"version-history":[{"count":25,"href":"https:\/\/people.unica.it\/liaisonoffice\/wp-json\/wp\/v2\/pages\/10877\/revisions"}],"predecessor-version":[{"id":11606,"href":"https:\/\/people.unica.it\/liaisonoffice\/wp-json\/wp\/v2\/pages\/10877\/revisions\/11606"}],"wp:attachment":[{"href":"https:\/\/people.unica.it\/liaisonoffice\/wp-json\/wp\/v2\/media?parent=10877"}],"curies":[{"name":"wp","href":"https:\/\/api.w.org\/{rel}","templated":true}]}}