{"id":10714,"date":"2020-07-23T08:48:32","date_gmt":"2020-07-23T08:48:32","guid":{"rendered":"http:\/\/people.unica.it\/liaisonoffice\/?page_id=10714"},"modified":"2020-11-25T11:46:14","modified_gmt":"2020-11-25T11:46:14","slug":"spin-off-normativa-nazionale","status":"publish","type":"page","link":"https:\/\/people.unica.it\/liaisonoffice\/spin-off-new\/spin-off-normativa-nazionale\/","title":{"rendered":"Spin off: normativa nazionale"},"content":{"rendered":"<p><strong><a href=\"http:\/\/www.miur.it\/0006Menu_C\/0012Docume\/0098Normat\/0070Riordi_cf3.htm\" target=\"_blank\" rel=\"noopener noreferrer\">D. Lgs n. 297\/1999<\/a><\/strong><br \/>\n<strong><a href=\"http:\/\/attiministeriali.miur.it\/anno-2000\/agosto\/dm-08082000-n-593.aspx\" target=\"_blank\" rel=\"noopener noreferrer\">D.M. n. 593\/2000<\/a><\/strong><br \/>\n<strong><a href=\"http:\/\/www.camera.it\/parlam\/leggi\/10240l.htm\" target=\"_blank\" rel=\"noopener noreferrer\">D.L. n. 240\/2010<\/a><\/strong><br \/>\n<a href=\"http:\/\/www.uniroma1.it\/sites\/default\/files\/allegati\/D.M%2010%20Agosto%202011%20n.168.pdf\" target=\"_blank\" rel=\"noopener noreferrer\"><strong>D.M. n. 168\/2011<\/strong><\/a><br \/>\n<strong><a href=\"http:\/\/people.unica.it\/liaisonoffice\/2013\/03\/21\/decreto-sviluppo-bis-le-opportunita-per-le-startup-innovative-dal-d-l-n-1792012\/\">D.L. n. 179\/2012<\/a><\/strong><\/p>\n<p><a href=\"http:\/\/www.sviluppoeconomico.gov.it\/index.php\/it\/normativa\/circolari-note-direttive-e-atti-di-indirizzo\/2034858-circolare-3691-c-del-1-luglio-2016\" target=\"_blank\" rel=\"noopener noreferrer\"><strong>Circolare 3691\/C del 1 luglio 2016<\/strong><\/a> &#8211; Modalit\u00e0 di costituzione delle societ\u00e0 a responsabilit\u00e0 limitata start-up innovative.<\/p>\n<p><a href=\"http:\/\/www.sviluppoeconomico.gov.it\/index.php\/it\/normativa\/decreti-direttoriali\/2034857-decreto-direttoriale-1-luglio-2016-approvazione-delle-specifiche-tecniche-per-la-struttura-di-modello-informatico-e-di-statuto-delle-societa-a-responsabilita-limitata-start-up-innovative-a-norma-del-dm-17-febbraio-2016\" target=\"_blank\" rel=\"noopener noreferrer\"><strong>Decreto direttoriale 1 luglio 2016<\/strong><\/a> &#8211; Approvazione delle specifiche tecniche per la struttura di modello informatico e di statuto delle societ\u00e0 a responsabilit\u00e0 limitata start-up innovative, a norma del DM 17 febbraio 2016.<\/p>\n<p>La<strong> <a href=\"http:\/\/startup.infocamere.it\/atst\/guidaCostitutivo;jsessionid=b3kP8V5GpKyZIPk7My8YMjmO.inter6jb2?0\" target=\"_blank\" rel=\"noopener noreferrer\">guida di Infocamere<\/a><\/strong> per costituire una startup innovativa online.<\/p>\n","protected":false},"excerpt":{"rendered":"<p> &#8230; <a href=\"https:\/\/people.unica.it\/liaisonoffice\/spin-off-new\/spin-off-normativa-nazionale\/\" class=\"more-link\">Read More<\/a><\/p>\n","protected":false},"author":2926,"featured_media":0,"parent":10712,"menu_order":0,"comment_status":"closed","ping_status":"closed","template":"","meta":{"footnotes":""},"class_list":["post-10714","page","type-page","status-publish","hentry","no-post-thumbnail"],"_links":{"self":[{"href":"https:\/\/people.unica.it\/liaisonoffice\/wp-json\/wp\/v2\/pages\/10714","targetHints":{"allow":["GET"]}}],"collection":[{"href":"https:\/\/people.unica.it\/liaisonoffice\/wp-json\/wp\/v2\/pages"}],"about":[{"href":"https:\/\/people.unica.it\/liaisonoffice\/wp-json\/wp\/v2\/types\/page"}],"author":[{"embeddable":true,"href":"https:\/\/people.unica.it\/liaisonoffice\/wp-json\/wp\/v2\/users\/2926"}],"replies":[{"embeddable":true,"href":"https:\/\/people.unica.it\/liaisonoffice\/wp-json\/wp\/v2\/comments?post=10714"}],"version-history":[{"count":3,"href":"https:\/\/people.unica.it\/liaisonoffice\/wp-json\/wp\/v2\/pages\/10714\/revisions"}],"predecessor-version":[{"id":10924,"href":"https:\/\/people.unica.it\/liaisonoffice\/wp-json\/wp\/v2\/pages\/10714\/revisions\/10924"}],"up":[{"embeddable":true,"href":"https:\/\/people.unica.it\/liaisonoffice\/wp-json\/wp\/v2\/pages\/10712"}],"wp:attachment":[{"href":"https:\/\/people.unica.it\/liaisonoffice\/wp-json\/wp\/v2\/media?parent=10714"}],"curies":[{"name":"wp","href":"https:\/\/api.w.org\/{rel}","templated":true}]}}