{"id":10683,"date":"2020-07-22T06:28:10","date_gmt":"2020-07-22T06:28:10","guid":{"rendered":"http:\/\/people.unica.it\/liaisonoffice\/?page_id=10683"},"modified":"2021-03-29T11:24:06","modified_gmt":"2021-03-29T11:24:06","slug":"industrial-liaison-office","status":"publish","type":"page","link":"https:\/\/people.unica.it\/liaisonoffice\/","title":{"rendered":"Industrial Liaison Office"},"content":{"rendered":"<p>UniCa Liaison Office \u00e8 l\u2019Industrial Liaison office d\u2019Ateneo (ILO). Costituito nell\u2019anno 2005, ha il compito di raccordare le attivit\u00e0 di ricerca dell\u2019Universit\u00e0 con le esigenze del mondo produttivo e del territorio, per favorire il trasferimento tecnologico e contribuire allo sviluppo socio-economico regionale.<\/p>\n<p>Ogni giorno l\u2019ILO lavora per migliorare le attivit\u00e0 di collegamento tra ricerca e territorio, per facilitare il dialogo tra Universit\u00e0 e impresa, inteso come opportunit\u00e0 di crescita a vantaggio di entrambe, e per la creazione di economie esterne a vantaggio del territorio.<\/p>\n<p>La collaborazione con l\u2019ILO permette alle imprese di accedere al patrimonio di conoscenze e competenze dell\u2019Universit\u00e0 di Cagliari, far fronte al cambiamento tecnologico e di mercato esternalizzando l\u2019innovazione e acquisire un vantaggio competitivo.<\/p>\n<p>&nbsp;<\/p>\n<p><a href=\"https:\/\/people.unica.it\/liaisonoffice\/cosa-facciamo-per-i-ricercatori\/\">COSA FACCIAMO PER I RICERCATORI<\/a><\/p>\n<p><a href=\"https:\/\/people.unica.it\/liaisonoffice\/cosa-facciamo-con-le-imprese\/\">COSA FACCIAMO CON LE IMPRESE<\/a><\/p>\n<p>&nbsp;<\/p>\n<p>&nbsp;<\/p>\n","protected":false},"excerpt":{"rendered":"<p> &#8230; <a href=\"https:\/\/people.unica.it\/liaisonoffice\/\" class=\"more-link\">Read More<\/a><\/p>\n","protected":false},"author":2926,"featured_media":0,"parent":0,"menu_order":0,"comment_status":"closed","ping_status":"closed","template":"","meta":{"footnotes":""},"class_list":["post-10683","page","type-page","status-publish","hentry","no-post-thumbnail"],"_links":{"self":[{"href":"https:\/\/people.unica.it\/liaisonoffice\/wp-json\/wp\/v2\/pages\/10683","targetHints":{"allow":["GET"]}}],"collection":[{"href":"https:\/\/people.unica.it\/liaisonoffice\/wp-json\/wp\/v2\/pages"}],"about":[{"href":"https:\/\/people.unica.it\/liaisonoffice\/wp-json\/wp\/v2\/types\/page"}],"author":[{"embeddable":true,"href":"https:\/\/people.unica.it\/liaisonoffice\/wp-json\/wp\/v2\/users\/2926"}],"replies":[{"embeddable":true,"href":"https:\/\/people.unica.it\/liaisonoffice\/wp-json\/wp\/v2\/comments?post=10683"}],"version-history":[{"count":8,"href":"https:\/\/people.unica.it\/liaisonoffice\/wp-json\/wp\/v2\/pages\/10683\/revisions"}],"predecessor-version":[{"id":11379,"href":"https:\/\/people.unica.it\/liaisonoffice\/wp-json\/wp\/v2\/pages\/10683\/revisions\/11379"}],"wp:attachment":[{"href":"https:\/\/people.unica.it\/liaisonoffice\/wp-json\/wp\/v2\/media?parent=10683"}],"curies":[{"name":"wp","href":"https:\/\/api.w.org\/{rel}","templated":true}]}}