{"id":409,"date":"2016-06-09T20:31:59","date_gmt":"2016-06-09T20:31:59","guid":{"rendered":"http:\/\/people.unica.it\/lamemoriaritrovata\/?page_id=409"},"modified":"2016-07-04T16:53:50","modified_gmt":"2016-07-04T16:53:50","slug":"pubblicazione-6-orru","status":"publish","type":"page","link":"https:\/\/people.unica.it\/lamemoriaritrovata\/pubblicazione-6-orru\/","title":{"rendered":"Pubblicazione 6 \u2013 Orr\u00f9"},"content":{"rendered":"<p>GIANGIACOMO ORRU&#8217;<br \/>\n<b>La Sardegna nell&#8217;Et\u00e0 della Rivoluzione. L&#8217;attacco francese alla citt\u00e0 di Cagliari<br \/>\n<\/b><\/p>\n<p>&nbsp;<\/p>\n<p><a href=\"http:\/\/people.unica.it\/lamemoriaritrovata\/copertina-lmr-6\/\"><img decoding=\"async\" class=\"alignnone size-full wp-image-313\" style=\"float: left;border: 3px solid white\" src=\"http:\/\/people.unica.it\/lamemoriaritrovata\/files\/2016\/06\/Copertina-LMR-6.jpg\" alt=\"Copertina LMR 6\" width=\"71\" height=\"96\" \/><\/a>2014, cm 20\u00d728, pp. 120<br \/>\nISBN 978-88-98692-31-6<br \/>\nLa Memoria Ritrovata<br \/>\nAipsa Edizioni<\/p>\n<p>&nbsp;<\/p>\n<p>Il volume contiene una raccolta di documenti riguardanti l&#8217;attacco francese a Cagliari nel 1793, preceduta da una introduzione storica e da una nota archivistica. I documenti appartengono a fondi conservati presso il Service Historique de la Marine a Vincennes, negli Archives diplomatiques du Minist\u00e9re des Affaires \u00e9trang\u00e8res et europ\u00e9ennes della sede di Parigi (La Corneuve) e negli Archives nationales di Parigi.<\/p>\n<p>Clicca per visualizzare <a href=\"http:\/\/people.unica.it\/lamemoriaritrovata\/files\/2016\/07\/6_ORRU_indice.pdf\" target=\"_blank\">l&#8217;indice<\/a>.<\/p>\n<p>&nbsp;<\/p>\n<p><b>Giangiacomo Orr\u00f9<\/b> \u00e8 dottore di ricerca in Storia moderna e contemporanea e collabora con il Dipartimento di Storia, Beni Culturali e Territorio dell&#8217;Universit\u00e0 degli Studi di Cagliari. Professore di scuola media, vive e lavora a Cagliari. Tra le sue pubblicazioni: &#8220;Un giornale della Restaurazione: l&#8217;Indicatore Sardo&#8221; (con M. Cossu e S. Palmas, Tema 1997), &#8220;Le \u00e9lites politiche in Sardegna nel Ventennio fascista&#8221; (CUEC 2009), &#8220;Cultura e societ\u00e0 in Sardegna nei periodici della prima met\u00e0 dell&#8217;Ottocento&#8221; (CUEC 2010). Ha curato con Valeria Deplano il volume &#8220;I consoli britannici in Sardegna (1750-1934)&#8221;, La Memoria Ritrovata, volume n. 4, Aipsa Edizioni, Cagliari 2012.<\/p>","protected":false},"excerpt":{"rendered":"<p>GIANGIACOMO ORRU&#8217; La Sardegna nell&#8217;Et\u00e0 della Rivoluzione. L&#8217;attacco francese alla citt\u00e0 di Cagliari &nbsp; 2014, cm 20\u00d728, pp. 120 ISBN 978-88-98692-31-6 La Memoria Ritrovata Aipsa Edizioni &nbsp; Il volume contiene una raccolta di documenti riguardanti l&#8217;attacco francese a Cagliari nel 1793, preceduta da una introduzione storica e da una nota archivistica. I documenti appartengono a fondi conservati presso il Service Historique de la Marine a Vincennes, negli Archives diplomatiques du Minist\u00e9re des Affaires \u00e9trang\u00e8res et europ\u00e9ennes della sede di Parigi (La Corneuve) e negli Archives nationales di Parigi. Clicca per visualizzare l&#8217;indice. &nbsp; Giangiacomo Orr\u00f9 \u00e8 dottore di ricerca in <a href='https:\/\/people.unica.it\/lamemoriaritrovata\/pubblicazione-6-orru\/' class='excerpt-more'>[&#8230;]<\/a><\/p>\n","protected":false},"author":699,"featured_media":0,"parent":0,"menu_order":0,"comment_status":"closed","ping_status":"closed","template":"","meta":{"footnotes":""},"class_list":["post-409","page","type-page","status-publish","hentry","post-seq-1","post-parity-odd","meta-position-corners","fix"],"publishpress_future_action":{"enabled":false,"date":"2026-04-18 00:32:12","action":"Draft","newStatus":"draft","terms":[],"taxonomy":"","extraData":[]},"publishpress_future_workflow_manual_trigger":{"enabledWorkflows":[]},"_links":{"self":[{"href":"https:\/\/people.unica.it\/lamemoriaritrovata\/wp-json\/wp\/v2\/pages\/409","targetHints":{"allow":["GET"]}}],"collection":[{"href":"https:\/\/people.unica.it\/lamemoriaritrovata\/wp-json\/wp\/v2\/pages"}],"about":[{"href":"https:\/\/people.unica.it\/lamemoriaritrovata\/wp-json\/wp\/v2\/types\/page"}],"author":[{"embeddable":true,"href":"https:\/\/people.unica.it\/lamemoriaritrovata\/wp-json\/wp\/v2\/users\/699"}],"replies":[{"embeddable":true,"href":"https:\/\/people.unica.it\/lamemoriaritrovata\/wp-json\/wp\/v2\/comments?post=409"}],"version-history":[{"count":5,"href":"https:\/\/people.unica.it\/lamemoriaritrovata\/wp-json\/wp\/v2\/pages\/409\/revisions"}],"predecessor-version":[{"id":446,"href":"https:\/\/people.unica.it\/lamemoriaritrovata\/wp-json\/wp\/v2\/pages\/409\/revisions\/446"}],"wp:attachment":[{"href":"https:\/\/people.unica.it\/lamemoriaritrovata\/wp-json\/wp\/v2\/media?parent=409"}],"curies":[{"name":"wp","href":"https:\/\/api.w.org\/{rel}","templated":true}]}}