{"id":325,"date":"2013-03-01T16:37:58","date_gmt":"2013-03-01T16:37:58","guid":{"rendered":"http:\/\/people.unica.it\/lamemoriaritrovata\/?page_id=325"},"modified":"2016-07-04T16:58:10","modified_gmt":"2016-07-04T16:58:10","slug":"pubblicazione-4-deplano-orru","status":"publish","type":"page","link":"https:\/\/people.unica.it\/lamemoriaritrovata\/pubblicazioni\/pubblicazione-4-deplano-orru\/","title":{"rendered":"Pubblicazione 4 &#8211; Deplano, Orr\u00f9"},"content":{"rendered":"<p>VALERIA DEPLANO, GIANGIACOMO ORRU&#8217;<br \/>\n<b>I consoli britannici in Sardegna (1750-1934)<br \/>\n<\/b><\/p>\n<p>&nbsp;<\/p>\n<p><a href=\"http:\/\/people.unica.it\/lamemoriaritrovata\/copertina-lmr-4\/\"><img decoding=\"async\" class=\"alignnone size-full wp-image-313\" style=\"float: left;border: 3px solid white\" src=\"http:\/\/people.unica.it\/lamemoriaritrovata\/files\/2016\/06\/Copertina-LMR-4.jpg\" alt=\"Copertina LMR 4\" width=\"71\" height=\"96\" \/><\/a>2012, cm 20\u00d728, pp. 180, \u20ac 20,00<br \/>\nISBN 978-88-95692-54-8<br \/>\nLa Memoria Ritrovata<br \/>\nAipsa Edizioni<\/p>\n<p>&nbsp;<\/p>\n<p>Il volume contiene una raccolta di documenti conservati presso i National Archives di Kew, a Londra, riguardanti la presenza e l&#8217;attivit\u00e0 consolare britannica in Sardegna dalla met\u00e0 del Settecento al Ventesimo secolo. I testi sono preceduti da un&#8217;introduzione storica e da una nota archivistica.<\/p>\n<p>Clicca per visualizzare <a href=\"http:\/\/people.unica.it\/lamemoriaritrovata\/files\/2016\/07\/4_DEPLANO-ORRU_indice.pdf\" target=\"_blank\">l&#8217;indice<\/a>.<\/p>\n<p>&nbsp;<\/p>\n<p><b>Valeria Deplano<\/b> \u00e8 dottore di ricerca in Storia moderna e contemporanea e collabora con il Dipartimento di Storia, Beni Culturali e Territorio dell&#8217;Universit\u00e0 degli Studi di Cagliari. Si occupa di storia della cultura e di storia del colonialismo italiano, ed \u00e8 curatrice, insieme a Silvia Aru, del volume di prossima uscita &#8220;Discorsi d&#8217;Italia. Potere e rappresentazioni dall&#8217;Unit\u00e0 a oggi&#8221; (Ombre Corte).<\/p>\n<p><b>Giangiacomo Orr\u00f9<\/b> \u00e8 dottore di ricerca in Storia moderna e contemporanea e collabora con il Dipartimento di Storia, Beni Culturali e Territorio dell&#8217;Universit\u00e0 degli Studi di Cagliari. Professore di scuola media, vive e lavora a Cagliari. Tra le sue pubblicazioni: &#8220;Un giornale della Restaurazione: l&#8217;Indicatore Sardo&#8221; (con M. Cossu e S. Palmas, Tema 1997), &#8220;Le \u00e9lites politiche in Sardegna nel Ventennio fascista&#8221; (CUEC 2009), &#8220;Cultura e societ\u00e0 in Sardegna nei periodici della prima met\u00e0 dell&#8217;Ottocento&#8221; (CUEC 2010).<\/p>","protected":false},"excerpt":{"rendered":"<p>VALERIA DEPLANO, GIANGIACOMO ORRU&#8217; I consoli britannici in Sardegna (1750-1934) &nbsp; 2012, cm 20\u00d728, pp. 180, \u20ac 20,00 ISBN 978-88-95692-54-8 La Memoria Ritrovata Aipsa Edizioni &nbsp; Il volume contiene una raccolta di documenti conservati presso i National Archives di Kew, a Londra, riguardanti la presenza e l&#8217;attivit\u00e0 consolare britannica in Sardegna dalla met\u00e0 del Settecento al Ventesimo secolo. I testi sono preceduti da un&#8217;introduzione storica e da una nota archivistica. Clicca per visualizzare l&#8217;indice. &nbsp; Valeria Deplano \u00e8 dottore di ricerca in Storia moderna e contemporanea e collabora con il Dipartimento di Storia, Beni Culturali e Territorio dell&#8217;Universit\u00e0 degli Studi <a href='https:\/\/people.unica.it\/lamemoriaritrovata\/pubblicazioni\/pubblicazione-4-deplano-orru\/' class='excerpt-more'>[&#8230;]<\/a><\/p>\n","protected":false},"author":699,"featured_media":0,"parent":241,"menu_order":0,"comment_status":"closed","ping_status":"closed","template":"","meta":{"footnotes":""},"class_list":["post-325","page","type-page","status-publish","hentry","post-seq-1","post-parity-odd","meta-position-corners","fix"],"publishpress_future_action":{"enabled":false,"date":"2026-04-18 02:22:21","action":"Draft","newStatus":"draft","terms":[],"taxonomy":"","extraData":[]},"publishpress_future_workflow_manual_trigger":{"enabledWorkflows":[]},"_links":{"self":[{"href":"https:\/\/people.unica.it\/lamemoriaritrovata\/wp-json\/wp\/v2\/pages\/325","targetHints":{"allow":["GET"]}}],"collection":[{"href":"https:\/\/people.unica.it\/lamemoriaritrovata\/wp-json\/wp\/v2\/pages"}],"about":[{"href":"https:\/\/people.unica.it\/lamemoriaritrovata\/wp-json\/wp\/v2\/types\/page"}],"author":[{"embeddable":true,"href":"https:\/\/people.unica.it\/lamemoriaritrovata\/wp-json\/wp\/v2\/users\/699"}],"replies":[{"embeddable":true,"href":"https:\/\/people.unica.it\/lamemoriaritrovata\/wp-json\/wp\/v2\/comments?post=325"}],"version-history":[{"count":5,"href":"https:\/\/people.unica.it\/lamemoriaritrovata\/wp-json\/wp\/v2\/pages\/325\/revisions"}],"predecessor-version":[{"id":450,"href":"https:\/\/people.unica.it\/lamemoriaritrovata\/wp-json\/wp\/v2\/pages\/325\/revisions\/450"}],"up":[{"embeddable":true,"href":"https:\/\/people.unica.it\/lamemoriaritrovata\/wp-json\/wp\/v2\/pages\/241"}],"wp:attachment":[{"href":"https:\/\/people.unica.it\/lamemoriaritrovata\/wp-json\/wp\/v2\/media?parent=325"}],"curies":[{"name":"wp","href":"https:\/\/api.w.org\/{rel}","templated":true}]}}