{"id":246,"date":"2013-02-26T11:35:16","date_gmt":"2013-02-26T11:35:16","guid":{"rendered":"http:\/\/people.unica.it\/lamemoriaritrovata\/?page_id=246"},"modified":"2013-03-22T15:59:36","modified_gmt":"2013-03-22T15:59:36","slug":"home","status":"publish","type":"page","link":"https:\/\/people.unica.it\/lamemoriaritrovata\/home\/","title":{"rendered":"Informazioni generali"},"content":{"rendered":"<h4>it<\/h4><p><\/p>\n<p style=\"text-align: justify\"><strong>La Memoria Ritrovata<\/strong><\/p>\n<p style=\"text-align: justify\">Un progetto per individuare, acquisire, ordinare, pubblicare fonti documentarie riguardanti la storia della Sardegna custodite in archivi nazionali ed esteri<\/p>\n<p style=\"text-align: justify\"><strong>Il progetto<\/strong><\/p>\n<p style=\"text-align: justify\">\u00e8 rivolto a costruire un archivio della memoria storica che rappresenti un punto di riferimento non solo per gli studiosi ma per tutta la comunit\u00e0. A tal fine si prevede, oltre al sito internet, una collana editoriale per l&#8217;edizione critica di documenti selezionati dai diversi fondi archivistici acquisiti e iniziative miranti alla diffusione e al dibattito sulle problematiche inerenti i progetti di ricerca.<\/p>\n<p style=\"text-align: justify\">L&#8217;iniziativa si pone anche come integrazione del catalogo generale del patrimonio culturale della Sardegna, promuovendo la raccolta e lo studio di materiali relativi alla tradizione orale e di materiali iconografici, con particolare attenzione al mondo sardo contemporaneo.<\/p>\n<p><strong>Proponenti e coordinatori scientifici<\/strong><\/p>\n<p style=\"text-align: justify\">per il Dipartimento di Scienze Sociali e delle Istituzioni:<\/p>\n<p style=\"text-align: justify\">prof. Mariarosa Cardia, docente di Storia delle Istituzioni Politiche presso la Facolt\u00e0 di Scienze Economiche, Giuridiche e Politiche<\/p>\n<p style=\"text-align: justify\">per il Dipartimento di Storia, Beni Culturali e Territorio<\/p>\n<p style=\"text-align: justify\">prof. Luciano Marrocu, docente di Storia Contemporanea presso la Facolt\u00e0 di Studi Umanistici<\/p>\n<p><strong>Il progetto \u00e8 finanziato<\/strong><\/p>\n<p style=\"text-align: justify\">dalla Regione Autonoma della Sardegna<\/p>\n<p style=\"text-align: justify\">dalla Fondazione Banco di Sardegna<\/p>\n<p style=\"text-align: justify\">dal Ministero dell&#8217;Universit\u00e0 e della Ricerca<\/p>\n<p style=\"text-align: justify\">dall&#8217;Universit\u00e0 degli Studi di Cagliari<\/p>\n<p><\/p><h4>gb<\/h4><p><\/p>\n<p style=\"text-align: justify\"><strong>Memory regained<\/strong><\/p>\n<p>A project that intends to identify, acquire, classify and publish documented evidence found in sources regarding sardinian history conserved in sardinian, national and foreign archives<\/p>\n<p style=\"text-align: justify\"><strong>The project<\/strong><\/p>\n<p style=\"text-align: justify\">aims to create an archive of historical memory that will serve as a point of reference not only for academic researchers but for the community as a whole. This objective will be achieved not only through the development of this website but also by publishing a series of critical editions of documents acquired and selected from various archive records and initiatives aimed at disseminating and encouraging debate on the all issues concerning the research project.<\/p>\n<p style=\"text-align: justify\">The project will form an integral part of the wider general catalogue of Sardinian cultural heritage, promoting the collection and study material relating to oral tradition and iconography, with particular reference to Sardinian contemporary society.<\/p>\n<p style=\"text-align: justify\"><strong>Project promoters and research coordinators<\/strong><\/p>\n<p style=\"text-align: justify\">For the department of modern and contemporary International History and Politics:<\/p>\n<p style=\"text-align: justify\">Prof. Mariarosa Cardia, lecturer in the history of Political Institutions at the Faculty of Political Science<\/p>\n<p style=\"text-align: justify\">For the Department of Geography, History and Art:<\/p>\n<p style=\"text-align: justify\">Prof. Luciano Marrocu, lecturer in contemporary history at the faculty of Fine Arts and Philosophy.<\/p>\n<p><strong>Project collaborators<\/strong><\/p>\n<p style=\"text-align: justify\">The lecturers and staff of the two departments<\/p>\n<p style=\"text-align: justify\">For the purpose of locating, acquiring and classifying documentary material, research contracts have been assigned to young researchers and undergraduates have been allocated degree theses in specific areas of interest.<\/p>\n<p><strong>Financial sponsors of the project<\/strong><br \/>\nSardinian Regional Government<br \/>\nBanco di Sardegna Foundation<br \/>\nThe Ministry for Universities and Research<br \/>\nThe University of Cagliari<\/p>\n<p><\/p><h4>sn<\/h4><p><\/p>\n<p><strong>Sa mem\u00f2ria torrada a agatai<\/strong><\/p>\n<p>Unu progetu po achiriri, assentai, publicai scedas de documentus pertocantis sa st\u00f2ria de sa sard\u00ecnnia allogaus in arcivus sardus, natzionalis e \u00e8sterus<\/p>\n<p>&nbsp;<\/p>\n<p><b>Su progetu<\/b><\/p>\n<p>bolit stantargiai un\u2019arcivu de sa mem\u00f2ria st\u00f2rica chi potzat essi postu po arregordu no sceti po is studiadoris ma po totu sa comunidadi. Po cussu\u00a0 portat idea de apariciai, imprus de su giassu in s\u2019arretza, siat una filera editoriali po s\u2019editzioni cr\u00ectica de is documentus seberaus de totu is<i> fondi<\/i> de arcivu achirius, siat fainas po spainai e arraxonai de chistionis pertocantis is progetus de sa circa.<\/p>\n<p>Sa faina portat idea puru de arricai\u00a0 totu s\u2019asienda culturali de sa Sard\u00ecnnia, insullendi a ndi goddiri e studiai totu su materiali de su connotu contau de\u00a0 s\u2019\u00f2mini e totu su materiali iconogr\u00e0ficu, prus che totu de sa Sard\u00ecnnia de oi.<\/p>\n<p><b>\u00a0<\/b><\/p>\n<p><b>Proponidoris e cordinadoris scient\u00ecficus<\/b><\/p>\n<p>po su <i>Dipartimento Storico Politico Internazionale dell\u2019Et\u00e0 moderna e Contemporanea<\/i>:<\/p>\n<p>prof. Mariarosa Cardia, dotzenti de <i>Storia delle Istituzioni Politiche <\/i>in sa <i>Facolt\u00e0 di Scienze Politiche<\/i><\/p>\n<p>po su <i>Dipartimento di Studi Storici Geografici e Artistici<\/i>:<\/p>\n<p>prof. Luciano Marrocu, dotzenti de <i>Storia Contemporanea <\/i>in sa<i> Facolt\u00e0 di Lettere e Filosofia.<\/i><\/p>\n<p>&nbsp;<\/p>\n<p><b>In su progetu funt intraus <\/b><\/p>\n<p>is dotzentis e su personali de is duus Dipartimentus.<\/p>\n<p>Po apubai, achiriri e assentai su materiali document\u00e0riu eus cuncordau paricis contratus de circa cun piciocus studiadoris e eus donau unas cantu tesis de l\u00e0urea.<\/p>\n<p>&nbsp;<\/p>\n<p><b>Donant traudda po su \u00a0progetu <\/b><\/p>\n<p>sa Regione Autonoma della Sardegna<\/p>\n<p>sa Fondazione Banco di Sardegna<\/p>\n<p>su Ministero dell\u2019Universit\u00e0 e della Ricerca<\/p>\n<p>s\u2019Universit\u00e0 degli Studi di Cagliari<\/p>","protected":false},"excerpt":{"rendered":"<p>it La Memoria Ritrovata Un progetto per individuare, acquisire, ordinare, pubblicare fonti documentarie riguardanti la storia della Sardegna custodite in archivi nazionali ed esteri Il progetto \u00e8 rivolto a costruire un archivio della memoria storica che rappresenti un punto di riferimento non solo per gli studiosi ma per tutta la comunit\u00e0. A tal fine si prevede, oltre al sito internet, una collana editoriale per l&#8217;edizione critica di documenti selezionati dai diversi fondi archivistici acquisiti e iniziative miranti alla diffusione e al dibattito sulle problematiche inerenti i progetti di ricerca. L&#8217;iniziativa si pone anche come integrazione del catalogo generale del patrimonio <a href='https:\/\/people.unica.it\/lamemoriaritrovata\/home\/' class='excerpt-more'>[&#8230;]<\/a><\/p>\n","protected":false},"author":699,"featured_media":0,"parent":0,"menu_order":0,"comment_status":"closed","ping_status":"closed","template":"","meta":{"footnotes":""},"class_list":["post-246","page","type-page","status-publish","hentry","post-seq-1","post-parity-odd","meta-position-corners","fix"],"publishpress_future_action":{"enabled":false,"date":"2026-04-18 06:10:40","action":"Draft","newStatus":"draft","terms":[],"taxonomy":"","extraData":[]},"publishpress_future_workflow_manual_trigger":{"enabledWorkflows":[]},"_links":{"self":[{"href":"https:\/\/people.unica.it\/lamemoriaritrovata\/wp-json\/wp\/v2\/pages\/246","targetHints":{"allow":["GET"]}}],"collection":[{"href":"https:\/\/people.unica.it\/lamemoriaritrovata\/wp-json\/wp\/v2\/pages"}],"about":[{"href":"https:\/\/people.unica.it\/lamemoriaritrovata\/wp-json\/wp\/v2\/types\/page"}],"author":[{"embeddable":true,"href":"https:\/\/people.unica.it\/lamemoriaritrovata\/wp-json\/wp\/v2\/users\/699"}],"replies":[{"embeddable":true,"href":"https:\/\/people.unica.it\/lamemoriaritrovata\/wp-json\/wp\/v2\/comments?post=246"}],"version-history":[{"count":21,"href":"https:\/\/people.unica.it\/lamemoriaritrovata\/wp-json\/wp\/v2\/pages\/246\/revisions"}],"predecessor-version":[{"id":337,"href":"https:\/\/people.unica.it\/lamemoriaritrovata\/wp-json\/wp\/v2\/pages\/246\/revisions\/337"}],"wp:attachment":[{"href":"https:\/\/people.unica.it\/lamemoriaritrovata\/wp-json\/wp\/v2\/media?parent=246"}],"curies":[{"name":"wp","href":"https:\/\/api.w.org\/{rel}","templated":true}]}}