{"id":192,"date":"2013-02-26T10:40:02","date_gmt":"2013-02-26T10:40:02","guid":{"rendered":"http:\/\/people.unica.it\/lamemoriaritrovata\/?page_id=192"},"modified":"2013-03-01T15:44:42","modified_gmt":"2013-03-01T15:44:42","slug":"progetto-9","status":"publish","type":"page","link":"https:\/\/people.unica.it\/lamemoriaritrovata\/progetti\/progetto-9\/","title":{"rendered":"Progetto 9 &#8211; Lo sguardo francese sulla Sardegna dall\u2019epoca moderna alla contemporanea"},"content":{"rendered":"<p style=\"text-align: center\"><strong>Lo sguardo francese sulla Sardegna dall\u2019epoca moderna alla contemporanea<\/strong><\/p>\n<p>&nbsp;<\/p>\n<p>Responsabile della ricerca: dott. Stefano Pira<\/p>\n<p>&nbsp;<\/p>\n<p>La presenza presso gli Archives Nationales a Parigi di fondi archivistici con serie continuative sulla storia della Sardegna, rappresentati dalla corrispondenza consolare francese in partenza da Cagliari per la Francia, (segnature archivistiche AE, B I, per un totale di 12 volumi), nell\u2019arco cronologico dalla fine del Seicento all\u2019Ottocento, offre un materiale documentario di grande interesse per ricostruire l\u2019evoluzione dello sguardo europeo sull\u2019isola.<\/p>\n<p>La lunga permanenza dei consoli francesi residenti in Sardegna li rendeva informatori precisi sulla storia evenemenziale europea che toccava le coste isolane e soprattutto il porto di Cagliari. Grazie alla loro corrispondenza \u00e8 possibile seguire il teatro degli avvenimenti bellici nel Mediterraneo e direttamente la presenza delle marinerie militari e civili francesi e inglesi la cui presenza era frequente nell\u2019isola.<\/p>\n<p>Affianco a questa storia evenemenziale \u00e8 possibile ricostruire l\u2019andamento generale dell\u2019isola. Soprattutto nel periodo sabaudo le corrispondenze consolari e gli informatori residenti in Sardegna riferiscono a Parigi con dovizia di particolari sulla situazione economica dell\u2019isola, assieme alle notizie sul funzionamento delle sue principali istituzioni. Baster\u00e0 citare le trattative, andate a buon fine grazie all\u2019attivit\u00e0 del consolato di Francia in Sardegna e al vicer\u00e9, per esportare alla vigilia della rivoluzione francese, tra l\u2019inverno e la primavera del 1789, un\u2019ingente quantit\u00e0 di grano per soccorrere la Francia sull\u2019orlo della carestia.<\/p>\n<p>La documentazione presso gli Archives Nationales, concernente gli ultimi anni del Settecento e i primi dell\u2019Ottocento, \u00e8 necessaria per la ricostruzione della storia politica isolana. Il tentativo di conquista francese dell\u2019isola nel 1793 e la repressione contro i seguaci di Gio\u2019 Maria Angioy rimasti nell\u2019isola per l\u2019impossibilit\u00e0 di raggiungerlo nel suo esilio parigino, dopo il 1796, sono i temi drammatici di una parte di questa straordinaria documentazione archivistica. Il console francese residente a Cagliari annoter\u00e0 nomi e biografie degli esponenti pi\u00f9 in vista del movimento antifeudale sardo la cui vita \u00e8 messa in pericolo dalla durezza della repressione sabauda, scattata immediatamente dopo la fuga di Angioy. La documentazione riguarda il delicato tema della tutela garantita dal governo francese, con apposito trattato stipulato con il regno di Sardegna, nei confronti degli imputati sardi accusati di delitti politici. Le relazioni consolari (conservate sempre negli Archives Nationales e contrassegnate AE B III e AF III) ricostruiscono l\u2019intero clima politico della Sardegna prima nel cosiddetto triennio rivoluzionario e poi nei lunghi anni della repressione durante l\u2019et\u00e0 napoleonica.<\/p>\n<p>Tale documentazione permette di analizzare l\u2019evoluzione della classe dirigente sarda (sia quella antifeudale e filoangioiana sia quella moderata e filosabauda) nei suoi rapporti con la Francia rivoluzionaria e napoleonica.<\/p>\n<p>Nel panorama delle istituzioni che conservano documenti sulla Sardegna gli Archives Nationales, a Parigi, offrono dunque fondi archivistici (dispacci consolari) continuativi e fondamentali per ricostruire il passaggio dall\u2019epoca moderna a quella contemporanea. Con tali approfondimenti archivistici il progetto \u201cLa memoria ritrovata\u201d affronta tempi e personaggi protagonisti della nascita della Sardegna contemporanea<\/p>\n<p>&nbsp;<\/p>\n","protected":false},"excerpt":{"rendered":"<p>Lo sguardo francese sulla Sardegna dall\u2019epoca moderna alla contemporanea &nbsp; Responsabile della ricerca: dott. Stefano Pira &nbsp; La presenza presso gli Archives Nationales a Parigi di fondi archivistici con serie continuative sulla storia della Sardegna, rappresentati dalla corrispondenza consolare francese in partenza da Cagliari per la Francia, (segnature archivistiche AE, B I, per un totale di 12 volumi), nell\u2019arco cronologico dalla fine del Seicento all\u2019Ottocento, offre un materiale documentario di grande interesse per ricostruire l\u2019evoluzione dello sguardo europeo sull\u2019isola. La lunga permanenza dei consoli francesi residenti in Sardegna li rendeva informatori precisi sulla storia evenemenziale europea che toccava le coste <a href='https:\/\/people.unica.it\/lamemoriaritrovata\/progetti\/progetto-9\/' class='excerpt-more'>[&#8230;]<\/a><\/p>\n","protected":false},"author":699,"featured_media":0,"parent":169,"menu_order":0,"comment_status":"closed","ping_status":"closed","template":"","meta":{"footnotes":""},"class_list":["post-192","page","type-page","status-publish","hentry","post-seq-1","post-parity-odd","meta-position-corners","fix"],"publishpress_future_action":{"enabled":false,"date":"2026-04-17 22:15:11","action":"Draft","newStatus":"draft","terms":[],"taxonomy":"","extraData":[]},"publishpress_future_workflow_manual_trigger":{"enabledWorkflows":[]},"_links":{"self":[{"href":"https:\/\/people.unica.it\/lamemoriaritrovata\/wp-json\/wp\/v2\/pages\/192","targetHints":{"allow":["GET"]}}],"collection":[{"href":"https:\/\/people.unica.it\/lamemoriaritrovata\/wp-json\/wp\/v2\/pages"}],"about":[{"href":"https:\/\/people.unica.it\/lamemoriaritrovata\/wp-json\/wp\/v2\/types\/page"}],"author":[{"embeddable":true,"href":"https:\/\/people.unica.it\/lamemoriaritrovata\/wp-json\/wp\/v2\/users\/699"}],"replies":[{"embeddable":true,"href":"https:\/\/people.unica.it\/lamemoriaritrovata\/wp-json\/wp\/v2\/comments?post=192"}],"version-history":[{"count":3,"href":"https:\/\/people.unica.it\/lamemoriaritrovata\/wp-json\/wp\/v2\/pages\/192\/revisions"}],"predecessor-version":[{"id":308,"href":"https:\/\/people.unica.it\/lamemoriaritrovata\/wp-json\/wp\/v2\/pages\/192\/revisions\/308"}],"up":[{"embeddable":true,"href":"https:\/\/people.unica.it\/lamemoriaritrovata\/wp-json\/wp\/v2\/pages\/169"}],"wp:attachment":[{"href":"https:\/\/people.unica.it\/lamemoriaritrovata\/wp-json\/wp\/v2\/media?parent=192"}],"curies":[{"name":"wp","href":"https:\/\/api.w.org\/{rel}","templated":true}]}}