{"id":174,"date":"2013-02-26T10:25:30","date_gmt":"2013-02-26T10:25:30","guid":{"rendered":"http:\/\/people.unica.it\/lamemoriaritrovata\/?page_id=174"},"modified":"2013-03-01T15:42:50","modified_gmt":"2013-03-01T15:42:50","slug":"progetto-7","status":"publish","type":"page","link":"https:\/\/people.unica.it\/lamemoriaritrovata\/progetti\/progetto-7\/","title":{"rendered":"Progetto 7 &#8211; Rapporti tra la Sardegna e il Piemonte nel Settecento"},"content":{"rendered":"<p align=\"center\"><b>\u00a0\u00a0 Rapporti tra la Sardegna e il Piemonte nel Settecento<\/b><\/p>\n<p align=\"center\">Archivio di Stato di Torino<b>, <\/b>Fondo <i>Paesi Sardegna<\/i><\/p>\n<p>&nbsp;<\/p>\n<p>Direttore della ricerca: dott. Stefano Pira<\/p>\n<p>Collaboratore: dott. Giampaolo Salice<\/p>\n<p>&nbsp;<\/p>\n<p><b><a href=\"http:\/\/people.unica.it\/lamemoriaritrovata\/progetto-7\/04-002\/\" rel=\"attachment wp-att-250\"><img decoding=\"async\" style=\"float: left\" alt=\"04 002\" src=\"http:\/\/people.unica.it\/lamemoriaritrovata\/files\/2013\/02\/04-002-300x225.jpg\" width=\"247\" height=\"185\" \/><\/a><\/b><\/p>\n<p>Presso l\u2019Archivio di Stato di Torino sono state individuate e acquisite, in copia fotostatica o digitale, numerose unit\u00e0 archivistiche riguardanti il fondamentale fondo <i>Paesi Sardegna<\/i> nelle Serie <i>Politico<\/i> e Serie <i>Economico e Giuridico<\/i>. Tale documentazione raccoglie, quasi sempre in maniera continuativa, gli atti delle principali istituzioni del Regno di Sardegna nel loro rapporto con le istituzioni centrali e con la Corte sabauda dal 1720 alla prima met\u00e0 dell\u2019Ottocento.<\/p>\n<p style=\"text-align: left\">L\u2019Archivio di Stato di Torino, grazie alla digitalizzazione di buona parte dei suoi inventari e di numerose mappe, ha permesso una verifica puntuale sul materiale archivistico riguardante la Sardegna mancante negli archivi isolani. La documentazione presente nell\u2019Archivio di Stato di Cagliari conserva i copialettere in partenza delle \u201cSegreteria di Stato Serie I e II\u201d e del fondo \u201cIntendenza Generale\u201d senza per\u00f2 gli allegati, che costituiscono le parti pi\u00f9 importanti della documentazione. Nei fondi dell\u2019Archivio di Stato di Torino la completezza e la capillarit\u00e0 dei dispacci governativi e vicereali tra Cagliari e Torino \u00e8 stata ricostituita: il reperimento degli allegati ai dispacci e alle lettere da e per l\u2019isola, indirizzati a funzionari dello Stato e a singoli privati, ha permesso di restituire la complessit\u00e0 del quadro storico e istituzionale della Sardegna sabauda.<a href=\"http:\/\/people.unica.it\/lamemoriaritrovata\/progetto-7\/vico3\/\" rel=\"attachment wp-att-253\"><img decoding=\"async\" style=\"float: right\" alt=\"vico3\" src=\"http:\/\/people.unica.it\/lamemoriaritrovata\/files\/2013\/02\/vico3-225x300.jpg\" width=\"171\" height=\"228\" \/><\/a><\/p>\n<p>La ricerca \u00e8 stata estesa alla documentazione conservata nelle due sedi di Piazza Castello e via Piave. Nella sede di via Piave \u00e8 presente una imponente mole di materiale archivistico riguardante materie feudali, economiche e il delicato tema dell\u2019amministrazione della giustizia e dell\u2019ordine pubblico nell\u2019isola. Negli inventari archivistici sono state individuate alcune serie continuative che comprendono documenti non presenti negli archivi sardi, di fondamentale importanza per ricostruire il rapporto tra la classe dirigente piemontese e quella sarda, dal Settecento alla prima met\u00e0 dell\u2019Ottocento. Nelle relazioni dei pi\u00f9 alti funzionari sabaudi inviati nell\u2019isola (vicer\u00e9, intendenti generali, magistrati piemontesi presso la Reale Udienza) \u00e8 riscontrabile un lento cambiamento di consapevolezza: le difficolt\u00e0 di governo del Regno di Sardegna, procedendo nel tempo, vengono imputate finalmente ad una complessa serie di cause naturali e storiche e non pi\u00f9 solo ad una presunta cattiva volont\u00e0 dei sardi.<\/p>\n<p><a href=\"http:\/\/people.unica.it\/lamemoriaritrovata\/progetto-7\/battaglioni-e-altro-001\/\" rel=\"attachment wp-att-251\"><img decoding=\"async\" style=\"float: right\" alt=\"battaglioni e altro 001\" src=\"http:\/\/people.unica.it\/lamemoriaritrovata\/files\/2013\/02\/battaglioni-e-altro-001-300x225.jpg\" width=\"210\" height=\"157\" \/><\/a><\/p>\n<p>La documentazione sulla fondazione di nuove colonie nella Sardegna del Settecento ha offerto, da questo punto di vista, la prova dell\u2019iniziale schematicit\u00e0 e del moralismo dei funzionari sabaudi, che imputavano il sottosviluppo dell\u2019isola e dei suoi abitanti esclusivamente alla presunta barbarie degli isolani e alla corruzione della sua classe dirigente, interamente spagnola nella sostanza e nella forma. A partire dal periodo boginiano, nella seconda met\u00e0 del Settecento, emerge nella documentazione archivistica la consapevolezza dei limiti naturali e storici di un\u2019isola dominata da due architetti plasmatori: gli attacchi dei pirati barbareschi provenienti dal Nord Africa e la presenza della malaria, che aveva nelle coste e nelle pianure isolane impaludate valori che raggiungevano record negativi anche rispetto ad altre sponde mediterranee flagellate dalla malattia.<\/p>\n<p><a href=\"http:\/\/people.unica.it\/lamemoriaritrovata\/progetto-7\/prog7_5\/\" rel=\"attachment wp-att-289\"><img decoding=\"async\" class=\"alignnone size-medium wp-image-289\" alt=\"prog7_5\" src=\"http:\/\/people.unica.it\/lamemoriaritrovata\/files\/2013\/02\/prog7_5-300x55.jpg\" width=\"300\" height=\"55\" srcset=\"https:\/\/people.unica.it\/lamemoriaritrovata\/files\/2013\/02\/prog7_5-300x55.jpg 300w, https:\/\/people.unica.it\/lamemoriaritrovata\/files\/2013\/02\/prog7_5.jpg 500w\" sizes=\"(max-width: 300px) 100vw, 300px\" \/><\/a>I fondi sull<i>\u2019Amministrazione delle Torri<\/i> e sulla <i>fondazione di Carloforte<\/i>, entrambi con un\u2019abbondantissima documentazione archivistica conservata a Torino, sono stati privilegiati nella riproduzione e nello studio per il carattere continuativo delle serie documentali e per la possibilit\u00e0 di seguire, mese per mese, il tentativo di applicare i principi sabaudi del cosiddetto \u201cbuon governo\u201d ad una terra d\u2019oltre mare come la Sardegna.<\/p>\n<p><a href=\"http:\/\/people.unica.it\/lamemoriaritrovata\/progetto-7\/carta-italia-e-genova-con-leggenda-001\/\" rel=\"attachment wp-att-252\"><img decoding=\"async\" class=\"alignright\" alt=\"carta italia e genova con leggenda 001\" src=\"http:\/\/people.unica.it\/lamemoriaritrovata\/files\/2013\/02\/carta-italia-e-genova-con-leggenda-001-300x225.jpg\" width=\"300\" height=\"225\" \/><\/a><\/p>\n<p>&nbsp;<\/p>\n","protected":false},"excerpt":{"rendered":"<p>\u00a0\u00a0 Rapporti tra la Sardegna e il Piemonte nel Settecento Archivio di Stato di Torino, Fondo Paesi Sardegna &nbsp; Direttore della ricerca: dott. Stefano Pira Collaboratore: dott. Giampaolo Salice &nbsp; Presso l\u2019Archivio di Stato di Torino sono state individuate e acquisite, in copia fotostatica o digitale, numerose unit\u00e0 archivistiche riguardanti il fondamentale fondo Paesi Sardegna nelle Serie Politico e Serie Economico e Giuridico. Tale documentazione raccoglie, quasi sempre in maniera continuativa, gli atti delle principali istituzioni del Regno di Sardegna nel loro rapporto con le istituzioni centrali e con la Corte sabauda dal 1720 alla prima met\u00e0 dell\u2019Ottocento. L\u2019Archivio di <a href='https:\/\/people.unica.it\/lamemoriaritrovata\/progetti\/progetto-7\/' class='excerpt-more'>[&#8230;]<\/a><\/p>\n","protected":false},"author":699,"featured_media":0,"parent":169,"menu_order":0,"comment_status":"closed","ping_status":"closed","template":"","meta":{"footnotes":""},"class_list":["post-174","page","type-page","status-publish","hentry","post-seq-1","post-parity-odd","meta-position-corners","fix"],"publishpress_future_action":{"enabled":false,"date":"2026-04-18 02:21:23","action":"Draft","newStatus":"draft","terms":[],"taxonomy":"","extraData":[]},"publishpress_future_workflow_manual_trigger":{"enabledWorkflows":[]},"_links":{"self":[{"href":"https:\/\/people.unica.it\/lamemoriaritrovata\/wp-json\/wp\/v2\/pages\/174","targetHints":{"allow":["GET"]}}],"collection":[{"href":"https:\/\/people.unica.it\/lamemoriaritrovata\/wp-json\/wp\/v2\/pages"}],"about":[{"href":"https:\/\/people.unica.it\/lamemoriaritrovata\/wp-json\/wp\/v2\/types\/page"}],"author":[{"embeddable":true,"href":"https:\/\/people.unica.it\/lamemoriaritrovata\/wp-json\/wp\/v2\/users\/699"}],"replies":[{"embeddable":true,"href":"https:\/\/people.unica.it\/lamemoriaritrovata\/wp-json\/wp\/v2\/comments?post=174"}],"version-history":[{"count":6,"href":"https:\/\/people.unica.it\/lamemoriaritrovata\/wp-json\/wp\/v2\/pages\/174\/revisions"}],"predecessor-version":[{"id":254,"href":"https:\/\/people.unica.it\/lamemoriaritrovata\/wp-json\/wp\/v2\/pages\/174\/revisions\/254"}],"up":[{"embeddable":true,"href":"https:\/\/people.unica.it\/lamemoriaritrovata\/wp-json\/wp\/v2\/pages\/169"}],"wp:attachment":[{"href":"https:\/\/people.unica.it\/lamemoriaritrovata\/wp-json\/wp\/v2\/media?parent=174"}],"curies":[{"name":"wp","href":"https:\/\/api.w.org\/{rel}","templated":true}]}}