{"id":169,"date":"2013-02-26T10:24:27","date_gmt":"2013-02-26T10:24:27","guid":{"rendered":"http:\/\/people.unica.it\/lamemoriaritrovata\/?page_id=169"},"modified":"2013-03-22T16:28:38","modified_gmt":"2013-03-22T16:28:38","slug":"progetti","status":"publish","type":"page","link":"https:\/\/people.unica.it\/lamemoriaritrovata\/progetti\/","title":{"rendered":"Progetti"},"content":{"rendered":"<h4>it<\/h4><p><b><\/b><\/p>\n<p><b>I progetti<\/b><\/p>\n<p>L\u2019attivit\u00e0 si \u00e8 articolata in numerose missioni di studio presso archivi nazionali ed esteri e ha prodotto l\u2019individuazione e l\u2019acquisizione in fotocopia, microfilm, CD-ROM, DVD di diversi grandi blocchi documentari relativi alle seguenti materie:<\/p>\n<ol>\n<li><b><a title=\"Progetto 1 \u2013 Personale politico in Sardegna tra le due guerre\" href=\"http:\/\/people.unica.it\/lamemoriaritrovata\/progetto-1\/\">Personale politico in Sardegna tra le due guerre<\/a> &#8211; <\/b>Archivio Centrale dello Stato, Roma.<\/li>\n<li><a title=\"Progetto 2 \u2013 La Sardegna nella strategia mediterranea degli Alleati (1940-1943)\" href=\"http:\/\/people.unica.it\/lamemoriaritrovata\/progetto-2\/\"><b>La Sardegna<\/b><\/a><b><a title=\"Progetto 2 \u2013 La Sardegna nella strategia mediterranea degli Alleati (1940-1943)\" href=\"http:\/\/people.unica.it\/lamemoriaritrovata\/progetto-2\/\"> nella strategia mediterranea degli Alleati durante la seconda guerra mondiale (1940-1943). I piani di conquista<\/a> &#8211; <\/b>National Archives and Records Administration, Washington DC, National Archives, Londra.<\/li>\n<li><b><a title=\"Progetto 3 \u2013 L\u2019Allied Control Commission nella Region VI \u2013 Sardinia\" href=\"http:\/\/people.unica.it\/lamemoriaritrovata\/progetto-3\/\">L\u2019Allied Control Commission nella Region VI \u2013 Sardinia<\/a> &#8211; <\/b>National Archives and Records Administration, Washington DC, National Archives, Londra, Archivio Centrale dello Stato, Roma<\/li>\n<li><a title=\"Progetto 4 \u2013 Consoli britannici a Cagliari\" href=\"http:\/\/people.unica.it\/lamemoriaritrovata\/progetto-4\/\"><b>Consoli britannici a Cagliari<\/b><\/a> (1782-1906) &#8211; National Archives, Londra.<\/li>\n<li><b><a title=\"Progetto 5 \u2013 L\u2019Universit\u00e0 degli Studi di Cagliari nel Settecento\" href=\"http:\/\/people.unica.it\/lamemoriaritrovata\/progetto-5\/\">L\u2019Universit\u00e0 degli Studi di Cagliari nel Settecento<\/a> &#8211; <\/b>Archivio di Stato, Torino.<\/li>\n<li><a title=\"Progetto 6 \u2013 La Sardegna dell\u2019et\u00e0 moderna e contemporanea nell\u2019archivio Segreto del Vaticano\" href=\"http:\/\/people.unica.it\/lamemoriaritrovata\/progetto-6\/\"><b>La Sardegna<\/b><\/a><b><a title=\"Progetto 6 \u2013 La Sardegna dell\u2019et\u00e0 moderna e contemporanea nell\u2019archivio Segreto del Vaticano\" href=\"http:\/\/people.unica.it\/lamemoriaritrovata\/progetto-6\/\"> dell\u2019et\u00e0 moderna e contemporanea nell\u2019Archivio Segreto del Vaticano<\/a> &#8211; <\/b>Archivio Segreto Vaticano, Roma.<\/li>\n<li><b><a title=\"Progetto 7 \u2013 Rapporti tra la Sardegna e il Piemonte nel Settecento\" href=\"http:\/\/people.unica.it\/lamemoriaritrovata\/progetto-7\/\">Rapporti tra la Sardegna e il Piemonte nel Settecento<\/a> &#8211; <\/b>Archivio di Stato, Torino.<\/li>\n<li><b><a title=\"Progetto 8 \u2013 Emigrazione sarda in Argentina. Storie di vita\" href=\"http:\/\/people.unica.it\/lamemoriaritrovata\/progetto-8\/\">Emigrazione sarda in Argentina. Storie di vita<\/a> &#8211; <\/b>Testimonianze orali relative all\u2019emigrazione sarda in Argentina raccolte a cura del Circolo dei sardi \u201cGrazia Deledda\u201d, Mar del Plata (Argentina)<\/li>\n<li><b><a title=\"Progetto 9 \u2013 Lo sguardo francese sulla Sardegna dall\u2019epoca moderna alla contemporanea\" href=\"http:\/\/people.unica.it\/lamemoriaritrovata\/progetto-9\/\">Lo sguardo francese sulla Sardegna dall\u2019epoca moderna alla contemporanea<\/a> &#8211; <\/b>Centre Historique des Archives Nationales, Parigi.<\/li>\n<\/ol>\n<p>Completata l\u2019acquisizione di questi grandi blocchi documentari, si prevede di individuare e di acquisire altre serie documentarie.<\/p>\n<p>\u00c8 in corso l\u2019ordinamento del materiale archivistico acquisito, attraverso schedature e regestazioni al fine di presentarlo sia nella collana editoriale sia nel sito.<\/p>\n<p>&nbsp;<\/p>\n<p><\/p><h4>en<\/h4><p><\/p>\n<p><b>The Projects<\/b><\/p>\n<p>Research activity has been divided into numerous study missions in foreign and national archives which has lad to the identification and acquisition of photocopies, microfilm, CD-ROM, DVD covering the following broad subject areas:<\/p>\n<ol>\n<li><a title=\"Progetto 1 \u2013 Personale politico in Sardegna tra le due guerre\" href=\"http:\/\/people.unica.it\/lamemoriaritrovata\/progetti\/progetto-1\/\"><b>Political figures in Sardinia between the two wars<\/b><\/a> \u2013 National Records Office, Rome<\/li>\n<li><a title=\"Progetto 2 \u2013 La Sardegna nella strategia mediterranea degli Alleati (1940-1943)\" href=\"http:\/\/people.unica.it\/lamemoriaritrovata\/progetti\/progetto-2\/\"><b>Sardinia in the Allied Forces Mediterranean strategy during the second world war (1940-1943). Military Action plans<\/b><\/a> &#8211; National Archives and Records Administration, Washington DC; National Archives, London.<\/li>\n<li><a title=\"Progetto 3 \u2013 L\u2019Allied Control Commission nella Region VI \u2013 Sardinia\" href=\"http:\/\/people.unica.it\/lamemoriaritrovata\/progetti\/progetto-3\/\"><b>Allied Control Commission in Region VI &#8211; Sardinia<\/b><\/a> &#8211; National Archives and Records Administration, Washington DC; Archivio Centrale dello Stato, Roma; National Archives, Londra<\/li>\n<li><a title=\"Progetto 4 \u2013 Consoli britannici a Cagliari\" href=\"http:\/\/people.unica.it\/lamemoriaritrovata\/progetti\/progetto-4\/\"><b>British Consuls in Cagliari<\/b> (1782- 1906)<\/a> &#8211; National Archives, London<\/li>\n<li><a title=\"Progetto 5 \u2013 L\u2019Universit\u00e0 degli Studi di Cagliari nel Settecento\" href=\"http:\/\/people.unica.it\/lamemoriaritrovata\/progetti\/progetto-5\/\"><b>The University of Cagliari in the 18th century<\/b><\/a> \u2013 National Records office, Turin.<\/li>\n<li><a title=\"Progetto 6 \u2013 La Sardegna dell\u2019et\u00e0 moderna e contemporanea nell\u2019archivio Segreto del Vaticano\" href=\"http:\/\/people.unica.it\/lamemoriaritrovata\/progetti\/progetto-6\/\"><b>Sardinia in Modern and contemporary times in the Secret Vatican Archives<\/b><\/a> \u2013 \u2018Archivio Segreto Vaticano\u2019, Rome.<\/li>\n<li><a title=\"Progetto 7 \u2013 Rapporti tra la Sardegna e il Piemonte nel Settecento\" href=\"http:\/\/people.unica.it\/lamemoriaritrovata\/progetti\/progetto-7\/\"><b>Relations between Sardinia and Piedmont in the 18<sup>th<\/sup> century<\/b><\/a> &#8211; National Records office, Turin.<\/li>\n<li><a title=\"Progetto 8 \u2013 Emigrazione sarda in Argentina. Storie di vita\" href=\"http:\/\/people.unica.it\/lamemoriaritrovata\/progetti\/progetto-8\/\"><b>Sardinian emigration to Argentina. Life stories<\/b><\/a> \u2013 Oral testimony of Sardinian emigration to Argentina gathered by the Sardinian Association \u201cGrazia Deledda\u201d in Mar del Plata (Argentina).<\/li>\n<li><a title=\"Progetto 9 \u2013 Lo sguardo francese sulla Sardegna dall\u2019epoca moderna alla contemporanea\" href=\"http:\/\/people.unica.it\/lamemoriaritrovata\/progetti\/progetto-9\/\">The<b> \u201cSardinian Revolution\u201d and France (1793-1796)<\/b><\/a> &#8211; Centre Historique des Archives Nationales (Paris).<\/li>\n<\/ol>\n<p>Once material on these general themes has been acquired, further documentary evidence will be located and acquired.<\/p>\n<p>The classification of archive materials collected is already underway; it is currently being categorised and registered for publication in book form as well as on the website.<\/p>\n<p><\/p><h4>sn<\/h4><p><\/p>\n<p><b>Is progetus<\/b><\/p>\n<p><i>Sa faina est fata de medas st\u00f9dius scab\u00f9llius andendi in paricis arcivus natzionalis e \u00e8sterus e nd\u2019at bogau a pillu, in forma de fotoc\u00f2pia, microfilm,<\/i> <i>CD-ROM, DVD, unas cantu <\/i>pilladas mannas de documentus <i>apitzus de is materias afatantis:<\/i><\/p>\n<ol>\n<li><b><a title=\"Progetto 1 \u2013 Personale politico in Sardegna tra le due guerre\" href=\"http:\/\/people.unica.it\/lamemoriaritrovata\/progetti\/progetto-1\/\">Personali pol\u00ecticu in Sard\u00ecnnia intra is duas gherras<\/a>, <\/b>Archivio Centrale dello Stato, Roma.<\/li>\n<li><b><a title=\"Progetto 2 \u2013 La Sardegna nella strategia mediterranea degli Alleati (1940-1943)\" href=\"http:\/\/people.unica.it\/lamemoriaritrovata\/progetti\/progetto-2\/\">Sa Sard\u00ecnnia in sa strategia mediterr\u00e0nea de is Alliaus a s\u2019ora de sa segundu gherra mundiali (1940-1943). Is progetus de conchista<\/a>, <\/b>National Archives and Records Administration, Washington DC, National Archives, Londra.<\/li>\n<li><b><a title=\"Progetto 3 \u2013 L\u2019Allied Control Commission nella Region VI \u2013 Sardinia\" href=\"http:\/\/people.unica.it\/lamemoriaritrovata\/progetti\/progetto-3\/\">L\u2019Allied Control Commission nella Region VI \u2013 Sardinia<\/a>, <\/b>National Archives and Records Administration, Washington DC, National Archives, Londra, Archivio Centrale dello Stato, Roma<\/li>\n<li><a title=\"Progetto 4 \u2013 Consoli britannici a Cagliari\" href=\"http:\/\/people.unica.it\/lamemoriaritrovata\/progetti\/progetto-4\/\"><b>C\u00f2nsulus brit\u00e0nnicus in Casteddu<\/b> <\/a><b><a title=\"Progetto 4 \u2013 Consoli britannici a Cagliari\" href=\"http:\/\/people.unica.it\/lamemoriaritrovata\/progetti\/progetto-4\/\">(1782-1906)<\/a>, <\/b>National Archives, Londra.<\/li>\n<li><b><a title=\"Progetto 5 \u2013 L\u2019Universit\u00e0 degli Studi di Cagliari nel Settecento\" href=\"http:\/\/people.unica.it\/lamemoriaritrovata\/progetti\/progetto-5\/\">S\u2019<i>Universit\u00e0 degli Studi di Cagliari<\/i> in su Setixentus<\/a>, <\/b>Archivio di Stato, Torino.<\/li>\n<li><b><a title=\"Progetto 6 \u2013 La Sardegna dell\u2019et\u00e0 moderna e contemporanea nell\u2019archivio Segreto del Vaticano\" href=\"http:\/\/people.unica.it\/lamemoriaritrovata\/progetti\/progetto-6\/\">Sa Sard\u00ecnnia in s\u2019edadi moderna e contempor\u00e0nea in s\u2019<\/a><i><a title=\"Progetto 6 \u2013 La Sardegna dell\u2019et\u00e0 moderna e contemporanea nell\u2019archivio Segreto del Vaticano\" href=\"http:\/\/people.unica.it\/lamemoriaritrovata\/progetti\/progetto-6\/\">Archivio Segreto del Vaticano<\/a>, <\/i><\/b>Archivio Segreto Vaticano, Roma.<\/li>\n<li><b><a title=\"Progetto 7 \u2013 Rapporti tra la Sardegna e il Piemonte nel Settecento\" href=\"http:\/\/people.unica.it\/lamemoriaritrovata\/progetti\/progetto-7\/\">Li\u00f2ngius intra sa Sard\u00ecnnia e su Piemonti in su Setixentus<\/a>, <\/b>Archivio di Stato, Torino.<\/li>\n<li><b><a title=\"Progetto 8 \u2013 Emigrazione sarda in Argentina. Storie di vita\" href=\"http:\/\/people.unica.it\/lamemoriaritrovata\/progetti\/progetto-8\/\">Sardus strangiaus in Argentina. St\u00f2rias de genti<\/a> &#8211; <\/b>Testim\u00f2ngius contaus de s\u2019\u00f2mini apitzus de is sardus strangiaus in Argentina e goddius de su <i>Circolo dei sardi<\/i> \u201cGrazia Deledda\u201d de Mar del Plata (Argentina)<\/li>\n<li><b><a title=\"Progetto 9 \u2013 Lo sguardo francese sulla Sardegna dall\u2019epoca moderna alla contemporanea\" href=\"http:\/\/people.unica.it\/lamemoriaritrovata\/progetti\/progetto-9\/\">Sa Sard\u00ecnnia castiada de sa Frantza de s\u2019edadi moderna a sa contempor\u00e0nea<\/a>, <\/b>Centre Historique des Archives Nationales, Parigi.<\/li>\n<\/ol>\n<p>Comenti acabaus s\u2019achirimentu de custas pilladas mannas de documentus pensaus de ndi apubai e nd\u2019achiriri \u00e0teras.<\/p>\n<p>Megaus de assentai su materiali de arcivu achiriu in schedas e arregistratzionis a manera de ddu presentai siat in sa filera editoriali, siat in su giassu.<\/p>","protected":false},"excerpt":{"rendered":"<p>it I progetti L\u2019attivit\u00e0 si \u00e8 articolata in numerose missioni di studio presso archivi nazionali ed esteri e ha prodotto l\u2019individuazione e l\u2019acquisizione in fotocopia, microfilm, CD-ROM, DVD di diversi grandi blocchi documentari relativi alle seguenti materie: Personale politico in Sardegna tra le due guerre &#8211; Archivio Centrale dello Stato, Roma. La Sardegna nella strategia mediterranea degli Alleati durante la seconda guerra mondiale (1940-1943). I piani di conquista &#8211; National Archives and Records Administration, Washington DC, National Archives, Londra. L\u2019Allied Control Commission nella Region VI \u2013 Sardinia &#8211; National Archives and Records Administration, Washington DC, National Archives, Londra, Archivio Centrale <a href='https:\/\/people.unica.it\/lamemoriaritrovata\/progetti\/' class='excerpt-more'>[&#8230;]<\/a><\/p>\n","protected":false},"author":699,"featured_media":0,"parent":0,"menu_order":0,"comment_status":"closed","ping_status":"closed","template":"","meta":{"footnotes":""},"class_list":["post-169","page","type-page","status-publish","hentry","post-seq-1","post-parity-odd","meta-position-corners","fix"],"publishpress_future_action":{"enabled":false,"date":"2026-04-18 04:03:30","action":"Draft","newStatus":"draft","terms":[],"taxonomy":"","extraData":[]},"publishpress_future_workflow_manual_trigger":{"enabledWorkflows":[]},"_links":{"self":[{"href":"https:\/\/people.unica.it\/lamemoriaritrovata\/wp-json\/wp\/v2\/pages\/169","targetHints":{"allow":["GET"]}}],"collection":[{"href":"https:\/\/people.unica.it\/lamemoriaritrovata\/wp-json\/wp\/v2\/pages"}],"about":[{"href":"https:\/\/people.unica.it\/lamemoriaritrovata\/wp-json\/wp\/v2\/types\/page"}],"author":[{"embeddable":true,"href":"https:\/\/people.unica.it\/lamemoriaritrovata\/wp-json\/wp\/v2\/users\/699"}],"replies":[{"embeddable":true,"href":"https:\/\/people.unica.it\/lamemoriaritrovata\/wp-json\/wp\/v2\/comments?post=169"}],"version-history":[{"count":8,"href":"https:\/\/people.unica.it\/lamemoriaritrovata\/wp-json\/wp\/v2\/pages\/169\/revisions"}],"predecessor-version":[{"id":189,"href":"https:\/\/people.unica.it\/lamemoriaritrovata\/wp-json\/wp\/v2\/pages\/169\/revisions\/189"}],"wp:attachment":[{"href":"https:\/\/people.unica.it\/lamemoriaritrovata\/wp-json\/wp\/v2\/media?parent=169"}],"curies":[{"name":"wp","href":"https:\/\/api.w.org\/{rel}","templated":true}]}}