{"id":165,"date":"2013-02-26T10:18:56","date_gmt":"2013-02-26T10:18:56","guid":{"rendered":"http:\/\/people.unica.it\/lamemoriaritrovata\/?page_id=165"},"modified":"2013-03-22T17:54:24","modified_gmt":"2013-03-22T17:54:24","slug":"progetto-2","status":"publish","type":"page","link":"https:\/\/people.unica.it\/lamemoriaritrovata\/progetti\/progetto-2\/","title":{"rendered":"Progetto 2 &#8211; La Sardegna nella strategia mediterranea degli Alleati (1940-1943)"},"content":{"rendered":"<h4>it<\/h4><p><\/p>\n<p align=\"center\"><b>La Sardegna nella strategia mediterranea degli Alleati <\/b><b>durante la seconda guerra mondiale (1940-1943). <\/b><b>I piani di conquista<\/b><\/p>\n<p align=\"center\"><b>\u00a0<\/b><\/p>\n<p style=\"text-align: left\">Direttore della ricerca: prof. Mariarosa Cardia<\/p>\n<p style=\"text-align: left\">Collaboratori: dott. Silvia Benussi, dott. Francesca Cuccu<\/p>\n<p style=\"text-align: left\" align=\"center\"><b>\u00a0<\/b><\/p>\n<p><\/p>\n<p style=\"text-align: justify\"><a href=\"http:\/\/people.unica.it\/lamemoriaritrovata\/progetto-2\/prog2_1\/\" rel=\"attachment wp-att-272\"><img decoding=\"async\" class=\"alignnone size-medium wp-image-272\" style=\"float: left\" alt=\"prog2_1\" src=\"http:\/\/people.unica.it\/lamemoriaritrovata\/files\/2013\/02\/prog2_1-225x300.jpg\" width=\"225\" height=\"300\" srcset=\"https:\/\/people.unica.it\/lamemoriaritrovata\/files\/2013\/02\/prog2_1-225x300.jpg 225w, https:\/\/people.unica.it\/lamemoriaritrovata\/files\/2013\/02\/prog2_1.jpg 250w\" sizes=\"(max-width: 225px) 100vw, 225px\" \/><\/a><br \/>\nIl progetto \u00e8 finalizzato a ricostruire il ruolo della Sardegna nella strategia mediterranea degli Alleati nella seconda guerra mondiale (1940-43) attraverso i documenti angloamericani per la conquista dell\u2019isola conservati presso i National Archives di Londra (Kew) e la National Archives and Records Administration di Washington, DC (College Park).<\/p>\n<p style=\"text-align: justify\">La pianificazione per la conquista dell\u2019isola inizi\u00f2 alla fine del 1940 con l\u2019operazione <i>Yorker<\/i>, relativa a tutta l\u2019isola, e l\u2019operazione <i>Garotter<\/i>, relativa a Cagliari, per proseguire con il nome in codice di <i>Brimstone<\/i> dal 1942.<\/p>\n<p style=\"text-align: justify\">Si tratta di una documentazione cospicua, oltre 2.300 documenti per un totale di pi\u00f9 di 9.000 pagine, conservata su supporto cartaceo, originale e non, e su microfilm, e presenta una ricca tipologia di documenti: piani, definitivi e in bozza, tabelle, mappe, diagrammi, studi sul territorio, relazioni di agenti dei servizi segreti, telegrammi cifrati, memoranda, lettere, fotografie, verbali delle riunioni dei diversi organismi, quali ad esempio: Joint Planning Staff, Executive Planning Section, Joint Intelligence Committee, Joint Staff Mission, Joint Chiefs of Staff, Joint Strategic Survey Committee, Chief of Imperial General Staff, Chiefs of Staff Committee, Combined Chiefs of Staff, Chiefs of Combined Operations, Combined Operations Headquarters, Strategic Logistic Division,<\/p>\n<p style=\"text-align: justify\">La documentazione, proveniente dai diversi uffici delle singole Armi britanniche e statunitensi, e esaminata dai numerosi organismi congiunti, si trova depositata spesso in diverse copie, rendendo il lavoro di ordinamento del materiale particolarmente complesso.<\/p>\n<p><\/p>\n<p style=\"text-align: justify\"><a href=\"http:\/\/people.unica.it\/lamemoriaritrovata\/progetto-2\/prog2_3\/\" rel=\"attachment wp-att-274\"><img decoding=\"async\" style=\"float: right\" alt=\"prog2_3\" src=\"http:\/\/people.unica.it\/lamemoriaritrovata\/files\/2013\/02\/prog2_3-300x228.jpg\" width=\"300\" height=\"228\" \/><\/a><br \/>\nCon la conferenza di Casablanca si opt\u00f2 per lo sbarco in Sicilia e la Sardegna venne utilizzata per un\u2019operazione di depistaggio: <i>Mincemeat<\/i>. Tuttavia l\u2019aggiornamento di <i>Brimstone<\/i> continu\u00f2 anche durante la conquista della Sicilia in vista della scelta fra lo sbarco nel continente o in Sardegna e in Corsica.<\/p>\n<p style=\"text-align: left\">La pianificazione termin\u00f2 il 17 settembre 1943 con lo sbarco dei primi rappresentanti alleati, quando inizi\u00f2 il periodo dell\u2019Allied Control Commission di cui si occupa il progetto 3.<\/p>\n<p style=\"text-align: left\">Da questa documentazione, in larga parte inedita, emerge l\u2019attenzione degli Alleati nei confronti della Sardegna, considerata la sua centralit\u00e0 nel Mediterraneo. Il progetto \u00e8 volto a colmare una lacuna presente attualmente nella storiografia italiana e internazionale, che si \u00e8 soffermata analiticamente sulla preparazione dell\u2019operazione <i>Husky<\/i> e sulla conquista della Sicilia, lasciando in un cono d\u2019ombra la pianificazione per lo sbarco in Sardegna.<\/p>\n<p><\/p>\n<p style=\"text-align: left\"><a href=\"http:\/\/people.unica.it\/lamemoriaritrovata\/progetto-2\/prog2_2\/\" rel=\"attachment wp-att-273\"><img decoding=\"async\" alt=\"prog2_2\" src=\"http:\/\/people.unica.it\/lamemoriaritrovata\/files\/2013\/02\/prog2_2.jpg\" width=\"250\" height=\"231\" \/><\/a><\/p>\n<p><\/p><h4>en<\/h4><p><\/p>\n<p align=\"center\"><b>Sardinia in the Allied Forces Mediterranean strategy during the second world war (1940-1943). Military Action plans<\/b><\/p>\n<p>&nbsp;<\/p>\n<p>Research coordinator: Prof. Mariarosa Cardia<br \/>\nResearch Collaborators: Silvia Benussi, Francesca Cuccu<\/p>\n<p>&nbsp;<\/p>\n<p><\/p>\n<p style=\"text-align: justify\"><a href=\"http:\/\/people.unica.it\/lamemoriaritrovata\/progetto-2\/prog2_1\/\" rel=\"attachment wp-att-272\"><img decoding=\"async\" class=\"alignnone size-medium wp-image-272\" style=\"float: left\" alt=\"prog2_1\" src=\"http:\/\/people.unica.it\/lamemoriaritrovata\/files\/2013\/02\/prog2_1-225x300.jpg\" width=\"225\" height=\"300\" srcset=\"https:\/\/people.unica.it\/lamemoriaritrovata\/files\/2013\/02\/prog2_1-225x300.jpg 225w, https:\/\/people.unica.it\/lamemoriaritrovata\/files\/2013\/02\/prog2_1.jpg 250w\" sizes=\"(max-width: 225px) 100vw, 225px\" \/><\/a><br \/>\nThe aim of the project is to reconstruct the role Sardinia played in the Allied Forces strategy in the Mediterranean during the second world war (1940-1943). This will be done through the analysis of Anglo-American documents relating to the conquest of the island held at the National Archives in London (Kew) and the National Archives and Records Administration in Washington, DC (College Park).<\/p>\n<p>The planning for the conquest of the island began at the end of 1940 with operation Yorker, which regarded the whole island, and operation Garotter, relating to Cagliari. These plans subsequently were given the code name Brimstone from 1942.<\/p>\n<p style=\"text-align: justify\">There is a vast quantity of documentation to be scrutinised; over 9,000 pages in over 2,300 documents, conserved on paper (original and copies), on microfilm, covering a wide variety of document types: draft and final plans, tables and charts, maps, diagrams, studies of the territory, secret service agents\u2019 reports, telegrams in code, memoranda, letters, photographs, the minutes of meetings of various organisations, such as the following: Joint Planning Staff, Executive Planning Section, Joint Intelligence Committee, Joint Staff Mission, Joint Chiefs of Staff, Joint Strategic Survey Committee, Chief of Imperial General Staff, Chiefs of Staff Committee, Combined Chiefs of Staff, Chiefs of Combined Operations, Combined Operations Headquarters, Strategic Logistic Division.<\/p>\n<p style=\"text-align: justify\">Since the documentation originates from different offices of both the British and American armed forces, and was destined to be examined by numerous offices within the Joint Military Corps, it is often the case that several copies of the same document exist. Clearly, this makes the job of ordering and classifying material rather complex.<\/p>\n<p><\/p>\n<p style=\"text-align: justify\"><a href=\"http:\/\/people.unica.it\/lamemoriaritrovata\/progetto-2\/prog2_3\/\" rel=\"attachment wp-att-274\"><img decoding=\"async\" style=\"float: right\" alt=\"prog2_3\" src=\"http:\/\/people.unica.it\/lamemoriaritrovata\/files\/2013\/02\/prog2_3-300x228.jpg\" width=\"300\" height=\"228\" \/><\/a><br \/>\nIt was at the Casablanca conference that the decision was made to land troops in Sicily, with Sardinia being used in a tactical operation to divert attention: Operation <i>Mincemeat.<\/i><\/p>\n<p>Yet operation Brimstone was continually updated, even after the American landings in Sicily, because the choice remained whether to land troops on the mainland or in Sardinia and Corsica.<\/p>\n<p style=\"text-align: justify\">All planning terminated on the 17th September 1943 when Allied troops landed, and the Allied Control Commission period commenced (see project 3). This largely unpublished documentation reveals the attention given to Sardinia by the Allied Forces, due to its central position in the Mediterranean. This project thus intends to bridge an evident gap in Italian and international historiography, which has dealt exclusively with the preparation of Operation Husky and the conquest of Sicily, leaving an unanswered question mark over the planning of a military conquest of Sardinia.<br \/>\n<\/p>\n<p style=\"text-align: justify\"><a href=\"http:\/\/people.unica.it\/lamemoriaritrovata\/progetto-2\/prog2_2\/\" rel=\"attachment wp-att-273\"><img decoding=\"async\" alt=\"prog2_2\" src=\"http:\/\/people.unica.it\/lamemoriaritrovata\/files\/2013\/02\/prog2_2.jpg\" width=\"250\" height=\"231\" \/><\/a><\/p>\n<p><\/p><h4>sn<\/h4><p><\/p>\n<p align=\"center\"><b>Sa Sard\u00ecnnia in sa strategia mediterr\u00e0nea de is Alliaus a s\u2019ora de sa segundu gherra mondiali (1940 \u2013 1943). Is progetus de conchista<\/b><\/p>\n<p align=\"center\">\n<p>Diretori de sa ricerca: prof. Mariarosa Cardia<br \/>\nCollaboradoris: dott. Silvia Benussi, dott. Francesca Cuccu<br \/>\n<\/p>\n<p style=\"text-align: justify\"><a href=\"http:\/\/people.unica.it\/lamemoriaritrovata\/progetto-2\/prog2_1\/\" rel=\"attachment wp-att-272\"><img decoding=\"async\" class=\"alignnone size-medium wp-image-272\" style=\"float: left\" alt=\"prog2_1\" src=\"http:\/\/people.unica.it\/lamemoriaritrovata\/files\/2013\/02\/prog2_1-225x300.jpg\" width=\"225\" height=\"300\" srcset=\"https:\/\/people.unica.it\/lamemoriaritrovata\/files\/2013\/02\/prog2_1-225x300.jpg 225w, https:\/\/people.unica.it\/lamemoriaritrovata\/files\/2013\/02\/prog2_1.jpg 250w\" sizes=\"(max-width: 225px) 100vw, 225px\" \/><\/a><\/p>\n<p style=\"text-align: justify\">Tenta de su progetu est de cumprendi su rolu de sa Sard\u00ecnnia a\u00ecnturu de sa strategia mediterr\u00e0nea de is Alliaus a s\u2019ora de sa segundu gherra mondiali (1940-43) castiendi is documentus inglesus-americanus po sa conchista de s\u2019isula allogaus me is National Archives di Londra (Kew) e me is National Archives and Records Administration di Washington, DC (College Park).<\/p>\n<p style=\"text-align: justify\">Su progetu po sa conchista de s\u2019isula dd\u2019iant inghitzau a coa de su 1940 cun s\u2019operatzioni <i>Yorker<\/i>, po totu s\u2019isula, e s\u2019operatzioni <i>Garotter<\/i>, po Casteddu, po sighiri cun su n\u00f2mini in cobertantza de <i>Brimstone<\/i> a inghitzai de su 1942.<\/p>\n<p style=\"text-align: justify\">Est una documentatzioni manna meda, prus de 2.300 documentus, in totu prus de 9.000 p\u00e0ginas, siat in paperi, originali e no, siat in microfilm, e presentat medas genias de documentus: progetus, acabaus e de acabai, tauleddas, cartinas, diagramas, st\u00f9diu apitzus de su logu, arrelatas de agentis de is serv\u00ectzius segretus, telegramas in cobertantza, <i>memoranda<\/i>, l\u00ecteras, fotografias, verbalis de is at\u00f2bius de medas organismus, comenti, po ndi nai unas cantu: Joint Planning Staff, Executive Planning Section, Joint Intelligence Committee, Joint Staff Mission, Joint Chiefs of Staff, Joint Strategic Survey Committee, Chief of Imperial General Staff, Chiefs of Staff Committee, Combined Chiefs of Staff, Chiefs of Combined Operations, Combined Operations Headquarters, Strategic Logistic Division.<\/p>\n<p style=\"text-align: justify\">Sa documentatzioni, l\u00f2mpia de medas \u00f2f\u00ectzius de is s\u00ecngulas Armas brit\u00e0nnicas e americanas, e castiada a s\u2019ora sua de paricis organismus postus a pari, dd\u2019agataus fatu \u2013 fatu in c\u00f2pias diferentis, e po cussu est malu meda a fai su traballu de assentu de su materiali.<\/p>\n<p><\/p>\n<p style=\"text-align: justify\"><a href=\"http:\/\/people.unica.it\/lamemoriaritrovata\/progetto-2\/prog2_3\/\" rel=\"attachment wp-att-274\"><img decoding=\"async\" style=\"float: right\" alt=\"prog2_3\" src=\"http:\/\/people.unica.it\/lamemoriaritrovata\/files\/2013\/02\/prog2_3-300x228.jpg\" width=\"300\" height=\"228\" \/><\/a><br \/>\nCun sa cunfer\u00e8ntzia de Casablanca iant seberau de sbarcai in Sitz\u00eclia e sa Sard\u00ecnnia dd\u2019iant imperada po un\u2019operatzioni de mori faddiu: <i>Mincemeat<\/i>. Ma perou iant sughiu a annoai <i>Brimstone<\/i> fintzas a s\u2019ora de sa conchista de sa Sitz\u00eclia ca depiant ancora seberai intra su sbarcu in continenti o in Sard\u00ecnnia e in C\u00f2rsica.<\/p>\n<p style=\"text-align: justify\">Sa progetatzioni fiat acabada su 17 de cabudanni 1943 cun su sbarcu de is primus arreppresentantis alliaus, candu fiat inghitzada s\u2019ora de s\u2019Allied Control Commission chi est faina de su progetu 3.<\/p>\n<p style=\"text-align: justify\">De custa documentatzioni, sa prus parti mai imprentada, ndi bessit a pillu comenti is Alliaus port\u00e0nt a c\u00e0stiu sa Sard\u00ecnnia, ca fiat siddada a mesu de su Mediterr\u00e0neu. Su progetu nostu portat bidea de arrapreni su b\u00f2idu presenti oindii in sa storiografia italiana e internatzionali, ca s\u2019est posta a studiai apitzus de s\u2019aprontamentu de s\u2019operatzioni <i>Husky<\/i> e apitzus de sa conchista de sa Sitz\u00eclia, lassendi in s\u2019interis in d&#8217;unu cantoni sa progetatzioni po su sbarcu in Sard\u00ecnnia.<br \/>\n<\/p>\n<p style=\"text-align: justify\"><a href=\"http:\/\/people.unica.it\/lamemoriaritrovata\/progetto-2\/prog2_2\/\" rel=\"attachment wp-att-273\"><img decoding=\"async\" alt=\"prog2_2\" src=\"http:\/\/people.unica.it\/lamemoriaritrovata\/files\/2013\/02\/prog2_2.jpg\" width=\"250\" height=\"231\" \/><\/a><\/p>","protected":false},"excerpt":{"rendered":"<p>it La Sardegna nella strategia mediterranea degli Alleati durante la seconda guerra mondiale (1940-1943). I piani di conquista \u00a0 Direttore della ricerca: prof. Mariarosa Cardia Collaboratori: dott. Silvia Benussi, dott. Francesca Cuccu \u00a0 Il progetto \u00e8 finalizzato a ricostruire il ruolo della Sardegna nella strategia mediterranea degli Alleati nella seconda guerra mondiale (1940-43) attraverso i documenti angloamericani per la conquista dell\u2019isola conservati presso i National Archives di Londra (Kew) e la National Archives and Records Administration di Washington, DC (College Park). La pianificazione per la conquista dell\u2019isola inizi\u00f2 alla fine del 1940 con l\u2019operazione Yorker, relativa a tutta l\u2019isola, e <a href='https:\/\/people.unica.it\/lamemoriaritrovata\/progetti\/progetto-2\/' class='excerpt-more'>[&#8230;]<\/a><\/p>\n","protected":false},"author":699,"featured_media":0,"parent":169,"menu_order":0,"comment_status":"closed","ping_status":"closed","template":"","meta":{"footnotes":""},"class_list":["post-165","page","type-page","status-publish","hentry","post-seq-1","post-parity-odd","meta-position-corners","fix"],"publishpress_future_action":{"enabled":false,"date":"2026-04-18 04:03:27","action":"Draft","newStatus":"draft","terms":[],"taxonomy":"","extraData":[]},"publishpress_future_workflow_manual_trigger":{"enabledWorkflows":[]},"_links":{"self":[{"href":"https:\/\/people.unica.it\/lamemoriaritrovata\/wp-json\/wp\/v2\/pages\/165","targetHints":{"allow":["GET"]}}],"collection":[{"href":"https:\/\/people.unica.it\/lamemoriaritrovata\/wp-json\/wp\/v2\/pages"}],"about":[{"href":"https:\/\/people.unica.it\/lamemoriaritrovata\/wp-json\/wp\/v2\/types\/page"}],"author":[{"embeddable":true,"href":"https:\/\/people.unica.it\/lamemoriaritrovata\/wp-json\/wp\/v2\/users\/699"}],"replies":[{"embeddable":true,"href":"https:\/\/people.unica.it\/lamemoriaritrovata\/wp-json\/wp\/v2\/comments?post=165"}],"version-history":[{"count":17,"href":"https:\/\/people.unica.it\/lamemoriaritrovata\/wp-json\/wp\/v2\/pages\/165\/revisions"}],"predecessor-version":[{"id":375,"href":"https:\/\/people.unica.it\/lamemoriaritrovata\/wp-json\/wp\/v2\/pages\/165\/revisions\/375"}],"up":[{"embeddable":true,"href":"https:\/\/people.unica.it\/lamemoriaritrovata\/wp-json\/wp\/v2\/pages\/169"}],"wp:attachment":[{"href":"https:\/\/people.unica.it\/lamemoriaritrovata\/wp-json\/wp\/v2\/media?parent=165"}],"curies":[{"name":"wp","href":"https:\/\/api.w.org\/{rel}","templated":true}]}}