{"id":163,"date":"2013-02-26T10:18:44","date_gmt":"2013-02-26T10:18:44","guid":{"rendered":"http:\/\/people.unica.it\/lamemoriaritrovata\/?page_id=163"},"modified":"2013-03-22T18:01:22","modified_gmt":"2013-03-22T18:01:22","slug":"progetto-1","status":"publish","type":"page","link":"https:\/\/people.unica.it\/lamemoriaritrovata\/progetti\/progetto-1\/","title":{"rendered":"Progetto 1 &#8211; Personale politico in Sardegna tra le due guerre"},"content":{"rendered":"<h4>it<\/h4><p><\/p>\n<p align=\"center\"><b>Personale politico in Sardegna tra le due guerre<\/b><\/p>\n<p align=\"center\">Archivio Centrale dello Stato di Roma, fondo <i>Podest\u00e0<\/i> e fondo <i>Partito Nazionale Fascista<\/i><\/p>\n<p>&nbsp;<\/p>\n<p>Direttore della ricerca: prof. Luciano Marrocu<br \/>\nCollaboratori: dott. Giangiacomo Orr\u00f9, dott. Cristiana Pipitone<\/p>\n<p>&nbsp;<\/p>\n<p><b><a href=\"http:\/\/people.unica.it\/lamemoriaritrovata\/progetto-1\/prog1_1\/\" rel=\"attachment wp-att-269\"><img decoding=\"async\" style=\"float: left\" alt=\"prog1_1\" src=\"http:\/\/people.unica.it\/lamemoriaritrovata\/files\/2013\/02\/prog1_1.jpg\" width=\"252\" height=\"192\" \/><\/a><\/b><br \/>\n<\/p>\n<p style=\"text-align: justify\">Questa sezione ospita le riproduzioni fotografiche dei fondi <i>Podest\u00e0<\/i> e fondo <i>Partito Nazionale Fascista<\/i>, conservati presso l\u2019Archivio Centrale dello Stato di Roma. Essi si propongono come un valido strumento di consultazione della documentazione disponibile, sia per gli studiosi sia per un\u2019utenza pi\u00f9 ampia.<\/p>\n<p style=\"text-align: justify\">La costituzione delle federazioni, la riforma podestarile, i prefetti fanno parte del progetto di trasformazione dello Stato italiano in senso autoritario, che port\u00f2 le strutture del partito fascista a sostituire le istituzioni con la loro rigida struttura organizzativa e a porre in essere il processo di \u201cfascistizzazione\u201d della societ\u00e0<\/p>\n<p>&nbsp;<\/p>\n<p><a href=\"http:\/\/people.unica.it\/lamemoriaritrovata\/progetto-1\/abbasanta\/\" rel=\"attachment wp-att-194\"><img decoding=\"async\" style=\"float: right\" alt=\"abbasanta\" src=\"http:\/\/people.unica.it\/lamemoriaritrovata\/files\/2013\/02\/abbasanta-218x300.jpg\" width=\"134\" height=\"185\" \/><\/a><br \/>\nFondo <i>Podest\u00e0<\/i><\/p>\n<p style=\"text-align: justify\">La riforma podestarile fu un aspetto importante per il rinnovamento del sistema delle autonomie locali all\u2019interno del pi\u00f9 ampio disegno di trasformazione dello Stato in senso fascista. Con la legge del febbraio 1926. n. 237 e con la successiva legge del settembre 1926, n. 1910, i sindaci e i consigli comunali vennero sostituiti con i podest\u00e0 e, per i comuni pi\u00f9 grandi, anche con le consulte municipali, entrambi di nomina prefettizia. Venne infranto il sistema elettivo al fine di \u201celiminare\u201d quella distanza che sino ad allora aveva caratterizzato i rapporti tra centro e periferia, tra locale e nazionale.<\/p>\n<p style=\"text-align: justify\">La documentazione raccoglie le nomine e gli atti di insediamento dei podest\u00e0 da parte della Regia Prefettura, la corrispondenza del Prefetto con il Ministero dell\u2019Interno, precisamente con la Generale Amministrazione Civile, Divisione Affari Generali, proposte del prefetto per la nomina di nuovi Podest\u00e0, lettere di dimissioni ma anche le relazioni del prefetto sulla situazione generale, nonch\u00e9 esposti anonimi e non, il pi\u00f9 delle volte indirizzati a Mussolini. Il fondo Podest\u00e0 risulta pressoch\u00e9 completo, e ad ogni fascicolo corrisponde un Comune. Alcuni fascicoli sono vuoti e senza alcun documento nonostante siano assegnati ad un Comune.<\/p>\n<p style=\"text-align: left\">I documenti conservati ci aiutano a capire il clima politico generale, le tensioni sociali, la particolare situazione economica e politica dell\u2019isola. Essi rappresentano un efficace strumento per penetrare nelle dinamiche e nelle motivazioni pi\u00f9 profonde degli avvenimenti.<\/p>\n<p>&nbsp;<\/p>\n<p><b><a href=\"http:\/\/people.unica.it\/lamemoriaritrovata\/progetto-1\/prog1_3\/\" rel=\"attachment wp-att-270\"><img decoding=\"async\" style=\"float: left\" alt=\"prog1_3\" src=\"http:\/\/people.unica.it\/lamemoriaritrovata\/files\/2013\/02\/prog1_3-300x224.jpg\" width=\"300\" height=\"224\" \/><\/a><\/b><\/p>\n<p>Fondo <i>Partito Nazionale Fascista<\/i><\/p>\n<p style=\"text-align: left\">Questo fondo \u00e8 invece incompleto. Manca il fascicolo relativo alla Provincia di Cagliari. La documentazione che presentiamo riguarda le federazioni di Sassari e Nuoro. Il complesso documentario \u00e8 utilissimo per ricostruire la vita politica, economica e la situazione sociale delle province attraverso le relazioni\u00a0 mensili del prefetto, le relazioni del federale. Altrettanto importanti sono le numerose missive degli iscritti al partito e la corrispondenza tra il prefetto e il federale.<\/p>\n<p>&nbsp;<\/p>\n<p>&nbsp;<\/p>\n<p>&nbsp;<\/p>\n<p>&nbsp;<\/p>\n<p>&nbsp;<\/p>\n<p><\/p><h4>en<\/h4><p><\/p>\n<p align=\"center\"><b>Political figures in Sardinia between the two wars<\/b><\/p>\n<p align=\"center\">Archivio Centrale dello Stato di Roma \u2018Podest\u00e0\u2019 and <i>Partito Nazionale Fascista (Italian Fascist Party) Archive collections<\/i><\/p>\n<p><i>\u00a0<\/i><\/p>\n<p><i>Research coordinator: Prof. Luciano Marrocu<\/i><\/p>\n<p><i>Project Collaborators: <\/i>Giangiacomo Orr\u00f9, Cristiana Pipitone<\/p>\n<p>&nbsp;<br \/>\n<\/p>\n<p style=\"text-align: left\"><b><a href=\"http:\/\/people.unica.it\/lamemoriaritrovata\/progetto-1\/prog1_1\/\" rel=\"attachment wp-att-269\"><img decoding=\"async\" style=\"float: left\" alt=\"prog1_1\" src=\"http:\/\/people.unica.it\/lamemoriaritrovata\/files\/2013\/02\/prog1_1.jpg\" width=\"252\" height=\"192\" \/><\/a><\/b><br \/>\nThis section hosts reproductions of photographs from the <i>Podest\u00e0 (directly appointed communal council) <\/i>and the <i>Partito Nazionale Fascista (Italian Fascist Party) Archive records, <\/i>held at the Archivio Centrale dello Stato di Roma. They constitute an authoritative source of information and documents available for consultation by researchers as well as the public at large.<\/p>\n<p style=\"text-align: left\">The creation of the federations, the podest\u00e0 reform and the fascist government prefetti (prefects) were part of the design to make the Italian state more authoritarian. The new state structure set up by the Fascist party substituted the previous institutions for the rigid organisational structure that began the process of the \u2018fascistization\u2019 of Italian society.<\/p>\n<p>&nbsp;<\/p>\n<p><img decoding=\"async\" style=\"float: right\" alt=\"abbasanta\" src=\"http:\/\/people.unica.it\/lamemoriaritrovata\/files\/2013\/02\/abbasanta-218x300.jpg\" width=\"134\" height=\"185\" \/><br \/>\nPodest\u00e0 records.<\/p>\n<p style=\"text-align: left\">The podest\u00e0 reforms (the appointment of local councillors and mayors, renamed podest\u00e0) were a key aspect in the drive to transform the system of local authorities within the wider scheme to render the State more fascist. Under Law no. 237 of February 1926 and subsequently Law no. 1910 of September 1926, mayors and councillors were replaced by appointed podest\u00e0, or in larger communal administrations by Municipal Boards, both appointed by the Prefect. The existing electoral system was side-stepped in order to \u2018eliminate\u2019 the distances that had previously existed and had conditioned relations between the central and peripheral areas, between the local and the national.<\/p>\n<p style=\"text-align: left\">The documentation includes nominations and the appointment records of podest\u00e0 officials commanded by the Regia Prefettura (Prefecture Ruling body), written correspondence between the Prefect and Ministero dell\u2019Interno, specifically with the Generale Amministrazione Civile, Divisione Affari Generali. There are in addition documents containing recommendations by the Prefect for the appointments of new Podest\u00e0 officials, letters of resignation and Prefects\u2019 reports on the general situation, as well letters of appeal, anonymous and signed, usually addressed to Mussolini. The Podest\u00e0 records are quite comprehensive, with files for each communal administration. Some files are marked with the name of the town, but with no documents inside.<\/p>\n<p style=\"text-align: left\">All the records found help us form a picture of the general political climate, the existing social tension and details of the economic and political situation of the island. They provide an effective means to gain an insight into the dynamics and the underlying explanations for events and episodes at the time.<\/p>\n<p><b><a href=\"http:\/\/people.unica.it\/lamemoriaritrovata\/progetto-1\/prog1_3\/\" rel=\"attachment wp-att-270\"><img decoding=\"async\" style=\"float: left\" alt=\"prog1_3\" src=\"http:\/\/people.unica.it\/lamemoriaritrovata\/files\/2013\/02\/prog1_3-300x224.jpg\" width=\"300\" height=\"224\" \/><\/a><\/b><br \/>\nNational Fascist Party Records.<\/p>\n<p style=\"text-align: left\">These records are incomplete. There is no file relating to the province of Cagliari. The documents we do have concern the federations of Sassari and Nuoro. The whole collection of documents is extremely useful and will enable us to reconstruct the political and economic life and the social situation characterising life in the provinces through the monthly reports of Prefects and federal reports. Of equal importance are the numerous missives from fascist party members and correspondence between prefects and federal authorities.<\/p>\n<p><\/p><h4>sn<\/h4><p><\/p>\n<p align=\"center\"><b>Personali pol\u00ecticu in Sard\u00ecnnia intra is duas gherras <\/b><\/p>\n<p>&nbsp;<\/p>\n<p align=\"center\"><i>Archivio Centrale dello Stato di Roma<\/i>, <i>fondo<\/i> <i>Podest\u00e0<\/i> e <i>fondo<\/i> <i>Partito Nazionale Fascista<\/i><\/p>\n<p>&nbsp;<\/p>\n<p>Diretori de sa <i>ricerca<\/i>: prof. Luciano Marrocu<br \/>\nCollaboradoris: dott. Giangiacomo Orr\u00f9, dott. Cristiana Pipitone<br \/>\n<b><a href=\"http:\/\/people.unica.it\/lamemoriaritrovata\/progetto-1\/prog1_1\/\" rel=\"attachment wp-att-269\"><img decoding=\"async\" style=\"float: left\" alt=\"prog1_1\" src=\"http:\/\/people.unica.it\/lamemoriaritrovata\/files\/2013\/02\/prog1_1.jpg\" width=\"252\" height=\"192\" \/><\/a><\/b><br \/>\n<\/p>\n<p style=\"text-align: justify\">In custa setzioni s\u2019agatant is fotografias de is <i>fondi Podest\u00e0<\/i> e <i>fondo<\/i> <i>Partito Nazionale Fascista<\/i>, allogaus in s<i>\u2019Archivio Centrale dello Stato di Roma<\/i>. Funt un\u2019aina bona po castiai sa documentatzioni chi ddoi at, siat po is studiadoris, siat po \u00e0tiri.<\/p>\n<p style=\"text-align: justify\">Su cuncordamentu de is federatzionis, s\u2019arreforma po intrai su podest\u00e0, is prefetus faint parti de su progetu chi at furriau su Stadu italianu in su Stadu de s\u2019autoritarismu, aundi is struturas c\u00ecrdinas de su partidu fascista iant arremprasau is istitutzionis e inghitzau a furriai sa sotziedadi a \u201cfascista\u201d.<\/p>\n<p><i>\u00a0<\/i><\/p>\n<p><a href=\"http:\/\/people.unica.it\/lamemoriaritrovata\/progetto-1\/abbasanta\/\" rel=\"attachment wp-att-194\"><img decoding=\"async\" style=\"float: right\" alt=\"abbasanta\" src=\"http:\/\/people.unica.it\/lamemoriaritrovata\/files\/2013\/02\/abbasanta-218x300.jpg\" width=\"134\" height=\"185\" \/><\/a><br \/>\n<i>Fondo<\/i> <i>Podest\u00e0<\/i><\/p>\n<p style=\"text-align: left\">S\u2019arreforma po intrai su podest\u00e0, fiat una chistioni de importu po annoai su sistema de is autonomias de biddas e tzitadis, a\u00ecnturu de su programa prus mannu de furriai su Stadu a Stadu fascista. Cun sa lei de su fri\u00e0rgiu 1926 n. 237 e cun sa lei afatanti de su mesi de cabudanni 1926, n. 1910, is s\u00ecndigus e is consillus comunalis ddus iant arremprasaus cun is podest\u00e0 e, po is prus comunus mannus, finsas cun is consultas municipalis, ambaduus nominaus de su Prefetu. Su sistema de eletzionis dd\u2019iant segau po ndi \u201cbogai de mesu\u201d su brei de insandus aundi su centru fiat tropu atesu de sa periferia e is biddas e tzitadis tropu atesu de su nazionali.<\/p>\n<p style=\"text-align: left\">In sa documentatzioni s\u2019agatant is n\u00f2minas e is \u00e0utus de intrada de is podest\u00e0 de parti de sa <i>Regia Prefettura<\/i>, sa currespond\u00e8ntzia de su Prefetu cun su <i>Ministero dell\u2019Interno<\/i>, e pr\u00f2piu cun sa <i>Generale Amministrazione Civile<\/i>, <i>Divisione Affari Generali<\/i>, propostas de su prefetu po sa n\u00f2mina de podest\u00e0 nous, l\u00ecteras de dismitiduras ma puru is arrelatas de su prefetu apitzus de sa situatzioni generali, e puru espostus sene n\u00f2mini e cun n\u00f2mini, s\u2019imprus de intregai a Mussolini. Su <i>fondo<\/i> <i>Podest\u00e0<\/i> parit pressapagu cumpletu, e a d\u00f2nnia <i>fascicolo<\/i> currespundit a unu Comunu. Unus cantu <i>fascicoli<\/i> funt b\u00f2idus e sene documentus mancai currespundant a unu Comunu.<\/p>\n<p style=\"text-align: left\">Is documentus allogaus nos\u2019agiudant a cumprendi su bentu pol\u00ecticu chi fiat tirendi, is tribulias sotzialis, sa situatzioni econ\u00f2mica e pol\u00ectica particulari de s\u2019\u00ecsula e arrepresentant un\u2019aina bona po intrai me is chistionis e me is prus motivatzionis fungudas de su chi fiat sutzedendi.<\/p>\n<p>&nbsp;<\/p>\n<p><b><a href=\"http:\/\/people.unica.it\/lamemoriaritrovata\/progetto-1\/prog1_3\/\" rel=\"attachment wp-att-270\"><img decoding=\"async\" style=\"float: left\" alt=\"prog1_3\" src=\"http:\/\/people.unica.it\/lamemoriaritrovata\/files\/2013\/02\/prog1_3-300x224.jpg\" width=\"300\" height=\"224\" \/><\/a><\/b><br \/>\n<i>Fondo<\/i> <i>Partito Nazionale Fascista<\/i><\/p>\n<p style=\"text-align: left\">Custu <i>fondo<\/i> po contras no est cumpletu. Amancat su <i>fascicolo<\/i> de sa Prov\u00ecntzia de Casteddu. Sa documentatzioni chi presentaus est apitzus de is federatzionis de T\u00e0tari e N\u00f9goro. Sa documentazioni totaganta nosi serbit meda po cumprendi sa vida pol\u00ectica, econ\u00f2mica e sa chistioni sotziali de is prov\u00ecntzias castiendi is arrelatas de d\u00f2nnia mesi de su prefetu, is arrelatas de su federali. Aiciatotu de importu funt is paricis l\u00ecteras de is assentaus a su partidu e sa currespond\u00e8ntzia intra su prefetu e su federali.<\/p>\n<p>&nbsp;<\/p>","protected":false},"excerpt":{"rendered":"<p>it Personale politico in Sardegna tra le due guerre Archivio Centrale dello Stato di Roma, fondo Podest\u00e0 e fondo Partito Nazionale Fascista &nbsp; Direttore della ricerca: prof. Luciano Marrocu Collaboratori: dott. Giangiacomo Orr\u00f9, dott. Cristiana Pipitone &nbsp; Questa sezione ospita le riproduzioni fotografiche dei fondi Podest\u00e0 e fondo Partito Nazionale Fascista, conservati presso l\u2019Archivio Centrale dello Stato di Roma. Essi si propongono come un valido strumento di consultazione della documentazione disponibile, sia per gli studiosi sia per un\u2019utenza pi\u00f9 ampia. La costituzione delle federazioni, la riforma podestarile, i prefetti fanno parte del progetto di trasformazione dello Stato italiano in senso <a href='https:\/\/people.unica.it\/lamemoriaritrovata\/progetti\/progetto-1\/' class='excerpt-more'>[&#8230;]<\/a><\/p>\n","protected":false},"author":699,"featured_media":0,"parent":169,"menu_order":0,"comment_status":"closed","ping_status":"closed","template":"","meta":{"footnotes":""},"class_list":["post-163","page","type-page","status-publish","hentry","post-seq-1","post-parity-odd","meta-position-corners","fix"],"publishpress_future_action":{"enabled":false,"date":"2026-04-18 04:20:51","action":"Draft","newStatus":"draft","terms":[],"taxonomy":"","extraData":[]},"publishpress_future_workflow_manual_trigger":{"enabledWorkflows":[]},"_links":{"self":[{"href":"https:\/\/people.unica.it\/lamemoriaritrovata\/wp-json\/wp\/v2\/pages\/163","targetHints":{"allow":["GET"]}}],"collection":[{"href":"https:\/\/people.unica.it\/lamemoriaritrovata\/wp-json\/wp\/v2\/pages"}],"about":[{"href":"https:\/\/people.unica.it\/lamemoriaritrovata\/wp-json\/wp\/v2\/types\/page"}],"author":[{"embeddable":true,"href":"https:\/\/people.unica.it\/lamemoriaritrovata\/wp-json\/wp\/v2\/users\/699"}],"replies":[{"embeddable":true,"href":"https:\/\/people.unica.it\/lamemoriaritrovata\/wp-json\/wp\/v2\/comments?post=163"}],"version-history":[{"count":16,"href":"https:\/\/people.unica.it\/lamemoriaritrovata\/wp-json\/wp\/v2\/pages\/163\/revisions"}],"predecessor-version":[{"id":195,"href":"https:\/\/people.unica.it\/lamemoriaritrovata\/wp-json\/wp\/v2\/pages\/163\/revisions\/195"}],"up":[{"embeddable":true,"href":"https:\/\/people.unica.it\/lamemoriaritrovata\/wp-json\/wp\/v2\/pages\/169"}],"wp:attachment":[{"href":"https:\/\/people.unica.it\/lamemoriaritrovata\/wp-json\/wp\/v2\/media?parent=163"}],"curies":[{"name":"wp","href":"https:\/\/api.w.org\/{rel}","templated":true}]}}