{"id":2,"date":"2010-01-21T15:31:30","date_gmt":"2010-01-21T15:31:30","guid":{"rendered":""},"modified":"2017-07-26T17:34:51","modified_gmt":"2017-07-26T15:34:51","slug":"about","status":"publish","type":"page","link":"https:\/\/people.unica.it\/lac\/about\/","title":{"rendered":"Eventi"},"content":{"rendered":"<p><a href=\"http:\/\/people.unica.it\/lac\/files\/2017\/07\/Locandina-Day-of-Archaeology-A3.jpg\"><img decoding=\"async\" class=\"aligncenter size-large wp-image-553\" src=\"http:\/\/people.unica.it\/lac\/files\/2017\/07\/Locandina-Day-of-Archaeology-A3-1024x768.jpg\" alt=\"\" width=\"695\" height=\"521\" srcset=\"https:\/\/people.unica.it\/lac\/files\/2017\/07\/Locandina-Day-of-Archaeology-A3-1024x768.jpg 1024w, https:\/\/people.unica.it\/lac\/files\/2017\/07\/Locandina-Day-of-Archaeology-A3-300x225.jpg 300w, https:\/\/people.unica.it\/lac\/files\/2017\/07\/Locandina-Day-of-Archaeology-A3-768x576.jpg 768w, https:\/\/people.unica.it\/lac\/files\/2017\/07\/Locandina-Day-of-Archaeology-A3.jpg 1344w\" sizes=\"(max-width: 695px) 100vw, 695px\" \/><\/a><\/p>\n<p>&nbsp;<\/p>\n<p><!--nextpage--><\/p>\n<p style=\"text-align: center\"><a href=\"http:\/\/people.unica.it\/lac\/files\/2013\/09\/495_notte_ricerc_2013.jpg\"><img decoding=\"async\" class=\"size-medium wp-image-368 aligncenter\" src=\"http:\/\/people.unica.it\/lac\/files\/2013\/09\/495_notte_ricerc_2013-300x70.jpg\" alt=\"495_notte_ricerc_2013\" width=\"300\" height=\"70\" srcset=\"https:\/\/people.unica.it\/lac\/files\/2013\/09\/495_notte_ricerc_2013-300x70.jpg 300w, https:\/\/people.unica.it\/lac\/files\/2013\/09\/495_notte_ricerc_2013.jpg 495w\" sizes=\"(max-width: 300px) 100vw, 300px\" \/><\/a><\/p>\n<p style=\"text-align: center\">In occasione della manifestazione \u201c<strong>La notte dei ricercatori 2013<\/strong>\u201d &nbsp;promossa dalla Comunit\u00e0 Europea per favorire la divulgazione della scienza e le carriere dei ricercatori,l&#8217;Universit\u00e0 degli Studi di Cagliari apre gratuitamente, nella sera di venerd\u00ec 27 settembre 2013, dalle ore 19.00 alle ore 22.30, le proprie collezioni museali.<\/p>\n<p>In particolare il <strong>CIMAS<\/strong>&nbsp;&#8211; Centro Interdipartimentale per i Musei e l&#8217;Archivio Storico dell&#8217;Universit\u00e0 di Cagliari ha organizzato presso la Cittadella di Musei, Sezione di Archeologia e Storia dell&#8217;Arte del Dipartimento di Storia, Beni Culturali e Territorio, visite guidate alle due collezioni di litiche preistoriche e di ceramica greca, etrusca e magno-greca.<\/p>\n<p>Le visite guidate saranno a cura dei due laboratori di Antichit\u00e0 sarde e Paletnologia (LASP) e di Archeologia Classica (LAC)<\/p>\n<ul>\n<li><b>Collezioni archeologiche Evan Gorga<\/b><br \/>\nCittadella dei Musei, Piazza Arsenale 1, LAC &#8211; Laboratorio di Archeologia Classica,&nbsp;<a href=\"mailto:maibba@unica.it\">Dott.ssa Maria Adele Ibba<\/a>, Tel. 070.675.7618<b><br \/>\n<\/b><\/li>\n<li><b>Collezioni litiche preistoriche<\/b><br \/>\nCittadella de Musei, Piazza Arsenale 1, LASP \u2013 Laboratorio di Antichit\u00e0 sarde e Paletnologia,&nbsp;<a href=\"mailto:luglie@unica.it\">Prof. Carlo Lugli\u00e8<\/a>, Tel. 070.675.7626<\/li>\n<\/ul>\n<p>La visit\u00e0 alla <strong>Collezione archeologica Evan Gorga<\/strong> sar\u00e0 guidata dalla Dott.ssa Maria Adele Ibba, tecnico archeologo presso il LAC &#8211; Laboratorio di Archeologia Classica, a partire dalle 19.00 fino alle 22.30<\/p>\n<p><!--nextpage-->Dal 1 marzo al 30 settembre 2010&nbsp;presso il Museo Archeologico Nazionale di Cagliari era visibile la Mostra:<\/p>\n<p><img decoding=\"async\" class=\"alignright size-medium wp-image-28\" title=\"Diapositiva 1\" src=\"http:\/\/people.unica.it\/lac\/files\/2010\/01\/MANIFESTO-214x300.jpg\" alt=\"\" width=\"214\" height=\"300\" srcset=\"https:\/\/people.unica.it\/lac\/files\/2010\/01\/MANIFESTO-214x300.jpg 214w, https:\/\/people.unica.it\/lac\/files\/2010\/01\/MANIFESTO-731x1024.jpg 731w, https:\/\/people.unica.it\/lac\/files\/2010\/01\/MANIFESTO.jpg 1181w\" sizes=\"(max-width: 214px) 100vw, 214px\" \/><\/p>\n<p><em>Note di Colore. Nuove luci dal restauro dei vasi della Collezione Gorga dell&#8217;Universit\u00e0 degli Studi di Cagliari<\/em><\/p>\n<p>La Mostra allestita da Maria Adele Ibba e da Ignazio Sanna ha ripercorso la storia della formazione della Collezione Gorga dell&#8217;Universit\u00e0 di Cagliari e presentato i risultati del restauro&nbsp;eseguito dal Settore di Archeologia Subacquea &#8211; Laboratorio del Porto della Soprintendenza Archeologica per le Province di Cagliari e Oristano.<\/p>\n<nav class=\"page-links\"><strong>Pagine<\/strong> <a href=\"https:\/\/people.unica.it\/lac\/about\/\" class=\"post-page-numbers\"><span class=\"page-num\">1<\/span><\/a> <a href=\"https:\/\/people.unica.it\/lac\/about\/2\/\" class=\"post-page-numbers\"><span class=\"page-num\">2<\/span><\/a> <a href=\"https:\/\/people.unica.it\/lac\/about\/3\/\" class=\"post-page-numbers\"><span class=\"page-num\">3<\/span><\/a><\/nav>\n","protected":false},"excerpt":{"rendered":"<p>&nbsp; Pagine 1 2 3<\/p>\n","protected":false},"author":328,"featured_media":0,"parent":0,"menu_order":5,"comment_status":"closed","ping_status":"closed","template":"","meta":{"ngg_post_thumbnail":0,"footnotes":""},"class_list":["post-2","page","type-page","status-publish","hentry","category-100-id","post-seq-1","post-parity-odd","meta-position-corners","fix"],"_links":{"self":[{"href":"https:\/\/people.unica.it\/lac\/wp-json\/wp\/v2\/pages\/2","targetHints":{"allow":["GET"]}}],"collection":[{"href":"https:\/\/people.unica.it\/lac\/wp-json\/wp\/v2\/pages"}],"about":[{"href":"https:\/\/people.unica.it\/lac\/wp-json\/wp\/v2\/types\/page"}],"author":[{"embeddable":true,"href":"https:\/\/people.unica.it\/lac\/wp-json\/wp\/v2\/users\/328"}],"replies":[{"embeddable":true,"href":"https:\/\/people.unica.it\/lac\/wp-json\/wp\/v2\/comments?post=2"}],"version-history":[{"count":18,"href":"https:\/\/people.unica.it\/lac\/wp-json\/wp\/v2\/pages\/2\/revisions"}],"predecessor-version":[{"id":556,"href":"https:\/\/people.unica.it\/lac\/wp-json\/wp\/v2\/pages\/2\/revisions\/556"}],"wp:attachment":[{"href":"https:\/\/people.unica.it\/lac\/wp-json\/wp\/v2\/media?parent=2"}],"curies":[{"name":"wp","href":"https:\/\/api.w.org\/{rel}","templated":true}]}}