{"id":641,"date":"2012-12-02T18:50:45","date_gmt":"2012-12-02T18:50:45","guid":{"rendered":"http:\/\/people.unica.it\/laboratoriodifisiologiadeglisport\/?page_id=641"},"modified":"2016-05-29T10:05:51","modified_gmt":"2016-05-29T10:05:51","slug":"cv-francesco-todde","status":"publish","type":"page","link":"https:\/\/people.unica.it\/laboratoriodifisiologiadeglisport\/chi-siamo\/dottorandi\/cv-francesco-todde\/","title":{"rendered":"CV Francesco Todde"},"content":{"rendered":"<p><strong><em>Francesco Todde \u00e8 <a href=\"http:\/\/people.unica.it\/laboratoriodifisiologiadeglisport\/files\/2012\/12\/todde.jpg\"><img decoding=\"async\" class=\"alignleft wp-image-644\" src=\"http:\/\/people.unica.it\/laboratoriodifisiologiadeglisport\/files\/2012\/12\/todde.jpg\" alt=\"\" width=\"156\" height=\"208\" \/><\/a>nato a Nuoro il 05\/05\/1971<br \/>\n<\/em><\/strong>Contatti: Cell. 3494303913; E-mail:\u00a0 francesco_todde@virgilio.it<\/p>\n<ul>\n<li>\u00a0Dottore di Ricerca in Metodologie Molecolari e Morfo-Funzionali applicate all\u2019Esercizio Fisico, XXVI Ciclo, Universit\u00e0 degli Studi di Urbino, Carlo B\u00f2; Department of Biomulecular Sciences Section of Physical Education and Health.<\/li>\n<li>Cultore della Materia presso il Laboratorio di Fisiologia degli Sport, Dipartimento di Scienze Mediche \u201cMario Aresu\u201d,Universita\u2019 degli Studi di Cagliari, Responsabile Scientifico Prof. Alberto. Concu.<\/li>\n<li>Dottore in Scienze Motorie, indirizzo Specialistico Tecnico Sportivo, Universit\u00e0 degli Studi di Urbino \u201cCarlo B\u00f2\u201d.<\/li>\n<li>Dottore in Fisioterapia, Facolt\u00e0 di Medicina e Chirurgia, Universit\u00e0 degli Studi di Pavia.<\/li>\n<li>Osteopata DO.<\/li>\n<li>Fisioterapista Prima Squadra Cagliari Calcio S.P.A.(2007-2016).<\/li>\n<li>Settore Tecnico Federazione Italiana Gioco Calcio F.I.G.C.\/CONI.<\/li>\n<li>Allenatore, Giudice e Insegnante Tecnico Federale F.I.P.E.\/CONI.<\/li>\n<li>Maestro e Istruttore di Cultura Fisica\u00a0 U.I.S.P.\/CONI.<\/li>\n<li>Fisioterapista Responsabile Tecnico Nazionale S.B.F.I.\/F.I.P.E.\/CONI.<\/li>\n<li>Docente\/ Esperto della\u00a0 Scuola Regionale dello Sport CONI\u00a0 Sardegna.<\/li>\n<li>Fisioterapista Certificato Ministero della Salute (ECM) :\n<ol start=\"1\">\n<li><em>TecarTerapia Unibell e Human Tecar\u00a0 nella Cura Prevenzione e il Recupero degli Atleti di Alto Livello<\/em><\/li>\n<li><em>Terapia Manuale <\/em><\/li>\n<li><i>Corso 58040\/1 per il riequilibrio posturale<\/i><\/li>\n<li><em>Riflessologia Plantare<\/em><\/li>\n<li><em>Drenaggio Linfatico Manuale<\/em><\/li>\n<li><em>KinesioTaping <\/em><\/li>\n<li><em>Trattamento dei Paramorfismi e Dismorfismi del Rachide<\/em><\/li>\n<li><em>Bendaggio Adesivo Funzionale e Taping<\/em><\/li>\n<li><em>Massaggio Terapeutico e Mobilizzazioni Articolari <\/em><\/li>\n<li><em>Approccio Medico ed Osteopatico delle Disfunzioni Sistemiche <\/em><\/li>\n<li><em>Corso e Abilitazione all\u2019uso della \u00a0FIM (Functional Indipendence Measure)<\/em><\/li>\n<li><em>Corso e Abilitazione di Primo Soccorso (BLSD) e Defibrillatore Semiautomatico <\/em><\/li>\n<li><em>Kinesiterapia Propriocettiva in Medicina Sportiva<\/em><\/li>\n<li><em>Ginnastica Pre e Post Parto<\/em><\/li>\n<li><em>Prevenzione e nel Trattamento del Dorso Curvo, della Scoliosi e delle Alterazioni Posturali da Sport<\/em><\/li>\n<li>Fibrolisi nel trattamento dell&#8217;apparato muscolo scheletrico<\/li>\n<\/ol>\n<\/li>\n<\/ul>\n<p><strong><em>\u00a0<\/em><\/strong><\/p>\n<p><strong>Pubblicazioni Scientifiche:<br \/>\n<\/strong><\/p>\n<ul>\n<li>Tocco F, Crisafulli A, Milia R, Marongiu E, Mura R, Roberto S, <strong>Todde F<\/strong>, Concu D, Melis S, Velluzzi F, Loviselli A, Concu A, Melis Nervous Facilitation in Cardiodynamic Response of Exercising Athletes to Superimposed Mental Tasks: Implications in Depressive Disorder. F.<span title=\"Clinical practice and epidemiology in mental health : CP &amp; EMH\">Clin Pract Epidemiol Ment Health<\/span>. 2015 Sep 23;11:166-73. doi: 10.2174\/1745017901511010166. eCollection 2015.<\/li>\n<li><span lang=\"pt-PT\">\u00a0Massimiliano Pau, Federico Arippa, Bruno Leban, Federica Corona, Gianfranco Ibba, <strong>Francesco Todde<\/strong>, Marco Scorcu.Relationship between static and dynamic bilance abilities in Italian professional and youth league soccer Players. Physical Therapy in Sport (2014).<\/span><span lang=\"de-DE\"> http:\/\/DX.doi.org\/10.1016\/j.prsp.2014.12.003<\/span><\/li>\n<li><span lang=\"it-IT\">Filippo Tocco, Irene Sanna, Gabriele Mulliri, Sara Magnani, <strong>Francesco Todde<\/strong>, Roberto Mura, Giovanna Ghiani, Alberto Concu, Franco Melis and Antonio Crisafulli. Heart Rate Unreliability during Interval Training Recovery in Middle Distance Runners . Journal of Sports Science and Medicine (2015) 14, 466-472<\/span><\/li>\n<li>L. Angius, S. Olla, F.Piras, R. Mura, G.Ibba, <strong>F.Todde<\/strong>, M.Cominu, M.Pinna, F.Tocco, A.Concu, A.Crisafulli. Lack of correlation between laboratory\u00a0 indexes of aerobic and anaerobic lactic capacities and Repeated\u00a0 Sprint Ability in young professional soccer players. Sport Science for Health 2013; 9: 1-16<\/li>\n<li><strong>Francesco Todde<\/strong>, Gian Mario Migliaccio, Francesco Fois, Stefano Melis, Marta Siccu, Giorgia Collu, Franco Melis. Effect On Motor Skills Of Elderly Adults Of A 12-Week Randomized Controlled Trial Of Vigorous Exercise. JAGS, JULY 2014\u2013VOL. 62, NO.7, 1377-1378.<\/li>\n<li>\u00a0<strong>Francesco Todde<\/strong>, Franco Melis, Roberto Mura, Massimiliano Pau, Francesco Fois, Sara Magnani, Gianfranco Ibba, Antonio Crisafulli, and Filippo Tocco.A 12-Week Vigorous Exercise Protocol in a Healthy Group of Persons over 65: Study of\u00a0<span style=\"line-height: 1.5\">Physical Function by means of the Senior Fitness Test,&#8221;\u00a0<\/span>BioMed Research International, vol. 2016, Article ID 7639842, 6 pages, 2016.\u00a0doi:10.1155\/2016\/7639842.<\/li>\n<\/ul>\n<ul>\n<li>ABSTRACTS: Angius L., Crisafulli A., Tocco F., Olla S., Pinna M., Milia R., Scorcu M., Piras F., Todde F., Concu A. Assessment of physiological profile of elite professional soccer pleyers. The Journal of Sports Medicine and Physical Fitness, Volume 51-suppl. I to No. 3 September 2011<\/li>\n<li>LAVORI PUBBLICATI SU PROCEEDINGS DI CONGRESSI: Angius L., Crisafulli A., Tocco F., Olla S., Pinna M., Milia R., Scorcu M., Piras F., Todde F., Concu A. Assessment of physiological profile of elite professional soccer pleyers. SISMES 29-October 1, 2011<\/li>\n<li>POSTER: Olla S., Angius L., Piras F., Mura R., Ibba G., Todde F., Cominu M., Pinna M., Tocco F., Concu A., Crisafulli A. Lack of correlation between laboratory indexes of aerobic and anaerobic lactic capacities and Repeated Sprint Ability in young professional soccer players. In proceedings of the XXXII World Congress of Sports Medicine, Rome, Italy, 27-30 September 2012<\/li>\n<li>ACSM American College Sports Medicine 2014 Congress 2014 (may 27-31 Orlando, USA)\u201cEffect of a 12 weeks randomized controlled trial of vigorous exercise on motor skills in a group of over65 people\u201dGiorgia Collu1, Franco Melis2, Francesco Fois1, Stefano Melis1, Marta Siccu1, Gian Mario Migliaccio1, Francesco Todde3.1Coni, Italian Olympic Committee, Cagliari, Italy.2University Of Cagliari, Cagliari, Italy.3University Of Urbino, Urbino, Italy.<\/li>\n<\/ul>\n<ul>\n<li>Ecss European Congress Of Sporty Science 2014 (oral)\u00a0Congress 2014 (july 2014 Amsterdam &#8211; Nl) Effects Of A Program Of Vigorous Training And 8 Weeks Of Detraining In A Group Of Over 65 Authors: Fois, F., Migliaccio, G.M., Melis, S., Siccu, M., Collu, G., Melis, F., Todde, Institution: Coni &#8211; Italian Olympic Committee\/Italy \u2013 University Of Cagliari; The Effect Of A 12 Weeks Randomized Controlled Trial Of Vigorous Exercise On Motor Skills In A Group Of Over65 People Authors: Melis, S., Migliaccio, G.M., Fois, F., Siccu, M., Collu, G., Melis, F., Todde, Institution: Coni-Italian Olimpic Commitee\/Italy &#8211; University Of Cagliari<\/li>\n<\/ul>\n<p><strong><em>\u00a0<\/em><\/strong><\/p>\n<p><strong>Ambito di interesse e ricerca:<\/strong><\/p>\n<ul>\n<li>Attivit\u00e0 Preventiva e Adattata nella gestione di base degli atleti<\/li>\n<\/ul>\n<ul>\n<li>Riabilitazione e Rieducazione Motoria nello Sportivo<\/li>\n<\/ul>\n<ul>\n<li>Facilitazione Neuromuscolare Propriocettiva nella Gestione Ottimale del Gesto Tecnico Sportivo del Calciatore<\/li>\n<\/ul>\n<p><strong><em>\u00a0<\/em><\/strong><\/p>\n<p><strong>\u00a0Collaborazioni internazionali:<br \/>\n<\/strong><\/p>\n<ul>\n<li>Coordinatore del progetto internazionale Prof. Charles Santos Estevam.\u00a0Universidade Federal de Sergipe U.F.S., Gabinete do Reitor Prof. Dott. Angelo Roberto Antoniolli, Cidade Universitaria Prof. Jos\u00e8 Aloisio de Campos-Jardim Rosa Elze, CEP 49100-000- Sa\u00f2 Cristova\u00f2, Sergipe-Brasil.<\/li>\n<\/ul>\n<p>&nbsp;<\/p>","protected":false},"excerpt":{"rendered":"<p>Francesco Todde \u00e8 nato a Nuoro il 05\/05\/1971 Contatti: Cell. 3494303913; E-mail:\u00a0 francesco_todde@virgilio.it \u00a0Dottore di Ricerca in Metodologie Molecolari e Morfo-Funzionali applicate all\u2019Esercizio Fisico, XXVI Ciclo, Universit\u00e0 degli Studi di Urbino, Carlo B\u00f2; Department of Biomulecular Sciences Section of Physical Education and Health. Cultore della Materia presso il Laboratorio di Fisiologia degli Sport, Dipartimento di Scienze Mediche \u201cMario Aresu\u201d,Universita\u2019 degli Studi di Cagliari, Responsabile Scientifico Prof. Alberto. Concu. Dottore in Scienze Motorie, indirizzo Specialistico Tecnico Sportivo, Universit\u00e0 degli Studi di Urbino \u201cCarlo B\u00f2\u201d. Dottore in Fisioterapia, Facolt\u00e0 di Medicina e Chirurgia, Universit\u00e0 degli Studi di Pavia. Osteopata DO. Fisioterapista Prima <a href='https:\/\/people.unica.it\/laboratoriodifisiologiadeglisport\/chi-siamo\/dottorandi\/cv-francesco-todde\/' class='excerpt-more'>[&#8230;]<\/a><\/p>\n","protected":false},"author":681,"featured_media":0,"parent":188,"menu_order":0,"comment_status":"closed","ping_status":"closed","template":"","meta":{"footnotes":""},"class_list":["post-641","page","type-page","status-publish","hentry","post-seq-1","post-parity-odd","meta-position-corners","fix"],"_links":{"self":[{"href":"https:\/\/people.unica.it\/laboratoriodifisiologiadeglisport\/wp-json\/wp\/v2\/pages\/641","targetHints":{"allow":["GET"]}}],"collection":[{"href":"https:\/\/people.unica.it\/laboratoriodifisiologiadeglisport\/wp-json\/wp\/v2\/pages"}],"about":[{"href":"https:\/\/people.unica.it\/laboratoriodifisiologiadeglisport\/wp-json\/wp\/v2\/types\/page"}],"author":[{"embeddable":true,"href":"https:\/\/people.unica.it\/laboratoriodifisiologiadeglisport\/wp-json\/wp\/v2\/users\/681"}],"replies":[{"embeddable":true,"href":"https:\/\/people.unica.it\/laboratoriodifisiologiadeglisport\/wp-json\/wp\/v2\/comments?post=641"}],"version-history":[{"count":19,"href":"https:\/\/people.unica.it\/laboratoriodifisiologiadeglisport\/wp-json\/wp\/v2\/pages\/641\/revisions"}],"predecessor-version":[{"id":1047,"href":"https:\/\/people.unica.it\/laboratoriodifisiologiadeglisport\/wp-json\/wp\/v2\/pages\/641\/revisions\/1047"}],"up":[{"embeddable":true,"href":"https:\/\/people.unica.it\/laboratoriodifisiologiadeglisport\/wp-json\/wp\/v2\/pages\/188"}],"wp:attachment":[{"href":"https:\/\/people.unica.it\/laboratoriodifisiologiadeglisport\/wp-json\/wp\/v2\/media?parent=641"}],"curies":[{"name":"wp","href":"https:\/\/api.w.org\/{rel}","templated":true}]}}