{"id":1019,"date":"2015-10-14T06:00:33","date_gmt":"2015-10-14T06:00:33","guid":{"rendered":"http:\/\/people.unica.it\/laboratoriodifisiologiadeglisport\/?page_id=1019"},"modified":"2015-10-14T06:00:33","modified_gmt":"2015-10-14T06:00:33","slug":"cv-mauro-mannoni","status":"publish","type":"page","link":"https:\/\/people.unica.it\/laboratoriodifisiologiadeglisport\/cv-mauro-mannoni\/","title":{"rendered":"CV Mauro Mannoni"},"content":{"rendered":"<p><a href=\"http:\/\/people.unica.it\/laboratoriodifisiologiadeglisport\/files\/2015\/10\/Mauro-Mannoni.jpg\"><img decoding=\"async\" class=\"alignleft  wp-image-1020\" src=\"http:\/\/people.unica.it\/laboratoriodifisiologiadeglisport\/files\/2015\/10\/Mauro-Mannoni.jpg\" alt=\"Mauro Mannoni\" width=\"126\" height=\"168\" srcset=\"https:\/\/people.unica.it\/laboratoriodifisiologiadeglisport\/files\/2015\/10\/Mauro-Mannoni.jpg 480w, https:\/\/people.unica.it\/laboratoriodifisiologiadeglisport\/files\/2015\/10\/Mauro-Mannoni-225x300.jpg 225w\" sizes=\"(max-width: 126px) 100vw, 126px\" \/><\/a><\/p>\n<p>Il dottor Mauro Mannoni \u00e8 nato a Tempio Pausania il 21\/01\/1985, ha conseguito il diploma di maturit\u00e0 scientifica presso il Liceo &#8220;L.Mossa&#8221; di Arzachena.<\/p>\n<p>Dopo il diploma si iscrive alla facolt\u00e0 di Medicina e Chirurgia dell&#8217;Universit\u00e0 degli Studi di Sassari, dove si laurea in data 25\/03\/2014 con una votazione 109\/110, discutendo una tesi in ambito ortopedico dal titolo: &#8220;Osteogenesi Imperfetta in Sardegna:problematiche terapeutiche mediche e chirurgiche&#8221;.<\/p>\n<div>Attualmente \u00e8 iscritto al primo anno di specializzazione in Medicina dello Sport e dell&#8217;Esercizio Fisico.<\/div>\n","protected":false},"excerpt":{"rendered":"<p>Il dottor Mauro Mannoni \u00e8 nato a Tempio Pausania il 21\/01\/1985, ha conseguito il diploma di maturit\u00e0 scientifica presso il Liceo &#8220;L.Mossa&#8221; di Arzachena. Dopo il diploma si iscrive alla facolt\u00e0 di Medicina e Chirurgia dell&#8217;Universit\u00e0 degli Studi di Sassari, dove si laurea in data 25\/03\/2014 con una votazione 109\/110, discutendo una tesi in ambito ortopedico dal titolo: &#8220;Osteogenesi Imperfetta in Sardegna:problematiche terapeutiche mediche e chirurgiche&#8221;. Attualmente \u00e8 iscritto al primo anno di specializzazione in Medicina dello Sport e dell&#8217;Esercizio Fisico.<\/p>\n","protected":false},"author":681,"featured_media":0,"parent":0,"menu_order":0,"comment_status":"closed","ping_status":"closed","template":"","meta":{"footnotes":""},"class_list":["post-1019","page","type-page","status-publish","hentry","post-seq-1","post-parity-odd","meta-position-corners","fix"],"_links":{"self":[{"href":"https:\/\/people.unica.it\/laboratoriodifisiologiadeglisport\/wp-json\/wp\/v2\/pages\/1019","targetHints":{"allow":["GET"]}}],"collection":[{"href":"https:\/\/people.unica.it\/laboratoriodifisiologiadeglisport\/wp-json\/wp\/v2\/pages"}],"about":[{"href":"https:\/\/people.unica.it\/laboratoriodifisiologiadeglisport\/wp-json\/wp\/v2\/types\/page"}],"author":[{"embeddable":true,"href":"https:\/\/people.unica.it\/laboratoriodifisiologiadeglisport\/wp-json\/wp\/v2\/users\/681"}],"replies":[{"embeddable":true,"href":"https:\/\/people.unica.it\/laboratoriodifisiologiadeglisport\/wp-json\/wp\/v2\/comments?post=1019"}],"version-history":[{"count":1,"href":"https:\/\/people.unica.it\/laboratoriodifisiologiadeglisport\/wp-json\/wp\/v2\/pages\/1019\/revisions"}],"predecessor-version":[{"id":1021,"href":"https:\/\/people.unica.it\/laboratoriodifisiologiadeglisport\/wp-json\/wp\/v2\/pages\/1019\/revisions\/1021"}],"wp:attachment":[{"href":"https:\/\/people.unica.it\/laboratoriodifisiologiadeglisport\/wp-json\/wp\/v2\/media?parent=1019"}],"curies":[{"name":"wp","href":"https:\/\/api.w.org\/{rel}","templated":true}]}}