{"id":10,"date":"2008-03-11T16:20:44","date_gmt":"2008-03-11T16:20:44","guid":{"rendered":"http:\/\/people.unica.it\/labmar08\/bando-di-selezione\/"},"modified":"2008-05-07T07:58:47","modified_gmt":"2008-05-07T07:58:47","slug":"bando-di-selezione","status":"publish","type":"page","link":"https:\/\/people.unica.it\/labmar08\/bando-di-selezione\/","title":{"rendered":"Bando di selezione"},"content":{"rendered":"<p>PER SCARICARE IL BANDO DI SELEZIONE CLICCARE QUI SOTTO<br \/>\n<a href='http:\/\/people.unica.it\/labmar08\/files\/2008\/04\/1.pdf' title='Bando di selezione'>Bando di selezione<\/a><\/p>\n<p><strong>Bando per la selezione di n. 45 partecipanti<\/strong><\/p>\n<p><strong>Finalit\u00e0 e contenuti<\/strong><br \/>\nIl Workshop intende esplorare modalit\u00e0 e strumenti per costruire progetti di paesaggio in un ambito della Sardegna caratterizzato da bassa densit\u00e0 demografica, da spopolamento, da un tessuto insediativo con significative permanenze dei nuclei storici originari e da un sistema connettivo di paesaggio rurale con forti caratteri culturali identitari. Assumendo gli obiettivi di tutela del Piano Paesaggistico Regionale, in coerenza con la pianificazione dell\u2019Unione dei Comuni &#8220;Marmilla&#8221;, si propongono tre temi progettuali: il recupero dell\u2019insediamento storico, il progetto dei luoghi dell\u2019abitare e del paesaggio. I partecipanti si confronteranno su queste tematiche ponendosi come obiettivo quello di indagare le modalit\u00e0 attraverso le quali il turismo possa attivare processi di sviluppo sostenibile in tali contesti.<br \/>\nL\u2019iniziativa si svolger\u00e0 a Villanovaforru dal 19 al 25 maggio e a Cagliari dal 26 al 29 maggio.<\/p>\n<p><strong>Condizioni di partecipazione e requisiti di ammissione<\/strong><br \/>\nIl workshop \u00e8 rivolto a 45* partecipanti cos\u00ec suddivisi: 60% di laureati quinquennali in Architettura, Ingegneria Edile-Architettura, Ingegneria Edile specialistica, Architettura del paesaggio specialistica, 20% di laureati triennali in Architettura, Ingegneria Edile-Architettura, Ingegneria Edile, Architettura del Paesaggio, Ingegneria per l&#8217;Ambiente e il territorio indirizzo Pianificazione, Tecnologie per la Conservazione e il Restauro dei Beni Culturali e 20% di laureandi nei suddetti corsi di laurea che abbiano maturato esperienza relativamente alle tematiche del workshop.<br \/>\nI partecipanti saranno selezionati sulla base del curriculum vitae e universitario, oltre che della domanda di ammissione, che dovr\u00e0 essere inviata secondo criteri conformi al bando.<br \/>\nIl bando e le domande di partecipazione sono scaricabili dal sito http:\/\/people.unica.it\/labmar08; possono essere ritirate anche presso la Segreteria Amministrativa del Dipartimento di Architettura dell\u2019Universit\u00e0 di Cagliari &#8211; Piazza d\u2019Armi 16 &#8211; Cagliari.<br \/>\nGli interessati dovranno far pervenire la domanda di ammissione e il curriculum vitae e universitario alla segreteria del workshop, oppure inviando una e-mail all\u2019indirizzo: labmar08@unica.it, o un fax al numero 070\/6755215 entro le ore 12 del 21 aprile 2008.<br \/>\nCiascun partecipante dovr\u00e0 dotarsi di proprio computer portatile.<\/p>\n<p>* La commissione si riserva il diritto di incrementare il numero di posti disponibili in funzione degli esiti della selezione.<\/p>\n<p><strong>Attivit\u00e0 <\/strong><br \/>\nLe attivit\u00e0 del workshop sono cos\u00ec articolate:<br \/>\n\u2022\t19\/25 maggio \u2013 Villanovaforru &#8211; attivit\u00e0 didattiche (lezioni, seminari e sopralluoghi nel territorio della Marmilla) e laboratorio progettuale;<br \/>\n\u2022\t26\/27 maggio \u2013 Cagliari &#8211; laboratorio progettuale;<br \/>\n\u2022\t28 maggio \u2013 Cagliari &#8211; allestimento mostra;<br \/>\n\u2022\t29 maggio \u2013 Cagliari \u2013 convegno internazionale \u201cIdee e progetti per il paesaggio rurale. Scenari per il turismo in Marmilla\u201d.<\/p>\n<p>L\u2019impegno complessivo \u00e8 di circa 100 ore, articolato in lezioni, conferenze, confronti, proiezioni, visite guidate, presentazione e discussione del lavoro, progettazione con tutoraggio. Ad ogni partecipante verr\u00e0 rilasciato un attestato di frequenza.<br \/>\nNel rispetto del numero di ore complessive indicate, gli organizzatori si riservano il diritto di modificare a propria discrezione l\u2019articolazione del programma, l\u2019elenco nominativo dei docenti nonch\u00e9 le sedi delle attivit\u00e0 didattiche.<\/p>\n<p><strong>Articolazione del laboratorio e docenza<\/strong><br \/>\nL\u2019offerta didattica prevede l\u2019articolazione in 9 gruppi, ciascuno di 5 partecipanti, guidati dai coordinatori di progetto e assistiti dai tutores. Questo insieme costituisce lo staff di progettazione, presente in aula per tutte le giornate del Laboratorio. Le linee guida per lo sviluppo dei progetti, il coordinamento delle varie fasi, la verifica intermedia e la sintesi dei risultati, \u00e8 assicurata dai coordinatori del laboratorio con il supporto scientifico del Comitato dei docenti.<\/p>\n<p><strong>Comitato scientifico<\/strong><br \/>\nCarlo Aymerich, Emanuela Abis, Giovanni Azzena, Enrico Corti, Giancarlo Deplano, Bruno Gabrielli, Roberto Gambino, Andreas Kipar, Pasquale Mistretta, Carlo Monti, Antonello Sanna.<\/p>\n<p><strong>Struttura organizzativa<\/strong><br \/>\nI Coordinatori di progetto sono docenti e professionisti con esperienze di ricerca, didattiche e professionali, in tema di pianificazione urbanistica, progetto di paesaggio e recupero di centri storici.<br \/>\nI tutores sono giovani professionisti con esperienze di laboratorio didattico svolto a livello universitario o in attivit\u00e0 di workshop similari.<\/p>\n<p><strong>Selezione<\/strong><br \/>\nLa selezione dei partecipanti sar\u00e0 effettuata da una apposita commissione composta da docenti dell\u2019Universit\u00e0 di Cagliari e dai coordinatori del workshop. I candidati idonei saranno inseriti in una graduatoria provvisoria fino a conferma del pagamento della quota di iscrizione (vedi punto successivo), o a comunicazione di rinuncia. In quest\u2019ultimo caso avranno diritto a subentrare altri candidati secondo graduatoria.<\/p>\n<p><strong>Costo di partecipazione<\/strong><br \/>\nLa quota di iscrizione \u00e8 fissata in:<br \/>\n&#8211; 450 euro, quota comprensiva della partecipazione a tutte le attivit\u00e0 del workshop, del materiale didattico, della pensione completa in Marmilla e a Cagliari, per i non residenti a Cagliari;<br \/>\n&#8211; 400 euro, quota comprensiva della partecipazione a tutte le attivit\u00e0 del workshop, del materiale didattico, della pensione completa in Marmilla e di un pasto al giorno a Cagliari, per i residenti a Cagliari;<br \/>\n&#8211; 350 euro, quota comprensiva della partecipazione a tutte le attivit\u00e0 del workshop, del materiale didattico, della pensione completa in Marmilla e di un pasto al giorno a Cagliari, per i laureandi iscritti all\u2019Ateneo cagliaritano.<\/p>\n<p><strong>Iscrizione<\/strong><br \/>\nAi candidati selezionati verr\u00e0 inviata comunicazione da parte dell\u2019Universit\u00e0 di Cagliari entro il 2 maggio 2008. La quota dovr\u00e0 essere regolarizzata entro e non oltre il 13 maggio 2008, facendo pervenire copia dell\u2019avvenuto versamento alla Segreteria Amministrativa del Dipartimento di Architettura dell\u2019Universit\u00e0 di Cagliari &#8211; Piazza d\u2019Armi 16 \u2013 Cagliari nei seguenti orari: dal luned\u00ec al venerd\u00ec 8.00 \u2013 14.00, o all\u2019indirizzo di posta elettronica labmar08@unica.it, o via fax al numero 070\/6755215. I versamenti vanno effettuati indicando la causale del versamento (quota di iscrizione workshop in Marmilla 19-29 maggio 2008) sul conto corrente bancario: Banco di Sardegna ABI 01015 \u2013 CAB 04800 \u2013 CCB n. 00000043225 \u2013 codice IBAN: IT45K0101504800000000043225 intestandolo a: Dipartimento di Architettura dell\u2019Universit\u00e0 di Cagliari &#8211; Piazza d\u2019Armi 16. Per i bonifici dall\u2019estero: codice BIC: SARDIT3SXXX.<\/p>\n<p><strong>Crediti formativi<\/strong><br \/>\nLa partecipazione al Workshop d\u00e0 diritto all\u2019attribuzione di 4 crediti formativi.<\/p>\n<p><strong>Segreteria<\/strong><br \/>\nPer ogni chiarimento contattare la segreteria del workshop:<br \/>\nFiammetta Sau    Cel.    +39 349 5741018<br \/>\nClaudia Palmas   Cel.    +39 348 8938345<br \/>\nE-mail: labmar08@unica.it<br \/>\nTel. Dipartimento di Architettura: +39 070 6755359<br \/>\nFax. +39 070 6755215<\/p>\n","protected":false},"excerpt":{"rendered":"<p>PER SCARICARE IL BANDO DI SELEZIONE CLICCARE QUI SOTTO Bando di selezione Bando per la selezione di n. 45 partecipanti Finalit\u00e0 e contenuti Il Workshop intende esplorare modalit\u00e0 e strumenti per costruire progetti di paesaggio in un ambito della Sardegna caratterizzato da bassa densit\u00e0 demografica, da spopolamento, da un tessuto insediativo con significative permanenze dei nuclei storici originari e da un sistema connettivo di paesaggio rurale con forti caratteri culturali identitari. Assumendo gli obiettivi di tutela del Piano Paesaggistico Regionale, in coerenza con la pianificazione dell\u2019Unione dei Comuni &#8220;Marmilla&#8221;, si propongono tre temi progettuali: il recupero dell\u2019insediamento storico, il progetto <a href='https:\/\/people.unica.it\/labmar08\/bando-di-selezione\/' class='excerpt-more'>[&#8230;]<\/a><\/p>\n","protected":false},"author":169,"featured_media":0,"parent":0,"menu_order":0,"comment_status":"open","ping_status":"open","template":"","meta":{"footnotes":""},"class_list":["post-10","page","type-page","status-publish","hentry","category-1-id","post-seq-1","post-parity-odd","meta-position-corners","fix"],"_links":{"self":[{"href":"https:\/\/people.unica.it\/labmar08\/wp-json\/wp\/v2\/pages\/10","targetHints":{"allow":["GET"]}}],"collection":[{"href":"https:\/\/people.unica.it\/labmar08\/wp-json\/wp\/v2\/pages"}],"about":[{"href":"https:\/\/people.unica.it\/labmar08\/wp-json\/wp\/v2\/types\/page"}],"author":[{"embeddable":true,"href":"https:\/\/people.unica.it\/labmar08\/wp-json\/wp\/v2\/users\/169"}],"replies":[{"embeddable":true,"href":"https:\/\/people.unica.it\/labmar08\/wp-json\/wp\/v2\/comments?post=10"}],"version-history":[{"count":0,"href":"https:\/\/people.unica.it\/labmar08\/wp-json\/wp\/v2\/pages\/10\/revisions"}],"wp:attachment":[{"href":"https:\/\/people.unica.it\/labmar08\/wp-json\/wp\/v2\/media?parent=10"}],"curies":[{"name":"wp","href":"https:\/\/api.w.org\/{rel}","templated":true}]}}