{"id":46,"date":"2009-12-02T01:05:24","date_gmt":"2009-12-01T23:05:24","guid":{"rendered":"http:\/\/people.unica.it\/ivconvegnonpcf\/?page_id=46"},"modified":"2010-04-26T12:18:43","modified_gmt":"2010-04-26T10:18:43","slug":"segreteria-organizzativa","status":"publish","type":"page","link":"https:\/\/people.unica.it\/ivconvegnonpcf\/il-congresso\/segreteria-organizzativa\/","title":{"rendered":"Segreteria organizzativa"},"content":{"rendered":"<p><strong>Sig.ra Carla Rais<\/strong><\/p>\n<p>Universit\u00e0 di Cagliari<\/p>\n<p><strong>Dott.ssa Maria Luisa Sanna<\/strong><\/p>\n<p>Universit\u00e0 di Cagliari<\/p>\n<p><strong>Dott.ssa Angela Corona<\/strong><\/p>\n<p>Universit\u00e0 di Cagliari<\/p>\n<p><strong>Dott.ssa Rita Meleddu<\/strong><\/p>\n<p>Universit\u00e0 di Cagliari<\/p>\n<p><strong>\u00a0<\/strong><\/p>\n<p><strong>Per informazioni rivolgersi all&#8217;indirizzo mail \u00a0<a href=\"mailto:segnpcf@unica.it\">segnpcf@unica.it<\/a><\/strong><\/p>\n","protected":false},"excerpt":{"rendered":"<p>Sig.ra Carla Rais Universit\u00e0 di Cagliari Dott.ssa Maria Luisa Sanna Universit\u00e0 di Cagliari Dott.ssa Angela Corona Universit\u00e0 di Cagliari Dott.ssa Rita Meleddu Universit\u00e0 di Cagliari \u00a0 Per informazioni rivolgersi all&#8217;indirizzo mail \u00a0segnpcf@unica.it<\/p>\n","protected":false},"author":304,"featured_media":0,"parent":65,"menu_order":6,"comment_status":"closed","ping_status":"closed","template":"","meta":{"footnotes":""},"class_list":["post-46","page","type-page","status-publish","hentry","category-918-id","post-seq-1","post-parity-odd","meta-position-corners","fix"],"_links":{"self":[{"href":"https:\/\/people.unica.it\/ivconvegnonpcf\/wp-json\/wp\/v2\/pages\/46","targetHints":{"allow":["GET"]}}],"collection":[{"href":"https:\/\/people.unica.it\/ivconvegnonpcf\/wp-json\/wp\/v2\/pages"}],"about":[{"href":"https:\/\/people.unica.it\/ivconvegnonpcf\/wp-json\/wp\/v2\/types\/page"}],"author":[{"embeddable":true,"href":"https:\/\/people.unica.it\/ivconvegnonpcf\/wp-json\/wp\/v2\/users\/304"}],"replies":[{"embeddable":true,"href":"https:\/\/people.unica.it\/ivconvegnonpcf\/wp-json\/wp\/v2\/comments?post=46"}],"version-history":[{"count":7,"href":"https:\/\/people.unica.it\/ivconvegnonpcf\/wp-json\/wp\/v2\/pages\/46\/revisions"}],"predecessor-version":[{"id":227,"href":"https:\/\/people.unica.it\/ivconvegnonpcf\/wp-json\/wp\/v2\/pages\/46\/revisions\/227"}],"up":[{"embeddable":true,"href":"https:\/\/people.unica.it\/ivconvegnonpcf\/wp-json\/wp\/v2\/pages\/65"}],"wp:attachment":[{"href":"https:\/\/people.unica.it\/ivconvegnonpcf\/wp-json\/wp\/v2\/media?parent=46"}],"curies":[{"name":"wp","href":"https:\/\/api.w.org\/{rel}","templated":true}]}}