{"id":30,"date":"2009-12-01T18:35:26","date_gmt":"2009-12-01T16:35:26","guid":{"rendered":"http:\/\/people.unica.it\/ivconvegnonpcf\/?page_id=30"},"modified":"2010-04-30T12:59:49","modified_gmt":"2010-04-30T10:59:49","slug":"elenco-iscritti","status":"publish","type":"page","link":"https:\/\/people.unica.it\/ivconvegnonpcf\/il-congresso\/elenco-iscritti\/","title":{"rendered":"Elenco iscritti"},"content":{"rendered":"<p><span style=\"color: #ff0000\"><span style=\"text-decoration: underline\"><strong>Elenco degli iscritti al convegno:<\/strong><\/span><\/span><\/p>\n<ol>\n<li>Alcaro Stefano (Universit\u00e0 di Catanzaro)<\/li>\n<li>Alfonso Salvatore (Universit\u00e0 di Roma )<\/li>\n<li>Almerico Anna Maria (Universit\u00e0 di Palermo)<\/li>\n<li>Andrisano Vincenza (Universit\u00e0 di Bologna)<\/li>\n<li>Anzini Maurizio (Universit\u00e0 di Siena)<\/li>\n<li>Artese Anna (Universit\u00e0 di Catanzaro)<\/li>\n<li>Barone Vincenzo (Scuola Normale Superiore Pisa)<\/li>\n<li>Barraja Paola (Universit\u00e0 di Palermo)<\/li>\n<li>Battilocchio Claudio (Universit\u00e0 di Roma La Sapienza)<\/li>\n<li>Bendinelli Sara (Universit\u00e0 di Pisa)<\/li>\n<li>Bertamino Alessia (Universit\u00e0 di Napoli)<\/li>\n<li>Biava Mariangela (Universit\u00e0 di Roma La Sapienza)<\/li>\n<li>Biondi Rossana<\/li>\n<li>Bizzarri Bruna (Universit\u00e0 di Roma La Sapienza)<\/li>\n<li>Bolasco Adriana (Universit\u00e0 di Roma La Sapienza)<\/li>\n<li>Bolasco Elena (Universit\u00e0 di Roma La Sapienza)<\/li>\n<li>Bottegoni Giovanni (Istituto Italiano di Tecnologia)<\/li>\n<li>Brancaccio Diego (Universit\u00e0 di Napoli)<\/li>\n<li>Briguglio Irene (Universit\u00e0 di Sassari)<\/li>\n<li>Brizzi Antonella (Universit\u00e0 di Siena)<\/li>\n<li>Buemi Maria rosa (Universit\u00e0 di messina)<\/li>\n<li>Camodeca Caterina (Universit\u00e0 di Siena)<\/li>\n<li>Campiglia Pietro (Universit\u00e0 di Salerno)<\/li>\n<li>Cardia M.Cristina (Universit\u00e0 di Cagliari)<\/li>\n<li>Carta Antonio (Universit\u00e0 di Sassari)<\/li>\n<li>Casagni Alice (Universit\u00e0 di Siena)<\/li>\n<li>Casagrande Manolo (Universit\u00e0 di Milano)<\/li>\n<li>Castellano Sabrina (Universit\u00e0 di Salerno)<\/li>\n<li>Castelli Francesca (Universit\u00e0 di Pisa)<\/li>\n<li>Casu Laura (Universit\u00e0 di Cagliari)<\/li>\n<li>Celona Diana (Sigma-tau)<\/li>\n<li>Chimenti Paola (Universit\u00e0 di Roma La Sapienza)<\/li>\n<li>Cipriani Flaminia (Universit\u00e0 di Roma La Sapienza)<\/li>\n<li>Cirrincione Girolamo (Universit\u00e0 di Palermo)<\/li>\n<li>Coluccia Antonio (Universit\u00e0 di Roma La Sapienza)<\/li>\n<li>Consani Martina (Universit\u00e0 di Pisa)<\/li>\n<li>Conti Paola (Universit\u00e0 di Milano)<\/li>\n<li>Corona Angela (Universit\u00e0 di Cagliari)<\/li>\n<li>Cosconati Sandro (Universit\u00e0 di Napoli)<\/li>\n<li>Costa Giosu\u00e8 (Universit\u00e0 di Catanzaro)<\/li>\n<li>Costi Roberta (Universit\u00e0 di Roma La Sapienza)<\/li>\n<li>Cozza Giorgio (Universit\u00e0 di Padova)<\/li>\n<li>Cristiani Andrea (Universit\u00e0 di Genova)<\/li>\n<li>Cuzzucoli Crucitti Giuliana (Universit\u00e0 di Roma La Sapienza)<\/li>\n<li>Da Settimo Federico (Universit\u00e0 di Pisa)<\/li>\n<li>Dall\u2019Acqua Francesco (Universit\u00e0 di Padova)<\/li>\n<li>Daniele Simona (Universit\u00e0 di Pisa)<\/li>\n<li>Dattolo Gaetano (Universit\u00e0 di Palermo)<\/li>\n<li>De Cupertinis Andrea (Universit\u00e0 di Pisa)<\/li>\n<li>De Luca Laura (Universit\u00e0 di Messina)<\/li>\n<li>De Simone Angela (Universit\u00e0 di Bologna)<\/li>\n<li>De Tito Stefano (Universit\u00e0 di Napoli)<\/li>\n<li>Del Cadia Marta (Universit\u00e0 di Modena e Reggio Emilia)<\/li>\n<li>Del Carlo Sara (Universit\u00e0 di Pisa)<\/li>\n<li>Di Chiara Gaetano (Universit\u00e0 di Cagliari)<\/li>\n<li>Di Giovanni Carmen (Universit\u00e0 di Napoli)<\/li>\n<li>Di Maro Salvatore (Universit\u00e0 di Napoli)<\/li>\n<li>Di Santo Roberto (Universit\u00e0 di Roma La Sapienza)<\/li>\n<li>Diana Patrizia (Universit\u00e0 di Palermo)<\/li>\n<li>Distinto Simona \u00a0(Universit\u00e0 di Catanzaro)<\/li>\n<li>Fabiani Cosimo (Universit\u00e0 di Catanzaro)<\/li>\n<li>Fanton Marco (Universit\u00e0 di Padova)<\/li>\n<li>Federico Stephanie (Universit\u00e0 di Trieste)<\/li>\n<li>Fioravanti Rossella (Universit\u00e0 di Roma La Sapienza)<\/li>\n<li>Floris Matteo (CRS4 \u2013 Pula)<\/li>\n<li>Fornaciari Giacomo (Universit\u00e0 di Pisa)<\/li>\n<li>Gabelloni Pamela (Universit\u00e0 di Pisa)<\/li>\n<li>Galli Ubaldina (Universit\u00e0 del Piemonte Orientale)<\/li>\n<li>Gatti Valerio (Universit\u00e0 di Roma La Sapienza)<\/li>\n<li>Gatto Barbara (Universit\u00e0 di Padova)<\/li>\n<li>Gioiello Antimo (Universit\u00e0 di Perugia)<\/li>\n<li>Giovani Simone (Universit\u00e0 di Siena)<\/li>\n<li>Grieco Paolo (Universit\u00e0 di Napoli)<\/li>\n<li>Iacovo Alberto (Universit\u00e0 di Roma La Sapienza)<\/li>\n<li>La Motta Concettina (Universit\u00e0 di Pisa)<\/li>\n<li>La Regina Giuseppe (Universit\u00e0 di Roma La Sapienza)<\/li>\n<li>Lauria Antonino (Universit\u00e0 di Palermo)<\/li>\n<li>Lavecchia Antonio\u00a0(Universit\u00e0 di Napoli)<\/li>\n<li>Leonti Marco (Universit\u00e0 di Cagliari)<\/li>\n<li>Lucchesi Valentina (Universit\u00e0 di Pisa)<\/li>\n<li>Macchia Marco (Universit\u00e0 di Pisa)<\/li>\n<li>Maccioni Elias (Universit\u00e0 di Cagliari)<\/li>\n<li>Mai Antonello (Universit\u00e0 di Roma La Sapienza)<\/li>\n<li>Manfra Michele (Universit\u00e0 della Basilicata)<\/li>\n<li>Maramai Samuele (Universit\u00e0 di Siena)<\/li>\n<li>Marinelli Luciana (Universit\u00e0 di Napoli)<\/li>\n<li>Marson Giuseppe (Universit\u00e0 di Padova)<\/li>\n<li>Martinelli Adriano (Universit\u00e0 di Pisa)<\/li>\n<li>Martini Claudia (Universit\u00e0 di Pisa)<\/li>\n<li>Marzaro Giovanni (Universit\u00e0 di Padova)<\/li>\n<li>Mascia Roberto (Universit\u00e0 di Cagliari)<\/li>\n<li>Massarotti Alberto (Universit\u00e0 del Piemonte Orientale)<\/li>\n<li>Massolini Gabriella (Universit\u00e0 di Pavia)<\/li>\n<li>Meleddu Rita (Universit\u00e0 di Cagliari)<\/li>\n<li>Michetti Egidio (Universit\u00e0 di Roma La Sapienza)<\/li>\n<li>Morelli Matteo (Universit\u00e0 di Pisa)<\/li>\n<li>Moro Stefano (Universit\u00e0 di Padova)<\/li>\n<li>Mossetti Riccardo (Universit\u00e0 del Piemonte Orientale)<\/li>\n<li>Musella Simona (Universit\u00e0 di Napoli)<\/li>\n<li>Natalizi Benedetto (Universit\u00e0 di Perugia)<\/li>\n<li>Novellino Ettore (Universit\u00e0 di Napoli)<\/li>\n<li>Nuti Elisa (Universit\u00e0 di Pisa)<\/li>\n<li>Onnis Valentina (Universit\u00e0 di Cagliari)<\/li>\n<li>Ortuso Francesco (Universit\u00e0 di Catanzaro)<\/li>\n<li>Paglietti Giuseppe (Universit\u00e0 di Sassari)<\/li>\n<li>Palumbo Manlio (Universit\u00e0 di Padova)<\/li>\n<li>Pancotti Andrea (Universit\u00e0 di Milano)<\/li>\n<li>Paoletta Silvia (Universit\u00e0 di Padova)<\/li>\n<li>Parrino Barbara (Universit\u00e0 di Palermo)<\/li>\n<li>Parrotta Lucia (Universit\u00e0 di Catanzaro)<\/li>\n<li>Pelliccia Sveva (Universit\u00e0 di Napoli)<\/li>\n<li>Perissinotto Gianni<\/li>\n<li>Pirali Tracey (Universit\u00e0 del Piemonte Orientale)<\/li>\n<li>Pistolozzi Marco (Universit\u00e0 di Bologna)<\/li>\n<li>Poce Giovanna (Universit\u00e0 di Roma La Sapienza)<\/li>\n<li>Porcheddu Andrea (Universit\u00e0 di Sassari)<\/li>\n<li>Proietti Monaco Luca (Universit\u00e0 di Roma La Sapienza)<\/li>\n<li>Pugliesi Isabella (Universit\u00e0 di Pisa)<\/li>\n<li>Radi Marco (Universit\u00e0 di Siena)<\/li>\n<li>Randazzo Antonio (Universit\u00e0 di Napoli)<\/li>\n<li>Rasile Cristina (Universit\u00e0 di Roma La Sapienza)<\/li>\n<li>Ronsisvalle Giuseppe (Universit\u00e0 di Catania)<\/li>\n<li>Rossi Francesca (Universit\u00e0 di Roma La Sapienza)<\/li>\n<li>Rotili Dante (Universit\u00e0 di Oxford)<\/li>\n<li>Rusconi Chiara (Universit\u00e0 di Milano)<\/li>\n<li>Saba Anna Rita (Universit\u00e0 di Cagliari)<\/li>\n<li>Sala Marina (Universit\u00e0 di Salerno)<\/li>\n<li>Sanna Maria Luisa (Universit\u00e0 di Cagliari)<\/li>\n<li>Santoriello Marisabella (Universit\u00e0 di Salerno)<\/li>\n<li>Sardella Roccaldo (Universit\u00e0 di Perugia)<\/li>\n<li>Sartini Stefania (Universit\u00e0 di Pisa)<\/li>\n<li>Sbardella Gianluca (Universit\u00e0 di Salerno)<\/li>\n<li>Scanzani Valentina (Universit\u00e0 di Milano)<\/li>\n<li>Serni Enrico (Universit\u00e0 di Pisa)<\/li>\n<li>Silvestri Romano (Universit\u00e0 di Roma La Sapienza)<\/li>\n<li>Sinico Chiara (Universit\u00e0 di Cagliari)<\/li>\n<li>Sissi Claudia (Universit\u00e0 di Padova)<\/li>\n<li>Solinas Maria Novella (Universit\u00e0 di Cagliari)<\/li>\n<li>Sosic Alice (Universit\u00e0 di Padova)<\/li>\n<li>Spalluto Giampiero (Universit\u00e0 di Trieste)<\/li>\n<li>Taliani Sabrina (Universit\u00e0 di Pisa)<\/li>\n<li>Tardugno Maria (Universit\u00e0 di Roma La Sapienza)<\/li>\n<li>Tazzari Valerio (Universit\u00e0 di Milano)<\/li>\n<li>Torri Marco (Sigma-tau)<\/li>\n<li>Torsi Elena<\/li>\n<li>Tortorella Paolo (Universit\u00e0 di Bari)<\/li>\n<li>Tramontano Enzo (Universit\u00e0 di Cagliari)<\/li>\n<li>Tron Gian Cesare (Universit\u00e0 del Piemonte Orientale)<\/li>\n<li>Trotta Roberta (Universit\u00e0 di Napoli)<\/li>\n<li>Tutone Marco (Universit\u00e0 di Palerno)<\/li>\n<li>Vaiana Nadia (Universit\u00e0 di Milano)<\/li>\n<li>Vedaldi Daniela (Universit\u00e0 di Padova)<\/li>\n<li>Vigo Sara (Universit\u00e0 di Cagliari)<\/li>\n<li>Viviano Monica (Universit\u00e0 di Salerno)<\/li>\n<li>Zagotto Giuseppe (Universit\u00e0 di Padova)<\/li>\n<\/ol>\n","protected":false},"excerpt":{"rendered":"<p>Elenco degli iscritti al convegno: Alcaro Stefano (Universit\u00e0 di Catanzaro) Alfonso Salvatore (Universit\u00e0 di Roma ) Almerico Anna Maria (Universit\u00e0 di Palermo) Andrisano Vincenza (Universit\u00e0 di Bologna) Anzini Maurizio (Universit\u00e0 di Siena) Artese Anna (Universit\u00e0 di Catanzaro) Barone Vincenzo (Scuola Normale Superiore Pisa) Barraja Paola (Universit\u00e0 di Palermo) Battilocchio Claudio (Universit\u00e0 di Roma La Sapienza) Bendinelli Sara (Universit\u00e0 di Pisa) Bertamino Alessia (Universit\u00e0 di Napoli) Biava Mariangela (Universit\u00e0 di Roma La Sapienza) Biondi Rossana Bizzarri Bruna (Universit\u00e0 di Roma La Sapienza) Bolasco Adriana (Universit\u00e0 di Roma La Sapienza) Bolasco Elena (Universit\u00e0 di Roma La Sapienza) Bottegoni Giovanni (Istituto Italiano di <a href='https:\/\/people.unica.it\/ivconvegnonpcf\/il-congresso\/elenco-iscritti\/' class='excerpt-more'>[&#8230;]<\/a><\/p>\n","protected":false},"author":304,"featured_media":0,"parent":65,"menu_order":7,"comment_status":"closed","ping_status":"closed","template":"","meta":{"footnotes":""},"class_list":["post-30","page","type-page","status-publish","hentry","category-918-id","post-seq-1","post-parity-odd","meta-position-corners","fix"],"_links":{"self":[{"href":"https:\/\/people.unica.it\/ivconvegnonpcf\/wp-json\/wp\/v2\/pages\/30","targetHints":{"allow":["GET"]}}],"collection":[{"href":"https:\/\/people.unica.it\/ivconvegnonpcf\/wp-json\/wp\/v2\/pages"}],"about":[{"href":"https:\/\/people.unica.it\/ivconvegnonpcf\/wp-json\/wp\/v2\/types\/page"}],"author":[{"embeddable":true,"href":"https:\/\/people.unica.it\/ivconvegnonpcf\/wp-json\/wp\/v2\/users\/304"}],"replies":[{"embeddable":true,"href":"https:\/\/people.unica.it\/ivconvegnonpcf\/wp-json\/wp\/v2\/comments?post=30"}],"version-history":[{"count":62,"href":"https:\/\/people.unica.it\/ivconvegnonpcf\/wp-json\/wp\/v2\/pages\/30\/revisions"}],"predecessor-version":[{"id":255,"href":"https:\/\/people.unica.it\/ivconvegnonpcf\/wp-json\/wp\/v2\/pages\/30\/revisions\/255"}],"up":[{"embeddable":true,"href":"https:\/\/people.unica.it\/ivconvegnonpcf\/wp-json\/wp\/v2\/pages\/65"}],"wp:attachment":[{"href":"https:\/\/people.unica.it\/ivconvegnonpcf\/wp-json\/wp\/v2\/media?parent=30"}],"curies":[{"name":"wp","href":"https:\/\/api.w.org\/{rel}","templated":true}]}}