{"id":2,"date":"2009-09-02T11:21:44","date_gmt":"2009-09-02T09:21:44","guid":{"rendered":"http:\/\/people.unica.it\/ivconvegnonpcf\/info\/"},"modified":"2010-03-25T12:58:18","modified_gmt":"2010-03-25T10:58:18","slug":"info","status":"publish","type":"page","link":"https:\/\/people.unica.it\/ivconvegnonpcf\/","title":{"rendered":"Home"},"content":{"rendered":"<p>\u00a0<\/p>\n<p style=\"text-align: center\"><strong>\u00a0<img decoding=\"async\" src=\"http:\/\/dcf.frm.uniroma1.it\/images\/logo_dcf.jpg\" alt=\"null\" width=\"428\" height=\"28\" \/><\/strong><\/p>\n<p style=\"text-align: center\"><strong>\u00a0<\/strong><strong>IV Meeting<br \/>\nNuove Prospettive in Chimica Farmaceutica<\/strong><\/p>\n<p style=\"text-align: center\"><strong>Pula (CA) 6, 7 Maggio 2010<\/strong>\u00a0<\/p>\n<p style=\"text-align: center\">\u00a0<\/p>\n<div style=\"text-align: center\"><img decoding=\"async\" class=\"align: center\" src=\"http:\/\/people.unica.it\/ivconvegnonpcf\/files\/2009\/12\/hotel.jpg\" alt=\"Hotel Flamingo - Pula - Sardegna\" width=\"197\" height=\"102\" \/><\/div>\n<p>\u00a0Il Comitato organizzatore, con il patrocinio della\u00a0<em>Divisione di Chimica Farmaceutica<\/em> della Societ\u00e0\u00a0Chimica Italiana,\u00a0\u00e8 lieto di annunciare che nei giorni 6-7 Maggio, presso <span style=\"color: #0000ff\"><a href=\"http:\/\/www.hotelflamingo.it\/\"><strong>l\u2019hotel Flamingo<\/strong> <\/a><\/span>di Santa Margherita di Pula (CA), si svolger\u00e0 il <strong>IV Meeting \u201cNuove Prospettive in Chimica Farmaceutica\u201d.<\/strong><\/p>\n<p>Come nelle precedenti edizioni lo scopo principale \u00e8 quello di promuovere la partecipazione attiva dei ricercatori pi\u00f9 giovani e favorire lo scambio culturale con i massimi esperti nazionali della Chimica Farmaceutica.<\/p>\n<p style=\"text-align: justify\"><span style=\"color: #ff0000\"><em>Al convegno verr\u00e0 dato spazio a 28 giovani ricercatori che intendano presentare una breve comunicazione orale sui risultati delle loro ricerche.<\/em><\/span><\/p>\n<p style=\"text-align: justify\"><span style=\"color: #ff0000\"><em>Verranno selezionati in modo da rappresentare lo scenario della Ricerca negli Atenei italiani nel modo pi\u00f9 ampio possibile e usufruiranno di una borsa. Inoltre saranno favoriti quei giovani che, per la prima volta, affrontano questa esperienza, nell&#8217;ambito del convegno NPCF.<\/em><\/span><\/p>\n<p style=\"text-align: justify\"><span style=\"color: #ff0000\"><em>Infatti, lo scopo del convegno \u00e8, non solo quello di consolidare le collaborazioni gi\u00e0 esistenti, ma anche favorirne di nuove, al fine di creare un fitto network multidisciplinare intorno alla cultura del farmaco.<\/em><\/span><\/p>\n","protected":false},"excerpt":{"rendered":"<p>\u00a0 \u00a0 \u00a0IV Meeting Nuove Prospettive in Chimica Farmaceutica Pula (CA) 6, 7 Maggio 2010\u00a0 \u00a0 \u00a0Il Comitato organizzatore, con il patrocinio della\u00a0Divisione di Chimica Farmaceutica della Societ\u00e0\u00a0Chimica Italiana,\u00a0\u00e8 lieto di annunciare che nei giorni 6-7 Maggio, presso l\u2019hotel Flamingo di Santa Margherita di Pula (CA), si svolger\u00e0 il IV Meeting \u201cNuove Prospettive in Chimica Farmaceutica\u201d. Come nelle precedenti edizioni lo scopo principale \u00e8 quello di promuovere la partecipazione attiva dei ricercatori pi\u00f9 giovani e favorire lo scambio culturale con i massimi esperti nazionali della Chimica Farmaceutica. Al convegno verr\u00e0 dato spazio a 28 giovani ricercatori che intendano presentare una <a href='https:\/\/people.unica.it\/ivconvegnonpcf\/' class='excerpt-more'>[&#8230;]<\/a><\/p>\n","protected":false},"author":304,"featured_media":0,"parent":0,"menu_order":1,"comment_status":"closed","ping_status":"closed","template":"","meta":{"footnotes":""},"class_list":["post-2","page","type-page","status-publish","hentry","category-918-id","post-seq-1","post-parity-odd","meta-position-corners","fix"],"_links":{"self":[{"href":"https:\/\/people.unica.it\/ivconvegnonpcf\/wp-json\/wp\/v2\/pages\/2","targetHints":{"allow":["GET"]}}],"collection":[{"href":"https:\/\/people.unica.it\/ivconvegnonpcf\/wp-json\/wp\/v2\/pages"}],"about":[{"href":"https:\/\/people.unica.it\/ivconvegnonpcf\/wp-json\/wp\/v2\/types\/page"}],"author":[{"embeddable":true,"href":"https:\/\/people.unica.it\/ivconvegnonpcf\/wp-json\/wp\/v2\/users\/304"}],"replies":[{"embeddable":true,"href":"https:\/\/people.unica.it\/ivconvegnonpcf\/wp-json\/wp\/v2\/comments?post=2"}],"version-history":[{"count":37,"href":"https:\/\/people.unica.it\/ivconvegnonpcf\/wp-json\/wp\/v2\/pages\/2\/revisions"}],"predecessor-version":[{"id":3,"href":"https:\/\/people.unica.it\/ivconvegnonpcf\/wp-json\/wp\/v2\/pages\/2\/revisions\/3"}],"wp:attachment":[{"href":"https:\/\/people.unica.it\/ivconvegnonpcf\/wp-json\/wp\/v2\/media?parent=2"}],"curies":[{"name":"wp","href":"https:\/\/api.w.org\/{rel}","templated":true}]}}