{"id":1690,"date":"2013-06-20T10:43:43","date_gmt":"2013-06-20T10:43:43","guid":{"rendered":"http:\/\/people.unica.it\/iphumanrights\/?page_id=1690"},"modified":"2013-06-28T06:21:50","modified_gmt":"2013-06-28T06:21:50","slug":"esther-gonzalez-hernandez","status":"publish","type":"page","link":"https:\/\/people.unica.it\/iphumanrights\/esther-gonzalez-hernandez\/","title":{"rendered":"Esther Gonz\u00e1lez Hern\u00e1ndez"},"content":{"rendered":"<h1>Esther Gonz\u00e1lez Hern\u00e1ndez<\/h1>\n<div>\n<div>\n<div>\n<div><a href=\"http:\/\/iphumanrights.unica.it\/content\/universidad-rey-juan-carlos\">Universidad Rey Juan Carlos<\/a><\/div>\n<\/div>\n<\/div>\n<div>\n<div>\n<div>\n<p>Esther Gonz\u00e1lez Hern\u00e1ndez (Ph.D. in Constitutional Law, Universidad Complutense de Madrid,Spain), is professor of law at Universidad Rey Juan Carlos in Madrid, Spain, where she teaches in several Masters and PhD programs about regionalism and territorial decentralization such us the Master in Public Law of the Autonomic State. She also teaches at Universidad Francisco de Vitoria (Master in Political Action, capacity building and citizen participation), and Universit\u00e1 di Cagliari (Master directed by Prof. Demuro about Multilevel Governance). She is a member of different Spanish and internacional research groups, and has published many papers in national and internacional law journals about Regionalism, Terrorism and Judiciary. She is also Vicepresident of the Comit\u00e9 of Research Ethics at Univesidad Rey Juan Carlos.<\/p>\n<\/div>\n<\/div>\n<\/div>\n<\/div>\n","protected":false},"excerpt":{"rendered":"<p>Esther Gonz\u00e1lez Hern\u00e1ndez Universidad Rey Juan Carlos Esther Gonz\u00e1lez Hern\u00e1ndez (Ph.D. in Constitutional Law, Universidad Complutense de Madrid,Spain), is professor of law at Universidad Rey Juan Carlos in Madrid, Spain, where she teaches in several Masters and PhD programs about regionalism and territorial decentralization such us the Master in Public Law of the Autonomic State. She also teaches at Universidad Francisco de Vitoria (Master in Political Action, capacity building and citizen participation), and Universit\u00e1 di Cagliari (Master directed by Prof. Demuro about Multilevel Governance). She is a member of different Spanish and internacional research groups, and has published many papers <a href='https:\/\/people.unica.it\/iphumanrights\/esther-gonzalez-hernandez\/' class='excerpt-more'>[&#8230;]<\/a><\/p>\n","protected":false},"author":139,"featured_media":0,"parent":0,"menu_order":0,"comment_status":"closed","ping_status":"closed","template":"","meta":{"footnotes":""},"class_list":["post-1690","page","type-page","status-publish","hentry","post-seq-1","post-parity-odd","meta-position-corners","fix"],"_links":{"self":[{"href":"https:\/\/people.unica.it\/iphumanrights\/wp-json\/wp\/v2\/pages\/1690","targetHints":{"allow":["GET"]}}],"collection":[{"href":"https:\/\/people.unica.it\/iphumanrights\/wp-json\/wp\/v2\/pages"}],"about":[{"href":"https:\/\/people.unica.it\/iphumanrights\/wp-json\/wp\/v2\/types\/page"}],"author":[{"embeddable":true,"href":"https:\/\/people.unica.it\/iphumanrights\/wp-json\/wp\/v2\/users\/139"}],"replies":[{"embeddable":true,"href":"https:\/\/people.unica.it\/iphumanrights\/wp-json\/wp\/v2\/comments?post=1690"}],"version-history":[{"count":3,"href":"https:\/\/people.unica.it\/iphumanrights\/wp-json\/wp\/v2\/pages\/1690\/revisions"}],"predecessor-version":[{"id":1769,"href":"https:\/\/people.unica.it\/iphumanrights\/wp-json\/wp\/v2\/pages\/1690\/revisions\/1769"}],"wp:attachment":[{"href":"https:\/\/people.unica.it\/iphumanrights\/wp-json\/wp\/v2\/media?parent=1690"}],"curies":[{"name":"wp","href":"https:\/\/api.w.org\/{rel}","templated":true}]}}