{"id":1687,"date":"2013-06-20T10:38:37","date_gmt":"2013-06-20T10:38:37","guid":{"rendered":"http:\/\/people.unica.it\/iphumanrights\/?page_id=1687"},"modified":"2013-07-08T07:32:05","modified_gmt":"2013-07-08T07:32:05","slug":"universidad-rey-juan-carlos","status":"publish","type":"page","link":"https:\/\/people.unica.it\/iphumanrights\/universidad-rey-juan-carlos\/","title":{"rendered":"Universidad Rey Juan Carlos"},"content":{"rendered":"<div id=\"main\">\n<h1>Universidad Rey Juan Carlos<\/h1>\n<div>\n<div id=\"block-system-main\"><\/div>\n<div id=\"block-views-teachingstaff-block-1\">\n<div>\n<div>\n<div>\n<div>\n<div>\n<div>\n<div>\n<div>\n<div>\n<h2><strong><span style=\"color: #0000ff;font-size: medium\">Prof. Esther Gonz\u00e1lez Hern\u00e1ndez<\/span><\/strong><\/h2>\n<\/div>\n<\/div>\n<\/div>\n<\/div>\n<div><\/div>\n<div>\n<div>\n<div>\n<div>Esther Gonz\u00e1lez Hern\u00e1ndez (Ph.D. in Constitutional Law, Universidad Complutense de Madrid,Spain), is professor of law at Universidad Rey Juan Carlos in Madrid, Spain, where she teaches in several Masters and PhD programs about regionalism and territorial decentralization such us the Master in Public Law of the Autonomic State&#8230;.<a href=\"http:\/\/people.unica.it\/iphumanrights\/esther-gonzalez-hernandez\/\">Read more<\/a><\/div>\n<\/div>\n<\/div>\n<\/div>\n<\/div>\n<\/div>\n<div><\/div>\n<div>\n<div>\n<div>\n<div>\n<div>\n<div>\n<h2><span style=\"font-size: medium;color: #0000ff\"><strong>Prof. Yolanda Cano Gal\u00e1n<\/strong><\/span><\/h2>\n<\/div>\n<\/div>\n<\/div>\n<\/div>\n<div>\n<div>\n<div>\n<div><img decoding=\"async\" alt=\"\" src=\"http:\/\/iphumanrights.unica.it\/sites\/default\/files\/styles\/thumbnail\/public\/FotoYolanda_CANO2.jpg\" width=\"100\" height=\"100\" \/><\/div>\n<\/div>\n<\/div>\n<\/div>\n<div>\n<div>\n<div>\n<div>Yolanda Cano Gal\u00e1n earned the Ph. D. in Employment, Labor and Social Security Law, at Universidad Complutense Madrid (Spain) after developing researches at Harvard Law School, (Massachussets, USA), and Marschall Whyte School of Law, College of William and Mary, (Virginia, USA), where she earned the L.L.M. &#8230;.<a href=\"http:\/\/people.unica.it\/iphumanrights\/yolanda-cano-galan\/\">Read more<\/a><\/div>\n<div><\/div>\n<\/div>\n<\/div>\n<div>\n<div>\n<div><\/div>\n<div><span style=\"font-size: medium;color: #0000ff\"><strong>Prof. Agata Serran\u00f2<\/strong><\/span><\/div>\n<div><\/div>\n<div>\n<div class=\"article cms_clear restore postcontainer\" id=\"yui-gen10\">Agata Serran\u00f2, Italian, got her degree magna cum laude in Political Science in 2004 from the University of Calabria (Italy). In 2006 she obtained the Italian \u201cNicola Calipari\u201d prize and carried out research on international terrorism at the University of Ja\u00e9n (Spain).In 2009 this research was published by Giuffr\u00e9 under the title: \u201cRational weapons against contemporary terrorism\u201d. The book was a 2010 finalist for the international \u201cG. Falcone P. Borsellino\u201d scientific prize, awarded by the Carlo Cattaneo University of Varese (Italy).<br \/>\nHer latest research stint abroad was in 2010 to the University of Ulster (Belfast, UK)&#8230;..<a href=\"http:\/\/people.unica.it\/iphumanrights\/agata-serrano\/\">Read more<\/a><\/div>\n<\/div>\n<\/div>\n<\/div>\n<\/div>\n<\/div>\n<\/div>\n<\/div>\n<\/div>\n<\/div>\n<\/div>\n<\/div>\n<\/div>\n","protected":false},"excerpt":{"rendered":"<p>Universidad Rey Juan Carlos Prof. Esther Gonz\u00e1lez Hern\u00e1ndez Esther Gonz\u00e1lez Hern\u00e1ndez (Ph.D. in Constitutional Law, Universidad Complutense de Madrid,Spain), is professor of law at Universidad Rey Juan Carlos in Madrid, Spain, where she teaches in several Masters and PhD programs about regionalism and territorial decentralization such us the Master in Public Law of the Autonomic State&#8230;.Read more Prof. Yolanda Cano Gal\u00e1n Yolanda Cano Gal\u00e1n earned the Ph. D. in Employment, Labor and Social Security Law, at Universidad Complutense Madrid (Spain) after developing researches at Harvard Law School, (Massachussets, USA), and Marschall Whyte School of Law, College of William and Mary, <a href='https:\/\/people.unica.it\/iphumanrights\/universidad-rey-juan-carlos\/' class='excerpt-more'>[&#8230;]<\/a><\/p>\n","protected":false},"author":139,"featured_media":0,"parent":0,"menu_order":0,"comment_status":"closed","ping_status":"closed","template":"","meta":{"footnotes":""},"class_list":["post-1687","page","type-page","status-publish","hentry","post-seq-1","post-parity-odd","meta-position-corners","fix"],"_links":{"self":[{"href":"https:\/\/people.unica.it\/iphumanrights\/wp-json\/wp\/v2\/pages\/1687","targetHints":{"allow":["GET"]}}],"collection":[{"href":"https:\/\/people.unica.it\/iphumanrights\/wp-json\/wp\/v2\/pages"}],"about":[{"href":"https:\/\/people.unica.it\/iphumanrights\/wp-json\/wp\/v2\/types\/page"}],"author":[{"embeddable":true,"href":"https:\/\/people.unica.it\/iphumanrights\/wp-json\/wp\/v2\/users\/139"}],"replies":[{"embeddable":true,"href":"https:\/\/people.unica.it\/iphumanrights\/wp-json\/wp\/v2\/comments?post=1687"}],"version-history":[{"count":8,"href":"https:\/\/people.unica.it\/iphumanrights\/wp-json\/wp\/v2\/pages\/1687\/revisions"}],"predecessor-version":[{"id":1892,"href":"https:\/\/people.unica.it\/iphumanrights\/wp-json\/wp\/v2\/pages\/1687\/revisions\/1892"}],"wp:attachment":[{"href":"https:\/\/people.unica.it\/iphumanrights\/wp-json\/wp\/v2\/media?parent=1687"}],"curies":[{"name":"wp","href":"https:\/\/api.w.org\/{rel}","templated":true}]}}