{"id":2,"date":"2022-10-03T08:00:51","date_gmt":"2022-10-03T06:00:51","guid":{"rendered":"http:\/\/people.unica.it\/infra\/?page_id=2"},"modified":"2023-08-30T11:32:23","modified_gmt":"2023-08-30T09:32:23","slug":"info","status":"publish","type":"page","link":"https:\/\/people.unica.it\/infra\/linstitut\/info\/","title":{"rendered":"Regolamento InFr@"},"content":{"rendered":"<p>Il seguente Regolamento \u00e8 disponibile in <a href=\"https:\/\/people.unica.it\/infra\/files\/2023\/08\/Regiolamento_Settore_francese.pdf\">PDF<\/a>.<\/p>\n<p>&nbsp;<\/p>\n<p style=\"text-align: center\"><strong>UNIVERSIT\u00c0 DEGLI STUDI DI CAGLIARI FACOLT\u00c0 DI STUDI UMANISTICI<\/strong><\/p>\n<p style=\"text-align: center\"><strong>REGOLAMENTO DIDATTICO DEL SETTORE DI FRANCESE<\/strong><br \/>\n<strong> 2023\/2024<\/strong><\/p>\n<p>&nbsp;<\/p>\n<p class=\"p1\" style=\"text-align: center\"><b>I. PREAMBOLO<\/b><\/p>\n<p class=\"p3\" style=\"text-align: center\">Art. 1 \u2013 Premessa<\/p>\n<p class=\"p4\">Il presente regolamento didattico disciplina <span class=\"s1\">le <\/span>modalit\u00e0 di funzionamento<span class=\"Apple-converted-space\">&nbsp; <\/span>del <span class=\"s2\">Settore<span class=\"Apple-converted-space\">&nbsp; <\/span><\/span><span class=\"s3\">di<span class=\"Apple-converted-space\">&nbsp; <\/span><\/span>Francese della Facolt\u00e0 di Studi Umanistici dell\u2019Universit\u00e0 <span class=\"s3\">di <\/span>Cagliari, nonch\u00e9 ogni diversa materia ad esso devoluta da altre fonti regolamentari.<\/p>\n<p class=\"p4\">Tale regolamento \u00e8 conforme al Regolamento didattico di Ateneo (<a href=\"https:\/\/web.unica.it\/unica\/protected\/13759\/0\/def\/ref\/DOC13758\/\"><span class=\"s5\">https:\/\/web.unica.it\/unica\/protected\/13759\/0\/def\/ref\/DOC13758\/<\/span><\/a>), al Regolamento didattico di ogni singolo Corso di Studio (CdS) nel quale \u00e8 impartito l\u2019insegnamento di lingua francese (<a href=\"https:\/\/web.unica.it\/unica\/protected\/421621\/0\/def\/ref\/DOC421620\"><span class=\"s5\">https:\/\/web.unica.it\/unica\/protected\/421621\/0\/def\/ref\/DOC421620<\/span><\/a>\/; <a href=\"https:\/\/web.unica.it\/unica\/protected\/322780\/0\/def\/ref\/DOC322779\/\"><span class=\"s5\">https:\/\/web.unica.it\/unica\/protected\/322780\/0\/def\/ref\/DOC322779\/<\/span><\/a>).<span class=\"Apple-converted-space\">&nbsp;<\/span><\/p>\n<p class=\"p3\" style=\"text-align: center\">Art. 2 \u2013 Compiti del Settore<\/p>\n<p class=\"p4\">Il <span class=\"s6\">settore <\/span>di Francese si occupa del coordinamento e dell\u2019organizzazione della propria <span class=\"s2\">attivit\u00e0 <\/span>didattica conformemente alle disposizioni regolamentari della<span class=\"Apple-converted-space\">&nbsp; <\/span>Facolt\u00e0 da cui dipende.<span class=\"Apple-converted-space\">&nbsp; <\/span>Sempre in collaborazione <span class=\"s3\">con <\/span>la facolt\u00e0, il settore <span class=\"s3\">di <\/span>Francese fornisce <span class=\"s1\">le <\/span>competenze e le abilit\u00e0 necessarie per raggiungere gli obiettivi formativi previsti <span class=\"s3\">dai <\/span>corsi <span class=\"s3\">di<\/span> studio.<\/p>\n<p class=\"p7\" style=\"text-align: center\">Art. 3 \u2013 Atti del settore<\/p>\n<p class=\"p4\">I componenti del settore di Francese si riuniscono periodicamente per discutere sulle attivit\u00e0 didattiche da assicurare durante l\u2019anno accademico.<\/p>\n<p class=\"p3\" style=\"text-align: center\">Art. 4 \u2013 Articolazioni del settore<\/p>\n<p class=\"p4\">Il <span class=\"s6\">settore <\/span>di Francese garantisce attivit\u00e0 didattica per i corsi <span class=\"s3\">di <\/span>laurea triennale e corsi di laurea magistrale.<\/p>\n<p class=\"p4\">Oltre <span class=\"s2\">alle <\/span>esercitazioni <span class=\"s3\">di <\/span>lingua, erogate dai collaboratori ed esperti linguistici (d\u2019ora in<span class=\"Apple-converted-space\">&nbsp; <\/span>avanti CEL), <span class=\"s1\">le <\/span>lezioni di <span class=\"s2\">linguistica <\/span>sono impartite dai docenti titolari <span class=\"s1\">in <\/span><span class=\"s8\">conformit\u00e0 del calendario<\/span> <span class=\"s8\">pubblicato<\/span> <span class=\"s6\">sul<\/span> <span class=\"s10\">sito<\/span> <span class=\"s10\">della<\/span> <span class=\"s8\">Facolt\u00e0.<\/span><\/p>\n<p class=\"p13\" style=\"text-align: center\"><b>II. REGOLAMENTO<\/b><b> <\/b><b>DIDATTICO<\/b><\/p>\n<p class=\"p3\" style=\"text-align: center\">Art. 5 \u2013 Ammissione al primo anno<\/p>\n<p class=\"p4\">Per l&#8217;ammissione al primo anno di laurea triennale \u00e8 necessario il superamento della verifica che sar\u00e0 svolta in modalit\u00e0&nbsp;on line&nbsp;mediante il test TOLC@CASA tipologia&nbsp;TOLC\u2010SU&nbsp;e verr\u00e0 gestita tramite il CISIA Consorzio Interuniversitario Sistemi integrati per l\u2019Accesso.<\/p>\n<p class=\"p3\" style=\"text-align: center\">Art. 6 \u2013 Livelli d\u2019ingresso richiesti al primo anno<span class=\"Apple-converted-space\">&nbsp;<\/span><\/p>\n<p class=\"p4\"><span class=\"s3\">Il <\/span>livello d\u2019ingresso richiesto al primo anno per il settore di lingua francese per il corso di Lingue e culture per la mediazione linguistica (d\u2019ora in avanti LCML) e del corso di Lingue e comunicazione (d\u2019ora in avanti LCO) \u00e8 <span class=\"s2\">A2 <\/span>del <i>Quadro comune europeo di riferimento per la conoscenza delle lingue <\/i>(d\u2019ora in avanti QCER).<\/p>\n<p class=\"p3\" style=\"text-align: center\">Art. 7 \u2013 Ammissione agli anni successivi al primo<\/p>\n<p class=\"p4\"><span class=\"s2\">L\u2019ammissione <\/span>agli anni successivi al primo<span class=\"Apple-converted-space\">&nbsp; <\/span>avviene con superamento della <span class=\"s6\">prova <\/span>dell\u2019esame scritto e orale.<\/p>\n<p class=\"p3\" style=\"text-align: center\">Art. 8 \u2013 Ammissione alla magistrale<\/p>\n<p class=\"p18\">Per l\u2019ammissione alla specialistica o magistrale si fa riferimento a quanto disposto dal Regolamento didattico di Facolt\u00e0.<\/p>\n<p class=\"p3\" style=\"text-align: center\">Art. 9 \u2013 Propedeuticit\u00e0<\/p>\n<p class=\"p4\">Gli esami di lingua e le rispettive prove di competenze linguistiche devono essere sostenuti in ordine progressivo. Il primo anno di lingua francese \u00e8 propedeutico al secondo e cos\u00ec via. Inoltre, la prova parziale scritta (d\u2019ora in avanti PPS) di una annualit\u00e0 \u00e8 propedeutica all\u2019esame orale della stessa annualit\u00e0, tranne nei casi in qui quest\u2019ultima non \u00e8 prevista. Gli devono necessariamente aver chiuso con l\u2019esame dell\u2019anno precedente per accedere alla prova parziale scritta dell\u2019anno successivo (questo non vale per gli studenti che devono ancora sostenere la prova scritta del primo anno del triennio).<span class=\"Apple-converted-space\">&nbsp;<\/span><\/p>\n<p class=\"p4\">La non osservanza di questo principio comporta l\u2019annullamento della prova sostenuta.<span class=\"Apple-converted-space\">&nbsp;<\/span><\/p>\n<p class=\"p7\" style=\"text-align: center\">Art. 10 \u2013 Organizzazione didattica<\/p>\n<p class=\"p4\">I programmi di ciascuna annualit\u00e0 e di ciascun corso, riguardanti il settore di lingua francese, sono pubblicati sulle pagine personali dei docenti titolari, sul blog del settore (<a href=\"http:\/\/people.unica.it\/\"><span class=\"s13\">http:\/\/people.unica.it\/<\/span><\/a><span class=\"s13\"> infra\/<\/span>) e su altri canali di comunicazione messi a disposizione dal settore di lingua francese.<\/p>\n<p class=\"p3\" style=\"text-align: center\">Art. 11 \u2013 Organizzazione delle esercitazioni<\/p>\n<p class=\"p4\">L\u2019organizzazione delle esercitazioni \u00e8 d<span class=\"s14\"> e c i s a<span class=\"Apple-converted-space\">&nbsp; <\/span>a l l \u2019 i n i z i o<span class=\"Apple-converted-space\">&nbsp; <\/span>d i<span class=\"Apple-converted-space\">&nbsp; <\/span>o g n i<span class=\"Apple-converted-space\">&nbsp; <\/span>a n n o<span class=\"Apple-converted-space\">&nbsp; <\/span><\/span>accademico sulla base del numero degli studenti. Essa pu\u00f2 subire variazioni in funzione delle risorse disponibili e delle esigenze che dovessero manifestarsi.<\/p>\n<p class=\"p3\" style=\"text-align: center\">Art. 12 \u2013 Frequenza monitorata<\/p>\n<p class=\"p4\">Con decisione del coordinamento di lingue straniere, del 7 luglio 2015, della Facolt\u00e0 di Studi Umanistici &#8211; ex Lingue &#8211; integrata nei Regolamenti di ciascun corso di laurea \u00e8 introdotta la frequenza monitorata delle esercitazioni di lingua francese.<\/p>\n<p class=\"p4\">La frequenza \u00e8 monitorata attraverso le firme che lo studente dovr\u00e0 apporre su un foglio a fine di ogni esercitazione.<\/p>\n<p class=\"p4\">La frequenza monitorata \u2013 non obbligatoria \u2013 permette allo studente, che totalizza il 70% delle presenze, di ottenere delle agevolazioni in sede di valutazione finale.<\/p>\n<p class=\"p4\">Non essendo obbligatoria, non sono ammessi certificati di malattia e\/o di lavoro comprovanti l\u2019impossibilit\u00e0 dello studente a frequentare fino al 70% delle esercitazioni.<\/p>\n<p class=\"p3\" style=\"text-align: center\">Art. 13 \u2013 Metodologie di valutazione<\/p>\n<p class=\"p23\">Le metodologie di valutazione applicate dal settore di francese sono di due tipi: valutazione in itinere; valutazione finale.<\/p>\n<p class=\"p3\" style=\"text-align: center\">Art. 14 \u2013 Valutazione in itinere<\/p>\n<p class=\"p4\">La valutazione in itinere si compone di <i>Contr\u00f4les Continus <\/i>(d\u2019ora in avanti CC) e di <i>Examens Blancs <\/i>(d\u2019ora in avanti <i>EB<\/i>).<\/p>\n<p class=\"p4\">I <i>CC <\/i>serviranno a testare le competenze e le conoscenze acquisite dallo studente nel corso di ciascun semestre e del lavoro svolto in classe e individualmente.<span class=\"Apple-converted-space\">&nbsp;<\/span><\/p>\n<p class=\"p4\">I <i>CC<\/i> avranno durata di circa un\u2019ora e verteranno esclusivamente sulla grammatica e le conoscenze lessicali delle unit\u00e0 didattiche e delle esercitazioni svolte in aula.<\/p>\n<p class=\"p4\">La valutazione dei <i>CC <\/i>sar\u00e0 espressa in trentesimi.<span class=\"Apple-converted-space\">&nbsp;<\/span><\/p>\n<p class=\"p4\"><b>Il voto finale del <i>CC <\/i>sar\u00e0 dato dalla media dei due <i>CC <\/i>sostenuti nel corso dell\u2019anno accademico<\/b>.<span class=\"Apple-converted-space\">&nbsp;<\/span><\/p>\n<p class=\"p4\"><b>\u00c8 obbligatorio<\/b> il sostenimento di entrambi i <i>CC<\/i>,<i> <\/i>previsti nel corso dell\u2019anno accademico, e del superamento con voto positivo di entrambi per beneficiare dell\u2019esonero previsto.<\/p>\n<p class=\"p4\"><b>Il mancato svolgimento di uno dei CC o il non superamento di uno dei CC, a fronte del raggiungimento del 70% di presenze, non d\u00e0 alcun beneficio allo studente.<span class=\"Apple-converted-space\">&nbsp;<\/span><\/b><\/p>\n<p class=\"p4\">Il voto finale dei due CC (da sostenere obbligatoriamente entrambi e con esito positivo)<i> <\/i>sommato al 70% delle presenze d\u00e0 diritto allo studente di usufruire di un esonero allo scritto per la parte delle conoscenze lessicali e grammaticali.<span class=\"Apple-converted-space\">&nbsp;<\/span><\/p>\n<p class=\"p4\">Il voto finale della parte parziale scritta si otterr\u00e0 dalla somma del voto globale del <i>contr\u00f4le continu <\/i>(CC), ottenuto dalla media dei due CC conseguiti nei due semestri, e del voto della <i>PE <\/i>diviso per due, fatto salvo che la <i>PE <\/i>riporti un voto non inferiore a 18\/30.<span class=\"Apple-converted-space\">&nbsp;<\/span><\/p>\n<p class=\"p4\">I <i>CC <\/i>hanno valenza pari a 4 appelli dal primo appello della sessione estiva fino all\u2019appello di settembre compreso.<\/p>\n<p class=\"p4\">I <i>CC<\/i> si svolgono orientativamente prima delle vacanze di dicembre e prima del termine delle attivit\u00e0 del secondo semestre.<span class=\"Apple-converted-space\">&nbsp;<\/span><\/p>\n<p class=\"p4\">Gli EB sono una simulazione di fine corso dell\u2019esame finale con durata di espletamento della prova parziale scritta e ha luogo prima della chiusura delle attivit\u00e0 didattiche. Il sostenimento dell\u2019EB non d\u00e0 accesso a nessuna agevolazione.<\/p>\n<p class=\"p4\">Possono essere aggiunte altre tipologie di valutazione in itinere a seconda delle esigenze didattiche degli insegnamenti.<span class=\"Apple-converted-space\">&nbsp;<\/span><\/p>\n<p class=\"p3\" style=\"text-align: center\">Art. 15 \u2013 <span class=\"s2\">Valutazione <\/span>finale<span class=\"Apple-converted-space\">&nbsp;<\/span><\/p>\n<p class=\"p4\">La valutazione finale si compone di una PPS e di una prova orale.<\/p>\n<p class=\"p4\">La PPS e quella orale varia a seconda dell\u2019annualit\u00e0, del tipo di corso e dell\u2019esigenze didattiche del settore.<\/p>\n<p class=\"p4\">Le tipologie di PPS e di priva orale sono illustrate dettagliatamente in ciascun programma.<span class=\"Apple-converted-space\">&nbsp;<\/span><\/p>\n<p class=\"p4\">La prova scritta \u00e8 condizione necessaria per l\u2019ammissione alla prova orale.<\/p>\n<p class=\"p4\"><b>La durata di validit\u00e0 della PPS \u00e8 pari a due sessioni d\u2019esame. Lo studente che non rispetta la scadenza \u00e8 tenuto a ripetere l\u2019intera prova secondo il regime di programmazione vigente.<\/b><\/p>\n<p class=\"p4\">Eventuali deroghe richieste dallo studente, sono valutate dai docenti titolari a seconda dei casi.<\/p>\n<p class=\"p4\">Gli studenti che decidono di sostenere l\u2019esame di lingua francese come esame a scelta, saranno sottoposti allo stesso regime di impegno.<\/p>\n<p class=\"p4\"><b>Possono sostenere esami gli studenti iscritti all\u2019anno accademico, in regola con la posizione amministrativa e che abbiano rispettato le propedeuticit\u00e0<\/b><b> <\/b><b>necessarie.<\/b><\/p>\n<p class=\"p25\">A seconda delle necessit\u00e0, pu\u00f2 essere prevista una prova parziale orale gestita dal CEL.<\/p>\n<p class=\"p3\" style=\"text-align: center\">Art. 16 \u2013 Livelli linguistici <span class=\"s3\">di<\/span> uscita<\/p>\n<p class=\"p27\">Per i livelli di competenza linguistica in uscita si fa riferimento al <i>QCER<\/i>.<\/p>\n<p class=\"p25\"><span class=\"s1\">La <\/span>tabella seguente indica i livelli di entrata e uscita richiesti per <span class=\"s4\">ogni <\/span>anno di corso.<\/p>\n<table class=\"t1\" cellspacing=\"0\" cellpadding=\"0\">\n<tbody>\n<tr>\n<td class=\"td1\" valign=\"top\">\n<p class=\"p29\"><b>Annualit\u00e0<\/b><\/p>\n<\/td>\n<td class=\"td2\" valign=\"top\">\n<p class=\"p29\"><b>livello di entrata<\/b><\/p>\n<\/td>\n<td class=\"td1\" valign=\"top\">\n<p class=\"p29\"><b>livello di uscita<\/b><\/p>\n<\/td>\n<\/tr>\n<tr>\n<td class=\"td3\" valign=\"top\">\n<p class=\"p30\">1 anno Lingue e culture per la mediazione linguistica<span class=\"Apple-converted-space\">&nbsp;<\/span><\/p>\n<\/td>\n<td class=\"td4\" valign=\"top\">\n<p class=\"p31\">A2<\/p>\n<\/td>\n<td class=\"td3\" valign=\"top\">\n<p class=\"p32\">B1<\/p>\n<\/td>\n<\/tr>\n<tr>\n<td class=\"td5\" valign=\"top\">\n<p class=\"p30\">2 anno Lingue e culture per la mediazione linguistica<span class=\"Apple-converted-space\">&nbsp;<\/span><\/p>\n<\/td>\n<td class=\"td6\" valign=\"top\">\n<p class=\"p31\">B1<\/p>\n<\/td>\n<td class=\"td5\" valign=\"top\">\n<p class=\"p32\">B2.1<\/p>\n<\/td>\n<\/tr>\n<tr>\n<td class=\"td3\" valign=\"top\">\n<p class=\"p30\">3 anno<span class=\"Apple-converted-space\">&nbsp; <\/span>Lingue e culture per la mediazione linguistica<span class=\"Apple-converted-space\">&nbsp;<\/span><\/p>\n<\/td>\n<td class=\"td4\" valign=\"top\">\n<p class=\"p31\">B2.1<\/p>\n<\/td>\n<td class=\"td3\" valign=\"top\">\n<p class=\"p32\">B2<\/p>\n<\/td>\n<\/tr>\n<tr>\n<td class=\"td1\" valign=\"top\">\n<p class=\"p30\">Lingua francese 1 (LCO)<\/p>\n<\/td>\n<td class=\"td2\" valign=\"top\">\n<p class=\"p31\">A2<\/p>\n<\/td>\n<td class=\"td1\" valign=\"top\">\n<p class=\"p32\">B1<\/p>\n<\/td>\n<\/tr>\n<tr>\n<td class=\"td7\" valign=\"top\">\n<p class=\"p30\">Lingua francese 2 (LCO)<\/p>\n<\/td>\n<td class=\"td8\" valign=\"top\">\n<p class=\"p31\">B1.2<\/p>\n<\/td>\n<td class=\"td7\" valign=\"top\">\n<p class=\"p32\">B2.1<\/p>\n<\/td>\n<\/tr>\n<tr>\n<td class=\"td9\" valign=\"top\">\n<p class=\"p30\">Lingua francese 3 (LCO)<\/p>\n<\/td>\n<td class=\"td10\" valign=\"top\">\n<p class=\"p31\">B2.1<\/p>\n<\/td>\n<td class=\"td9\" valign=\"top\">\n<p class=\"p32\">B2<\/p>\n<\/td>\n<\/tr>\n<tr>\n<td class=\"td7\" valign=\"top\">\n<p class=\"p30\">Lingua francese 4 (magistrale)<\/p>\n<\/td>\n<td class=\"td8\" valign=\"top\">\n<p class=\"p31\">B2<\/p>\n<\/td>\n<td class=\"td7\" valign=\"top\">\n<p class=\"p32\">C1<\/p>\n<\/td>\n<\/tr>\n<tr>\n<td class=\"td1\" valign=\"top\">\n<p class=\"p30\">Lingua francese 5 (magistrale)<\/p>\n<\/td>\n<td class=\"td2\" valign=\"top\">\n<p class=\"p31\">C1<\/p>\n<\/td>\n<td class=\"td1\" valign=\"top\">\n<p class=\"p32\">C2<\/p>\n<\/td>\n<\/tr>\n<\/tbody>\n<\/table>\n<p class=\"p33\">I parametri indicati nella tabella variano di anno in anno a seconda delle esigenze didattiche dei CdS.<span class=\"Apple-converted-space\">&nbsp;<\/span><\/p>\n<p class=\"p3\" style=\"text-align: center\">Art. 17 \u2013 Certificazioni esterne<\/p>\n<p class=\"p4\">Lo studente che presenta una certificazione internazionale di conoscenza della lingua (DELF, DALF), corrispondente al livello d\u2019uscita richiesto, \u00e8 esonerato dalle due parti di grammatica (G) e lessico (L). In tal modo il punteggio della certificazione viene annullato dall\u2019esonero delle due parti sopraddette. Lo studente dovr\u00e0, invece, sostenere obbligatoriamente, nelle date previste, la sola prova <i>production \u00e9crite <\/i>(PE) della PPS.<span class=\"Apple-converted-space\">&nbsp;<\/span><\/p>\n<p class=\"p4\">Il voto di partenza per l\u2019accesso alla prova orale sar\u00e0 perci\u00f2 costituito dal voto ottenuto nella PE, purch\u00e9 il voto della PE non sia inferiore a 18\/30.<span class=\"Apple-converted-space\">&nbsp;<\/span><\/p>\n<p class=\"p4\">L\u2019esito positivo di questa parte di esame scritto dar\u00e0 accesso al sostenimento dell\u2019esame orale di linguistica francese col docente.<\/p>\n<p class=\"p4\">Sono ammessi alla modalit\u00e0 di esonero solo gli studenti che presentano una certificazione con un<b> punteggio pari o superiore a 75\/100.<\/b><\/p>\n<p class=\"p4\"><b>Gli studenti in possesso di tali certificazioni sono tenuti a presentarle ai docenti in duplice copia originale con l\u2019indicazione del numero di matricola e del nome del corso a cui sono iscritti entro e non oltre il 30 aprile di ogni anno. Decorso tale termine, lo studente non ha diritto a usufruire della certificazione.<span class=\"Apple-converted-space\">&nbsp;<\/span><\/b><\/p>\n<p class=\"p4\"><b>La certificazione pu\u00f2 essere presentata solo ed esclusivamente nel primo anno di immatricolazione al corso.<\/b><span class=\"Apple-converted-space\">&nbsp;<\/span><\/p>\n<p class=\"p4\">Non sono ammesse certificazioni sostenute in un periodo successivo al primo anno di immatricolazione.<\/p>\n<p class=\"p4\">Lo studente in possesso della certificazione \u00e8 libero di utilizzarla per essere esonerato dalle due parti della PPS, G + L, con il sostenimento della PE<i>,<\/i> oppure pu\u00f2 scegliere di non usufruire della certificazione, sostenendo per intero la prova scritta secondo le modalit\u00e0 previste. Una volta effettuata la scelta di non avvalersi della certificazione, anche in caso di esito negativo della prova, lo studente non potr\u00e0 pi\u00f9 presentarla in qualit\u00e0 di prerequisito formativo.<span class=\"Apple-converted-space\">&nbsp;<\/span><\/p>\n<p class=\"p35\"><b>Il possesso della certificazione ha validit\u00e0 di due anni dalla data del conseguimento della stessa.<\/b><\/p>\n<p class=\"p3\" style=\"text-align: center\">Art. 18 \u2013 Calendario didattico<\/p>\n<p class=\"p4\">Il calendario didattico degli appelli del settore di lingua francese \u2013 e le modalit\u00e0 di pubblicazione e iscrizione \u2013 si attiene a quanto stabilito dalla Facolt\u00e0 di Studi Umanistici.<span class=\"Apple-converted-space\">&nbsp;<\/span><\/p>\n<p class=\"p3\" style=\"text-align: center\">Art. 19 \u2013 Prova finale<\/p>\n<p class=\"p4\">Relativamente alle norme sulla prova finale, il settore si attiene a quanto<span class=\"Apple-converted-space\">&nbsp; <\/span>stabilito<span class=\"Apple-converted-space\">&nbsp; <\/span>dai Regolamenti dei singoli corsi di laurea.<\/p>\n<p class=\"p4\">La prova finale pu\u00f2 essere chiesta a uno dei docenti titolari del settore.<\/p>\n<p class=\"p4\">L\u2019argomento pu\u00f2 essere proposto dallo studente solo se in linea con il percorso di studio e con gli insegnamenti del settore.<\/p>\n<p class=\"p4\">Per la tipologia della prova e del relativo punteggio da attribuire in sede di discussione, si rinvia ai Regolamenti dei singoli corsi di laurea.<\/p>\n<p class=\"p1\" style=\"text-align: center\"><b>III. REGOLAMENTI<\/b><\/p>\n<p class=\"p3\" style=\"text-align: center\">Art. 20 \u2013 Emanazione regolamento<\/p>\n<p class=\"p4\">Il presente Regolamento \u00e8 emanato in base a quanto previsto dai Regolamenti di cui all\u2019art. 1 del Preambolo e su proposta del settore di Francese.<\/p>\n<p class=\"p4\">Le variazioni e le integrazioni, comprese quelle necessarie per il coordinamento e la miglior intelligibilit\u00e0 del testo, sono apportate al Regolamento entro il mese di dicembre di ciascun anno.<\/p>\n<p class=\"p4\">Il presente Regolamento <span class=\"s2\">deve <\/span>tempestivamente essere reso<span class=\"Apple-converted-space\">&nbsp; <\/span>pubblico<span class=\"Apple-converted-space\">&nbsp; <\/span>anche<span class=\"Apple-converted-space\">&nbsp; <\/span><span class=\"s2\">attraverso <\/span>l\u2019utilizzo <span class=\"s3\">di <\/span>strumenti informatici e telematici.<\/p>\n<p class=\"p3\" style=\"text-align: center\">Art. 21 \u2013 Norme di rinvio<\/p>\n<p class=\"p38\">Per quanto non previsto nel presente Regolamento, si osservano i Regolamenti di cui all\u2019art. 1 del Preambolo.<\/p>\n<p class=\"p18\">Cagliari, 28 luglio 2023<\/p>\n","protected":false},"excerpt":{"rendered":"<p>Il seguente Regolamento \u00e8 disponibile in PDF. &nbsp; UNIVERSIT\u00c0 DEGLI STUDI DI CAGLIARI FACOLT\u00c0 DI STUDI UMANISTICI REGOLAMENTO DIDATTICO DEL SETTORE DI FRANCESE 2023\/2024 &nbsp; I. PREAMBOLO Art. 1 \u2013 Premessa Il presente regolamento didattico disciplina le modalit\u00e0 di funzionamento&nbsp; del Settore&nbsp; di&nbsp; Francese della Facolt\u00e0 di Studi Umanistici dell\u2019Universit\u00e0 di Cagliari, nonch\u00e9 ogni diversa [&hellip;]<\/p>\n","protected":false},"author":369,"featured_media":0,"parent":6,"menu_order":0,"comment_status":"closed","ping_status":"closed","template":"","meta":{"ngg_post_thumbnail":0,"footnotes":""},"class_list":["post-2","page","type-page","status-publish","hentry"],"_links":{"self":[{"href":"https:\/\/people.unica.it\/infra\/wp-json\/wp\/v2\/pages\/2","targetHints":{"allow":["GET"]}}],"collection":[{"href":"https:\/\/people.unica.it\/infra\/wp-json\/wp\/v2\/pages"}],"about":[{"href":"https:\/\/people.unica.it\/infra\/wp-json\/wp\/v2\/types\/page"}],"author":[{"embeddable":true,"href":"https:\/\/people.unica.it\/infra\/wp-json\/wp\/v2\/users\/369"}],"replies":[{"embeddable":true,"href":"https:\/\/people.unica.it\/infra\/wp-json\/wp\/v2\/comments?post=2"}],"version-history":[{"count":45,"href":"https:\/\/people.unica.it\/infra\/wp-json\/wp\/v2\/pages\/2\/revisions"}],"predecessor-version":[{"id":4580,"href":"https:\/\/people.unica.it\/infra\/wp-json\/wp\/v2\/pages\/2\/revisions\/4580"}],"up":[{"embeddable":true,"href":"https:\/\/people.unica.it\/infra\/wp-json\/wp\/v2\/pages\/6"}],"wp:attachment":[{"href":"https:\/\/people.unica.it\/infra\/wp-json\/wp\/v2\/media?parent=2"}],"curies":[{"name":"wp","href":"https:\/\/api.w.org\/{rel}","templated":true}]}}