{"id":1531,"date":"2014-01-31T16:01:18","date_gmt":"2014-01-31T16:01:18","guid":{"rendered":"http:\/\/people.unica.it\/ifuture\/?page_id=1531"},"modified":"2014-01-31T20:51:11","modified_gmt":"2014-01-31T20:51:11","slug":"using-essays-in-social-research-workshop","status":"publish","type":"page","link":"https:\/\/people.unica.it\/ifuture\/presentazioni-ed-eventi\/using-essays-in-social-research-workshop\/","title":{"rendered":"Using Essays in Social research &#8211; workshop"},"content":{"rendered":"<p><span style=\"font-family: helvetica;font-size: x-large\">\u00a0<\/span><\/p>\n<p style=\"text-align: right\"><span style=\"font-family: helvetica;font-size: xx-large;color: #000080\">Using Essays in Social research &#8211; Workshop<\/span><\/p>\n<p>&nbsp;<\/p>\n<p>&nbsp;<\/p>\n<p><img decoding=\"async\" class=\"alignright  wp-image-1534\" alt=\"YOUTHCLOUD2\" src=\"http:\/\/people.unica.it\/ifuture\/files\/2014\/01\/YOUTHCLOUD2.jpg\" width=\"266\" height=\"266\" srcset=\"https:\/\/people.unica.it\/ifuture\/files\/2014\/01\/YOUTHCLOUD2.jpg 369w, https:\/\/people.unica.it\/ifuture\/files\/2014\/01\/YOUTHCLOUD2-150x150.jpg 150w, https:\/\/people.unica.it\/ifuture\/files\/2014\/01\/YOUTHCLOUD2-300x300.jpg 300w, https:\/\/people.unica.it\/ifuture\/files\/2014\/01\/YOUTHCLOUD2-96x96.jpg 96w, https:\/\/people.unica.it\/ifuture\/files\/2014\/01\/YOUTHCLOUD2-24x24.jpg 24w, https:\/\/people.unica.it\/ifuture\/files\/2014\/01\/YOUTHCLOUD2-36x36.jpg 36w, https:\/\/people.unica.it\/ifuture\/files\/2014\/01\/YOUTHCLOUD2-48x48.jpg 48w, https:\/\/people.unica.it\/ifuture\/files\/2014\/01\/YOUTHCLOUD2-64x64.jpg 64w\" sizes=\"(max-width: 266px) 100vw, 266px\" \/><\/p>\n<p><em style=\"line-height: 1.5em\"><span style=\"font-family: helvetica;font-size: medium\">What is narrative and how is it relevant to the analysis of essays about aspirations\/lives?<\/span><\/em><\/p>\n<p><em style=\"line-height: 1.5em\"><span style=\"font-family: helvetica;font-size: medium\">What other tools are available to help with analysis?<\/span><\/em><\/p>\n<p><em style=\"line-height: 1.5em\"><span style=\"font-family: helvetica;font-size: medium\"><em style=\"font-family: Georgia, 'Times New Roman', 'Bitstream Charter', Times, serif;font-size: 14px;line-height: 1.5em\"><span style=\"font-family: helvetica;font-size: medium\">What are the challenges of analysing essays?<\/span><\/em><\/span><\/em><\/p>\n<p><em style=\"line-height: 1.5em\"><span style=\"font-family: helvetica;font-size: medium\">What approaches can be used to analysing essays?<\/span><\/em><\/p>\n<p><strong><span style=\"font-family: helvetica;font-size: medium;color: #000080\"><br \/>\nProgram<\/span><\/strong><\/p>\n<p><span style=\"font-family: helvetica;font-size: medium\">10.30 <em>iFuture: presenting the research\u00a0<\/em><b><br \/>\n<\/b><\/span><\/p>\n<p><span style=\"font-family: helvetica;font-size: medium;line-height: 1.5em\">Giuliana Mandich, Ester Cois, Valentina Cuzzocrea, Simona Isabella (Universit\u00e0 di Cagliari).<\/span><\/p>\n<p><span style=\"font-family: helvetica;font-size: medium\">11.40\u00a0 <em>Studyng Essays.<\/em><em>\u00a0\u00a0<\/em><b>Prof. Jane Elliott<\/b> (Institute of Education, University of London)\u00a0<\/span><\/p>\n<p><span style=\"font-family: helvetica;font-size: medium\">12.20\u00a0<em>The Sheppey project.<\/em> <b>Dawn Lyon<\/b> (University of Kent)\u00a0<\/span><\/p>\n<p>&nbsp;<\/p>\n<p><span style=\"font-family: helvetica;font-size: medium;line-height: 1.5em\">14.30-17.00 <\/span><span style=\"color: #000080\">Workshop<\/span><\/p>\n<p><span style=\"font-family: helvetica;font-size: medium\">Workshop participant: Domenica Farinella (Universit\u00e0 di Cagliari DISSI), Renato Roda (Universit\u00e0 Torino), Simona Deidda (Universit\u00e0 Cagliari) Cinzia Dess\u00ec (Universit\u00e0 Cagliari) Marco Pitzalis (Universit\u00e0 di Ca<\/span><span style=\"font-family: helvetica;font-size: medium\">gliari D<\/span><span style=\"font-family: helvetica;font-size: medium\">ISSI), Antonietta de Feo (Universit\u00e0 di Cagliari DISSI). \u00a0<\/span><\/p>\n<p>&nbsp;<\/p>\n<p>&nbsp;<\/p>","protected":false},"excerpt":{"rendered":"<p>\u00a0 Using Essays in Social research &#8211; Workshop &nbsp; &nbsp; What is narrative and how is it relevant to the analysis of essays about aspirations\/lives? What other tools are available to help with analysis? What are the challenges of analysing essays? What approaches can be used to analysing essays? Program 10.30 iFuture: presenting the research\u00a0 Giuliana Mandich, Ester Cois, Valentina Cuzzocrea, Simona Isabella (Universit\u00e0 di Cagliari). 11.40\u00a0 Studyng Essays.\u00a0\u00a0Prof. Jane Elliott (Institute of Education, University of London)\u00a0 12.20\u00a0The Sheppey project. Dawn Lyon (University of Kent)\u00a0 &nbsp; 14.30-17.00 Workshop Workshop participant: Domenica Farinella (Universit\u00e0 di Cagliari DISSI), Renato Roda (Universit\u00e0 Torino), <a href='https:\/\/people.unica.it\/ifuture\/presentazioni-ed-eventi\/using-essays-in-social-research-workshop\/' class='excerpt-more'>[&#8230;]<\/a><\/p>\n","protected":false},"author":691,"featured_media":0,"parent":1008,"menu_order":0,"comment_status":"closed","ping_status":"closed","template":"","meta":{"footnotes":""},"class_list":["post-1531","page","type-page","status-publish","hentry","post-seq-1","post-parity-odd","meta-position-corners","fix"],"_links":{"self":[{"href":"https:\/\/people.unica.it\/ifuture\/wp-json\/wp\/v2\/pages\/1531","targetHints":{"allow":["GET"]}}],"collection":[{"href":"https:\/\/people.unica.it\/ifuture\/wp-json\/wp\/v2\/pages"}],"about":[{"href":"https:\/\/people.unica.it\/ifuture\/wp-json\/wp\/v2\/types\/page"}],"author":[{"embeddable":true,"href":"https:\/\/people.unica.it\/ifuture\/wp-json\/wp\/v2\/users\/691"}],"replies":[{"embeddable":true,"href":"https:\/\/people.unica.it\/ifuture\/wp-json\/wp\/v2\/comments?post=1531"}],"version-history":[{"count":11,"href":"https:\/\/people.unica.it\/ifuture\/wp-json\/wp\/v2\/pages\/1531\/revisions"}],"predecessor-version":[{"id":1556,"href":"https:\/\/people.unica.it\/ifuture\/wp-json\/wp\/v2\/pages\/1531\/revisions\/1556"}],"up":[{"embeddable":true,"href":"https:\/\/people.unica.it\/ifuture\/wp-json\/wp\/v2\/pages\/1008"}],"wp:attachment":[{"href":"https:\/\/people.unica.it\/ifuture\/wp-json\/wp\/v2\/media?parent=1531"}],"curies":[{"name":"wp","href":"https:\/\/api.w.org\/{rel}","templated":true}]}}