{"id":65,"date":"2009-11-25T12:44:00","date_gmt":"2009-11-25T11:44:00","guid":{"rendered":"http:\/\/people.unica.it\/idem\/?page_id=65"},"modified":"2022-06-22T13:40:22","modified_gmt":"2022-06-22T12:40:22","slug":"links","status":"publish","type":"page","link":"https:\/\/people.unica.it\/idem\/links\/","title":{"rendered":"Links"},"content":{"rendered":"<ul>\n<li><a href=\"http:\/\/www.garr.it\/\" target=\"_blank\" rel=\"noopener noreferrer\">GARR<\/a>, la Rete italiana della ricerca<\/li>\n<li><a href=\"https:\/\/www.idem.garr.it\/\" target=\"_blank\" rel=\"noopener noreferrer\">IDEM-GARR-AAI<\/a>,\u00a0 homepage della Federazione Italiana<\/li>\n<li><a title=\"eduGain\" href=\"https:\/\/edugain.org\/\" target=\"_blank\" rel=\"noopener noreferrer\">eduGain<\/a> interfederazione europea G\u00c9ANT<\/li>\n<li><a href=\"http:\/\/shibboleth.net\/\" target=\"_blank\" rel=\"noopener noreferrer\">Consorzio Shibboleth<\/a>: homepage del Consorzio Shibboleth (gi\u00e0 Internet2)<\/li>\n<li><a href=\"http:\/\/www.switch.ch\/aai\/about\/shibboleth\/\" target=\"_blank\" rel=\"noopener noreferrer\">About Shibbolet<\/a> di <a href=\"http:\/\/www.switch.ch\/\" target=\"_blank\" rel=\"noopener noreferrer\">SWITCH<\/a>, la Rete svizzera della ricerca (basilari informazioni e link di approfondimento)<\/li>\n<li><a href=\"http:\/\/www.unica.it\" target=\"_blank\" rel=\"noopener noreferrer\">Universit\u00e0 degli Studi di Cagliari<\/a><\/li>\n<li>Universit\u00e0 degli Studi di Cagliari &#8211; <a href=\"https:\/\/www.unica.it\/unica\/it\/ateneo_s01_ss02_sss09.page\" target=\"_blank\" rel=\"noopener noreferrer\">Direzione Sistemi Infrastrutture Dati<\/a><\/li>\n<li>Universit\u00e0 degli Studi di Cagliari &#8211; Direzione SID &#8211; <a href=\"http:\/\/people.unica.it\/settorereti\/\" target=\"_blank\" rel=\"noopener noreferrer\">Settore Reti<\/a><\/li>\n<li>Universit\u00e0 degli Studi di Cagliari &#8211; Direzione SID &#8211; <a href=\"http:\/\/people.unica.it\/wifi\/eduroam-2\" target=\"_blank\" rel=\"noopener noreferrer\">eduRoam<\/a><\/li>\n<li><a title=\"CV\" href=\"https:\/\/app.unica.it\/sconline\/index.php?lista=1ff5684a48778ff0aed8e5bcd8c74d1e&amp;cdi=22aabac33f02e948e5007f2ba8b79ec374911722\" target=\"_blank\" rel=\"noopener noreferrer\">Curriculum Vitae\u00a0<\/a>\u00a0 <a href=\"http:\/\/people.unica.it\/idem\/files\/2020\/02\/CV_StefanoManfredda.png\"><img loading=\"lazy\" decoding=\"async\" class=\"wp-image-679 alignnone\" src=\"http:\/\/people.unica.it\/idem\/files\/2020\/02\/CV_StefanoManfredda.png\" alt=\"\" width=\"66\" height=\"66\" srcset=\"https:\/\/people.unica.it\/idem\/files\/2020\/02\/CV_StefanoManfredda.png 147w, https:\/\/people.unica.it\/idem\/files\/2020\/02\/CV_StefanoManfredda-100x100.png 100w\" sizes=\"auto, (max-width: 66px) 100vw, 66px\" \/><\/a><\/li>\n<\/ul>\n<p style=\"text-align: center\">\n","protected":false},"excerpt":{"rendered":"<p>GARR, la Rete italiana della ricerca IDEM-GARR-AAI,\u00a0 homepage della Federazione Italiana eduGain interfederazione europea G\u00c9ANT Consorzio Shibboleth: homepage del Consorzio Shibboleth (gi\u00e0 Internet2) About Shibbolet di SWITCH, la Rete svizzera della ricerca (basilari informazioni e link di approfondimento) Universit\u00e0 degli Studi di Cagliari Universit\u00e0 degli Studi di Cagliari &#8211; Direzione Sistemi Infrastrutture Dati Universit\u00e0 degli Studi di Cagliari &#8211; Direzione &#8230; <a href=\"https:\/\/people.unica.it\/idem\/links\/\" class=\"more-link\">Read More<\/a><\/p>\n","protected":false},"author":50,"featured_media":0,"parent":0,"menu_order":0,"comment_status":"closed","ping_status":"closed","template":"","meta":{"footnotes":""},"class_list":["post-65","page","type-page","status-publish","hentry","no-post-thumbnail"],"_links":{"self":[{"href":"https:\/\/people.unica.it\/idem\/wp-json\/wp\/v2\/pages\/65","targetHints":{"allow":["GET"]}}],"collection":[{"href":"https:\/\/people.unica.it\/idem\/wp-json\/wp\/v2\/pages"}],"about":[{"href":"https:\/\/people.unica.it\/idem\/wp-json\/wp\/v2\/types\/page"}],"author":[{"embeddable":true,"href":"https:\/\/people.unica.it\/idem\/wp-json\/wp\/v2\/users\/50"}],"replies":[{"embeddable":true,"href":"https:\/\/people.unica.it\/idem\/wp-json\/wp\/v2\/comments?post=65"}],"version-history":[{"count":20,"href":"https:\/\/people.unica.it\/idem\/wp-json\/wp\/v2\/pages\/65\/revisions"}],"predecessor-version":[{"id":688,"href":"https:\/\/people.unica.it\/idem\/wp-json\/wp\/v2\/pages\/65\/revisions\/688"}],"wp:attachment":[{"href":"https:\/\/people.unica.it\/idem\/wp-json\/wp\/v2\/media?parent=65"}],"curies":[{"name":"wp","href":"https:\/\/api.w.org\/{rel}","templated":true}]}}