{"id":611,"date":"2019-03-11T12:00:16","date_gmt":"2019-03-11T11:00:16","guid":{"rendered":"http:\/\/people.unica.it\/idem\/?page_id=611"},"modified":"2019-07-25T14:19:35","modified_gmt":"2019-07-25T13:19:35","slug":"matlab-via-fedauthn","status":"publish","type":"page","link":"https:\/\/people.unica.it\/idem\/matlab-via-fedauthn\/","title":{"rendered":"MatLab via FedAuthn"},"content":{"rendered":"<h2 style=\"text-align: center\"><a href=\"http:\/\/people.unica.it\/idem\/files\/2019\/03\/01.png\"><img loading=\"lazy\" decoding=\"async\" class=\"aligncenter wp-image-644 size-large\" src=\"http:\/\/people.unica.it\/idem\/files\/2019\/03\/01-1024x214.png\" alt=\"\" width=\"1024\" height=\"214\" srcset=\"https:\/\/people.unica.it\/idem\/files\/2019\/03\/01-1024x214.png 1024w, https:\/\/people.unica.it\/idem\/files\/2019\/03\/01-300x63.png 300w, https:\/\/people.unica.it\/idem\/files\/2019\/03\/01-768x161.png 768w, https:\/\/people.unica.it\/idem\/files\/2019\/03\/01-100x21.png 100w, https:\/\/people.unica.it\/idem\/files\/2019\/03\/01.png 1080w\" sizes=\"auto, (max-width: 1024px) 100vw, 1024px\" \/><\/a><\/h2>\n<h1 style=\"text-align: center\"><strong>Licenze Matlab via autenticazione Federata<\/strong><\/h1>\n<p>&nbsp;<\/p>\n<p>Per poter utilizzare le licenze di Matlab ed installare il software, occorre per prima cosa autenticarsi contro Shibboleth partendo dalla pagina di login dedicata all&#8217;Ateneo di Cagliari; una volta che ci si sia autenticati, occorrer\u00e0 accedere con il proprio account Mathworks (o crearne uno) perch\u00e9 ad esso sar\u00e0 legata la licenza ed infine scaricare il software di installazione.<\/p>\n<p>Quanto segue \u00e8 basato su Windows perch\u00e9 \u00e8 il SO pi\u00f9 diffuso ma da <a href=\"http:\/\/people.unica.it\/idem\/files\/2019\/03\/MatLab_install_guide.pdf\" target=\"_blank\" rel=\"noopener noreferrer\">questo link<\/a> \u00e8 possibile scaricare il manuale di installazione in pdf che copre anche i sistemi Linux ed OSX.<\/p>\n<p>&nbsp;<\/p>\n<p><strong>PARTE 1: DOWNLOAD<\/strong><\/p>\n<p>NOTA PRELIMINARE: se gi\u00e0 si conosce il metodo per accedere, scaricare e registrare il software, <a href=\"https:\/\/it.mathworks.com\/licensecenter\/total_headcount\/37603-54676-18085-22007-70508?s_tid=tah_po_start_unica\" target=\"_blank\" rel=\"noopener noreferrer\">questo link<\/a> permette di arrivare direttamente all&#8217;IdP e da questo al proprio account MathWorks.<\/p>\n<ul>\n<li>eseguire l&#8217;accesso dalla <a href=\"https:\/\/it.mathworks.com\/academia\/tah-portal\/universita-degli-studi-di-cagliari-40516293.html\" target=\"_blank\" rel=\"noopener noreferrer\">pagina istituzionale dell&#8217;Ateneo di Cagliari<\/a> e cliccare su &#8220;Accedi per iniziare&#8221;:<\/li>\n<\/ul>\n<p><a href=\"http:\/\/people.unica.it\/idem\/files\/2019\/03\/02.png\" target=\"_blank\" rel=\"noopener noreferrer\"><img loading=\"lazy\" decoding=\"async\" class=\"aligncenter wp-image-618 size-large\" src=\"http:\/\/people.unica.it\/idem\/files\/2019\/03\/02-1024x457.png\" alt=\"\" width=\"1024\" height=\"457\" srcset=\"https:\/\/people.unica.it\/idem\/files\/2019\/03\/02-1024x457.png 1024w, https:\/\/people.unica.it\/idem\/files\/2019\/03\/02-300x134.png 300w, https:\/\/people.unica.it\/idem\/files\/2019\/03\/02-768x343.png 768w, https:\/\/people.unica.it\/idem\/files\/2019\/03\/02-100x45.png 100w, https:\/\/people.unica.it\/idem\/files\/2019\/03\/02-1184x528.png 1184w, https:\/\/people.unica.it\/idem\/files\/2019\/03\/02.png 1300w\" sizes=\"auto, (max-width: 1024px) 100vw, 1024px\" \/><\/a><\/p>\n<p><a href=\"http:\/\/people.unica.it\/idem\/files\/2019\/03\/03.png\" target=\"_blank\" rel=\"noopener noreferrer\"><img loading=\"lazy\" decoding=\"async\" class=\"aligncenter wp-image-619\" src=\"http:\/\/people.unica.it\/idem\/files\/2019\/03\/03-240x300.png\" alt=\"\" width=\"350\" height=\"438\" srcset=\"https:\/\/people.unica.it\/idem\/files\/2019\/03\/03-240x300.png 240w, https:\/\/people.unica.it\/idem\/files\/2019\/03\/03-100x125.png 100w, https:\/\/people.unica.it\/idem\/files\/2019\/03\/03.png 592w\" sizes=\"auto, (max-width: 350px) 100vw, 350px\" \/><\/a><\/p>\n<ul>\n<li>Si sar\u00e0 ora rediretti alla pagina di login del nostro Shibboleth Identity Provider, sulla quale ci si dovr\u00e0 autenticare utilizzando le credenziali di Esse3 (Studenti) o u-gov (docenti, personale TB):<\/li>\n<\/ul>\n<p><a href=\"http:\/\/people.unica.it\/idem\/files\/2019\/03\/04.png\" target=\"_blank\" rel=\"noopener noreferrer\"><img loading=\"lazy\" decoding=\"async\" class=\"aligncenter wp-image-620 size-full\" src=\"http:\/\/people.unica.it\/idem\/files\/2019\/03\/04.png\" alt=\"\" width=\"519\" height=\"753\" srcset=\"https:\/\/people.unica.it\/idem\/files\/2019\/03\/04.png 519w, https:\/\/people.unica.it\/idem\/files\/2019\/03\/04-207x300.png 207w, https:\/\/people.unica.it\/idem\/files\/2019\/03\/04-100x145.png 100w\" sizes=\"auto, (max-width: 519px) 100vw, 519px\" \/><\/a><\/p>\n<ul>\n<li>una volta eseguito l&#8217;accesso si dovr\u00e0 confermare il rilascio degli attributi da parte dell&#8217;IdP (in particolare il riconoscimento come studente\/dipendente di UniCA sar\u00e0 determinato dall&#8217;attributo eduPersonScopedAffiliation:<\/li>\n<\/ul>\n<p><a href=\"http:\/\/people.unica.it\/idem\/files\/2019\/03\/05.png\" target=\"_blank\" rel=\"noopener noreferrer\"><img loading=\"lazy\" decoding=\"async\" class=\"aligncenter wp-image-621\" src=\"http:\/\/people.unica.it\/idem\/files\/2019\/03\/05.png\" alt=\"\" width=\"400\" height=\"578\" srcset=\"https:\/\/people.unica.it\/idem\/files\/2019\/03\/05.png 603w, https:\/\/people.unica.it\/idem\/files\/2019\/03\/05-208x300.png 208w, https:\/\/people.unica.it\/idem\/files\/2019\/03\/05-100x144.png 100w\" sizes=\"auto, (max-width: 400px) 100vw, 400px\" \/><\/a><\/p>\n<ul>\n<li>a questo punto si sar\u00e0 rediretti alla pagina di login di MathWorks in cui si dovr\u00e0 accedere con il proprio account o crearne uno nuovo. La licenza sar\u00e0 legata ad esso (la seconda figura si riferisce alla creazione di un nuovo account: si noti che alcuni degli attributi rilasciati vengono direttamente utilizzati da MathWorks per la sua creazione):<\/li>\n<\/ul>\n<p><a href=\"http:\/\/people.unica.it\/idem\/files\/2019\/03\/07.png\" target=\"_blank\" rel=\"noopener noreferrer\"><img loading=\"lazy\" decoding=\"async\" class=\"aligncenter wp-image-622 size-large\" src=\"http:\/\/people.unica.it\/idem\/files\/2019\/03\/07-1024x494.png\" alt=\"\" width=\"1024\" height=\"494\" srcset=\"https:\/\/people.unica.it\/idem\/files\/2019\/03\/07-1024x494.png 1024w, https:\/\/people.unica.it\/idem\/files\/2019\/03\/07-300x145.png 300w, https:\/\/people.unica.it\/idem\/files\/2019\/03\/07-768x370.png 768w, https:\/\/people.unica.it\/idem\/files\/2019\/03\/07-100x48.png 100w, https:\/\/people.unica.it\/idem\/files\/2019\/03\/07-1184x571.png 1184w, https:\/\/people.unica.it\/idem\/files\/2019\/03\/07.png 1327w\" sizes=\"auto, (max-width: 1024px) 100vw, 1024px\" \/><\/a><a href=\"http:\/\/people.unica.it\/idem\/files\/2019\/03\/08.png\" target=\"_blank\" rel=\"noopener noreferrer\"><img loading=\"lazy\" decoding=\"async\" class=\"aligncenter wp-image-623\" src=\"http:\/\/people.unica.it\/idem\/files\/2019\/03\/08.png\" alt=\"\" width=\"500\" height=\"571\" srcset=\"https:\/\/people.unica.it\/idem\/files\/2019\/03\/08.png 675w, https:\/\/people.unica.it\/idem\/files\/2019\/03\/08-263x300.png 263w, https:\/\/people.unica.it\/idem\/files\/2019\/03\/08-100x114.png 100w\" sizes=\"auto, (max-width: 500px) 100vw, 500px\" \/><\/a><\/p>\n<p><a href=\"http:\/\/people.unica.it\/idem\/files\/2019\/03\/09.png\" target=\"_blank\" rel=\"noopener noreferrer\"><img loading=\"lazy\" decoding=\"async\" class=\"aligncenter wp-image-624\" src=\"http:\/\/people.unica.it\/idem\/files\/2019\/03\/09.png\" alt=\"\" width=\"600\" height=\"350\" srcset=\"https:\/\/people.unica.it\/idem\/files\/2019\/03\/09.png 1086w, https:\/\/people.unica.it\/idem\/files\/2019\/03\/09-300x175.png 300w, https:\/\/people.unica.it\/idem\/files\/2019\/03\/09-768x448.png 768w, https:\/\/people.unica.it\/idem\/files\/2019\/03\/09-1024x597.png 1024w, https:\/\/people.unica.it\/idem\/files\/2019\/03\/09-100x58.png 100w\" sizes=\"auto, (max-width: 600px) 100vw, 600px\" \/><\/a><\/p>\n<ul>\n<li>infine sar\u00e0 possibile scaricare il file di installazione per il SO in uso.<\/li>\n<\/ul>\n<p>&nbsp;<\/p>\n<p><a href=\"http:\/\/people.unica.it\/idem\/files\/2019\/03\/10.png\" target=\"_blank\" rel=\"noopener noreferrer\"><img loading=\"lazy\" decoding=\"async\" class=\"aligncenter wp-image-625\" src=\"http:\/\/people.unica.it\/idem\/files\/2019\/03\/10.png\" alt=\"\" width=\"600\" height=\"246\" srcset=\"https:\/\/people.unica.it\/idem\/files\/2019\/03\/10.png 1180w, https:\/\/people.unica.it\/idem\/files\/2019\/03\/10-300x123.png 300w, https:\/\/people.unica.it\/idem\/files\/2019\/03\/10-768x315.png 768w, https:\/\/people.unica.it\/idem\/files\/2019\/03\/10-1024x420.png 1024w, https:\/\/people.unica.it\/idem\/files\/2019\/03\/10-100x41.png 100w\" sizes=\"auto, (max-width: 600px) 100vw, 600px\" \/><\/a><\/p>\n<p>&nbsp;<\/p>\n<p><strong>PARTE 2: INSTALLAZIONE<\/strong><\/p>\n<ul>\n<li>Una volta lanciato l&#8217;installer, bisogner\u00e0 selezionare il radiobutton &#8220;Login with a Mathworks Account&#8221;, accettare le condizioni di uso ed infine autenticarsi, dopodich\u00e9 si potr\u00e0 accedere alla licenza:<\/li>\n<\/ul>\n<p><a href=\"http:\/\/people.unica.it\/idem\/files\/2019\/03\/01_installazione.png\" target=\"_blank\" rel=\"noopener noreferrer\"><img loading=\"lazy\" decoding=\"async\" class=\"aligncenter wp-image-627\" src=\"http:\/\/people.unica.it\/idem\/files\/2019\/03\/01_installazione.png\" alt=\"\" width=\"500\" height=\"301\" srcset=\"https:\/\/people.unica.it\/idem\/files\/2019\/03\/01_installazione.png 700w, https:\/\/people.unica.it\/idem\/files\/2019\/03\/01_installazione-300x181.png 300w, https:\/\/people.unica.it\/idem\/files\/2019\/03\/01_installazione-100x60.png 100w\" sizes=\"auto, (max-width: 500px) 100vw, 500px\" \/><\/a><\/p>\n<p><a href=\"http:\/\/people.unica.it\/idem\/files\/2019\/03\/02_agreement.png\" target=\"_blank\" rel=\"noopener noreferrer\"><img loading=\"lazy\" decoding=\"async\" class=\"aligncenter wp-image-628\" src=\"http:\/\/people.unica.it\/idem\/files\/2019\/03\/02_agreement.png\" alt=\"\" width=\"500\" height=\"301\" srcset=\"https:\/\/people.unica.it\/idem\/files\/2019\/03\/02_agreement.png 696w, https:\/\/people.unica.it\/idem\/files\/2019\/03\/02_agreement-300x181.png 300w, https:\/\/people.unica.it\/idem\/files\/2019\/03\/02_agreement-100x60.png 100w\" sizes=\"auto, (max-width: 500px) 100vw, 500px\" \/><\/a><\/p>\n<p><a href=\"http:\/\/people.unica.it\/idem\/files\/2019\/03\/03_login.png\" target=\"_blank\" rel=\"noopener noreferrer\"><img loading=\"lazy\" decoding=\"async\" class=\"aligncenter wp-image-629\" src=\"http:\/\/people.unica.it\/idem\/files\/2019\/03\/03_login.png\" alt=\"\" width=\"500\" height=\"301\" srcset=\"https:\/\/people.unica.it\/idem\/files\/2019\/03\/03_login.png 696w, https:\/\/people.unica.it\/idem\/files\/2019\/03\/03_login-300x181.png 300w, https:\/\/people.unica.it\/idem\/files\/2019\/03\/03_login-100x60.png 100w\" sizes=\"auto, (max-width: 500px) 100vw, 500px\" \/><\/a><\/p>\n<ul>\n<li>ed infine si arriver\u00e0 all&#8217;installazione vera e propria ed all&#8217;attivazione del prodotto:<\/li>\n<\/ul>\n<p>&nbsp;<\/p>\n<p><a href=\"http:\/\/people.unica.it\/idem\/files\/2019\/03\/05_installazione.png\" target=\"_blank\" rel=\"noopener noreferrer\"><img loading=\"lazy\" decoding=\"async\" class=\"aligncenter wp-image-630\" src=\"http:\/\/people.unica.it\/idem\/files\/2019\/03\/05_installazione.png\" alt=\"\" width=\"500\" height=\"300\" srcset=\"https:\/\/people.unica.it\/idem\/files\/2019\/03\/05_installazione.png 696w, https:\/\/people.unica.it\/idem\/files\/2019\/03\/05_installazione-300x180.png 300w, https:\/\/people.unica.it\/idem\/files\/2019\/03\/05_installazione-100x60.png 100w\" sizes=\"auto, (max-width: 500px) 100vw, 500px\" \/><\/a><\/p>\n<p><a href=\"http:\/\/people.unica.it\/idem\/files\/2019\/03\/08_installazione.png\"><img loading=\"lazy\" decoding=\"async\" class=\"wp-image-633 aligncenter\" src=\"http:\/\/people.unica.it\/idem\/files\/2019\/03\/08_installazione.png\" alt=\"\" width=\"500\" height=\"303\" srcset=\"https:\/\/people.unica.it\/idem\/files\/2019\/03\/08_installazione.png 697w, https:\/\/people.unica.it\/idem\/files\/2019\/03\/08_installazione-300x182.png 300w, https:\/\/people.unica.it\/idem\/files\/2019\/03\/08_installazione-100x61.png 100w\" sizes=\"auto, (max-width: 500px) 100vw, 500px\" \/><\/a><\/p>\n<p><a href=\"http:\/\/people.unica.it\/idem\/files\/2019\/03\/06_installazione.png\" target=\"_blank\" rel=\"noopener noreferrer\"><img loading=\"lazy\" decoding=\"async\" class=\"aligncenter wp-image-631\" src=\"http:\/\/people.unica.it\/idem\/files\/2019\/03\/06_installazione.png\" alt=\"\" width=\"500\" height=\"303\" srcset=\"https:\/\/people.unica.it\/idem\/files\/2019\/03\/06_installazione.png 697w, https:\/\/people.unica.it\/idem\/files\/2019\/03\/06_installazione-300x182.png 300w, https:\/\/people.unica.it\/idem\/files\/2019\/03\/06_installazione-100x61.png 100w\" sizes=\"auto, (max-width: 500px) 100vw, 500px\" \/><\/a><\/p>\n<p><a href=\"http:\/\/people.unica.it\/idem\/files\/2019\/03\/07_installazione.png\" target=\"_blank\" rel=\"noopener noreferrer\"><img loading=\"lazy\" decoding=\"async\" class=\"wp-image-632 aligncenter\" src=\"http:\/\/people.unica.it\/idem\/files\/2019\/03\/07_installazione.png\" alt=\"\" width=\"500\" height=\"301\" srcset=\"https:\/\/people.unica.it\/idem\/files\/2019\/03\/07_installazione.png 698w, https:\/\/people.unica.it\/idem\/files\/2019\/03\/07_installazione-300x181.png 300w, https:\/\/people.unica.it\/idem\/files\/2019\/03\/07_installazione-100x60.png 100w\" sizes=\"auto, (max-width: 500px) 100vw, 500px\" \/><\/a><\/p>\n<p><a href=\"http:\/\/people.unica.it\/idem\/files\/2019\/03\/09_attivazione.png\"><img loading=\"lazy\" decoding=\"async\" class=\"aligncenter wp-image-635\" src=\"http:\/\/people.unica.it\/idem\/files\/2019\/03\/09_attivazione.png\" alt=\"\" width=\"500\" height=\"301\" srcset=\"https:\/\/people.unica.it\/idem\/files\/2019\/03\/09_attivazione.png 697w, https:\/\/people.unica.it\/idem\/files\/2019\/03\/09_attivazione-300x180.png 300w, https:\/\/people.unica.it\/idem\/files\/2019\/03\/09_attivazione-100x60.png 100w\" sizes=\"auto, (max-width: 500px) 100vw, 500px\" \/><\/a><\/p>\n<p>&nbsp;<\/p>\n<p><strong>PARTE 3: RINNOVO LICENZA CON SOFTWARE GI\u00c0 INSTALLATO<\/strong>:<\/p>\n<ul>\n<li>prima di tutto accedere alla <a href=\"https:\/\/it.mathworks.com\/academia\/tah-portal\/universita-degli-studi-di-cagliari-40516293.html\" target=\"_blank\" rel=\"noopener noreferrer\">pagina istituzionale dell&#8217;Ateneo di Cagliari<\/a> ed autenticarsi contro il nostro IdP in maniera da associare l&#8217;account MathWorks all&#8217;Ateneo (v. sopra);<\/li>\n<li>lanciare MatLab (se la licenza \u00e8 gi\u00e0 scaduta, il gestore delle licenze parte automaticamente, in tal caso saltare il punto successivo);<\/li>\n<li>nel menu Help, selezionare &#8220;Licensing&#8221; e quindi &#8220;Activate Software&#8221;;<\/li>\n<\/ul>\n<p><a href=\"http:\/\/people.unica.it\/idem\/files\/2019\/03\/activate_license.png\" target=\"_blank\" rel=\"noopener noreferrer\"><img loading=\"lazy\" decoding=\"async\" class=\"aligncenter wp-image-637\" src=\"http:\/\/people.unica.it\/idem\/files\/2019\/03\/activate_license.png\" alt=\"\" width=\"450\" height=\"392\" srcset=\"https:\/\/people.unica.it\/idem\/files\/2019\/03\/activate_license.png 621w, https:\/\/people.unica.it\/idem\/files\/2019\/03\/activate_license-300x261.png 300w, https:\/\/people.unica.it\/idem\/files\/2019\/03\/activate_license-100x87.png 100w\" sizes=\"auto, (max-width: 450px) 100vw, 450px\" \/><\/a><\/p>\n<ul>\n<li>Scegliere &#8220;Activate &#8230; using the Internet&#8221; ed inserire le credenziali MathWorks:<\/li>\n<\/ul>\n<p><a href=\"http:\/\/people.unica.it\/idem\/files\/2019\/03\/02_activate.png\" target=\"_blank\" rel=\"noopener noreferrer\"><img loading=\"lazy\" decoding=\"async\" class=\"aligncenter wp-image-639\" src=\"http:\/\/people.unica.it\/idem\/files\/2019\/03\/02_activate.png\" alt=\"\" width=\"500\" height=\"302\" srcset=\"https:\/\/people.unica.it\/idem\/files\/2019\/03\/02_activate.png 693w, https:\/\/people.unica.it\/idem\/files\/2019\/03\/02_activate-300x181.png 300w, https:\/\/people.unica.it\/idem\/files\/2019\/03\/02_activate-100x60.png 100w\" sizes=\"auto, (max-width: 500px) 100vw, 500px\" \/><\/a><\/p>\n<p><a href=\"http:\/\/people.unica.it\/idem\/files\/2019\/03\/03_activate.png\"><img loading=\"lazy\" decoding=\"async\" class=\"aligncenter wp-image-640\" src=\"http:\/\/people.unica.it\/idem\/files\/2019\/03\/03_activate.png\" alt=\"\" width=\"500\" height=\"300\" srcset=\"https:\/\/people.unica.it\/idem\/files\/2019\/03\/03_activate.png 698w, https:\/\/people.unica.it\/idem\/files\/2019\/03\/03_activate-300x180.png 300w, https:\/\/people.unica.it\/idem\/files\/2019\/03\/03_activate-100x60.png 100w\" sizes=\"auto, (max-width: 500px) 100vw, 500px\" \/><\/a><\/p>\n<ul>\n<li>selezionare la licenza ed infine riavviare MatLab:<\/li>\n<\/ul>\n<p><a href=\"http:\/\/people.unica.it\/idem\/files\/2019\/03\/04_activate.png\"><img loading=\"lazy\" decoding=\"async\" class=\"aligncenter wp-image-641\" src=\"http:\/\/people.unica.it\/idem\/files\/2019\/03\/04_activate.png\" alt=\"\" width=\"500\" height=\"301\" srcset=\"https:\/\/people.unica.it\/idem\/files\/2019\/03\/04_activate.png 695w, https:\/\/people.unica.it\/idem\/files\/2019\/03\/04_activate-300x181.png 300w, https:\/\/people.unica.it\/idem\/files\/2019\/03\/04_activate-100x60.png 100w\" sizes=\"auto, (max-width: 500px) 100vw, 500px\" \/><\/a><\/p>\n","protected":false},"excerpt":{"rendered":"<p>Licenze Matlab via autenticazione Federata &nbsp; Per poter utilizzare le licenze di Matlab ed installare il software, occorre per prima cosa autenticarsi contro Shibboleth partendo dalla pagina di login dedicata all&#8217;Ateneo di Cagliari; una volta che ci si sia autenticati, occorrer\u00e0 accedere con il proprio account Mathworks (o crearne uno) perch\u00e9 ad esso sar\u00e0 legata la licenza ed infine scaricare &#8230; <a href=\"https:\/\/people.unica.it\/idem\/matlab-via-fedauthn\/\" class=\"more-link\">Read More<\/a><\/p>\n","protected":false},"author":50,"featured_media":0,"parent":0,"menu_order":0,"comment_status":"closed","ping_status":"closed","template":"","meta":{"footnotes":""},"class_list":["post-611","page","type-page","status-publish","hentry","no-post-thumbnail"],"_links":{"self":[{"href":"https:\/\/people.unica.it\/idem\/wp-json\/wp\/v2\/pages\/611","targetHints":{"allow":["GET"]}}],"collection":[{"href":"https:\/\/people.unica.it\/idem\/wp-json\/wp\/v2\/pages"}],"about":[{"href":"https:\/\/people.unica.it\/idem\/wp-json\/wp\/v2\/types\/page"}],"author":[{"embeddable":true,"href":"https:\/\/people.unica.it\/idem\/wp-json\/wp\/v2\/users\/50"}],"replies":[{"embeddable":true,"href":"https:\/\/people.unica.it\/idem\/wp-json\/wp\/v2\/comments?post=611"}],"version-history":[{"count":7,"href":"https:\/\/people.unica.it\/idem\/wp-json\/wp\/v2\/pages\/611\/revisions"}],"predecessor-version":[{"id":672,"href":"https:\/\/people.unica.it\/idem\/wp-json\/wp\/v2\/pages\/611\/revisions\/672"}],"wp:attachment":[{"href":"https:\/\/people.unica.it\/idem\/wp-json\/wp\/v2\/media?parent=611"}],"curies":[{"name":"wp","href":"https:\/\/api.w.org\/{rel}","templated":true}]}}