{"id":307,"date":"2014-04-14T17:34:51","date_gmt":"2014-04-14T16:34:51","guid":{"rendered":"http:\/\/people.unica.it\/idem\/?page_id=307"},"modified":"2018-12-13T16:29:54","modified_gmt":"2018-12-13T15:29:54","slug":"howto","status":"publish","type":"page","link":"https:\/\/people.unica.it\/idem\/howto\/","title":{"rendered":"IDEM Howto"},"content":{"rendered":"<p align=\"left\"><span style=\"font-family: Ubuntu\"><span style=\"font-size: medium\">Il download di una pubblicazione (purch\u00e9 sottoscritta dal Servizio Bibliotecario di Ateneo, ovviamente) mediante autenticazione federata ad una bd bibliografica dall\u2019esterno della rete di Ateneo pu\u00f2 avvenire in tre modi:<\/span><\/span><\/p>\n<ul>\n<li>\n<p align=\"left\"><span style=\"font-family: Ubuntu\"><span style=\"font-size: medium\">accedendo alla bd e poi cercando la pubblicazione<\/span><\/span><\/p>\n<\/li>\n<li>\n<p align=\"left\"><span style=\"font-family: Ubuntu\"><span style=\"font-size: medium\">accedendo al sito SBA e cercando da quello<\/span><\/span><\/p>\n<\/li>\n<li>\n<p align=\"left\"><span style=\"font-family: Ubuntu\"><span style=\"font-size: medium\">accedendo direttamente alla pubblicazione di cui si conosce gi\u00e0 la url<\/span><\/span><\/p>\n<\/li>\n<\/ul>\n<p align=\"left\"><span style=\"font-family: Ubuntu\"><span style=\"font-size: medium\">D\u2019ora in poi, ma giusto a titolo di esempio, si utilizzer\u00e0 Scopus come banca dati e la seguente pubblicazione (sicuramente sottoscritta da SBA):<\/span><\/span><\/p>\n<p align=\"left\"><em><span style=\"font-family: Ubuntu\">The unbearable heaviness of leadership: The effects of competency, negatives, and experience on women&#8217;s aspirations to leadership <\/span><\/em><span style=\"font-family: Ubuntu\"><span style=\"font-size: small\">(S\u00e1nchez, C.M., Lehnert, K. Seidman College of Business, Grand Valley State University, 50 Front Ave. SW, Grand Rapids, MI 49504-6424, United States)<\/span><\/span><\/p>\n<ul>\n<li>\n<p align=\"left\"><span style=\"font-family: Ubuntu\"><span style=\"font-size: medium\">Nel primo caso, occorre passare dalla pagina del servizio IDEM dell\u2019Universit\u00e0 di Cagliari: <a href=\"http:\/\/people.unica.it\/idem\/servizi-idem\">http:\/\/people.unica.it\/idem\/servizi-idem<\/a> e quindi cercare nell\u2019elenco alfabetico la bd desiderata; nel caso particolare, la url sulla pagina IDEM di UniCA \u00e8 \u201cwayfless\u201d, cio\u00e8 dirige direttamente all\u2019Identity Provider dell\u2019Universit\u00e0 di Cagliari dove occorre autenticarsi con le proprie credenziali di Esse3, se studenti, di u-gov se docenti e personale TAB. <\/span><\/span><\/p>\n<p align=\"left\"><span style=\"font-family: Ubuntu\"><span style=\"font-size: medium\">Nel caso illustrato in fig. 1 sono state selezionate le due checkbox \u201cnon ricordare l\u2019accesso\u201d e \u201crimuovi l\u2019autorizzazione &#8230;\u201d al solo fine di poter ripetere il processo di autenticazione ex novo tutte le volte, ma non \u00e8 strettamente indispensabile; allo stesso modo in fig. 2 si \u00e8 scelto di obbligare lo \u201cU-Approve\u201d a richiedere il consenso al rilascio degli attributi ad ogni accesso.<\/span><\/span><\/p>\n<p><span style=\"font-family: Ubuntu\">Dopo l\u2019autenticazione ed il consenso al rilascio degli attributi, si \u00e8 rediretti alla pagina di ricerca di Scopus, in cui si dovr\u00e0 scrivere il titolo della pubblicazione cercata (o parte di esso, o i nomi degli autori, o il DOI, \u2026); selezionando il testo cercato nella lista dei risultati, si arriver\u00e0 ad una pagina in cui \u00e8 possibile il download del full text (fig 3): se la pubblicazione fa parte di quelle sottoscritte dall\u2019Ateneo, sar\u00e0 ora possibile scaricarla.<\/span><\/li>\n<\/ul>\n<p><span style=\"font-family: Ubuntu\">Fig. 1 (cliccare sull&#8217;immagine per ingrandirla)<br \/>\n<\/span><\/p>\n<p align=\"left\"><a href=\"http:\/\/people.unica.it\/idem\/files\/2018\/12\/Schermata-del-2018-11-14-12-50-40.png\" target=\"_blank\" rel=\"noopener\"><img loading=\"lazy\" decoding=\"async\" class=\"aligncenter wp-image-551 size-medium\" src=\"http:\/\/people.unica.it\/idem\/files\/2018\/12\/Schermata-del-2018-11-14-12-50-40-178x300.png\" alt=\"\" width=\"178\" height=\"300\" srcset=\"https:\/\/people.unica.it\/idem\/files\/2018\/12\/Schermata-del-2018-11-14-12-50-40-178x300.png 178w, https:\/\/people.unica.it\/idem\/files\/2018\/12\/Schermata-del-2018-11-14-12-50-40-100x168.png 100w, https:\/\/people.unica.it\/idem\/files\/2018\/12\/Schermata-del-2018-11-14-12-50-40.png 498w\" sizes=\"auto, (max-width: 178px) 100vw, 178px\" \/><\/a><\/p>\n<p><span style=\"font-family: Ubuntu\">Fig. 2 (cliccare sull&#8217;immagine per ingrandirla)<\/span><\/p>\n<p><a href=\"http:\/\/people.unica.it\/idem\/files\/2018\/12\/Schermata-del-2018-11-14-13-14-36.png\"><img loading=\"lazy\" decoding=\"async\" class=\"size-medium wp-image-552 aligncenter\" src=\"http:\/\/people.unica.it\/idem\/files\/2018\/12\/Schermata-del-2018-11-14-13-14-36-228x300.png\" alt=\"\" width=\"228\" height=\"300\" srcset=\"https:\/\/people.unica.it\/idem\/files\/2018\/12\/Schermata-del-2018-11-14-13-14-36-228x300.png 228w, https:\/\/people.unica.it\/idem\/files\/2018\/12\/Schermata-del-2018-11-14-13-14-36-100x131.png 100w, https:\/\/people.unica.it\/idem\/files\/2018\/12\/Schermata-del-2018-11-14-13-14-36.png 670w\" sizes=\"auto, (max-width: 228px) 100vw, 228px\" \/><\/a><\/p>\n<p align=\"left\"><span style=\"font-family: Ubuntu\"><span style=\"font-size: medium\">Fig 3 (cliccare sull&#8217;immagine per ingrandirla)<\/span><\/span><\/p>\n<p align=\"left\"><a href=\"http:\/\/people.unica.it\/idem\/files\/2018\/12\/Schermata-del-2018-11-14-13-19-51.png\" target=\"_blank\" rel=\"noopener\"><img loading=\"lazy\" decoding=\"async\" class=\"aligncenter wp-image-553\" src=\"http:\/\/people.unica.it\/idem\/files\/2018\/12\/Schermata-del-2018-11-14-13-19-51-300x83.png\" alt=\"\" width=\"437\" height=\"121\" srcset=\"https:\/\/people.unica.it\/idem\/files\/2018\/12\/Schermata-del-2018-11-14-13-19-51-300x83.png 300w, https:\/\/people.unica.it\/idem\/files\/2018\/12\/Schermata-del-2018-11-14-13-19-51-768x212.png 768w, https:\/\/people.unica.it\/idem\/files\/2018\/12\/Schermata-del-2018-11-14-13-19-51-1024x283.png 1024w, https:\/\/people.unica.it\/idem\/files\/2018\/12\/Schermata-del-2018-11-14-13-19-51-100x28.png 100w, https:\/\/people.unica.it\/idem\/files\/2018\/12\/Schermata-del-2018-11-14-13-19-51-1184x327.png 1184w, https:\/\/people.unica.it\/idem\/files\/2018\/12\/Schermata-del-2018-11-14-13-19-51.png 1367w\" sizes=\"auto, (max-width: 437px) 100vw, 437px\" \/><\/a><\/p>\n<ul>\n<li>\n<p align=\"left\"><span style=\"font-family: Ubuntu\"><span style=\"font-size: medium\">Nel secondo caso, <\/span><\/span><span style=\"font-family: Ubuntu\"><span style=\"font-size: medium\">dopo l\u2019accesso <\/span><\/span><span style=\"font-family: Ubuntu\"><span style=\"font-size: medium\">a<\/span><\/span><span style=\"font-family: Ubuntu\"><span style=\"font-size: medium\"><a href=\"https:\/\/www.unica.it\/unica\/it\/sba.page\" target=\"_blank\" rel=\"noopener\"> SBA<\/a>, <\/span><\/span><span style=\"font-family: Ubuntu Mono\"><span style=\"font-size: medium\">c<\/span><\/span><span style=\"font-family: Ubuntu\"><span style=\"font-size: medium\">liccando sul tasto \u201cUNICASEARCH\u201d e quindi inserendo nella textbox di ricerca il titolo della pubblicazione cercata, si arriver\u00e0 &#8211; sotto la voce \u201cServizi disponibili\u201d &#8211; all\u2019elenco delle banche dati su cui \u00e8 possibile scaricarla (figg. 4 e 5); scelta la bd (fig. 6: si sceglier\u00e0 Scopus in analogia a quanto fatto al punto precedente), occorrer\u00e0 autenticarsi per poter scaricare (fi<\/span><\/span><span style=\"font-family: Ubuntu\"><span style=\"font-size: medium\">g<\/span><\/span><span style=\"font-family: Ubuntu\"><span style=\"font-size: medium\">. 7).<br \/>\nCliccando su \u201cLOGIN\u201d bisogner\u00e0 scegliere il link \u201cOther Institution Login\u201d che condurr\u00e0 al WAYF dell\u2019editore (fig<\/span><\/span><span style=\"font-family: Ubuntu\"><span style=\"font-size: medium\">g<\/span><\/span><span style=\"font-family: Ubuntu\"><span style=\"font-size: medium\">. <\/span><\/span><span style=\"font-family: Ubuntu\"><span style=\"font-size: medium\">8 e<\/span><\/span> <span style=\"font-family: Ubuntu\"><span style=\"font-size: medium\">9<\/span><\/span><span style=\"font-family: Ubuntu\"><span style=\"font-size: medium\">); su questo occorrer\u00e0 cercare Cagliari e, dopo averlo selezionato, autenticarsi contro l\u2019IdP UniCA (con le stesse modalit\u00e0 illustrate al punto precedente, figg. 1 e 2<\/span><\/span><span style=\"font-family: Ubuntu\"><span style=\"font-size: medium\">)<\/span><\/span><span style=\"font-family: Ubuntu\"><span style=\"font-size: medium\">.<\/span><\/span><\/p>\n<\/li>\n<\/ul>\n<p><span style=\"font-family: Ubuntu\">Fig 4 (cliccare sull&#8217;immagine per ingrandirla)<\/span><\/p>\n<p><a href=\"http:\/\/people.unica.it\/idem\/files\/2018\/12\/Schermata-del-2018-11-14-13-32-59.png\" target=\"_blank\" rel=\"noopener\"><img loading=\"lazy\" decoding=\"async\" class=\"aligncenter wp-image-554 size-medium\" src=\"http:\/\/people.unica.it\/idem\/files\/2018\/12\/Schermata-del-2018-11-14-13-32-59-300x106.png\" alt=\"\" width=\"300\" height=\"106\" srcset=\"https:\/\/people.unica.it\/idem\/files\/2018\/12\/Schermata-del-2018-11-14-13-32-59-300x106.png 300w, https:\/\/people.unica.it\/idem\/files\/2018\/12\/Schermata-del-2018-11-14-13-32-59-768x270.png 768w, https:\/\/people.unica.it\/idem\/files\/2018\/12\/Schermata-del-2018-11-14-13-32-59-100x35.png 100w, https:\/\/people.unica.it\/idem\/files\/2018\/12\/Schermata-del-2018-11-14-13-32-59.png 907w\" sizes=\"auto, (max-width: 300px) 100vw, 300px\" \/><\/a><\/p>\n<p><span style=\"font-family: Ubuntu\">Fig 5 (cliccare sull&#8217;immagine per ingrandirla)<\/span><\/p>\n<p><a href=\"http:\/\/people.unica.it\/idem\/files\/2018\/12\/Schermata-del-2018-11-14-13-33-24.png\"><img loading=\"lazy\" decoding=\"async\" class=\"size-medium wp-image-555 aligncenter\" src=\"http:\/\/people.unica.it\/idem\/files\/2018\/12\/Schermata-del-2018-11-14-13-33-24-300x105.png\" alt=\"\" width=\"300\" height=\"105\" srcset=\"https:\/\/people.unica.it\/idem\/files\/2018\/12\/Schermata-del-2018-11-14-13-33-24-300x105.png 300w, https:\/\/people.unica.it\/idem\/files\/2018\/12\/Schermata-del-2018-11-14-13-33-24-768x269.png 768w, https:\/\/people.unica.it\/idem\/files\/2018\/12\/Schermata-del-2018-11-14-13-33-24-100x35.png 100w, https:\/\/people.unica.it\/idem\/files\/2018\/12\/Schermata-del-2018-11-14-13-33-24.png 784w\" sizes=\"auto, (max-width: 300px) 100vw, 300px\" \/><\/a><\/p>\n<p><span style=\"font-family: Ubuntu\">Fig 6 (cliccare sull&#8217;immagine per ingrandirla)<\/span><\/p>\n<p><a href=\"http:\/\/people.unica.it\/idem\/files\/2018\/12\/Schermata-del-2018-11-14-13-36-42.png\" target=\"_blank\" rel=\"noopener\"><img loading=\"lazy\" decoding=\"async\" class=\"aligncenter wp-image-556 size-medium\" src=\"http:\/\/people.unica.it\/idem\/files\/2018\/12\/Schermata-del-2018-11-14-13-36-42-300x197.png\" alt=\"\" width=\"300\" height=\"197\" srcset=\"https:\/\/people.unica.it\/idem\/files\/2018\/12\/Schermata-del-2018-11-14-13-36-42-300x197.png 300w, https:\/\/people.unica.it\/idem\/files\/2018\/12\/Schermata-del-2018-11-14-13-36-42-100x66.png 100w, https:\/\/people.unica.it\/idem\/files\/2018\/12\/Schermata-del-2018-11-14-13-36-42.png 462w\" sizes=\"auto, (max-width: 300px) 100vw, 300px\" \/><\/a><span style=\"font-family: Ubuntu\">Fig 7 (cliccare sull&#8217;immagine per ingrandirla)<\/span><\/p>\n<p><a href=\"http:\/\/people.unica.it\/idem\/files\/2018\/12\/Schermata-del-2018-11-14-13-39-27.png\" target=\"_blank\" rel=\"noopener\"><img loading=\"lazy\" decoding=\"async\" class=\"aligncenter wp-image-557 size-medium\" src=\"http:\/\/people.unica.it\/idem\/files\/2018\/12\/Schermata-del-2018-11-14-13-39-27-300x137.png\" alt=\"\" width=\"300\" height=\"137\" srcset=\"https:\/\/people.unica.it\/idem\/files\/2018\/12\/Schermata-del-2018-11-14-13-39-27-300x137.png 300w, https:\/\/people.unica.it\/idem\/files\/2018\/12\/Schermata-del-2018-11-14-13-39-27-768x352.png 768w, https:\/\/people.unica.it\/idem\/files\/2018\/12\/Schermata-del-2018-11-14-13-39-27-1024x469.png 1024w, https:\/\/people.unica.it\/idem\/files\/2018\/12\/Schermata-del-2018-11-14-13-39-27-100x46.png 100w, https:\/\/people.unica.it\/idem\/files\/2018\/12\/Schermata-del-2018-11-14-13-39-27-1184x542.png 1184w, https:\/\/people.unica.it\/idem\/files\/2018\/12\/Schermata-del-2018-11-14-13-39-27.png 1844w\" sizes=\"auto, (max-width: 300px) 100vw, 300px\" \/><\/a><\/p>\n<p><span style=\"font-family: Ubuntu\">Fig 8 (cliccare sull&#8217;immagine per ingrandirla)<\/span><\/p>\n<p><a href=\"http:\/\/people.unica.it\/idem\/files\/2018\/12\/Schermata-del-2018-11-14-13-41-44.png\" target=\"_blank\" rel=\"noopener\"><img loading=\"lazy\" decoding=\"async\" class=\"aligncenter wp-image-558 size-medium\" src=\"http:\/\/people.unica.it\/idem\/files\/2018\/12\/Schermata-del-2018-11-14-13-41-44-300x140.png\" alt=\"\" width=\"300\" height=\"140\" srcset=\"https:\/\/people.unica.it\/idem\/files\/2018\/12\/Schermata-del-2018-11-14-13-41-44-300x140.png 300w, https:\/\/people.unica.it\/idem\/files\/2018\/12\/Schermata-del-2018-11-14-13-41-44-100x47.png 100w, https:\/\/people.unica.it\/idem\/files\/2018\/12\/Schermata-del-2018-11-14-13-41-44.png 686w\" sizes=\"auto, (max-width: 300px) 100vw, 300px\" \/><\/a><\/p>\n<p><span style=\"font-family: Ubuntu\">Fig 9 (cliccare sull&#8217;immagine per ingrandirla)<\/span><\/p>\n<p><a href=\"http:\/\/people.unica.it\/idem\/files\/2018\/12\/Schermata-del-2018-11-14-13-45-05.png\" target=\"_blank\" rel=\"noopener\"><img loading=\"lazy\" decoding=\"async\" class=\"aligncenter wp-image-559 size-medium\" src=\"http:\/\/people.unica.it\/idem\/files\/2018\/12\/Schermata-del-2018-11-14-13-45-05-300x227.png\" alt=\"\" width=\"300\" height=\"227\" srcset=\"https:\/\/people.unica.it\/idem\/files\/2018\/12\/Schermata-del-2018-11-14-13-45-05-300x227.png 300w, https:\/\/people.unica.it\/idem\/files\/2018\/12\/Schermata-del-2018-11-14-13-45-05-768x582.png 768w, https:\/\/people.unica.it\/idem\/files\/2018\/12\/Schermata-del-2018-11-14-13-45-05-100x76.png 100w, https:\/\/people.unica.it\/idem\/files\/2018\/12\/Schermata-del-2018-11-14-13-45-05.png 825w\" sizes=\"auto, (max-width: 300px) 100vw, 300px\" \/><\/a><\/p>\n<p style=\"text-align: left\" align=\"left\"><span style=\"font-family: Ubuntu\"><span style=\"font-size: medium\"><b>Nota bene: <\/b>nell\u2019elenco delle banche dati pubblicato sul sito SBA, le b.d. accessibili via autenticazione federata sono contrassegnate con il logo di IDEM-GARR:<a href=\"http:\/\/people.unica.it\/idem\/files\/2009\/10\/IDEM_logo_0.png\"><img loading=\"lazy\" decoding=\"async\" class=\"wp-image-408 alignleft\" src=\"http:\/\/people.unica.it\/idem\/files\/2009\/10\/IDEM_logo_0-300x225.png\" alt=\"\" width=\"61\" height=\"46\" srcset=\"https:\/\/people.unica.it\/idem\/files\/2009\/10\/IDEM_logo_0-300x225.png 300w, https:\/\/people.unica.it\/idem\/files\/2009\/10\/IDEM_logo_0.png 400w\" sizes=\"auto, (max-width: 61px) 100vw, 61px\" \/><\/a><\/span><\/span><\/p>\n<p align=\"left\"><span style=\"font-family: Ubuntu\"><span style=\"font-size: medium\">\u00a0<\/span><\/span><\/p>\n<ul>\n<li>\n<p align=\"left\"><span style=\"font-family: Ubuntu\"><span style=\"font-size: medium\">N<\/span><\/span><span style=\"font-family: Ubuntu\"><span style=\"font-size: medium\">el <\/span><\/span><span style=\"font-family: Ubuntu\"><span style=\"font-size: medium\">terzo<\/span><\/span><span style=\"font-family: Ubuntu\"><span style=\"font-size: medium\"> caso, <\/span><\/span><span style=\"font-family: Ubuntu\"><span style=\"font-size: medium\">conoscendo direttamente la url del documento\u00a0 (qui, per la stessa pubblicazione degli altri due casi, si usa <\/span><\/span><\/p>\n<p align=\"left\"><a name=\"LPNoLP564649\"><\/a> <a href=\"https:\/\/www.scopus.com\/record\/display.uri?eid=2-s2.0-85055017567&amp;origin=resultslist&amp;sort=plf-f&amp;src=s&amp;st1=Leadership&amp;st2=&amp;sid=8ec9cdc226694f6b3cd495afe6780c80&amp;sot=b&amp;sdt=b&amp;sl=25&amp;s=TITLE-ABS-KEY%28Leadership%29&amp;relpos=2&amp;citeCnt=0&amp;searchTerm\"><span style=\"font-family: Ubuntu\"><span style=\"font-size: medium\">https:\/\/www.scopus.com\/record\/display.uri?eid=2-s2.0-85055017567&amp;origin=resultslist&amp;sort=plf-f&amp;src=s&amp;st1=Leadership&amp;st2=&amp;sid=8ec9cdc226694f6b3cd495afe6780c80&amp;sot=b&amp;sdt=b&amp;sl=25&amp;s=TITLE-ABS-KEY%28Leadership%29&amp;relpos=2&amp;citeCnt=0&amp;searchTerm<\/span><\/span><\/a><span style=\"color: #000000\"><span style=\"font-family: Ubuntu\"><span style=\"font-size: medium\">= <\/span><\/span><\/span><\/p>\n<p align=\"left\"><span style=\"font-family: Ubuntu\"><span style=\"font-size: medium\"><span style=\"color: #000000\">ottenuto, per esempio, via e-mail da un collega o da un docente), conviene <span style=\"text-decoration: underline\">accedere per prima cosa alla pagina di ricerca della bd<\/span> (nel caso particolare: <\/span><a href=\"http:\/\/www.scopus.com\/\">http:\/\/www.scopus.com<\/a><span style=\"color: #000000\">) ed autenticarsi come nelle figg. <\/span><span style=\"color: #000000\">8, 9, 1 e 2 e <span style=\"text-decoration: underline\">quindi in una nuova scheda del browser accedere direttam<\/span><\/span><span style=\"text-decoration: underline\"><span style=\"color: #000000;text-decoration: underline\">e<\/span><\/span><span style=\"color: #000000\"><span style=\"text-decoration: underline\">nte alla url<\/span> in maniera da arrivarvi dopo essere stati autenticati e poter subito scaricare il documento.<\/span><\/span><\/span><\/p>\n<\/li>\n<\/ul>\n<p>&nbsp;<\/p>\n<p><span style=\"font-family: Ubuntu\">Le istruzioni riportate in queste pagine, sono anche scaricabili in formato pdf da <a href=\"http:\/\/people.unica.it\/idem\/files\/2018\/12\/IDEM_howto.pdf\" target=\"_blank\" rel=\"noopener\">qui<\/a>.<\/span><\/p>\n","protected":false},"excerpt":{"rendered":"<p>Il download di una pubblicazione (purch\u00e9 sottoscritta dal Servizio Bibliotecario di Ateneo, ovviamente) mediante autenticazione federata ad una bd bibliografica dall\u2019esterno della rete di Ateneo pu\u00f2 avvenire in tre modi: accedendo alla bd e poi cercando la pubblicazione accedendo al sito SBA e cercando da quello accedendo direttamente alla pubblicazione di cui si conosce gi\u00e0 la url D\u2019ora in poi, &#8230; <a href=\"https:\/\/people.unica.it\/idem\/howto\/\" class=\"more-link\">Read More<\/a><\/p>\n","protected":false},"author":50,"featured_media":0,"parent":0,"menu_order":0,"comment_status":"closed","ping_status":"closed","template":"","meta":{"footnotes":""},"class_list":["post-307","page","type-page","status-publish","hentry","no-post-thumbnail"],"_links":{"self":[{"href":"https:\/\/people.unica.it\/idem\/wp-json\/wp\/v2\/pages\/307","targetHints":{"allow":["GET"]}}],"collection":[{"href":"https:\/\/people.unica.it\/idem\/wp-json\/wp\/v2\/pages"}],"about":[{"href":"https:\/\/people.unica.it\/idem\/wp-json\/wp\/v2\/types\/page"}],"author":[{"embeddable":true,"href":"https:\/\/people.unica.it\/idem\/wp-json\/wp\/v2\/users\/50"}],"replies":[{"embeddable":true,"href":"https:\/\/people.unica.it\/idem\/wp-json\/wp\/v2\/comments?post=307"}],"version-history":[{"count":8,"href":"https:\/\/people.unica.it\/idem\/wp-json\/wp\/v2\/pages\/307\/revisions"}],"predecessor-version":[{"id":309,"href":"https:\/\/people.unica.it\/idem\/wp-json\/wp\/v2\/pages\/307\/revisions\/309"}],"wp:attachment":[{"href":"https:\/\/people.unica.it\/idem\/wp-json\/wp\/v2\/media?parent=307"}],"curies":[{"name":"wp","href":"https:\/\/api.w.org\/{rel}","templated":true}]}}