{"id":231,"date":"2013-10-17T12:25:21","date_gmt":"2013-10-17T11:25:21","guid":{"rendered":"http:\/\/people.unica.it\/idem\/?page_id=231"},"modified":"2018-12-06T11:37:07","modified_gmt":"2018-12-06T10:37:07","slug":"studenti","status":"publish","type":"page","link":"https:\/\/people.unica.it\/idem\/studenti\/","title":{"rendered":"Studenti"},"content":{"rendered":"<p>L&#8217;accesso degli studenti alle risorse bibliografiche dall&#8217;esterno della rete di Ateneo avviene per autenticazione federata; lo studente pertanto dovr\u00e0:<\/p>\n<ul>\n<li>accedere via browser alla risorsa desiderata (direttamente, tramite il sito del Servizio Biliotecario di Ateneo o tramite la <a title=\"servizi-idem\" href=\"http:\/\/people.unica.it\/idem\/servizi-idem\/\" target=\"_blank\" rel=\"noopener\">pagina dedicata<\/a> in questo sito);<\/li>\n<li>cercare nella pagina dell&#8217;editore il collegamento all&#8217;accesso federato (solitamente indicato come &#8220;Institutional Login&#8221; o &#8220;Shibboleth Login&#8221;) o in alternativa passare dalla pagina &#8220;<a href=\"http:\/\/people.unica.it\/idem\/servizi-idem\/\" target=\"_blank\" rel=\"noopener\">Servizi IDEM<\/a>&#8221; di questo blog e da essa accedere direttamente alla risorsa;<\/li>\n<li>selezionare nel WAYF della pagina di accesso federato dapprima la propria Federazione (IDEM),\u00a0 quindi il proprio Ateneo (alcuni SP hanno anche la funzione &#8220;trova&#8221;): si verr\u00e0 rediretti alla pagina di login del server Shibboleth dell&#8217;Universit\u00e0 di Cagliari;<\/li>\n<li>qui, inserire le proprie credenziali di Esse3, userID ed userPassword, senza specificare il dominio nella userID.<\/li>\n<li>Se l&#8217;autenticazione andr\u00e0 a buon fine, si verr\u00e0 rediretti alla pagina della risorsa che presenter\u00e0 (di solito) una dicitura del tipo &#8220;Brought to you by Universit\u00e0 degli Studi di Cagliari&#8221;; in mancanza di essa, prova dell&#8217;avvenuta autenticazione sar\u00e0 la possibilit\u00e0 di scaricare gli articoli delle riviste per cui l&#8217;Ateneo ha in essere una sottoscrizione.<\/li>\n<\/ul>\n<p>Infine, si consideri che:<\/p>\n<ul>\n<li>Destinatari del servizio sono tutti gli studenti in corso ed in regola con le tasse e gli studenti iscritti a corsi singoli ed in regola con le tasse (il criterio \u00e8 lo stesso che permette l&#8217;accesso al wifi);<\/li>\n<li>Non esiste altro modo di fare logout se non quello di terminare la sessione del browser (qualche SP, tuttavia, ha un link per la logout); si suggerisce di impostare il browser a cancellare i cookies alla chiusura (la cancellazione di cache e cookies all&#8217;uscita dal browser \u00e8 oltretutto un&#8217;elementare misura di sicurezza, per quanto estremamente blanda);<\/li>\n<li><strong>solo in caso di problemi di accesso <\/strong>\u00e8 a disposizione la casella di posta elettronica idem-help-studenti@unica.it; \u00a0 per problemi di natura bibliotecaria, si consiglia di rivolgersi alla propria biblioteca o al SBA.<\/li>\n<\/ul>\n<p>&nbsp;<\/p>\n","protected":false},"excerpt":{"rendered":"<p>L&#8217;accesso degli studenti alle risorse bibliografiche dall&#8217;esterno della rete di Ateneo avviene per autenticazione federata; lo studente pertanto dovr\u00e0: accedere via browser alla risorsa desiderata (direttamente, tramite il sito del Servizio Biliotecario di Ateneo o tramite la pagina dedicata in questo sito); cercare nella pagina dell&#8217;editore il collegamento all&#8217;accesso federato (solitamente indicato come &#8220;Institutional Login&#8221; o &#8220;Shibboleth Login&#8221;) o in &#8230; <a href=\"https:\/\/people.unica.it\/idem\/studenti\/\" class=\"more-link\">Read More<\/a><\/p>\n","protected":false},"author":50,"featured_media":0,"parent":0,"menu_order":0,"comment_status":"closed","ping_status":"closed","template":"","meta":{"footnotes":""},"class_list":["post-231","page","type-page","status-publish","hentry","no-post-thumbnail"],"_links":{"self":[{"href":"https:\/\/people.unica.it\/idem\/wp-json\/wp\/v2\/pages\/231","targetHints":{"allow":["GET"]}}],"collection":[{"href":"https:\/\/people.unica.it\/idem\/wp-json\/wp\/v2\/pages"}],"about":[{"href":"https:\/\/people.unica.it\/idem\/wp-json\/wp\/v2\/types\/page"}],"author":[{"embeddable":true,"href":"https:\/\/people.unica.it\/idem\/wp-json\/wp\/v2\/users\/50"}],"replies":[{"embeddable":true,"href":"https:\/\/people.unica.it\/idem\/wp-json\/wp\/v2\/comments?post=231"}],"version-history":[{"count":6,"href":"https:\/\/people.unica.it\/idem\/wp-json\/wp\/v2\/pages\/231\/revisions"}],"predecessor-version":[{"id":550,"href":"https:\/\/people.unica.it\/idem\/wp-json\/wp\/v2\/pages\/231\/revisions\/550"}],"wp:attachment":[{"href":"https:\/\/people.unica.it\/idem\/wp-json\/wp\/v2\/media?parent=231"}],"curies":[{"name":"wp","href":"https:\/\/api.w.org\/{rel}","templated":true}]}}