{"id":186,"date":"2012-11-12T15:17:02","date_gmt":"2012-11-12T14:17:02","guid":{"rendered":"http:\/\/people.unica.it\/idem\/?page_id=186"},"modified":"2018-12-13T17:07:43","modified_gmt":"2018-12-13T16:07:43","slug":"u-gov","status":"publish","type":"page","link":"https:\/\/people.unica.it\/idem\/u-gov\/","title":{"rendered":"U-GOV"},"content":{"rendered":"<p style=\"text-align: center\"><span style=\"color: #ff0000\">ISTRUZIONI PER IL PRIMO COLLEGAMENTO A U-GOV<\/span><\/p>\n<p style=\"text-align: center\"><span style=\"color: #000000\">(utenti provvisti di entitlement)<\/span><\/p>\n<ul>\n<li>collegarsi via browser a <a href=\"https:\/\/elearning.u-gov.it\" target=\"_blank\" rel=\"noopener\">https:\/\/elearning.u-gov.it<\/a> : in alto a destra, come da immagine, si vede lo status ed il link per il collegamento o la disconnessione; cliccare su &#8220;Login&#8221;<\/li>\n<\/ul>\n<p><a href=\"http:\/\/people.unica.it\/idem\/files\/2012\/11\/01.png\" target=\"_blank\" rel=\"noopener\"><img loading=\"lazy\" decoding=\"async\" class=\"alignnone\" src=\"http:\/\/people.unica.it\/idem\/files\/2012\/11\/01.png\" alt=\"pagina accesso u-gov\" width=\"573\" height=\"430\" \/><\/a><\/p>\n<p>&nbsp;<\/p>\n<ul>\n<li>Cliccare nel riquadro di destra sull&#8217;icona IDEM (la chiavetta verde che sorride) o sul link &#8220;Login attraverso IDEM&#8221;: si verr\u00e0 rediretti alla pagina del WAYF per la scelta dell&#8217;Ateneo:<\/li>\n<\/ul>\n<p><a href=\"http:\/\/people.unica.it\/idem\/files\/2012\/11\/02.png\" target=\"_blank\" rel=\"noopener\"><img loading=\"lazy\" decoding=\"async\" class=\"alignnone\" src=\"http:\/\/people.unica.it\/idem\/files\/2012\/11\/02.png\" alt=\"accesso u-gov 2 di 7\" width=\"573\" height=\"430\" \/><\/a><\/p>\n<p>&nbsp;<\/p>\n<p><a href=\"http:\/\/people.unica.it\/idem\/files\/2012\/11\/03.png\" target=\"_blank\" rel=\"noopener\"><img loading=\"lazy\" decoding=\"async\" src=\"http:\/\/people.unica.it\/idem\/files\/2012\/11\/03.png\" alt=\"accesso u-gov 3 di 7\" width=\"573\" height=\"430\" \/><\/a><\/p>\n<p>&nbsp;<\/p>\n<p><a href=\"http:\/\/people.unica.it\/idem\/files\/2012\/11\/04.png\" target=\"_blank\" rel=\"noopener\"><img loading=\"lazy\" decoding=\"async\" src=\"http:\/\/people.unica.it\/idem\/files\/2012\/11\/04.png\" alt=\"accesso u-gov 4 di 7\" width=\"573\" height=\"430\" \/><\/a><\/p>\n<p>&nbsp;<\/p>\n<ul>\n<li>Si sar\u00e0 rediretti all&#8217;interfaccia di login del server Shibboleth dell&#8217;Universit\u00e0 di Cagliari: <strong><span style=\"color: #ff0000\">le credenziali saranno quelle di Active Directory (u-gov)<\/span><\/strong><span style=\"color: #ff0000\"><strong> senza la parte di dominio.<\/strong><\/span><\/li>\n<\/ul>\n<p><a href=\"http:\/\/people.unica.it\/idem\/files\/2018\/12\/IdP_login_u-gov.png\"><img loading=\"lazy\" decoding=\"async\" class=\"alignnone wp-image-573 size-full\" src=\"http:\/\/people.unica.it\/idem\/files\/2018\/12\/IdP_login_u-gov.png\" alt=\"\" width=\"558\" height=\"751\" srcset=\"https:\/\/people.unica.it\/idem\/files\/2018\/12\/IdP_login_u-gov.png 558w, https:\/\/people.unica.it\/idem\/files\/2018\/12\/IdP_login_u-gov-223x300.png 223w, https:\/\/people.unica.it\/idem\/files\/2018\/12\/IdP_login_u-gov-100x135.png 100w\" sizes=\"auto, (max-width: 558px) 100vw, 558px\" \/><\/a><\/p>\n<p>&nbsp;<\/p>\n<ul>\n<li>ad esempio:<\/li>\n<\/ul>\n<p><a href=\"http:\/\/people.unica.it\/idem\/files\/2018\/12\/Idp_login_u-gov_1.png\"><img loading=\"lazy\" decoding=\"async\" class=\"alignnone size-full wp-image-572\" src=\"http:\/\/people.unica.it\/idem\/files\/2018\/12\/Idp_login_u-gov_1.png\" alt=\"\" width=\"483\" height=\"753\" srcset=\"https:\/\/people.unica.it\/idem\/files\/2018\/12\/Idp_login_u-gov_1.png 483w, https:\/\/people.unica.it\/idem\/files\/2018\/12\/Idp_login_u-gov_1-192x300.png 192w, https:\/\/people.unica.it\/idem\/files\/2018\/12\/Idp_login_u-gov_1-100x156.png 100w\" sizes=\"auto, (max-width: 483px) 100vw, 483px\" \/><\/a><\/p>\n<p>Si noti che non \u00e8 obbligatorio selezionare le due voci &#8220;Non ricordare l&#8217;accesso&#8221; e &#8220;Rimuovi l&#8217;autorizzazione &#8230;&#8221;. Il secondo pu\u00f2 essere utilizzato qualora si sia autorizzato il rilascio standard degli attributi (v. sotto) ma si voglia per qualsiasi ragione tornare alla richiesta.<\/p>\n<p>Una volta autenticati, verr\u00e0 proposto il cosiddetto &#8220;U-Approve&#8221;, che ci mostrer\u00e0 gli attributi che siamo in procinto di rilasciare al SP di CINECA; il default prevede che il sistema ricordi l&#8217;autorizzazione per il corrente set di attributi e la riproponga solo se il SP di CINECA ne dovesse richiedere di nuovi (radiobutton centrale); spuntando il primo radiobutton, il consenso al rilascio degli attributi sar\u00e0 comunque richiesto al successivo accesso mentre spuntando il terzo (cos\u00ec come cliccando sul tasto &#8220;Rifiuta&#8221;), nessun attributo sar\u00e0 rilasciato al SP di CINECA e di conseguenza non si potr\u00e0 utilizzare il servizio.<\/p>\n<p><a href=\"http:\/\/people.unica.it\/idem\/files\/2018\/12\/u-approve_u-gov.png\"><img loading=\"lazy\" decoding=\"async\" class=\"alignnone size-full wp-image-571\" src=\"http:\/\/people.unica.it\/idem\/files\/2018\/12\/u-approve_u-gov.png\" alt=\"\" width=\"632\" height=\"887\" srcset=\"https:\/\/people.unica.it\/idem\/files\/2018\/12\/u-approve_u-gov.png 632w, https:\/\/people.unica.it\/idem\/files\/2018\/12\/u-approve_u-gov-214x300.png 214w, https:\/\/people.unica.it\/idem\/files\/2018\/12\/u-approve_u-gov-100x140.png 100w\" sizes=\"auto, (max-width: 632px) 100vw, 632px\" \/><\/a><\/p>\n<p>Infine, qualora il profilo dell&#8217;utente non possegga gli entitlements relativi all&#8217;e-learning di u-gov (cio\u00e8 se si cerca di accedere senza averne fatta preventiva richiesta al servizio di autenticazione federata di UniCA, per esempio) si otterr\u00e0 l&#8217;errore qui sotto riportato. In tal caso si provveda a contattare il servizio di autenticazione federata di UniCA.<\/p>\n<p><a href=\"http:\/\/people.unica.it\/idem\/files\/2018\/12\/entitlement_error_u-gov.png\"><img loading=\"lazy\" decoding=\"async\" class=\"alignnone size-full wp-image-574\" src=\"http:\/\/people.unica.it\/idem\/files\/2018\/12\/entitlement_error_u-gov.png\" alt=\"\" width=\"514\" height=\"267\" srcset=\"https:\/\/people.unica.it\/idem\/files\/2018\/12\/entitlement_error_u-gov.png 514w, https:\/\/people.unica.it\/idem\/files\/2018\/12\/entitlement_error_u-gov-300x156.png 300w, https:\/\/people.unica.it\/idem\/files\/2018\/12\/entitlement_error_u-gov-100x52.png 100w\" sizes=\"auto, (max-width: 514px) 100vw, 514px\" \/><\/a><\/p>\n<ul>\n<li>Se l&#8217;autenticazione va a buon fine e se gli entitlement sono abilitati nel profilo ldap dell&#8217;utente, si verr\u00e0 riconosciuti per Common Name (nome e cognome, visualizzabile in alto a destra).<\/li>\n<\/ul>\n<p><a href=\"http:\/\/people.unica.it\/idem\/files\/2012\/11\/07.png\" target=\"_blank\" rel=\"noopener\"><img loading=\"lazy\" decoding=\"async\" src=\"http:\/\/people.unica.it\/idem\/files\/2012\/11\/07.png\" alt=\"accesso u-gov 7 di 7\" width=\"573\" height=\"430\" \/><\/a><\/p>\n<p>&nbsp;<\/p>\n<p>In caso di problemi di accesso o di problemi relativi alla parte di autenticazione Shibboleth, si prega di contattare il dott. Stefano Manfredda all&#8217;indirizzo idem-help AT unica.it o per telefono al 5020.<\/p>\n","protected":false},"excerpt":{"rendered":"<p>ISTRUZIONI PER IL PRIMO COLLEGAMENTO A U-GOV (utenti provvisti di entitlement) collegarsi via browser a https:\/\/elearning.u-gov.it : in alto a destra, come da immagine, si vede lo status ed il link per il collegamento o la disconnessione; cliccare su &#8220;Login&#8221; &nbsp; Cliccare nel riquadro di destra sull&#8217;icona IDEM (la chiavetta verde che sorride) o sul link &#8220;Login attraverso IDEM&#8221;: si &#8230; <a href=\"https:\/\/people.unica.it\/idem\/u-gov\/\" class=\"more-link\">Read More<\/a><\/p>\n","protected":false},"author":50,"featured_media":0,"parent":0,"menu_order":0,"comment_status":"closed","ping_status":"closed","template":"","meta":{"footnotes":""},"class_list":["post-186","page","type-page","status-publish","hentry","no-post-thumbnail"],"_links":{"self":[{"href":"https:\/\/people.unica.it\/idem\/wp-json\/wp\/v2\/pages\/186","targetHints":{"allow":["GET"]}}],"collection":[{"href":"https:\/\/people.unica.it\/idem\/wp-json\/wp\/v2\/pages"}],"about":[{"href":"https:\/\/people.unica.it\/idem\/wp-json\/wp\/v2\/types\/page"}],"author":[{"embeddable":true,"href":"https:\/\/people.unica.it\/idem\/wp-json\/wp\/v2\/users\/50"}],"replies":[{"embeddable":true,"href":"https:\/\/people.unica.it\/idem\/wp-json\/wp\/v2\/comments?post=186"}],"version-history":[{"count":14,"href":"https:\/\/people.unica.it\/idem\/wp-json\/wp\/v2\/pages\/186\/revisions"}],"predecessor-version":[{"id":577,"href":"https:\/\/people.unica.it\/idem\/wp-json\/wp\/v2\/pages\/186\/revisions\/577"}],"wp:attachment":[{"href":"https:\/\/people.unica.it\/idem\/wp-json\/wp\/v2\/media?parent=186"}],"curies":[{"name":"wp","href":"https:\/\/api.w.org\/{rel}","templated":true}]}}