{"id":646,"date":"2012-11-17T19:15:35","date_gmt":"2012-11-17T19:15:35","guid":{"rendered":"http:\/\/people.unica.it\/hotelmanagement\/?page_id=646"},"modified":"2012-11-17T19:57:09","modified_gmt":"2012-11-17T19:57:09","slug":"valutazione","status":"publish","type":"page","link":"https:\/\/people.unica.it\/hotelmanagement\/valutazione\/","title":{"rendered":"Valutazione della didattica"},"content":{"rendered":"<p>La valutazione della didattica \u00e8 una parte fondamentale del Master ed un diritto degli studenti. La valutazione \u00e8 rigorosamente <strong>anonima<\/strong> ed aiuta a migliorare la qualit\u00e0 della didattica.<\/p>\n<p>Per effettuare la valutazione dei singoli docenti si veda <a href=\"https:\/\/unica.esse3.cineca.it\/Home.do\">qui<\/a>. Occorre effettuare il login tramite username e password utilizzate al momento dell&#8217;immatricolazione.<\/p>\n<p>Le istruzioni su come funziona il processo di valutazione sono disponibili <a title=\"Guida Valutazione della didattica\" href=\"http:\/\/www.unica.it\/UserFiles\/File\/Utenti\/gmelis\/GuidaStudentiQuestionariValutazioneIscrizioneAppelli.pdf\">qui<\/a>.<\/p>\n<p>&nbsp;<\/p>","protected":false},"excerpt":{"rendered":"<p>La valutazione della didattica \u00e8 una parte fondamentale del Master ed un diritto degli studenti. La valutazione \u00e8 rigorosamente anonima ed aiuta a migliorare la qualit\u00e0 della didattica. Per effettuare la valutazione dei singoli docenti si veda qui. Occorre effettuare il login tramite username e password utilizzate al momento dell&#8217;immatricolazione. Le istruzioni su come funziona <a href='https:\/\/people.unica.it\/hotelmanagement\/valutazione\/' class='excerpt-more'>[&#8230;]<\/a><\/p>\n","protected":false},"author":252,"featured_media":0,"parent":0,"menu_order":0,"comment_status":"closed","ping_status":"closed","template":"","meta":{"footnotes":""},"class_list":["post-646","page","type-page","status-publish","hentry","post-seq-1","post-parity-odd","meta-position-corners","fix"],"publishpress_future_action":{"enabled":false,"date":"2026-04-13 11:11:44","action":"Draft","newStatus":"draft","terms":[],"taxonomy":"","extraData":[]},"publishpress_future_workflow_manual_trigger":{"enabledWorkflows":[]},"_links":{"self":[{"href":"https:\/\/people.unica.it\/hotelmanagement\/wp-json\/wp\/v2\/pages\/646","targetHints":{"allow":["GET"]}}],"collection":[{"href":"https:\/\/people.unica.it\/hotelmanagement\/wp-json\/wp\/v2\/pages"}],"about":[{"href":"https:\/\/people.unica.it\/hotelmanagement\/wp-json\/wp\/v2\/types\/page"}],"author":[{"embeddable":true,"href":"https:\/\/people.unica.it\/hotelmanagement\/wp-json\/wp\/v2\/users\/252"}],"replies":[{"embeddable":true,"href":"https:\/\/people.unica.it\/hotelmanagement\/wp-json\/wp\/v2\/comments?post=646"}],"version-history":[{"count":7,"href":"https:\/\/people.unica.it\/hotelmanagement\/wp-json\/wp\/v2\/pages\/646\/revisions"}],"predecessor-version":[{"id":655,"href":"https:\/\/people.unica.it\/hotelmanagement\/wp-json\/wp\/v2\/pages\/646\/revisions\/655"}],"wp:attachment":[{"href":"https:\/\/people.unica.it\/hotelmanagement\/wp-json\/wp\/v2\/media?parent=646"}],"curies":[{"name":"wp","href":"https:\/\/api.w.org\/{rel}","templated":true}]}}