{"id":620,"date":"2012-11-13T19:24:07","date_gmt":"2012-11-13T19:24:07","guid":{"rendered":"http:\/\/people.unica.it\/hotelmanagement\/?page_id=620"},"modified":"2012-11-13T19:28:10","modified_gmt":"2012-11-13T19:28:10","slug":"fabio-vigitello","status":"publish","type":"page","link":"https:\/\/people.unica.it\/hotelmanagement\/docenti\/professionisti\/fabio-vigitello\/","title":{"rendered":"Fabio Vigitello, General Manager Hotel Principi di Piemonte &#8211; Atahotels"},"content":{"rendered":"<p align=\"LEFT\">Fabio Vigitello \u00e8 il General Manager della storica struttura 5 stelle Principi di Piemonte e del business hotel 4 stelle Atahotel Concord in Torino, appartenenti alla catena Atahotels. La prima \u00e8 una delle strutture di riferimento per l\u2019hotellerie di lusso nel capoluogo piemontese, mentre la seconda \u00e8 da pi\u00f9 di 30 anni meta del mercato commerciale del centrocitt\u00e0.<\/p>\n<p align=\"LEFT\">Fabio Vigitello proviene da una formazione nell\u2019hotel management e strategic marketing, abbinati ad un forte background di Food and Beverage management. Arriva a Torino nel febbraio 2009, dopo aver ricoperto il ruolo di General Manager nella struttura termale di lusso Petriolo Spa &amp; Resort, in Toscana, nella quale si trovava fin dal gennaio 2007. Precedentemente aveva l\u2019incarico di General Manager presso Altafiumara Resort &amp; Spa. Vanta una vasta esperienza nel campo dell\u2019ospitalit\u00e0, avendo ricoperto, tra le altre, la posizione di Director of Food and Beverage e quella di Project Manager and Resident Manager.<\/p>\n<p align=\"LEFT\">Nel master insegna nel modulo: L&#8217;azienda Hotel.<\/p>\n","protected":false},"excerpt":{"rendered":"<p>Fabio Vigitello \u00e8 il General Manager della storica struttura 5 stelle Principi di Piemonte e del business hotel 4 stelle Atahotel Concord in Torino, appartenenti alla catena Atahotels. La prima \u00e8 una delle strutture di riferimento per l\u2019hotellerie di lusso nel capoluogo piemontese, mentre la seconda \u00e8 da pi\u00f9 di 30 anni meta del mercato <a href='https:\/\/people.unica.it\/hotelmanagement\/docenti\/professionisti\/fabio-vigitello\/' class='excerpt-more'>[&#8230;]<\/a><\/p>\n","protected":false},"author":252,"featured_media":0,"parent":428,"menu_order":0,"comment_status":"closed","ping_status":"closed","template":"","meta":{"footnotes":""},"class_list":["post-620","page","type-page","status-publish","hentry","post-seq-1","post-parity-odd","meta-position-corners","fix"],"publishpress_future_action":{"enabled":false,"date":"2026-04-13 16:19:53","action":"Draft","newStatus":"draft","terms":[],"taxonomy":"","extraData":[]},"publishpress_future_workflow_manual_trigger":{"enabledWorkflows":[]},"_links":{"self":[{"href":"https:\/\/people.unica.it\/hotelmanagement\/wp-json\/wp\/v2\/pages\/620","targetHints":{"allow":["GET"]}}],"collection":[{"href":"https:\/\/people.unica.it\/hotelmanagement\/wp-json\/wp\/v2\/pages"}],"about":[{"href":"https:\/\/people.unica.it\/hotelmanagement\/wp-json\/wp\/v2\/types\/page"}],"author":[{"embeddable":true,"href":"https:\/\/people.unica.it\/hotelmanagement\/wp-json\/wp\/v2\/users\/252"}],"replies":[{"embeddable":true,"href":"https:\/\/people.unica.it\/hotelmanagement\/wp-json\/wp\/v2\/comments?post=620"}],"version-history":[{"count":4,"href":"https:\/\/people.unica.it\/hotelmanagement\/wp-json\/wp\/v2\/pages\/620\/revisions"}],"predecessor-version":[{"id":622,"href":"https:\/\/people.unica.it\/hotelmanagement\/wp-json\/wp\/v2\/pages\/620\/revisions\/622"}],"up":[{"embeddable":true,"href":"https:\/\/people.unica.it\/hotelmanagement\/wp-json\/wp\/v2\/pages\/428"}],"wp:attachment":[{"href":"https:\/\/people.unica.it\/hotelmanagement\/wp-json\/wp\/v2\/media?parent=620"}],"curies":[{"name":"wp","href":"https:\/\/api.w.org\/{rel}","templated":true}]}}