{"id":397,"date":"2012-10-18T15:02:55","date_gmt":"2012-10-18T15:02:55","guid":{"rendered":"http:\/\/people.unica.it\/hotelmanagement\/?page_id=397"},"modified":"2012-10-19T18:11:27","modified_gmt":"2012-10-19T18:11:27","slug":"pirolo","status":"publish","type":"page","link":"https:\/\/people.unica.it\/hotelmanagement\/docenti\/cv\/pirolo\/","title":{"rendered":"Luca Pirolo, Ricercatore di Economia e Gestione delle Imprese, LUISS Business School"},"content":{"rendered":"<p>Luca Pirolo \u00e8 ricercatore universitario\u00a0di Economia e gestione delle imprese e titolare dei corsi di Strategic Management (LM in General Management) e Marketing (LT in Economia e Management) presso la Facolt\u00e0 di Economia della Luiss Guido Carli. E&#8217; inoltre docente di Strategie di impresa presso l&#8217;Universit\u00e0 Lumsa di Roma, docente di Management delle Attivit\u00e0 Turistiche presso il Master universitario in Economia, Gestione e Marketing dei Turismi e dei Beni Culturali della Luiss Guido Carli e coordinatore del programma Aviation MBA della Luiss Business School.<\/p>\n<p>Da anni impegnato in attivit\u00e0 di ricerca e consulenza sulle tematiche delle strategie business di impresa, internazionalizzazione e capitale relazionale, di cui \u00e8 anche autore di numerose pubblicazioni.<\/p>\n<p>Nel master insegna nel modulo: <a href=\"http:\/\/people.unica.it\/hotelmanagement\/didattica-2\/generalmngt\/business-strategy\/\">Business strategy<\/a>.<\/p>\n<p>&nbsp;<\/p>","protected":false},"excerpt":{"rendered":"<p>Luca Pirolo \u00e8 ricercatore universitario\u00a0di Economia e gestione delle imprese e titolare dei corsi di Strategic Management (LM in General Management) e Marketing (LT in Economia e Management) presso la Facolt\u00e0 di Economia della Luiss Guido Carli. E&#8217; inoltre docente di Strategie di impresa presso l&#8217;Universit\u00e0 Lumsa di Roma, docente di Management delle Attivit\u00e0 Turistiche <a href='https:\/\/people.unica.it\/hotelmanagement\/docenti\/cv\/pirolo\/' class='excerpt-more'>[&#8230;]<\/a><\/p>\n","protected":false},"author":252,"featured_media":0,"parent":36,"menu_order":0,"comment_status":"closed","ping_status":"closed","template":"","meta":{"footnotes":""},"class_list":["post-397","page","type-page","status-publish","hentry","post-seq-1","post-parity-odd","meta-position-corners","fix"],"publishpress_future_action":{"enabled":false,"date":"2026-04-13 15:01:34","action":"Draft","newStatus":"draft","terms":[],"taxonomy":"","extraData":[]},"publishpress_future_workflow_manual_trigger":{"enabledWorkflows":[]},"_links":{"self":[{"href":"https:\/\/people.unica.it\/hotelmanagement\/wp-json\/wp\/v2\/pages\/397","targetHints":{"allow":["GET"]}}],"collection":[{"href":"https:\/\/people.unica.it\/hotelmanagement\/wp-json\/wp\/v2\/pages"}],"about":[{"href":"https:\/\/people.unica.it\/hotelmanagement\/wp-json\/wp\/v2\/types\/page"}],"author":[{"embeddable":true,"href":"https:\/\/people.unica.it\/hotelmanagement\/wp-json\/wp\/v2\/users\/252"}],"replies":[{"embeddable":true,"href":"https:\/\/people.unica.it\/hotelmanagement\/wp-json\/wp\/v2\/comments?post=397"}],"version-history":[{"count":6,"href":"https:\/\/people.unica.it\/hotelmanagement\/wp-json\/wp\/v2\/pages\/397\/revisions"}],"predecessor-version":[{"id":449,"href":"https:\/\/people.unica.it\/hotelmanagement\/wp-json\/wp\/v2\/pages\/397\/revisions\/449"}],"up":[{"embeddable":true,"href":"https:\/\/people.unica.it\/hotelmanagement\/wp-json\/wp\/v2\/pages\/36"}],"wp:attachment":[{"href":"https:\/\/people.unica.it\/hotelmanagement\/wp-json\/wp\/v2\/media?parent=397"}],"curies":[{"name":"wp","href":"https:\/\/api.w.org\/{rel}","templated":true}]}}