{"id":153,"date":"2012-10-17T18:56:39","date_gmt":"2012-10-17T18:56:39","guid":{"rendered":"http:\/\/people.unica.it\/hotelmanagement\/?page_id=153"},"modified":"2012-10-22T05:52:04","modified_gmt":"2012-10-22T05:52:04","slug":"andreamelis","status":"publish","type":"page","link":"https:\/\/people.unica.it\/hotelmanagement\/docenti\/cv\/andreamelis\/","title":{"rendered":"Andrea Melis, Professore associato di Economia aziendale, Universit\u00e0 di Cagliari"},"content":{"rendered":"<div>\n<p>Professore associato di Economia aziendale, Dipartimento di Scienze Economiche ed Aziendali, Universit\u00e0 degli studi di Cagliari. Membro del Centre of Corporate Governance Research, Birmingham Business School, University of Birmingham, UK.<\/p>\n<p>Laureato in Economia e Commercio presso l\u2019Universit\u00e0 degli Studi di Cagliari, ha conseguito il Master in Strategic management presso la Nottingham Business School, University of Nottingham, UK ed il dottorato di ricerca in Economia aziendale presso la\u00a0Universit\u00e0 degli Studi di Roma TRE.<\/p>\n<p>Oltre che all&#8217;Universit\u00e0 degli studi di Cagliari, ha svolto periodi di ricerca ed attivit\u00e0 didattica post-lauream in qualit\u00e0 di docente presso l&#8217;Universit\u00e0 degli Studi di Roma TRE, \u00a0l\u2019ENI Corporate University, la Scuola di Formazione del Ministero dell\u2019Economia e delle Finanze, la Vanderbilt University (USA), la University of Florida (USA), la\u00a0S. Anna di Pisa, la Carrol School of Management (Boston College, USA), la LUISS Business School e l\u2019AILUN.<\/p>\n<p>\u00c8 autore di diverse pubblicazioni scientifiche su riviste nazionali ed internazionali ed opere monografiche.<\/p>\n<\/div>\n<p>Nel master insegna nei moduli: <a title=\"Analisi dei costi\" href=\"http:\/\/people.unica.it\/hotelmanagement\/didattica\/insegnamenti\/generalmngt\/analisideicosti\/\" target=\"_blank\">Analisi dei costi<\/a>, <a href=\"http:\/\/people.unica.it\/hotelmanagement\/didattica\/insegnamenti\/generalmngt\/controllo-strategico\/\">Controllo strategico<\/a>, <a href=\"http:\/\/people.unica.it\/hotelmanagement\/didattica\/insegnamenti\/generalmngt\/economia-aziendale\/\">Principi di Economia aziendale<\/a><strong>.<\/strong><\/p>\n","protected":false},"excerpt":{"rendered":"<p>Professore associato di Economia aziendale, Dipartimento di Scienze Economiche ed Aziendali, Universit\u00e0 degli studi di Cagliari. Membro del Centre of Corporate Governance Research, Birmingham Business School, University of Birmingham, UK. Laureato in Economia e Commercio presso l\u2019Universit\u00e0 degli Studi di Cagliari, ha conseguito il Master in Strategic management presso la Nottingham Business School, University of <a href='https:\/\/people.unica.it\/hotelmanagement\/docenti\/cv\/andreamelis\/' class='excerpt-more'>[&#8230;]<\/a><\/p>\n","protected":false},"author":252,"featured_media":0,"parent":36,"menu_order":0,"comment_status":"closed","ping_status":"closed","template":"","meta":{"footnotes":""},"class_list":["post-153","page","type-page","status-publish","hentry","post-seq-1","post-parity-odd","meta-position-corners","fix"],"publishpress_future_action":{"enabled":false,"date":"2026-04-13 13:46:30","action":"Draft","newStatus":"draft","terms":[],"taxonomy":"","extraData":[]},"publishpress_future_workflow_manual_trigger":{"enabledWorkflows":[]},"_links":{"self":[{"href":"https:\/\/people.unica.it\/hotelmanagement\/wp-json\/wp\/v2\/pages\/153","targetHints":{"allow":["GET"]}}],"collection":[{"href":"https:\/\/people.unica.it\/hotelmanagement\/wp-json\/wp\/v2\/pages"}],"about":[{"href":"https:\/\/people.unica.it\/hotelmanagement\/wp-json\/wp\/v2\/types\/page"}],"author":[{"embeddable":true,"href":"https:\/\/people.unica.it\/hotelmanagement\/wp-json\/wp\/v2\/users\/252"}],"replies":[{"embeddable":true,"href":"https:\/\/people.unica.it\/hotelmanagement\/wp-json\/wp\/v2\/comments?post=153"}],"version-history":[{"count":23,"href":"https:\/\/people.unica.it\/hotelmanagement\/wp-json\/wp\/v2\/pages\/153\/revisions"}],"predecessor-version":[{"id":319,"href":"https:\/\/people.unica.it\/hotelmanagement\/wp-json\/wp\/v2\/pages\/153\/revisions\/319"}],"up":[{"embeddable":true,"href":"https:\/\/people.unica.it\/hotelmanagement\/wp-json\/wp\/v2\/pages\/36"}],"wp:attachment":[{"href":"https:\/\/people.unica.it\/hotelmanagement\/wp-json\/wp\/v2\/media?parent=153"}],"curies":[{"name":"wp","href":"https:\/\/api.w.org\/{rel}","templated":true}]}}