{"id":337,"date":"2011-06-07T09:41:34","date_gmt":"2011-06-07T09:41:34","guid":{"rendered":"http:\/\/people.unica.it\/fisicatecnica\/?page_id=337"},"modified":"2013-04-15T09:00:22","modified_gmt":"2013-04-15T09:00:22","slug":"avvisi-news-correzione-esame-del-20062011","status":"publish","type":"page","link":"https:\/\/people.unica.it\/fisicatecnica\/avvisi-news-correzione-esame-del-20062011\/","title":{"rendered":"AVVISI &#8211; NEWS &#8211; Orario di ricevimento studenti di Fisica Tecnica &#8211; Scienze dell&#8217;Architettura &#8211; ORARIO  2013"},"content":{"rendered":"<p>Avviso 1\/2013 del 15 Aprile 2013 \u2013 Orario di ricevimento studenti di Fisica Tecnica &#8211; Anno 2013 \u2013 Scienze dell\u2019Architettura: l\u2019ing. M. Garau riceve gli studenti ogni Mercoled\u00ec dalle ore 9:00 alle ore 11:00 presso la sezione di Fisica Tecnica ed Energetica della facolt\u00e0 di Ingegneria di Cagliari (Piazza D\u2019Armi)<\/p>\n<p>Avviso 8\/2012 &#8211; Mercoled\u00ec 25\/07\/2012 l&#8217;appuntamento consueto salta. Sar\u00e0 recuperato Venerd\u00ec 27\/07\/2012 con lo stesso orario (dalle ore 11:30 alle ore 13:00). <\/p>\n<p>Avviso 7\/2012 &#8211; Mercoled\u00ec 18\/07\/2012 l&#8217;appuntamento consueto salta e sar\u00e0 recuperato Gioved\u00ec 19\/07\/2012 con lo stesso orario (dalle ore 11:30 alle ore 13:00). <\/p>\n<p>Avviso 6\/2012 del 17 Luglio 2012 &#8211; Orario di ricevimento studenti di Fisica Tecnica del mese di Luglio 2012 &#8211; Scienze dell&#8217;Architettura: l&#8217;ing. U. Carlini riceve gli studenti ogni Mercoled\u00ec dalle ore 11:30 alle ore 13:00 presso la sezione di Fisica Tecnica ed Energetica della facolt\u00e0 di Ingegneria di Cagliari (Piazza D&#8217;Armi)<\/p>\n<p>Avviso 5\/2012 del 07 Giugno 2012 &#8211; Orario di ricevimento studenti di Fisica Tecnica del mese di Giugno 2012 &#8211; Scienze dell&#8217;Architettura: l&#8217;ing. U. Carlini riceve gli studenti ogni Mercoled\u00ec dalle ore 11:30 alle ore 13:00 presso la sezione di Fisica Tecnica ed Energetica della facolt\u00e0 di Ingegneria di Cagliari (Piazza D&#8217;Armi)<\/p>\n<p>Avviso 4\/2012 &#8211; Luned\u00ec 04\/06\/2012 l&#8217;appuntamento consueto salta. L&#8217;orario di ricevimento degli studenti riprender\u00e0 regolarmente da Luned\u00ec 11 Giugno 2012. <\/p>\n<p>Avviso 3\/2012 &#8211; Variazione d&#8217;orario di ricevimento: Luned\u00ec 28\/05\/2012 si ricevono gli studenti dalle ore 16:30 alle ore 17:30 presso la sezione di Fisica Tecnica ed Energetica della facolt\u00e0 di Ingegneria di Cagliari (Piazza D&#8217;Armi)<\/p>\n<p>Avviso 2\/2012 &#8211; Luned\u00ec 07\/05\/2012, a causa di impegni di lavoro improrogabili, l&#8217;appuntamento consueto salta. L&#8217;orario di ricevimento degli studenti riprender\u00e0 regolarmente da Luned\u00ec 14 Maggio 2012.<\/p>\n<p>Avviso 1\/2012 &#8211; Orario di ricevimento studenti di Fisica Tecnica &#8211; Scienze dell&#8217;Architettura: l&#8217;ing. U. Carlini riceve gli studenti ogni Luned\u00ec dalle ore 15:30 alle ore 17:00 presso la sezione di Fisica Tecnica ed Energetica della facolt\u00e0 di Ingegneria di Cagliari (Piazza D&#8217;Armi)<\/p>\n<p>Avviso 6 &#8211; La comunicazione degli esiti, la registrazione dei voti e la correzione del compito d&#8217;esame di Fisica Tecnica del 25 Luglio 2011 si terr\u00e0 Venerd\u00ec 29 Luglio 2011 alle ore 10 nell&#8217;aula V.<\/p>\n<p>Avviso 5 &#8211; La correzione del compito d&#8217;esame di Fisica Tecnica dell&#8217;11 Luglio 2011 si terr\u00e0 Gioved\u00ec 21 Luglio alle ore 10 nell&#8217;aula V. Dopo la correzione vi sar\u00e0 la comunicazione degli esiti e la registrazione dei voti. <\/p>\n<p>Avviso 4 &#8211; Orario di ricevimento studenti di Fisica Tecnica &#8211; Scienze dell&#8217;Architettura L&#8217;ing. U. Carlini riceve gli studenti Mercoled\u00ec 13 Luglio e Luned\u00ec 18 Luglio dalle 11:00 alle ore 13:00<\/p>\n<p>Avviso 3 &#8211; La correzione del compito d&#8217;esame di Fisica Tecnica del 20 Giugno 2011 si terr\u00e0 Marted\u00ec 28 Giugno alle ore 11 nell&#8217;aula V. Dopo la correzione vi sar\u00e0 la comunicazione degli esiti e la registrazione dei voti. <\/p>\n<p>Avviso 2 &#8211; Lezione di Fisica Tecnica del Mercoled\u00ec 08 Giugno 2011 &#8211; Scienze dell&#8217;Architettura si comunica che la lezione del corso di Fisica Tecnica si terr\u00e0 nella consueta aula (aula A del biennio) dalle ore 9:00 alle ore 12:00.<\/p>\n<p>Avviso 1 &#8211; Orario di ricevimento studenti di Fisica Tecnica &#8211; Scienze dell&#8217;Architettura l&#8217;ing. U. Carlini riceve gli studenti Luned\u00ec 13 Giugno e Gioved\u00ec 16 Giugno dalle 11:00 alle ore 13:00<\/p>\n","protected":false},"excerpt":{"rendered":"<p>Avviso 1\/2013 del 15 Aprile 2013 \u2013 Orario di ricevimento studenti di Fisica Tecnica &#8211; Anno 2013 \u2013 Scienze dell\u2019Architettura: l\u2019ing. M. Garau riceve gli studenti ogni Mercoled\u00ec dalle ore 9:00 alle ore 11:00 presso la sezione di Fisica Tecnica ed Energetica della facolt\u00e0 di Ingegneria di Cagliari (Piazza D\u2019Armi) Avviso 8\/2012 &#8211; Mercoled\u00ec 25\/07\/2012 l&#8217;appuntamento consueto salta. Sar\u00e0 recuperato Venerd\u00ec 27\/07\/2012 con lo stesso orario (dalle ore 11:30 alle ore 13:00). Avviso 7\/2012 &#8211; Mercoled\u00ec 18\/07\/2012 l&#8217;appuntamento consueto salta e sar\u00e0 recuperato Gioved\u00ec 19\/07\/2012 con lo stesso orario (dalle ore 11:30 alle ore 13:00). Avviso 6\/2012 del 17 Luglio <a href='https:\/\/people.unica.it\/fisicatecnica\/avvisi-news-correzione-esame-del-20062011\/' class='excerpt-more'>[&#8230;]<\/a><\/p>\n","protected":false},"author":476,"featured_media":0,"parent":0,"menu_order":0,"comment_status":"open","ping_status":"open","template":"","meta":{"footnotes":""},"class_list":["post-337","page","type-page","status-publish","hentry","post-seq-1","post-parity-odd","meta-position-corners","fix"],"publishpress_future_action":{"enabled":false,"date":"2026-04-18 00:31:24","action":"Draft","newStatus":"draft","terms":[],"taxonomy":"","extraData":[]},"publishpress_future_workflow_manual_trigger":{"enabledWorkflows":[]},"_links":{"self":[{"href":"https:\/\/people.unica.it\/fisicatecnica\/wp-json\/wp\/v2\/pages\/337","targetHints":{"allow":["GET"]}}],"collection":[{"href":"https:\/\/people.unica.it\/fisicatecnica\/wp-json\/wp\/v2\/pages"}],"about":[{"href":"https:\/\/people.unica.it\/fisicatecnica\/wp-json\/wp\/v2\/types\/page"}],"author":[{"embeddable":true,"href":"https:\/\/people.unica.it\/fisicatecnica\/wp-json\/wp\/v2\/users\/476"}],"replies":[{"embeddable":true,"href":"https:\/\/people.unica.it\/fisicatecnica\/wp-json\/wp\/v2\/comments?post=337"}],"version-history":[{"count":25,"href":"https:\/\/people.unica.it\/fisicatecnica\/wp-json\/wp\/v2\/pages\/337\/revisions"}],"predecessor-version":[{"id":555,"href":"https:\/\/people.unica.it\/fisicatecnica\/wp-json\/wp\/v2\/pages\/337\/revisions\/555"}],"wp:attachment":[{"href":"https:\/\/people.unica.it\/fisicatecnica\/wp-json\/wp\/v2\/media?parent=337"}],"curies":[{"name":"wp","href":"https:\/\/api.w.org\/{rel}","templated":true}]}}