{"id":93,"date":"2009-05-22T12:26:50","date_gmt":"2009-05-22T10:26:50","guid":{"rendered":"http:\/\/people.unica.it\/firb\/?page_id=93"},"modified":"2009-05-22T12:30:35","modified_gmt":"2009-05-22T10:30:35","slug":"ur4","status":"publish","type":"page","link":"https:\/\/people.unica.it\/firb\/partner\/ur4\/","title":{"rendered":"Unit\u00e0 di Ricerca 4"},"content":{"rendered":"<p>Il CoNISMa \u2013 Consorzio Interuniversitario per le Scienze del Mare, \u00e8 un consorzio fra 28 Universit\u00e0 italiane, che si propone di promuovere e coordinare le ricerche e le altre attivit\u00e0 scientifiche e applicative nel campo delle Scienze del Mare tra le Universit\u00e0 consorziate favorendo, da un lato, collaborazioni tra Universit\u00e0, altri Enti di ricerca, Enti locali e territoriali e Industrie e, dall\u2019altro, il loro accesso e la loro eventuale partecipazione alla costituzione e gestione di laboratori esteri o internazionali operanti nel campo delle Scienze del Mare. Al CoNISMa aderiscono oltre 650 persone, tra docenti, ricercatori e tecnici. Nell\u2019ambito di questo progetto, il CoNISMa interviene con due unit\u00e0 di ricerca distinte: una presso l\u2019Universit\u00e0 di Milano Bicocca, l\u2019altra presso l\u2019Universit\u00e0 di Palermo. L\u2019unit\u00e0 presso Bicocca si occuper\u00e0 specificamente dello sviluppo ed implementazione delle tecniche di sismica leggera a mare, in acque poco profonde. A questo scopo verranno dedicate tre unit\u00e0 di personale strutturato ed una unit\u00e0 di personale con contratto a termine dedicato a tempo pieno al progetto. Lo sviluppo del prototipo di mezzo marino ultraleggero per le operazioni in acque poco profonde, equipaggiato con CHIRP, Side Scan Sonar e Multibeam, avverr\u00e0 in collaborazione fra l\u2019unit\u00e0 di Bicocca e le strutture centrali del CoNISMa. L\u2019unit\u00e0 presso l\u2019Universit\u00e0 di Palermo sar\u00e0 dedicata allo sviluppo di metodologie di remote sensing satellitare mirate a:<\/p>\n<ol>\n<li> la definizione di un Digital Terrain Model che incorpori la zona emersa e quella in acque marine poco profonde, in modo da ottenere una base di partenza digitale unificata, necessaria per l\u2019integrazione di tutti i dati, a terra ed a mare, successivamente raccolti;<\/li>\n<li>alla identificazione preliminare delle aree da investigare tramite indagine diretta delle immagini satellitari.<\/li>\n<\/ol>\n<p><strong>Composizione dell&#8217;Unit\u00e0 di Ricerca<\/strong><\/p>\n<ul>\n<li>Cassiani Giorgio<\/li>\n<li>Corselli Cesare<\/li>\n<li>Faranda Francesco Maria<\/li>\n<li>La Loggia Goffredo<\/li>\n<\/ul>\n","protected":false},"excerpt":{"rendered":"<p>Il CoNISMa \u2013 Consorzio Interuniversitario per le Scienze del Mare, \u00e8 un consorzio fra 28 Universit\u00e0 italiane, che si propone di promuovere e coordinare le ricerche e le altre attivit\u00e0 scientifiche e applicative nel campo delle Scienze del Mare tra le Universit\u00e0 consorziate favorendo, da un lato, collaborazioni tra Universit\u00e0, altri Enti di ricerca, Enti locali e territoriali e Industrie e, dall\u2019altro, il loro accesso e la loro eventuale partecipazione alla costituzione e gestione di laboratori esteri o internazionali operanti nel campo delle Scienze del Mare. Al CoNISMa aderiscono oltre 650 persone, tra docenti, ricercatori e tecnici. Nell\u2019ambito di questo <a href='https:\/\/people.unica.it\/firb\/partner\/ur4\/' class='excerpt-more'>[&#8230;]<\/a><\/p>\n","protected":false},"author":95,"featured_media":0,"parent":10,"menu_order":0,"comment_status":"closed","ping_status":"open","template":"","meta":{"footnotes":""},"class_list":["post-93","page","type-page","status-publish","hentry","category-1-id","post-seq-1","post-parity-odd","meta-position-corners","fix"],"_links":{"self":[{"href":"https:\/\/people.unica.it\/firb\/wp-json\/wp\/v2\/pages\/93","targetHints":{"allow":["GET"]}}],"collection":[{"href":"https:\/\/people.unica.it\/firb\/wp-json\/wp\/v2\/pages"}],"about":[{"href":"https:\/\/people.unica.it\/firb\/wp-json\/wp\/v2\/types\/page"}],"author":[{"embeddable":true,"href":"https:\/\/people.unica.it\/firb\/wp-json\/wp\/v2\/users\/95"}],"replies":[{"embeddable":true,"href":"https:\/\/people.unica.it\/firb\/wp-json\/wp\/v2\/comments?post=93"}],"version-history":[{"count":3,"href":"https:\/\/people.unica.it\/firb\/wp-json\/wp\/v2\/pages\/93\/revisions"}],"predecessor-version":[{"id":99,"href":"https:\/\/people.unica.it\/firb\/wp-json\/wp\/v2\/pages\/93\/revisions\/99"}],"up":[{"embeddable":true,"href":"https:\/\/people.unica.it\/firb\/wp-json\/wp\/v2\/pages\/10"}],"wp:attachment":[{"href":"https:\/\/people.unica.it\/firb\/wp-json\/wp\/v2\/media?parent=93"}],"curies":[{"name":"wp","href":"https:\/\/api.w.org\/{rel}","templated":true}]}}