{"id":86,"date":"2009-05-22T12:15:42","date_gmt":"2009-05-22T10:15:42","guid":{"rendered":"http:\/\/people.unica.it\/firb\/?page_id=86"},"modified":"2009-05-22T12:27:29","modified_gmt":"2009-05-22T10:27:29","slug":"ur2","status":"publish","type":"page","link":"https:\/\/people.unica.it\/firb\/partner\/ur2\/","title":{"rendered":"Unit\u00e0 di Ricerca 2"},"content":{"rendered":"<p><strong>L\u2019unit\u00e0 di ricerca di Palermo<\/strong>, inserita in una scuola di Scienze Fisiche e Geologiche, ha una connotazione molto giovanile. I numerosi borsisti, assegnisti, dottorandi, rappresentano un punto di forza dell\u2019unit\u00e0 e testimoniano l\u2019impegno didattico nel campo ambientale e delle risorse culturali. I campi di ricerca dell\u2019unit\u00e0 sono essenzialmente quelli dello sviluppo metodologico dei metodi microgeofisici , che ha anche prodotto realizzazioni di prototipi e dello sviluppo di algoritmi di interpretazione, con produzione di software originale. I metodi sviluppati sono quelli georadar e quelli elettrici. Particolarmente importante appaiono i tentativi di realizzazione di tomografie elettriche tridimensionali. L\u2019unit\u00e0 parteciper\u00e0 anche allo sviluppo della parte conclusiva del progetto, e in modo particolare curer\u00e0 l\u2019aspetto di fruibilit\u00e0 del bene.<\/p>\n<p><strong>Composizione dell&#8217;Unit\u00e0 di Ricerca<\/strong><\/p>\n<ul>\n<li>Pietro Lucio Cosentino<\/li>\n<li>Sergio Deganello<\/li>\n<li>P.O. Raffaele Martorana<\/li>\n<li>Vincenzo Sanfratello<\/li>\n<li>Santino Pellerito<\/li>\n<li>Paolo Messina<\/li>\n<li>Gianluca Fiandaca<\/li>\n<li>Loredana Romano<\/li>\n<li>Patrizia Capizzi<\/li>\n<\/ul>\n","protected":false},"excerpt":{"rendered":"<p>L\u2019unit\u00e0 di ricerca di Palermo, inserita in una scuola di Scienze Fisiche e Geologiche, ha una connotazione molto giovanile. I numerosi borsisti, assegnisti, dottorandi, rappresentano un punto di forza dell\u2019unit\u00e0 e testimoniano l\u2019impegno didattico nel campo ambientale e delle risorse culturali. I campi di ricerca dell\u2019unit\u00e0 sono essenzialmente quelli dello sviluppo metodologico dei metodi microgeofisici , che ha anche prodotto realizzazioni di prototipi e dello sviluppo di algoritmi di interpretazione, con produzione di software originale. I metodi sviluppati sono quelli georadar e quelli elettrici. Particolarmente importante appaiono i tentativi di realizzazione di tomografie elettriche tridimensionali. L\u2019unit\u00e0 parteciper\u00e0 anche allo sviluppo <a href='https:\/\/people.unica.it\/firb\/partner\/ur2\/' class='excerpt-more'>[&#8230;]<\/a><\/p>\n","protected":false},"author":95,"featured_media":0,"parent":10,"menu_order":0,"comment_status":"closed","ping_status":"open","template":"","meta":{"footnotes":""},"class_list":["post-86","page","type-page","status-publish","hentry","category-1-id","post-seq-1","post-parity-odd","meta-position-corners","fix"],"_links":{"self":[{"href":"https:\/\/people.unica.it\/firb\/wp-json\/wp\/v2\/pages\/86","targetHints":{"allow":["GET"]}}],"collection":[{"href":"https:\/\/people.unica.it\/firb\/wp-json\/wp\/v2\/pages"}],"about":[{"href":"https:\/\/people.unica.it\/firb\/wp-json\/wp\/v2\/types\/page"}],"author":[{"embeddable":true,"href":"https:\/\/people.unica.it\/firb\/wp-json\/wp\/v2\/users\/95"}],"replies":[{"embeddable":true,"href":"https:\/\/people.unica.it\/firb\/wp-json\/wp\/v2\/comments?post=86"}],"version-history":[{"count":4,"href":"https:\/\/people.unica.it\/firb\/wp-json\/wp\/v2\/pages\/86\/revisions"}],"predecessor-version":[{"id":96,"href":"https:\/\/people.unica.it\/firb\/wp-json\/wp\/v2\/pages\/86\/revisions\/96"}],"up":[{"embeddable":true,"href":"https:\/\/people.unica.it\/firb\/wp-json\/wp\/v2\/pages\/10"}],"wp:attachment":[{"href":"https:\/\/people.unica.it\/firb\/wp-json\/wp\/v2\/media?parent=86"}],"curies":[{"name":"wp","href":"https:\/\/api.w.org\/{rel}","templated":true}]}}