{"id":78,"date":"2009-05-22T12:06:07","date_gmt":"2009-05-22T10:06:07","guid":{"rendered":"http:\/\/people.unica.it\/firb\/?page_id=78"},"modified":"2010-03-01T13:56:11","modified_gmt":"2010-03-01T11:56:11","slug":"ur1","status":"publish","type":"page","link":"https:\/\/people.unica.it\/firb\/partner\/ur1\/","title":{"rendered":"Unit\u00e0 di ricerca 1"},"content":{"rendered":"<p><strong>L\u2019Unit\u00e0 di Ricerca di Cagliari<\/strong>, inserita in una scuola di Ingegneria, \u00e8 essenzialmente costituita da personale strutturato che ha una lunga esperienza sull\u2019uso di metodologie geofisiche applicate nei diversi campi dell\u2019ingegneria ambientale e nella tutela di beni culturali. Il campo preferenziale di ricerca \u00e8 lo sviluppo metodologico con metodi di ricerca operativa, con lo studio e la realizzazione di prototipi, con snellimento e ottimizzazione delle fasi di misura. Il gruppo ha pochi uguali in campo europeo, per numero, affiatamento, efficienza. Non trascurabile \u00e8 anche l\u2019approccio teorico sulla rappresentativit\u00e0 delle informazioni. Per questa parte l\u2019Unit\u00e0 tradizionale \u00e8 integrata da esperti nel settore informatico, dell\u2019elettronica delle comunicazioni e delle analisi di immagini. L\u2019unit\u00e0 si avvarr\u00e0 anche, per operazioni particolari, delle collaborazione di societ\u00e0 giovanili, nate in stretto contatto con il gruppo di ricerca.<br \/>\nL\u2019Unit\u00e0 interverr\u00e0 praticamente in tutte le fasi della ricerca, ma avr\u00e0 il compito precipuo di sviluppare metodi di trattamento delle immagini fotografiche e , nel campo geofisico, di realizzare metodi elettrici e sismici di misura continua a terra e di adeguare gli stessi sistemi di misura a mare.<br \/>\nLe esperienze maturate all\u2019estero, dove l\u2019unit\u00e0 \u00e8 intervenuta con successo nel campo archeologico. I buoni rapporti con i ricercatori di altri Paesi del Mediterraneo e i numerosi accordi scientifici sottoscritti proprio per le aree dove \u00e8 previsto l\u2019intervento, sono garanzia di buona riuscita del progetto.<\/p>\n<p><strong>Composizione dell&#8217;Unit\u00e0 di Ricerca<\/strong><\/p>\n<ul>\n<li>prof. Gaetano Ranieri<\/li>\n<li>prof. Gian Piero Deidda<\/li>\n<li>prof. Daniele Giusto<\/li>\n<li>prof. Fabio Roli<\/li>\n<li>geom. Luigi Sollai<\/li>\n<li>sig. Luigi Noli<\/li>\n<li>sig Giampiero Casti<\/li>\n<li>sig Avelino Mario Sitzia<\/li>\n<li>Sig. Gianni Uda<\/li>\n<li>Sig. Maurizio Serci<\/li>\n<li>Sig. Antonello Lai<\/li>\n<\/ul>\n<p><strong>Collaborazioni<\/strong><\/p>\n<ul>\n<li>Ing. Francesco Loddo, <!--[if gte mso 9]&gt;  Normal 0 14   false false false        MicrosoftInternetExplorer4  &lt;![endif]--><!--[if gte mso 9]&gt;   &lt;![endif]--><!--  \/* Font Definitions *\/  @font-face \t{font-family:\"Arial Narrow\"; \tpanose-1:2 11 5 6 2 2 2 3 2 4; \tmso-font-charset:0; \tmso-generic-font-family:swiss; \tmso-font-pitch:variable; \tmso-font-signature:647 2048 0 0 159 0;}  \/* Style Definitions *\/  p.MsoNormal, li.MsoNormal, div.MsoNormal \t{mso-style-parent:\"\"; \tmargin:0pt; \tmargin-bottom:.0001pt; \tmso-pagination:none; \tfont-size:10.0pt; \tfont-family:\"Times New Roman\"; \tmso-fareast-font-family:\"Times New Roman\"; \tmso-fareast-language:KO;} @page Section1 \t{size:612.0pt 792.0pt; \tmargin:70.85pt 56.7pt 56.7pt 56.7pt; \tmso-header-margin:36.0pt; \tmso-footer-margin:36.0pt; \tmso-paper-source:0;} div.Section1 \t{page:Section1;} --><!--[if gte mso 10]&gt; &lt;!   \/* Style Definitions *\/  table.MsoNormalTable \t{mso-style-name:&quot;Tabella normale&quot;; \tmso-tstyle-rowband-size:0; \tmso-tstyle-colband-size:0; \tmso-style-noshow:yes; \tmso-style-parent:&quot;&quot;; \tmso-padding-alt:0pt 5.4pt 0pt 5.4pt; \tmso-para-margin:0pt; \tmso-para-margin-bottom:.0001pt; \tmso-pagination:widow-orphan; \tfont-size:10.0pt; \tfont-family:&quot;Times New Roman&quot;; \tmso-ansi-language:#0400; \tmso-fareast-language:#0400; \tmso-bidi-language:#0400;} --> <!--[endif]-->sviluppo di sistemi di acquisizione dati in ambienti poco comuni quali  quello marino, sviluppo di sistemi di acquisizione celere dei dati.  Acquisizione, trattamento, elaborazione dati,  modellazione  del territorio nell\u2019indagine con metodologie integrate di siti  archeologici;<span><\/span><\/li>\n<li>dott. Enrico Pieroni responsabile area Imaging e Numerical Geophysics del CRS4 centro ricerche della Sardegna;<\/li>\n<li>Ditta PRO.DIGI Sas, societ\u00e0 giovanile per i rilievi subacquei e la produzioni digitale in ambiente marino;<\/li>\n<li>Ditta DELFIS S.r.l. societ\u00e0 esperta nella produzione di software per la<br \/>\ndivulgazione di soggetti archeologici;<\/li>\n<li>Ditta So.In.Geo. Sas, societ\u00e0 giovanile per rilievi topografici e geofisici;<\/li>\n<li>prof. Ettore Cardarelli, Universit\u00e0 di Roma 1, esperto nella inversione<br \/>\ndi dati tomografici.<\/li>\n<\/ul>\n","protected":false},"excerpt":{"rendered":"<p>L\u2019Unit\u00e0 di Ricerca di Cagliari, inserita in una scuola di Ingegneria, \u00e8 essenzialmente costituita da personale strutturato che ha una lunga esperienza sull\u2019uso di metodologie geofisiche applicate nei diversi campi dell\u2019ingegneria ambientale e nella tutela di beni culturali. Il campo preferenziale di ricerca \u00e8 lo sviluppo metodologico con metodi di ricerca operativa, con lo studio e la realizzazione di prototipi, con snellimento e ottimizzazione delle fasi di misura. Il gruppo ha pochi uguali in campo europeo, per numero, affiatamento, efficienza. Non trascurabile \u00e8 anche l\u2019approccio teorico sulla rappresentativit\u00e0 delle informazioni. Per questa parte l\u2019Unit\u00e0 tradizionale \u00e8 integrata da esperti nel <a href='https:\/\/people.unica.it\/firb\/partner\/ur1\/' class='excerpt-more'>[&#8230;]<\/a><\/p>\n","protected":false},"author":95,"featured_media":0,"parent":10,"menu_order":0,"comment_status":"closed","ping_status":"open","template":"","meta":{"footnotes":""},"class_list":["post-78","page","type-page","status-publish","hentry","category-1-id","post-seq-1","post-parity-odd","meta-position-corners","fix"],"_links":{"self":[{"href":"https:\/\/people.unica.it\/firb\/wp-json\/wp\/v2\/pages\/78","targetHints":{"allow":["GET"]}}],"collection":[{"href":"https:\/\/people.unica.it\/firb\/wp-json\/wp\/v2\/pages"}],"about":[{"href":"https:\/\/people.unica.it\/firb\/wp-json\/wp\/v2\/types\/page"}],"author":[{"embeddable":true,"href":"https:\/\/people.unica.it\/firb\/wp-json\/wp\/v2\/users\/95"}],"replies":[{"embeddable":true,"href":"https:\/\/people.unica.it\/firb\/wp-json\/wp\/v2\/comments?post=78"}],"version-history":[{"count":6,"href":"https:\/\/people.unica.it\/firb\/wp-json\/wp\/v2\/pages\/78\/revisions"}],"predecessor-version":[{"id":84,"href":"https:\/\/people.unica.it\/firb\/wp-json\/wp\/v2\/pages\/78\/revisions\/84"}],"up":[{"embeddable":true,"href":"https:\/\/people.unica.it\/firb\/wp-json\/wp\/v2\/pages\/10"}],"wp:attachment":[{"href":"https:\/\/people.unica.it\/firb\/wp-json\/wp\/v2\/media?parent=78"}],"curies":[{"name":"wp","href":"https:\/\/api.w.org\/{rel}","templated":true}]}}