{"id":61,"date":"2009-05-22T10:11:14","date_gmt":"2009-05-22T08:11:14","guid":{"rendered":"http:\/\/people.unica.it\/firb\/?page_id=61"},"modified":"2009-05-25T10:24:49","modified_gmt":"2009-05-25T08:24:49","slug":"risultati","status":"publish","type":"page","link":"https:\/\/people.unica.it\/firb\/risultati\/","title":{"rendered":"Risultati"},"content":{"rendered":"<p><strong>Unit\u00e0 di Ricerca 1:<br \/>\n<\/strong><\/p>\n<ul>\n<li>Universit\u00e0 degli Studi di CAGLIARI &#8211; Dip. Ingegneria del Territorio<br \/>\n&gt;&gt; <a href=\"http:\/\/people.unica.it\/firb\/risultati\/risultatiunita1\">Documentazione<\/a><\/li>\n<\/ul>\n<p><strong>Unit\u00e0 di Ricerca 2:<\/strong><\/p>\n<ul>\n<li>Universit\u00e0 degli Studi di PALERMO &#8211; Dip. Chimica e Fisica della Terra ed Applicazioni alle Georisorse ed ai Rischi Naturali<br \/>\n&gt;&gt; <a href=\"http:\/\/people.unica.it\/firb\/risultati\/risultatiunita2\">Documentazione<\/a><\/li>\n<\/ul>\n<p><strong>Unit\u00e0 di Ricerca 3:<\/strong><\/p>\n<ul>\n<li>Politecnico di TORINO &#8211; Dip. Georisorse e Territorio<br \/>\n&gt;&gt; <a href=\"http:\/\/people.unica.it\/firb\/risultati\/risultatiunita3\">Documentazione<\/a><\/li>\n<\/ul>\n<p><strong>Unit\u00e0 di Ricerca 4:<\/strong><\/p>\n<ul>\n<li>Consorzio Nazionale Interuniversitario per le Scienze del Mare  &#8211; Unit\u00e0 Locale di Ricerca Univ. Milano-Bicocca<br \/>\n&gt;&gt; <a href=\"http:\/\/people.unica.it\/firb\/risultati\/risultatiunita4\">Documentazione<\/a><\/li>\n<\/ul>\n","protected":false},"excerpt":{"rendered":"<p>Unit\u00e0 di Ricerca 1: Universit\u00e0 degli Studi di CAGLIARI &#8211; Dip. Ingegneria del Territorio &gt;&gt; Documentazione Unit\u00e0 di Ricerca 2: Universit\u00e0 degli Studi di PALERMO &#8211; Dip. Chimica e Fisica della Terra ed Applicazioni alle Georisorse ed ai Rischi Naturali &gt;&gt; Documentazione Unit\u00e0 di Ricerca 3: Politecnico di TORINO &#8211; Dip. Georisorse e Territorio &gt;&gt; Documentazione Unit\u00e0 di Ricerca 4: Consorzio Nazionale Interuniversitario per le Scienze del Mare &#8211; Unit\u00e0 Locale di Ricerca Univ. Milano-Bicocca &gt;&gt; Documentazione<\/p>\n","protected":false},"author":95,"featured_media":0,"parent":0,"menu_order":0,"comment_status":"closed","ping_status":"open","template":"","meta":{"footnotes":""},"class_list":["post-61","page","type-page","status-publish","hentry","category-1-id","post-seq-1","post-parity-odd","meta-position-corners","fix"],"_links":{"self":[{"href":"https:\/\/people.unica.it\/firb\/wp-json\/wp\/v2\/pages\/61","targetHints":{"allow":["GET"]}}],"collection":[{"href":"https:\/\/people.unica.it\/firb\/wp-json\/wp\/v2\/pages"}],"about":[{"href":"https:\/\/people.unica.it\/firb\/wp-json\/wp\/v2\/types\/page"}],"author":[{"embeddable":true,"href":"https:\/\/people.unica.it\/firb\/wp-json\/wp\/v2\/users\/95"}],"replies":[{"embeddable":true,"href":"https:\/\/people.unica.it\/firb\/wp-json\/wp\/v2\/comments?post=61"}],"version-history":[{"count":6,"href":"https:\/\/people.unica.it\/firb\/wp-json\/wp\/v2\/pages\/61\/revisions"}],"predecessor-version":[{"id":104,"href":"https:\/\/people.unica.it\/firb\/wp-json\/wp\/v2\/pages\/61\/revisions\/104"}],"wp:attachment":[{"href":"https:\/\/people.unica.it\/firb\/wp-json\/wp\/v2\/media?parent=61"}],"curies":[{"name":"wp","href":"https:\/\/api.w.org\/{rel}","templated":true}]}}