{"id":52,"date":"2009-05-06T09:32:42","date_gmt":"2009-05-06T07:32:42","guid":{"rendered":"http:\/\/people.unica.it\/firb\/?page_id=52"},"modified":"2009-05-25T12:53:41","modified_gmt":"2009-05-25T10:53:41","slug":"nora-pula-sardegna","status":"publish","type":"page","link":"https:\/\/people.unica.it\/firb\/siti-indagati\/nora-pula-sardegna\/","title":{"rendered":"Nora, Pula, Sardegna"},"content":{"rendered":"<p><a href=\"http:\/\/people.unica.it\/firb\/files\/2009\/05\/nora.jpg\"><img decoding=\"async\" class=\"aligncenter size-full wp-image-162\" src=\"http:\/\/people.unica.it\/firb\/files\/2009\/05\/nora.jpg\" alt=\"nora\" width=\"500\" height=\"163\" srcset=\"https:\/\/people.unica.it\/firb\/files\/2009\/05\/nora.jpg 500w, https:\/\/people.unica.it\/firb\/files\/2009\/05\/nora-300x97.jpg 300w\" sizes=\"(max-width: 500px) 100vw, 500px\" \/><\/a><\/p>\n<p>La Laguna di Nora, che comprende il ramificato sistema di canali ed isolotti che caratterizzano la foce del suo torrente, \u00e8 separata dal mare dalla Penisola <em>Fradis minoris  <\/em>formazione geologica, nota come Panchina Tirreniana, ricca di inclusioni fossili.<\/p>\n<p>La Penisola fu utilizzata, in et\u00e0 punica e romana, come cava per l&#8217;estrazione di materiale per la costruzione della citt\u00e0 di Nora, ed ora \u00e8 ricoperta da una rigogliosa vegetazione a macchia mediterranea e altre specie della flora tipica delle zone umide salmastre.<\/p>\n<p>Ben conservata si mostra una grande cisterna romana a cielo aperto destinata alla raccolta e conservazione dell&#8217;acqua, squadrati blocchi di roccia sono ancora poggiati nel luogo dove furono lavorati.<\/p>\n<p>La Laguna \u00e8 sito di sosta di numerose specie di uccelli tra le pi\u00f9 rappresentative dell&#8217;avifauna costiera e le acque sono popolate da pregiate specie ittiche.<\/p>\n<p>La laguna di Nora si trova poco distante dall ss.195, a meno di 3 km da Pula, di fronte ai resti della citt\u00e0 fenicia di Nora.<\/p>\n","protected":false},"excerpt":{"rendered":"<p>La Laguna di Nora, che comprende il ramificato sistema di canali ed isolotti che caratterizzano la foce del suo torrente, \u00e8 separata dal mare dalla Penisola Fradis minoris formazione geologica, nota come Panchina Tirreniana, ricca di inclusioni fossili. La Penisola fu utilizzata, in et\u00e0 punica e romana, come cava per l&#8217;estrazione di materiale per la costruzione della citt\u00e0 di Nora, ed ora \u00e8 ricoperta da una rigogliosa vegetazione a macchia mediterranea e altre specie della flora tipica delle zone umide salmastre. Ben conservata si mostra una grande cisterna romana a cielo aperto destinata alla raccolta e conservazione dell&#8217;acqua, squadrati blocchi <a href='https:\/\/people.unica.it\/firb\/siti-indagati\/nora-pula-sardegna\/' class='excerpt-more'>[&#8230;]<\/a><\/p>\n","protected":false},"author":95,"featured_media":0,"parent":20,"menu_order":0,"comment_status":"closed","ping_status":"open","template":"","meta":{"footnotes":""},"class_list":["post-52","page","type-page","status-publish","hentry","category-1-id","post-seq-1","post-parity-odd","meta-position-corners","fix"],"_links":{"self":[{"href":"https:\/\/people.unica.it\/firb\/wp-json\/wp\/v2\/pages\/52","targetHints":{"allow":["GET"]}}],"collection":[{"href":"https:\/\/people.unica.it\/firb\/wp-json\/wp\/v2\/pages"}],"about":[{"href":"https:\/\/people.unica.it\/firb\/wp-json\/wp\/v2\/types\/page"}],"author":[{"embeddable":true,"href":"https:\/\/people.unica.it\/firb\/wp-json\/wp\/v2\/users\/95"}],"replies":[{"embeddable":true,"href":"https:\/\/people.unica.it\/firb\/wp-json\/wp\/v2\/comments?post=52"}],"version-history":[{"count":3,"href":"https:\/\/people.unica.it\/firb\/wp-json\/wp\/v2\/pages\/52\/revisions"}],"predecessor-version":[{"id":165,"href":"https:\/\/people.unica.it\/firb\/wp-json\/wp\/v2\/pages\/52\/revisions\/165"}],"up":[{"embeddable":true,"href":"https:\/\/people.unica.it\/firb\/wp-json\/wp\/v2\/pages\/20"}],"wp:attachment":[{"href":"https:\/\/people.unica.it\/firb\/wp-json\/wp\/v2\/media?parent=52"}],"curies":[{"name":"wp","href":"https:\/\/api.w.org\/{rel}","templated":true}]}}