{"id":49,"date":"2009-05-06T09:31:48","date_gmt":"2009-05-06T07:31:48","guid":{"rendered":"http:\/\/people.unica.it\/firb\/?page_id=49"},"modified":"2009-05-25T12:57:28","modified_gmt":"2009-05-25T10:57:28","slug":"pollentia-isola-di-maiorca-spagna","status":"publish","type":"page","link":"https:\/\/people.unica.it\/firb\/siti-indagati\/pollentia-isola-di-maiorca-spagna\/","title":{"rendered":"Pollentia, Isola di Maiorca, Spagna"},"content":{"rendered":"<p><a href=\"http:\/\/people.unica.it\/firb\/files\/2009\/05\/pollentia.jpg\"><img decoding=\"async\" class=\"aligncenter size-full wp-image-50\" src=\"http:\/\/people.unica.it\/firb\/files\/2009\/05\/pollentia.jpg\" alt=\"pollentia\" width=\"371\" height=\"150\" srcset=\"https:\/\/people.unica.it\/firb\/files\/2009\/05\/pollentia.jpg 371w, https:\/\/people.unica.it\/firb\/files\/2009\/05\/pollentia-300x121.jpg 300w\" sizes=\"(max-width: 371px) 100vw, 371px\" \/><\/a><\/p>\n<p>Prima della dominazione araba e di quella catalana, Maiorca fu abitata dai romani. Oggi sono rimaste poche testimonianze dell&#8217;epoca romana, la maggiore delle quali \u00e8 rappresentata dai resti della citt\u00e0 di Pollentia, ad Alcudia, nel nord\u00e8st di Maiorca.<\/p>\n<p>Gli scavi archeologici di Pollentia sono iniziati nel 1920 e sono ancora in corso. Si possono ammirare una parte delle antiche mura della citt\u00e0, i resti di tre dimore nobiliari e di una via porticata. Ma il fiore all&#8217;occhiello di Pollentia \u00e8 senz&#8217;altro il Teatro Romano, che risale al I secolo d.C. e aveva una capienza di 2.000 persone. Della costruzione \u00e8 rimasto parte delle gradinate e del palcoscenico. <\/p>\n","protected":false},"excerpt":{"rendered":"<p>Prima della dominazione araba e di quella catalana, Maiorca fu abitata dai romani. Oggi sono rimaste poche testimonianze dell&#8217;epoca romana, la maggiore delle quali \u00e8 rappresentata dai resti della citt\u00e0 di Pollentia, ad Alcudia, nel nord\u00e8st di Maiorca. Gli scavi archeologici di Pollentia sono iniziati nel 1920 e sono ancora in corso. Si possono ammirare una parte delle antiche mura della citt\u00e0, i resti di tre dimore nobiliari e di una via porticata. Ma il fiore all&#8217;occhiello di Pollentia \u00e8 senz&#8217;altro il Teatro Romano, che risale al I secolo d.C. e aveva una capienza di 2.000 persone. Della costruzione \u00e8 <a href='https:\/\/people.unica.it\/firb\/siti-indagati\/pollentia-isola-di-maiorca-spagna\/' class='excerpt-more'>[&#8230;]<\/a><\/p>\n","protected":false},"author":95,"featured_media":0,"parent":20,"menu_order":0,"comment_status":"closed","ping_status":"open","template":"","meta":{"footnotes":""},"class_list":["post-49","page","type-page","status-publish","hentry","category-1-id","post-seq-1","post-parity-odd","meta-position-corners","fix"],"_links":{"self":[{"href":"https:\/\/people.unica.it\/firb\/wp-json\/wp\/v2\/pages\/49","targetHints":{"allow":["GET"]}}],"collection":[{"href":"https:\/\/people.unica.it\/firb\/wp-json\/wp\/v2\/pages"}],"about":[{"href":"https:\/\/people.unica.it\/firb\/wp-json\/wp\/v2\/types\/page"}],"author":[{"embeddable":true,"href":"https:\/\/people.unica.it\/firb\/wp-json\/wp\/v2\/users\/95"}],"replies":[{"embeddable":true,"href":"https:\/\/people.unica.it\/firb\/wp-json\/wp\/v2\/comments?post=49"}],"version-history":[{"count":4,"href":"https:\/\/people.unica.it\/firb\/wp-json\/wp\/v2\/pages\/49\/revisions"}],"predecessor-version":[{"id":167,"href":"https:\/\/people.unica.it\/firb\/wp-json\/wp\/v2\/pages\/49\/revisions\/167"}],"up":[{"embeddable":true,"href":"https:\/\/people.unica.it\/firb\/wp-json\/wp\/v2\/pages\/20"}],"wp:attachment":[{"href":"https:\/\/people.unica.it\/firb\/wp-json\/wp\/v2\/media?parent=49"}],"curies":[{"name":"wp","href":"https:\/\/api.w.org\/{rel}","templated":true}]}}