{"id":31,"date":"2009-05-06T08:46:47","date_gmt":"2009-05-06T06:46:47","guid":{"rendered":"http:\/\/people.unica.it\/firb\/?page_id=31"},"modified":"2009-06-11T16:40:44","modified_gmt":"2009-06-11T14:40:44","slug":"risultatiunita4","status":"publish","type":"page","link":"https:\/\/people.unica.it\/firb\/risultati\/risultatiunita4\/","title":{"rendered":"Consorzio Nazionale Interuniversitario per le Scienze del Mare Unit\u00e0 Locale di Ricerca &#8211; Universit\u00e0 Milano &#8211; Bicocca"},"content":{"rendered":"<p><strong>UNITA&#8217; 4<\/strong><\/p>\n<ul>\n<li><a href=\"http:\/\/people.unica.it\/firb\/files\/2009\/06\/risultati.pdf\">Relazione sui risultati ottenuti<\/a> (formato pdf)<\/li>\n<\/ul>\n<blockquote><p>&gt; <a href=\"http:\/\/people.unica.it\/firb\/partner\/ur4\/\">Composizione Unit\u00e0 di Ricerca 4<\/a><br \/>\nVedi:\u00a0 <a href=\"http:\/\/people.unica.it\/firb\/risultati\/risultatiunita1\">Unit\u00e0 1<\/a> | <a href=\"http:\/\/people.unica.it\/firb\/risultati\/risultatiunita2\">Unit\u00e0 2<\/a> | <a href=\"http:\/\/people.unica.it\/firb\/risultati\/risultatiunita3\">Unit\u00e0 3<\/a><\/p><\/blockquote>\n","protected":false},"excerpt":{"rendered":"<p>UNITA&#8217; 4 Relazione sui risultati ottenuti (formato pdf) &gt; Composizione Unit\u00e0 di Ricerca 4 Vedi:\u00a0 Unit\u00e0 1 | Unit\u00e0 2 | Unit\u00e0 3<\/p>\n","protected":false},"author":95,"featured_media":0,"parent":61,"menu_order":0,"comment_status":"closed","ping_status":"open","template":"","meta":{"footnotes":""},"class_list":["post-31","page","type-page","status-publish","hentry","category-1-id","post-seq-1","post-parity-odd","meta-position-corners","fix"],"_links":{"self":[{"href":"https:\/\/people.unica.it\/firb\/wp-json\/wp\/v2\/pages\/31","targetHints":{"allow":["GET"]}}],"collection":[{"href":"https:\/\/people.unica.it\/firb\/wp-json\/wp\/v2\/pages"}],"about":[{"href":"https:\/\/people.unica.it\/firb\/wp-json\/wp\/v2\/types\/page"}],"author":[{"embeddable":true,"href":"https:\/\/people.unica.it\/firb\/wp-json\/wp\/v2\/users\/95"}],"replies":[{"embeddable":true,"href":"https:\/\/people.unica.it\/firb\/wp-json\/wp\/v2\/comments?post=31"}],"version-history":[{"count":16,"href":"https:\/\/people.unica.it\/firb\/wp-json\/wp\/v2\/pages\/31\/revisions"}],"predecessor-version":[{"id":202,"href":"https:\/\/people.unica.it\/firb\/wp-json\/wp\/v2\/pages\/31\/revisions\/202"}],"up":[{"embeddable":true,"href":"https:\/\/people.unica.it\/firb\/wp-json\/wp\/v2\/pages\/61"}],"wp:attachment":[{"href":"https:\/\/people.unica.it\/firb\/wp-json\/wp\/v2\/media?parent=31"}],"curies":[{"name":"wp","href":"https:\/\/api.w.org\/{rel}","templated":true}]}}