{"id":29,"date":"2009-05-06T08:46:19","date_gmt":"2009-05-06T06:46:19","guid":{"rendered":"http:\/\/people.unica.it\/firb\/?page_id=29"},"modified":"2009-06-11T16:44:47","modified_gmt":"2009-06-11T14:44:47","slug":"risultatiunita3","status":"publish","type":"page","link":"https:\/\/people.unica.it\/firb\/risultati\/risultatiunita3\/","title":{"rendered":"Dipartimento di Ingegneria Del Territorio, dell\u2019ambiente e delle Geotecnologie &#8211; Politecnico di Torino"},"content":{"rendered":"<p><strong>UNITA&#8217; 3<\/strong><\/p>\n<p>Inserire qui la descrizione dei risultati e l&#8217;eventuale documentazione.<\/p>\n<blockquote><p>&gt; <a href=\"http:\/\/people.unica.it\/firb\/partner\/ur3\/\">Composizione Unit\u00e0 di Ricerca 3<\/a><br \/>\nVedi:  <a href=\"http:\/\/people.unica.it\/firb\/risultati\/risultatiunita1\">Unit\u00e0 1<\/a> | <a href=\"http:\/\/people.unica.it\/firb\/risultati\/risultatiunita2\">Unit\u00e0 2<\/a> | <a href=\"http:\/\/people.unica.it\/firb\/risultati\/risultatiunita4\">Unit\u00e0 4<\/a> <\/p><\/blockquote>\n","protected":false},"excerpt":{"rendered":"<p>UNITA&#8217; 3 Inserire qui la descrizione dei risultati e l&#8217;eventuale documentazione. &gt; Composizione Unit\u00e0 di Ricerca 3 Vedi: Unit\u00e0 1 | Unit\u00e0 2 | Unit\u00e0 4<\/p>\n","protected":false},"author":95,"featured_media":0,"parent":61,"menu_order":0,"comment_status":"closed","ping_status":"open","template":"","meta":{"footnotes":""},"class_list":["post-29","page","type-page","status-publish","hentry","category-1-id","post-seq-1","post-parity-odd","meta-position-corners","fix"],"_links":{"self":[{"href":"https:\/\/people.unica.it\/firb\/wp-json\/wp\/v2\/pages\/29","targetHints":{"allow":["GET"]}}],"collection":[{"href":"https:\/\/people.unica.it\/firb\/wp-json\/wp\/v2\/pages"}],"about":[{"href":"https:\/\/people.unica.it\/firb\/wp-json\/wp\/v2\/types\/page"}],"author":[{"embeddable":true,"href":"https:\/\/people.unica.it\/firb\/wp-json\/wp\/v2\/users\/95"}],"replies":[{"embeddable":true,"href":"https:\/\/people.unica.it\/firb\/wp-json\/wp\/v2\/comments?post=29"}],"version-history":[{"count":7,"href":"https:\/\/people.unica.it\/firb\/wp-json\/wp\/v2\/pages\/29\/revisions"}],"predecessor-version":[{"id":206,"href":"https:\/\/people.unica.it\/firb\/wp-json\/wp\/v2\/pages\/29\/revisions\/206"}],"up":[{"embeddable":true,"href":"https:\/\/people.unica.it\/firb\/wp-json\/wp\/v2\/pages\/61"}],"wp:attachment":[{"href":"https:\/\/people.unica.it\/firb\/wp-json\/wp\/v2\/media?parent=29"}],"curies":[{"name":"wp","href":"https:\/\/api.w.org\/{rel}","templated":true}]}}