{"id":27,"date":"2009-05-06T08:45:49","date_gmt":"2009-05-06T06:45:49","guid":{"rendered":"http:\/\/people.unica.it\/firb\/?page_id=27"},"modified":"2009-06-19T12:07:17","modified_gmt":"2009-06-19T10:07:17","slug":"risultatiunita2","status":"publish","type":"page","link":"https:\/\/people.unica.it\/firb\/risultati\/risultatiunita2\/","title":{"rendered":"Dipartimento di Chimica e Fisica della Terra ed Applicazioni alle Georisorse ed ai Rischi Naturali &#8211; Universit\u00e0 di Palermo"},"content":{"rendered":"<p><strong>UNITA&#8217; 2<\/strong><\/p>\n<ul>\n<li><a href='http:\/\/people.unica.it\/firb\/files\/2009\/05\/relazione-finale-firb-universita-di-palermo.pdf'>Relazione finale sui risultati ottenuti<\/a> (formato pdf)<\/li>\n<\/ul>\n<blockquote><p>&gt; <a href=\"http:\/\/people.unica.it\/firb\/partner\/ur2\/\">Composizione Unit\u00e0 di Ricerca 2<\/a><br \/>\nVedi:  <a href=\"http:\/\/people.unica.it\/firb\/risultati\/risultatiunita1\">Unit\u00e0 1<\/a> | <a href=\"http:\/\/people.unica.it\/firb\/risultati\/risultatiunita3\">Unit\u00e0 3<\/a> | <a href=\"http:\/\/people.unica.it\/firb\/risultati\/risultatiunita4\">Unit\u00e0 4<\/a><\/p><\/blockquote>\n","protected":false},"excerpt":{"rendered":"<p>UNITA&#8217; 2 Relazione finale sui risultati ottenuti (formato pdf) &gt; Composizione Unit\u00e0 di Ricerca 2 Vedi: Unit\u00e0 1 | Unit\u00e0 3 | Unit\u00e0 4<\/p>\n","protected":false},"author":95,"featured_media":0,"parent":61,"menu_order":0,"comment_status":"closed","ping_status":"open","template":"","meta":{"footnotes":""},"class_list":["post-27","page","type-page","status-publish","hentry","category-1-id","post-seq-1","post-parity-odd","meta-position-corners","fix"],"_links":{"self":[{"href":"https:\/\/people.unica.it\/firb\/wp-json\/wp\/v2\/pages\/27","targetHints":{"allow":["GET"]}}],"collection":[{"href":"https:\/\/people.unica.it\/firb\/wp-json\/wp\/v2\/pages"}],"about":[{"href":"https:\/\/people.unica.it\/firb\/wp-json\/wp\/v2\/types\/page"}],"author":[{"embeddable":true,"href":"https:\/\/people.unica.it\/firb\/wp-json\/wp\/v2\/users\/95"}],"replies":[{"embeddable":true,"href":"https:\/\/people.unica.it\/firb\/wp-json\/wp\/v2\/comments?post=27"}],"version-history":[{"count":8,"href":"https:\/\/people.unica.it\/firb\/wp-json\/wp\/v2\/pages\/27\/revisions"}],"predecessor-version":[{"id":33,"href":"https:\/\/people.unica.it\/firb\/wp-json\/wp\/v2\/pages\/27\/revisions\/33"}],"up":[{"embeddable":true,"href":"https:\/\/people.unica.it\/firb\/wp-json\/wp\/v2\/pages\/61"}],"wp:attachment":[{"href":"https:\/\/people.unica.it\/firb\/wp-json\/wp\/v2\/media?parent=27"}],"curies":[{"name":"wp","href":"https:\/\/api.w.org\/{rel}","templated":true}]}}