{"id":25,"date":"2009-05-06T08:44:53","date_gmt":"2009-05-06T06:44:53","guid":{"rendered":"http:\/\/people.unica.it\/firb\/?page_id=25"},"modified":"2010-03-01T13:40:32","modified_gmt":"2010-03-01T11:40:32","slug":"risultatiunita1","status":"publish","type":"page","link":"https:\/\/people.unica.it\/firb\/risultati\/risultatiunita1\/","title":{"rendered":"Dipartimento di Ingegneria del Territorio &#8211; Universit\u00e0 di Cagliari"},"content":{"rendered":"<p><strong>UNITA&#8217; 1<br \/>\n<\/strong><\/p>\n<ul>\n<li><a href=\"http:\/\/people.unica.it\/firb\/files\/2009\/05\/Relazione-Finale.pdf\">Relazione Finale<\/a>: Illustrazione delle attivit\u00e0 svolte e dei risultati ottenuti durante la ricerca.<\/li>\n<li><a href=\"http:\/\/people.unica.it\/firb\/files\/2009\/05\/C.M.R.T.wmv\">C.M.R.T<\/a> (Video): Continuous Marine Resistivity Tomography, fase di acquisizione dei dati di resistivit\u00e0 in continuo in ambiente lagunare di bassa profondit\u00e0.<\/li>\n<\/ul>\n<hr \/>\n<h3>Delfis<\/h3>\n<ul>\n<li><a href=\"http:\/\/people.unica.it\/firb\/risultati\/risultatiunita1\/r2vrml\/\">r2VRML<\/a>: (pagina riservata) software e processo di elaborazioni dati per la visualizzazione 3D<\/li>\n<li><a href=\"http:\/\/www.delfis.it\/firb2003\/demo\/demo-neapolis\/\" target=\"_blank\">Demo 1: Neapolis<\/a> [flash]<\/li>\n<li><a href=\"http:\/\/www.delfis.it\/firb2003\/demo\/demo-pollentia\/\" target=\"_blank\">Demo 2: Pollentia<\/a> [flash]<\/li>\n<\/ul>\n<h3>Prodigy<\/h3>\n<ul>\n<li><a href=\"http:\/\/people.unica.it\/firb\/risultati\/risultatiunita1\/riprese-video-laguna-di-nora\/\">Riprese video subacquee nella laguna di Nora <\/a>(pagina riservata)<\/li>\n<\/ul>\n<blockquote><p>&gt; <a href=\"http:\/\/people.unica.it\/firb\/partner\/ur1\/\">Composizione Unit\u00e0 di Ricerca 1<\/a><br \/>\nVedi:  <a href=\"http:\/\/people.unica.it\/firb\/risultati\/risultatiunita2\">Unit\u00e0 2<\/a> | <a href=\"http:\/\/people.unica.it\/firb\/risultati\/risultatiunita3\">Unit\u00e0 3<\/a> | <a href=\"http:\/\/people.unica.it\/firb\/risultati\/risultatiunita4\">Unit\u00e0 4<\/a><\/p><\/blockquote>\n","protected":false},"excerpt":{"rendered":"<p>UNITA&#8217; 1 Relazione Finale: Illustrazione delle attivit\u00e0 svolte e dei risultati ottenuti durante la ricerca. C.M.R.T (Video): Continuous Marine Resistivity Tomography, fase di acquisizione dei dati di resistivit\u00e0 in continuo in ambiente lagunare di bassa profondit\u00e0. Delfis r2VRML: (pagina riservata) software e processo di elaborazioni dati per la visualizzazione 3D Demo 1: Neapolis [flash] Demo 2: Pollentia [flash] Prodigy Riprese video subacquee nella laguna di Nora (pagina riservata) &gt; Composizione Unit\u00e0 di Ricerca 1 Vedi: Unit\u00e0 2 | Unit\u00e0 3 | Unit\u00e0 4<\/p>\n","protected":false},"author":95,"featured_media":0,"parent":61,"menu_order":0,"comment_status":"closed","ping_status":"open","template":"","meta":{"footnotes":""},"class_list":["post-25","page","type-page","status-publish","hentry","category-1-id","post-seq-1","post-parity-odd","meta-position-corners","fix"],"_links":{"self":[{"href":"https:\/\/people.unica.it\/firb\/wp-json\/wp\/v2\/pages\/25","targetHints":{"allow":["GET"]}}],"collection":[{"href":"https:\/\/people.unica.it\/firb\/wp-json\/wp\/v2\/pages"}],"about":[{"href":"https:\/\/people.unica.it\/firb\/wp-json\/wp\/v2\/types\/page"}],"author":[{"embeddable":true,"href":"https:\/\/people.unica.it\/firb\/wp-json\/wp\/v2\/users\/95"}],"replies":[{"embeddable":true,"href":"https:\/\/people.unica.it\/firb\/wp-json\/wp\/v2\/comments?post=25"}],"version-history":[{"count":18,"href":"https:\/\/people.unica.it\/firb\/wp-json\/wp\/v2\/pages\/25\/revisions"}],"predecessor-version":[{"id":151,"href":"https:\/\/people.unica.it\/firb\/wp-json\/wp\/v2\/pages\/25\/revisions\/151"}],"up":[{"embeddable":true,"href":"https:\/\/people.unica.it\/firb\/wp-json\/wp\/v2\/pages\/61"}],"wp:attachment":[{"href":"https:\/\/people.unica.it\/firb\/wp-json\/wp\/v2\/media?parent=25"}],"curies":[{"name":"wp","href":"https:\/\/api.w.org\/{rel}","templated":true}]}}