{"id":2,"date":"2009-04-06T10:41:42","date_gmt":"2009-04-06T08:41:42","guid":{"rendered":""},"modified":"2009-05-25T10:51:21","modified_gmt":"2009-05-25T08:51:21","slug":"info","status":"publish","type":"page","link":"https:\/\/people.unica.it\/firb\/","title":{"rendered":"Info"},"content":{"rendered":"<p style=\"text-align: left\">&gt; <a href=\"http:\/\/people.unica.it\/firb\/info\/infoeng\">English version<\/a><\/p>\n<h3 style=\"text-align: center\">MINISTERO DELL&#8217;ISTRUZIONE, DELL&#8217;UNIVERSIT\u00c0 E DELLA RICERCA<\/h3>\n<p style=\"text-align: center\"><em>Dipartimento per la Programmazione il Coordinamento e gli Affari Economici<br \/>\nServizio per lo sviluppo e il Potenziamento delle Attivit\u00e0 di ricerca (SSPAR)<\/em><br \/>\nFIRB 2003 D.D. 2186-Ric 12 dicembre 2003<br \/>\n<strong>Protocollo: RBNE037EJJ<\/strong><\/p>\n<p><strong>Programma Strategico:<\/strong> Scienze umane, economiche e sociali<br \/>\n<strong>Progetto Obiettivo:<\/strong>La cooperazione euromediterranea<br \/>\n<strong>Risultati attesi:<\/strong> Metodologie e tecnologie avanzate per la conoscenza e la valorizzazione del patrimonio archeologico e monumentale dell&#8217;area mediterranea<\/p>\n<p><strong>Codice:<\/strong> RBNE037EJJ<\/p>\n<p>Parte I &#8211; Presentazione complessiva del progetto<\/p>\n<h3>1.0 Ambito<\/h3>\n<p>Programma Strategico\tScienze umane, economiche e sociali<br \/>\nProgetto Obiettivo\tLa cooperazione euromediterranea<\/p>\n<h4>1.0.a Risultati attesi<\/h4>\n<p>Metodologie e tecnologie avanzate per la conoscenza e la valorizzazione del patrimonio archeologico e monumentale dell&#8217;area mediterranea<\/p>\n<h3>1.1 Titolo del Progetto di Ricerca<\/h3>\n<p>Ricostruzione e valorizzazione del paesaggio archeologico in ambiente costiero mediterraneo tramite tecnologie innovative non invasive<\/p>\n<p><strong>Coordinatore scientifico della ricerca:<\/strong><br \/>\nRANIERI \tGaetano \tProfessore Ordinario \tUniversit\u00e0 degli Studi di CAGLIARI<\/p>\n<h3>1.2 Abstract del Progetto di Ricerca<\/h3>\n<p>La prospezione archeologica e lo scavo di una antica citt\u00e0 \u00e8 unA operazione delicata, lenta e perci\u00f2 costosa. Spesso, e soprattutto nell&#8217;area mediterranea, le citt\u00e0 venivano costruite nei pressi della costa per permettere l&#8217;attivazione di attivit\u00e0 commerciali lungo la via di trasporto pi\u00f9 comoda per le epoche passate.<br \/>\nSuccessivi movimenti relativi tra la terraferma e il mare, in scenario con una sedimentazione accentuata dall&#8217;azione dei venti e del mare stesso, hanno portato al ricoprimento di queste citt\u00e0 e quasi regolarmente dei loro sistemi portuali.<br \/>\nLa prospezione archeologica in questi siti \u00e8 spesso complicata dalla difficile &#8220;lettura&#8221; della parte a mare e perci\u00f2 dei rapporti tra strutture in terraferma-strutture a mare. Nasce come importante necessit\u00e0 quella di una prospezione complessiva del sito, che \u00e8 ovviamente molto costosa e lenta e perci\u00f2 poco fruibile se non in tempi molto lunghi. Questi siti sono difficilmente valorizzabili. Una prospezione preliminare attuata con metodologie innovative di tipo non distruttivo, pu\u00f2 consentire in tempi brevi una visualizzazione complessiva del sito e ad ottimizzare i costi dell&#8217;intervento diretto, proponendolo solo su aree di interesse. In questa ricerca viene proposta una sequenza metodologica che, parte da un&#8217;analisi raffinata delle immagini satellitari e fotografiche remote o ravvicinate per arrivare a definire attraverso l&#8217;applicazione di metodologie non distruttive di tipo geofisico, via via sempre pi\u00f9 selettive, applicate secondo modalit\u00e0 innovative sia per la prospezione a terra che per quella a mare, il paesaggio archeologico sotterraneo.<br \/>\nNel presente contesto il progetto prevede l&#8217;applicazione di metodologie integrate che partono dall&#8217;analisi e opportuni filtraggi delle foto aeree, metodologie magnetometriche ed elettromagnetiche, con adattamento dei sensori all&#8217;uso anche in acque poco profonde, tomografie elettriche 2D e 3D, implementate sia per le modalit\u00e0 in trascinamento continuo che per l&#8217;elaborazione dei dati; sezioni sismiche monocanale con utilizzo di sparker leggero (400J), panoramiche marine side scan sonar.<br \/>\nIl risultato finale sar\u00e0 la realizzazione di rappresentazioni digitali del sottosuolo, resa nelle 3 dimensioni, che non solo porter\u00e0 a definire le aree da scavare in via prioritaria, ma potr\u00e0 avere essa stessa valenza museale per una valorizzazione del sito in attesa di un suo completo scavo.<br \/>\nSaranno studiate le seguenti aree di interesse archeologico: La citt\u00e0 fenicia di Neapolis, a sud del golfo di Oristano in Sardegna, la citt\u00e0 romana di Pollentia nell&#8217;isola di Maiorca, le citt\u00e0 e le strutture funerarie di epoca messeniana di Peristeria e Kyparissia nel distretto di Olimpia nel Peloponneso, le strutture portuali di Lixus in Marocco, le strutture a mare di Cartagine, in Tunisia.<\/p>\n<h3>1.3 Parole chiave<\/h3>\n<p>1.\tTELERILEVAMENTO<br \/>\n2.\tTRATTAMENTO IMMAGINI<br \/>\n3.\tMETODI GEOFISICI<br \/>\n4.\tVALORIZZAZIONE SITI ARCHEOLOGICI<br \/>\n5.\tAMBIENTE COSTIERO<br \/>\n6.\tVISUALIZZAZIONE DATI<\/p>\n<p>&gt; <a href=\"http:\/\/people.unica.it\/firb\/files\/2009\/05\/firb-a_ita.pdf\">Scarica il progetto in italiano<\/a> [pdf]<\/p>\n","protected":false},"excerpt":{"rendered":"<p>&gt; English version MINISTERO DELL&#8217;ISTRUZIONE, DELL&#8217;UNIVERSIT\u00c0 E DELLA RICERCA Dipartimento per la Programmazione il Coordinamento e gli Affari Economici Servizio per lo sviluppo e il Potenziamento delle Attivit\u00e0 di ricerca (SSPAR) FIRB 2003 D.D. 2186-Ric 12 dicembre 2003 Protocollo: RBNE037EJJ Programma Strategico: Scienze umane, economiche e sociali Progetto Obiettivo:La cooperazione euromediterranea Risultati attesi: Metodologie e tecnologie avanzate per la conoscenza e la valorizzazione del patrimonio archeologico e monumentale dell&#8217;area mediterranea Codice: RBNE037EJJ Parte I &#8211; Presentazione complessiva del progetto 1.0 Ambito Programma Strategico Scienze umane, economiche e sociali Progetto Obiettivo La cooperazione euromediterranea 1.0.a Risultati attesi Metodologie e tecnologie avanzate <a href='https:\/\/people.unica.it\/firb\/' class='excerpt-more'>[&#8230;]<\/a><\/p>\n","protected":false},"author":95,"featured_media":0,"parent":0,"menu_order":0,"comment_status":"open","ping_status":"open","template":"","meta":{"footnotes":""},"class_list":["post-2","page","type-page","status-publish","hentry","category-1-id","post-seq-1","post-parity-odd","meta-position-corners","fix"],"_links":{"self":[{"href":"https:\/\/people.unica.it\/firb\/wp-json\/wp\/v2\/pages\/2","targetHints":{"allow":["GET"]}}],"collection":[{"href":"https:\/\/people.unica.it\/firb\/wp-json\/wp\/v2\/pages"}],"about":[{"href":"https:\/\/people.unica.it\/firb\/wp-json\/wp\/v2\/types\/page"}],"author":[{"embeddable":true,"href":"https:\/\/people.unica.it\/firb\/wp-json\/wp\/v2\/users\/95"}],"replies":[{"embeddable":true,"href":"https:\/\/people.unica.it\/firb\/wp-json\/wp\/v2\/comments?post=2"}],"version-history":[{"count":10,"href":"https:\/\/people.unica.it\/firb\/wp-json\/wp\/v2\/pages\/2\/revisions"}],"predecessor-version":[{"id":138,"href":"https:\/\/people.unica.it\/firb\/wp-json\/wp\/v2\/pages\/2\/revisions\/138"}],"wp:attachment":[{"href":"https:\/\/people.unica.it\/firb\/wp-json\/wp\/v2\/media?parent=2"}],"curies":[{"name":"wp","href":"https:\/\/api.w.org\/{rel}","templated":true}]}}