{"id":12,"date":"2009-04-23T12:47:45","date_gmt":"2009-04-23T10:47:45","guid":{"rendered":"http:\/\/people.unica.it\/firb\/?page_id=12"},"modified":"2010-03-01T13:47:07","modified_gmt":"2010-03-01T11:47:07","slug":"convegnoconclusivo","status":"publish","type":"page","link":"https:\/\/people.unica.it\/firb\/convegnoconclusivo\/","title":{"rendered":"Il convegno conclusivo"},"content":{"rendered":"<p>I risultati del progetto FIRB 2003 sono stati presentati nel convegno  <strong>&#8220;Geofisica e Beni Culturali&#8221;<\/strong> che si \u00e8 tenuto presso la Facolt\u00e0 di Architettura il 16 marzo 2009.<\/p>\n<p><strong>P R O G R A M M A<\/strong><\/p>\n<p><strong>10.30-11.00<\/strong> Apertura del convegno:<\/p>\n<ul>\n<li>Carlo Aymerich, Preside Facolt\u00e0 di Architettura<\/li>\n<li>Roberto Coroneo, Preside Facolt\u00e0 di Lettere<\/li>\n<li>Fulvia Lo Schiavo, Soprintendenza Archeologica<\/li>\n<li>Gaetano Ranieri, Coordinatore Nazionale Progetto F.I.R.B.<\/li>\n<\/ul>\n<p><strong>11.30-12.00<\/strong><\/p>\n<ul>\n<li><strong>La Micro-geofisica e i Beni Monumentali<\/strong> Pietro Cosentino &#8211; Universit\u00e0 di Palermo<\/li>\n<\/ul>\n<p><strong>12.00-12.30<\/strong><\/p>\n<ul>\n<li><strong>La Geofisica per l\u2019archeologia <\/strong>Gaetano Ranieri &#8211; Universit\u00e0 di Cagliari<\/li>\n<\/ul>\n<p><strong>12.30-13.00<\/strong><\/p>\n<ul>\n<li><strong>La mappatura di siti archeologici con tecniche georadar<\/strong> Stefano Stocco &#8211; Politecnico di Torino<br \/>\n&gt; <a href=\"http:\/\/www.delfis.it\/firb2003\/pdf\/Stocco_Cagliari2009-b.pdf\">Scarica slides intervento<\/a><\/li>\n<\/ul>\n<p><strong>15.00-15.30<\/strong><\/p>\n<ul>\n<li><strong>Acquisizione ed Elaborazione di dati magnetici per archeologia<\/strong> Alberto Godio- Politecnico di Torino &#8211; (collegamento virtuale Second Life)<\/li>\n<\/ul>\n<p><strong>15.30-15.50<\/strong><\/p>\n<ul>\n<li><strong>Contributo della geofisica e della microgeofisica al progetto di restauro della Villa del Casale di Piazza Armerina<\/strong> Pietro Cosentino &#8211; Universit\u00e0 di Palermo<\/li>\n<\/ul>\n<p><strong>15.50-16.10<\/strong><\/p>\n<ul>\n<li><strong>Il progetto FIRB : risultati delle ricerche<\/strong> Gaetano Ranieri &#8211; Universit\u00e0 di Cagliari<br \/>\n&gt; <a href=\"http:\/\/www.delfis.it\/firb2003\/pdf\/Ranieri_FIRB-d.pdf\">Scarica slides intervento<\/a><\/li>\n<\/ul>\n<p><strong>16.10-16.30<\/strong><\/p>\n<ul>\n<li><strong>Nuovi metodi per la ricerca in acque poco profonde. Metodi elettrici. Primi risultati dell\u2019applicazione nel sito di Nora. <\/strong>Francesco Loddo &#8211; Universit\u00e0 di Cagliari<br \/>\n&gt; <a href=\"http:\/\/people.unica.it\/firb\/files\/2009\/04\/Presentazione_Loddo.pdf\">Scarica slides intervento<\/a><\/li>\n<\/ul>\n<p><strong>16.40-17.00<\/strong><\/p>\n<ul>\n<li><strong>Nuovi metodi per la ricerca in acque poco profonde. Il sub-bottom profiler Primi risultati dell\u2019applicazione nel sito di Nora<\/strong> Vittorio Bruno &#8211; CONISMA (collegamento virtuale Second Life)<\/li>\n<\/ul>\n<p><strong>17.00-17.20 <\/strong><\/p>\n<ul>\n<li><strong>Ricerche geofisiche nella Cattedrale di Tarragona <\/strong>Albert Casas &#8211; Universit\u00e0 di Barcellona (collegamento virtuale Second Life)<\/li>\n<\/ul>\n<p><strong>17.20-17.40 <\/strong><\/p>\n<ul>\n<li><strong>Ricerche geofisiche integrate sul Bastione di Santa Caterina a Cagliari<\/strong> Carlo Piga &#8211; Universit\u00e0 di Cagliari<\/li>\n<\/ul>\n<p><strong>17.40-18.00 <\/strong><\/p>\n<ul>\n<li><strong>Tomografie ultrasoniche per lo studio dei Beni Monumentali<\/strong> Patrizia Capizzi &#8211; Universit\u00e0 degli Studi di Palermo<br \/>\n&gt; <a href=\"http:\/\/people.unica.it\/firb\/files\/2009\/05\/capizzi.pdf\">Scarica slides intervento <\/a><\/li>\n<\/ul>\n<p><strong>18.00-18.20 <\/strong><\/p>\n<ul>\n<li><strong>Visualizzazione dei dati e Musealizzazione in realt\u00e0 diversa <\/strong>Antonio Coiana &#8211; Delfis, Cagliari<br \/>\n&gt; <a href=\"http:\/\/people.unica.it\/firb\/files\/2009\/05\/coiana-firb2003.pdf\">Scarica slides intervento <\/a><\/li>\n<\/ul>\n<p><strong>18.20<\/strong><\/p>\n<ul>\n<li><strong>Chiusura dei lavori : <\/strong>Fulvia Lo Schiavo- Soprintendenza BA.<strong><br \/>\n<\/strong><\/li>\n<\/ul>\n<hr \/>\n<p>Nel video, un momento del convegno.<\/p>\n<p><code>[kml_flashembed movie=\"http:\/\/www.youtube.com\/v\/8zKtavyyWEs\" width=\"425\" height=\"344\" wmode=\"transparent\" \/]<\/code><\/p>\n<p>Vittorio Bruno in collegamento virtuale tramite Second Life interagisce con i partecipanti al convegno.<br \/>\n(Video a cura di Gino Flore &#8211; <a href=\"http:\/\/people.unica.it\/secondlife\/\">http:\/\/people.unica.it\/secondlife\/<\/a>)<\/p>\n","protected":false},"excerpt":{"rendered":"<p>I risultati del progetto FIRB 2003 sono stati presentati nel convegno &#8220;Geofisica e Beni Culturali&#8221; che si \u00e8 tenuto presso la Facolt\u00e0 di Architettura il 16 marzo 2009. P R O G R A M M A 10.30-11.00 Apertura del convegno: Carlo Aymerich, Preside Facolt\u00e0 di Architettura Roberto Coroneo, Preside Facolt\u00e0 di Lettere Fulvia Lo Schiavo, Soprintendenza Archeologica Gaetano Ranieri, Coordinatore Nazionale Progetto F.I.R.B. 11.30-12.00 La Micro-geofisica e i Beni Monumentali Pietro Cosentino &#8211; Universit\u00e0 di Palermo 12.00-12.30 La Geofisica per l\u2019archeologia Gaetano Ranieri &#8211; Universit\u00e0 di Cagliari 12.30-13.00 La mappatura di siti archeologici con tecniche georadar Stefano Stocco &#8211; <a href='https:\/\/people.unica.it\/firb\/convegnoconclusivo\/' class='excerpt-more'>[&#8230;]<\/a><\/p>\n","protected":false},"author":95,"featured_media":0,"parent":0,"menu_order":7,"comment_status":"open","ping_status":"open","template":"","meta":{"footnotes":""},"class_list":["post-12","page","type-page","status-publish","hentry","category-1-id","post-seq-1","post-parity-odd","meta-position-corners","fix"],"_links":{"self":[{"href":"https:\/\/people.unica.it\/firb\/wp-json\/wp\/v2\/pages\/12","targetHints":{"allow":["GET"]}}],"collection":[{"href":"https:\/\/people.unica.it\/firb\/wp-json\/wp\/v2\/pages"}],"about":[{"href":"https:\/\/people.unica.it\/firb\/wp-json\/wp\/v2\/types\/page"}],"author":[{"embeddable":true,"href":"https:\/\/people.unica.it\/firb\/wp-json\/wp\/v2\/users\/95"}],"replies":[{"embeddable":true,"href":"https:\/\/people.unica.it\/firb\/wp-json\/wp\/v2\/comments?post=12"}],"version-history":[{"count":19,"href":"https:\/\/people.unica.it\/firb\/wp-json\/wp\/v2\/pages\/12\/revisions"}],"predecessor-version":[{"id":38,"href":"https:\/\/people.unica.it\/firb\/wp-json\/wp\/v2\/pages\/12\/revisions\/38"}],"wp:attachment":[{"href":"https:\/\/people.unica.it\/firb\/wp-json\/wp\/v2\/media?parent=12"}],"curies":[{"name":"wp","href":"https:\/\/api.w.org\/{rel}","templated":true}]}}