{"id":10,"date":"2009-04-23T12:44:31","date_gmt":"2009-04-23T10:44:31","guid":{"rendered":"http:\/\/people.unica.it\/firb\/?page_id=10"},"modified":"2009-05-22T12:29:23","modified_gmt":"2009-05-22T10:29:23","slug":"partner","status":"publish","type":"page","link":"https:\/\/people.unica.it\/firb\/partner\/","title":{"rendered":"Partner"},"content":{"rendered":"<p><a href=\"http:\/\/people.unica.it\/firb\/files\/2009\/05\/partner.jpg\"><img decoding=\"async\" class=\"aligncenter size-full wp-image-36\" src=\"http:\/\/people.unica.it\/firb\/files\/2009\/05\/partner.jpg\" alt=\"partner\" width=\"372\" height=\"102\" srcset=\"https:\/\/people.unica.it\/firb\/files\/2009\/05\/partner.jpg 372w, https:\/\/people.unica.it\/firb\/files\/2009\/05\/partner-300x82.jpg 300w\" sizes=\"(max-width: 372px) 100vw, 372px\" \/><\/a><\/p>\n<h3>Elenco delle Unit\u00e0 di Ricerca (UR)<strong><\/strong><\/h3>\n<p><strong><a href=\"http:\/\/people.unica.it\/firb\/partner\/ur1\">Unit\u00e0 di Ricerca 1<\/a>:<\/strong><\/p>\n<ul>\n<li>Coordinatore Gaetano RANIERI, Professore Ordinario,<br \/>\nUniversit\u00e0 degli Studi di CAGLIARI &#8211; Dip. Ingegneria del Territorio<\/li>\n<\/ul>\n<p><strong><a href=\"http:\/\/people.unica.it\/firb\/partner\/ur2\">Unit\u00e0 di Ricerca 2:<\/a><\/strong><\/p>\n<ul>\n<li>Coordinatore  Pietro Lucio COSENTINO, Professore Ordinario,<br \/>\nUniversit\u00e0 degli Studi di PALERMO &#8211; Dip. Chimica e Fisica della Terra ed Applicazioni alle Georisorse ed ai Rischi Naturali<\/li>\n<\/ul>\n<p><strong><a href=\"http:\/\/people.unica.it\/firb\/partner\/ur3\">Unit\u00e0 di Ricerca 3:<\/a><\/strong><\/p>\n<ul>\n<li>Coordinatore  Alberto GODIO, Ricercatore Universitario,<br \/>\nPolitecnico di TORINO &#8211; Dip. Georisorse e Territorio<\/li>\n<\/ul>\n<p><strong><a href=\"http:\/\/people.unica.it\/firb\/partner\/ur4\">Unit\u00e0 di Ricerca 4:<\/a><\/strong><\/p>\n<ul>\n<li>Coordinatore  Francesco Maria FARANDA, Coordinatore unit\u00e0 CoNISMa,<br \/>\nConsorzio Nazionale Interuniversitario Per Le Scienze Del Mare  &#8211; Unit\u00e0 Locale di Ricerca Univ. Milano-Bicocca<\/li>\n<\/ul>\n","protected":false},"excerpt":{"rendered":"<p>Elenco delle Unit\u00e0 di Ricerca (UR) Unit\u00e0 di Ricerca 1: Coordinatore Gaetano RANIERI, Professore Ordinario, Universit\u00e0 degli Studi di CAGLIARI &#8211; Dip. Ingegneria del Territorio Unit\u00e0 di Ricerca 2: Coordinatore Pietro Lucio COSENTINO, Professore Ordinario, Universit\u00e0 degli Studi di PALERMO &#8211; Dip. Chimica e Fisica della Terra ed Applicazioni alle Georisorse ed ai Rischi Naturali Unit\u00e0 di Ricerca 3: Coordinatore Alberto GODIO, Ricercatore Universitario, Politecnico di TORINO &#8211; Dip. Georisorse e Territorio Unit\u00e0 di Ricerca 4: Coordinatore Francesco Maria FARANDA, Coordinatore unit\u00e0 CoNISMa, Consorzio Nazionale Interuniversitario Per Le Scienze Del Mare &#8211; Unit\u00e0 Locale di Ricerca Univ. Milano-Bicocca<\/p>\n","protected":false},"author":95,"featured_media":0,"parent":0,"menu_order":0,"comment_status":"open","ping_status":"open","template":"","meta":{"footnotes":""},"class_list":["post-10","page","type-page","status-publish","hentry","category-1-id","post-seq-1","post-parity-odd","meta-position-corners","fix"],"_links":{"self":[{"href":"https:\/\/people.unica.it\/firb\/wp-json\/wp\/v2\/pages\/10","targetHints":{"allow":["GET"]}}],"collection":[{"href":"https:\/\/people.unica.it\/firb\/wp-json\/wp\/v2\/pages"}],"about":[{"href":"https:\/\/people.unica.it\/firb\/wp-json\/wp\/v2\/types\/page"}],"author":[{"embeddable":true,"href":"https:\/\/people.unica.it\/firb\/wp-json\/wp\/v2\/users\/95"}],"replies":[{"embeddable":true,"href":"https:\/\/people.unica.it\/firb\/wp-json\/wp\/v2\/comments?post=10"}],"version-history":[{"count":16,"href":"https:\/\/people.unica.it\/firb\/wp-json\/wp\/v2\/pages\/10\/revisions"}],"predecessor-version":[{"id":16,"href":"https:\/\/people.unica.it\/firb\/wp-json\/wp\/v2\/pages\/10\/revisions\/16"}],"wp:attachment":[{"href":"https:\/\/people.unica.it\/firb\/wp-json\/wp\/v2\/media?parent=10"}],"curies":[{"name":"wp","href":"https:\/\/api.w.org\/{rel}","templated":true}]}}