{"id":131,"date":"2011-09-13T09:57:04","date_gmt":"2011-09-13T09:57:04","guid":{"rendered":"http:\/\/people.unica.it\/ele\/?page_id=131"},"modified":"2011-09-13T19:54:53","modified_gmt":"2011-09-13T19:54:53","slug":"directorio","status":"publish","type":"page","link":"https:\/\/people.unica.it\/ele\/directorio\/","title":{"rendered":"Contactar"},"content":{"rendered":"<p><strong><a href=\"http:\/\/people.unica.it\/ele\/files\/2011\/09\/mail.jpg\"><img decoding=\"async\" class=\"size-thumbnail wp-image-135 alignright\" src=\"http:\/\/people.unica.it\/ele\/files\/2011\/09\/mail-150x150.jpg\" alt=\"\" width=\"150\" height=\"150\" \/><\/a><br \/>\n<\/strong><\/p>\n<p><strong>Docenti:<\/strong><\/p>\n<p>Prof.ssa Daniela Zizi:<br \/>\nstudio 9, <a href=\"mailto:dzizi@unica.it\">dzizi@unica.it<\/a><\/p>\n<p>&nbsp;<\/p>\n<p>Dott. Gabriel Andr\u00e9s Renales:<br \/>\nstudio 8, <a href=\"mailto:andres@unica.it\">andres@unica.it<\/a><\/p>\n<p>Dott.ssa Simona Cocco:<br \/>\nstudio 11\/B, <a href=\"mailto:simona.cocco@unica.it\">simona.cocco@unica.it<\/a><\/p>\n<p><strong>\u00a0<\/strong><\/p>\n<p><strong>Esperti Linguistici (Pre-corso):<\/strong><\/p>\n<p>Dott.ssa Laura Da Rold:<br \/>\nlauradarold@hotmail.com<\/p>\n<p>&nbsp;<\/p>\n<p>Dott.ssa Tiziana Deonette:<br \/>\ndeonette@yahoo.com<\/p>\n<p>&nbsp;<\/p>\n<p>Dott. H\u00e9ctor R\u00edos:<br \/>\n<a href=\"mailto:rios.hector@gmail.com\">rios.hector@gmail.com<\/a><\/p>\n<p>&nbsp;<\/p>\n<p>&nbsp;<\/p>\n<p><strong>Lettori ed Esperti linguistici<br \/>\n(Insegnamenti ufficiali):<\/strong><\/p>\n<p><strong>\u00a0<\/strong><\/p>\n<p>Dott.ssa Covadonga Garc\u00eda-Tora\u00f1o:<br \/>\n<strong> <\/strong>torano@unica.it<strong><\/strong><\/p>\n<p>Dott.Enrique Jim\u00e9nez Villalonga:<br \/>\nvillalon@unica.it<\/p>\n<p>&nbsp;<\/p>\n<p>Dott.ssa Carmen Ramos de Castro:<br \/>\n<a href=\"mailto:ramosdecastrovelasco@gmail.com\">ramosdecastrovelasco@gmail.com<\/a><\/p>\n<p>Dott.ssa Flordelmar Serra:<br \/>\n<a href=\"mailto:flordelmarserra@yahoo.it\">flordelmarserra@yahoo.it<\/a><\/p>\n<p>&nbsp;<\/p>\n<p><strong>\u00a0<\/strong><\/p>\n<p><strong>\u00a0<\/strong><\/p>\n","protected":false},"excerpt":{"rendered":"<p>Docenti: Prof.ssa Daniela Zizi: studio 9, dzizi@unica.it &nbsp; Dott. Gabriel Andr\u00e9s Renales: studio 8, andres@unica.it Dott.ssa Simona Cocco: studio 11\/B, simona.cocco@unica.it \u00a0 Esperti Linguistici (Pre-corso): Dott.ssa Laura Da Rold: lauradarold@hotmail.com &nbsp; Dott.ssa Tiziana Deonette: deonette@yahoo.com &nbsp; Dott. H\u00e9ctor R\u00edos: rios.hector@gmail.com &nbsp; &nbsp; Lettori ed Esperti linguistici (Insegnamenti ufficiali): \u00a0 Dott.ssa Covadonga Garc\u00eda-Tora\u00f1o: torano@unica.it Dott.Enrique Jim\u00e9nez Villalonga: villalon@unica.it &nbsp; Dott.ssa Carmen Ramos de Castro: ramosdecastrovelasco@gmail.com Dott.ssa Flordelmar Serra: flordelmarserra@yahoo.it &nbsp; \u00a0 \u00a0<\/p>\n","protected":false},"author":494,"featured_media":0,"parent":0,"menu_order":0,"comment_status":"open","ping_status":"open","template":"","meta":{"footnotes":""},"class_list":["post-131","page","type-page","status-publish","hentry","post-seq-1","post-parity-odd","meta-position-corners","fix"],"_links":{"self":[{"href":"https:\/\/people.unica.it\/ele\/wp-json\/wp\/v2\/pages\/131","targetHints":{"allow":["GET"]}}],"collection":[{"href":"https:\/\/people.unica.it\/ele\/wp-json\/wp\/v2\/pages"}],"about":[{"href":"https:\/\/people.unica.it\/ele\/wp-json\/wp\/v2\/types\/page"}],"author":[{"embeddable":true,"href":"https:\/\/people.unica.it\/ele\/wp-json\/wp\/v2\/users\/494"}],"replies":[{"embeddable":true,"href":"https:\/\/people.unica.it\/ele\/wp-json\/wp\/v2\/comments?post=131"}],"version-history":[{"count":9,"href":"https:\/\/people.unica.it\/ele\/wp-json\/wp\/v2\/pages\/131\/revisions"}],"predecessor-version":[{"id":134,"href":"https:\/\/people.unica.it\/ele\/wp-json\/wp\/v2\/pages\/131\/revisions\/134"}],"wp:attachment":[{"href":"https:\/\/people.unica.it\/ele\/wp-json\/wp\/v2\/media?parent=131"}],"curies":[{"name":"wp","href":"https:\/\/api.w.org\/{rel}","templated":true}]}}