{"id":1466,"date":"2013-06-06T10:06:03","date_gmt":"2013-06-06T10:06:03","guid":{"rendered":"http:\/\/people.unica.it\/economiaegestioneservizituristici\/?page_id=1466"},"modified":"2013-06-06T11:37:25","modified_gmt":"2013-06-06T11:37:25","slug":"obiettivi-formativi","status":"publish","type":"page","link":"https:\/\/people.unica.it\/economiaegestioneservizituristici\/obiettivi-formativi\/","title":{"rendered":"Obiettivi formativi"},"content":{"rendered":"<p>Il corso di laurea in Economia e Gestione dei Servizi Turistici forma figure professionali capaci di inserirsi a livello medio o alto nel settore turistico. Il laureato in Economia e Gestione dei Servizi Turistici associa specifiche capacit\u00e0 riguardo agli aspetti economico-gestionali dei servizi turistici ad una elevata flessibilit\u00e0 professionale, \u00e8 altres\u00ec capace di adattarsi alle diverse e mutevoli esigenze delle imprese turistiche pubbliche e private. Gli strumenti conoscitivi e operativi offerti dal corso di laurea consentono allo studente di affrontare con successo il mondo del lavoro nel settore turistico. A tal fine viene proposto un<br \/>\napproccio multidisciplinare, che sviluppa le conoscenze dell&#8217;economia e della gestione aziendale e le competenze pi\u00f9 specialistiche del settore turistico. Allo sviluppo delle capacit\u00e0 operative e relazionali dello studente sono esplicitamente orientate le attivit\u00e0 formative complementari alla didattica in aula e un periodo di tirocinio obbligatorio da effettuarsi presso imprese ed enti turistici.<br \/>\nIn questa ottica, l&#8217;obiettivo del Corso di Laurea in Economia e gestione dei servizi turistici \u00e8 duplice:<br \/>\n1. sviluppare le competenze necessarie a soddisfare le richieste di professionalit\u00e0 che provengono da un settore complesso come quello turistico, in rapido sviluppo e in altrettanto profonda trasformazione;<br \/>\n2. sviluppare le competenze volte all&#8217;individuazione dei bisogni del turista, e alla produzione e gestione di beni e servizi che soddisfino tali esigenze.<br \/>\nIl curriculum didattico tende ad informare sulle tecniche necessarie intese ad adeguare e coordinare l&#8217;offerta alla domanda turistica contribuendo ad assicurare risultati di efficienza in sinergia con la programmazione turistica degli enti pubblici e privati e con le aziende di gestione dei flussi turistici nazionali ed esteri.<br \/>\nI laureati in Economia e Gestione dei Servizi Turistici avranno quindi la capacit\u00e0 di analizzare degli scenari socio economici territoriali al fine di impostare e risolvere i problemi di gestione delle imprese che operano nel mercato dei servizi turistici. I laureati approfondiranno la conoscenza delle discipline aziendali al fine di poter operare in modo polivalente nelle imprese e nelle amministrazioni attive nel settore. Ai laureati saranno fornite le metodiche disciplinari nelle tecniche di promozione e fruizione dei beni ambientali e culturali.<br \/>\nIl corso si propone di offrire una approfondita conoscenza degli apparati concettuali e delle tecniche, qualitative e quantitative, necessari a un moderno operatore turistico. Tale corso \u00e8 finalizzato alla formazione di soggetti:<br \/>\n(a) in grado di comprendere e interpretare le tendenze del mercato turistico nel contesto evolutivo dei gusti del consumatore;<br \/>\n(b) idonei ad attivare una corretta progettazione, promozione e commercializzazione dei beni e dei prodotti turistici offerti localmente ai viaggiatori nazionali ed internazionali;<br \/>\n(c) capaci di organizzare e gestire servizi resi da imprese alberghiere, centri congressuali, agenzie di viaggio, imprese di trasporto e da enti e uffici pubblici che si occupano di attivit\u00e0 turistiche o connesse al turismo;<br \/>\n(d) capaci di intervenire sui processi di controllo e valutazione delle performance aziendali, attraverso la conoscenza delle tecniche di rilevazione e analisi dei dati interni.<br \/>\nLa conoscenza delle lingue, la solida preparazione di base in materie economiche e aziendali, nell&#8217;uso dell&#8217;elaboratore e nella metodica dell&#8217;indagine statistica sono anche funzionali al proseguimento degli studi a livelli superiori, per l&#8217;approfondimento e l&#8217;avviamento alla conduzione di sistemi turistici complessi.<br \/>\nGli obiettivi culturali e di preparazione professionali indicati sono ottenuti suddivedendo il percorso di studi in due fasi:\u00a0(a) la prima, enucleabile col primo e il secondo anno del corso, \u00e8 mirata a fornire allo studente un solido bagaglio di conoscenze per l&#8217;analisi economica, la gestione aziendale, la quantificazione statistica e il rispetto delle norme di tipo pubblicistico e privatistico;<br \/>\n(b) la seconda, evidenziata principalmente nel terzo anno del corso, prevede per lo studente l&#8217;obbligo di sostenere gli esami delle discipline pi\u00f9 caratterizzanti il percorso formativo (marketing turistico, organizzazione aziende turistiche, diritto del lavoro, ecc.), svolgere il tirocinio in aziende del settore turistico e approfondire la propria preparazione operativa diretta. La conoscenza delle lingue (tedesco e russo che le parti interessate hanno evidenziato come le pi\u00f9 rispondenti, oltre all&#8217;inglese, alle caratteristiche del mercato turistico regionale) sar\u00e0 motivo di incoraggiamento tanto per soggiorni di studio presso Universit\u00e0 straniere, che lo studente pu\u00f2 frequentare nell&#8217;ambito di accordi internazionali, quanto per svolgere stage all&#8217;estero, arricchendo la preparazione culturale e lavorativa.<\/p>","protected":false},"excerpt":{"rendered":"<p>Il corso di laurea in Economia e Gestione dei Servizi Turistici forma figure professionali capaci di inserirsi a livello medio o alto nel settore turistico. Il laureato in Economia e Gestione dei Servizi Turistici associa specifiche capacit\u00e0 riguardo agli aspetti economico-gestionali dei servizi turistici ad una elevata flessibilit\u00e0 professionale, \u00e8 altres\u00ec capace di adattarsi alle diverse e mutevoli esigenze delle imprese turistiche pubbliche e private. Gli strumenti conoscitivi e operativi offerti dal corso di laurea consentono allo studente di affrontare con successo il mondo del lavoro nel settore turistico. A tal fine viene proposto un approccio multidisciplinare, che sviluppa le <a href='https:\/\/people.unica.it\/economiaegestioneservizituristici\/obiettivi-formativi\/' class='excerpt-more'>[&#8230;]<\/a><\/p>\n","protected":false},"author":683,"featured_media":0,"parent":0,"menu_order":0,"comment_status":"closed","ping_status":"closed","template":"","meta":{"footnotes":""},"class_list":["post-1466","page","type-page","status-publish","hentry","post-seq-1","post-parity-odd","meta-position-corners","fix"],"publishpress_future_action":{"enabled":false,"date":"2026-04-22 17:01:33","action":"change-status","newStatus":"draft","terms":[],"taxonomy":"","extraData":[]},"publishpress_future_workflow_manual_trigger":{"enabledWorkflows":[]},"_links":{"self":[{"href":"https:\/\/people.unica.it\/economiaegestioneservizituristici\/wp-json\/wp\/v2\/pages\/1466","targetHints":{"allow":["GET"]}}],"collection":[{"href":"https:\/\/people.unica.it\/economiaegestioneservizituristici\/wp-json\/wp\/v2\/pages"}],"about":[{"href":"https:\/\/people.unica.it\/economiaegestioneservizituristici\/wp-json\/wp\/v2\/types\/page"}],"author":[{"embeddable":true,"href":"https:\/\/people.unica.it\/economiaegestioneservizituristici\/wp-json\/wp\/v2\/users\/683"}],"replies":[{"embeddable":true,"href":"https:\/\/people.unica.it\/economiaegestioneservizituristici\/wp-json\/wp\/v2\/comments?post=1466"}],"version-history":[{"count":4,"href":"https:\/\/people.unica.it\/economiaegestioneservizituristici\/wp-json\/wp\/v2\/pages\/1466\/revisions"}],"predecessor-version":[{"id":1477,"href":"https:\/\/people.unica.it\/economiaegestioneservizituristici\/wp-json\/wp\/v2\/pages\/1466\/revisions\/1477"}],"wp:attachment":[{"href":"https:\/\/people.unica.it\/economiaegestioneservizituristici\/wp-json\/wp\/v2\/media?parent=1466"}],"curies":[{"name":"wp","href":"https:\/\/api.w.org\/{rel}","templated":true}]}}