{"id":466,"date":"2012-06-30T13:03:58","date_gmt":"2012-06-30T13:03:58","guid":{"rendered":"http:\/\/people.unica.it\/meccanica\/?page_id=466"},"modified":"2012-07-01T11:08:14","modified_gmt":"2012-07-01T11:08:14","slug":"esami-a-scelta","status":"publish","type":"page","link":"https:\/\/people.unica.it\/dottoratoindirittodeicontratti\/insegnamenti\/esami-a-scelta\/","title":{"rendered":"Esami a scelta"},"content":{"rendered":"<p style=\"text-align: center\"><strong>Art. 16 &#8211; Regole di presentazione dei Piani di Studio individuali<\/strong><\/p>\n<p>Lo studente pu\u00f2 presentare un piano di studi individuale [&#8230;], che dovr\u00e0 essere approvato dal CCSIM, nel rispetto dell\u2019ordinamento didattico. Sono esonerati dal presentare il piano di studi individuale gli studenti che si attengono a quanto indicato nel Manifesto degli studi in vigore nell\u2019anno accademico di immatricolazione.<\/p>\n<p>In tale caso, gli studenti hanno per\u00f2 l\u2019<span style=\"color: red\">obbligo\u00a0<\/span>di indicare le attivit\u00e0 formative autonomamente scelte [&#8230;].<\/p>\n<p>A tal fine agli studenti \u00e8 assicurata <span style=\"text-decoration: underline\">la libert\u00e0 di scelta tra <span style=\"color: red\">tutti gli insegnamenti attivati nell\u2019Ateneo<\/span><\/span>, compresa l\u2019acquisizione di ulteriori crediti formativi nelle discipline di base e caratterizzanti, purch\u00e9 la scelta sia coerente con il progetto formativo. La coerenza della proposta con il progetto formativo \u00e8 valutata e deliberata dal CCSIM.<\/p>\n<p>Il CCSIM, riunitosi il 6\/2\/2009 (verbale n\u00b02), ha deliberato che \u201c<em>a partire dalla prossima sessione di esami, possano essere accettati come esami a scelta tutti quelli afferenti ai Corsi di Laurea in Ingegneria Industriale<\/em>\u201d.<\/p>\n<p>Lo studente pu\u00f2 chiedere il riconoscimento, in termini di crediti, nell\u2019ambito delle attivit\u00e0 formative a sua scelta, di esperienze maturate al di fuori dei percorsi curriculari universitari: rientrano fra questi i tirocini, i seminari, le ulteriori conoscenze linguistiche, il programma Erasmus, ecc..<\/p>\n<p>&nbsp;<\/p>\n<p style=\"text-align: center\"><strong><span style=\"color: red\">ATTENZIONE<\/span><\/strong><\/p>\n<p><span style=\"text-decoration: underline\">I termini per la presentazione dei piani di studio individuali e dei moduli per l\u2019indicazione delle attivit\u00e0 a scelta\/orientamento sono riportati nell\u2019<a title=\"Scadenze\" href=\"http:\/\/people.unica.it\/meccanica\/calendario\/scadenze\/\">Allegato 2 del Regolamento<\/a><\/span><\/p>\n<p>&nbsp;<\/p>\n<ul>\n<li><a title=\"Esami a Scelta triennale AA 2011\/12\" href=\"http:\/\/people.unica.it\/meccanica\/esami-a-scelta-triennale-aa-201112\/\">Triennale: AA. 2011\/&#8217;12<\/a><\/li>\n<li><a title=\"Esami a Scelta triennale AA 2012\/13\" href=\"http:\/\/people.unica.it\/meccanica\/495-2\/\">Triennale: AA. 2012\/&#8217;13<\/a><\/li>\n<\/ul>\n<ul>\n<li><a title=\"Esami a Scelta Magistrale AA 2011\/\u201912\" href=\"http:\/\/people.unica.it\/meccanica\/insegnamenti\/esami-a-scelta\/esami-a-scelta-magistrale-aa-201112\/\">Magistrale: AA. 2011\/&#8217;12<\/a><\/li>\n<li><a title=\"Esami a Scelta Magistrale AA 2012\/\u201913\" href=\"http:\/\/people.unica.it\/meccanica\/insegnamenti\/esami-a-scelta\/esami-a-scelta-magistrale-aa-201213\/\">Magistrale: AA. 2012\/&#8217;13<\/a><\/li>\n<\/ul>\n<p>&nbsp;<\/p>\n","protected":false},"excerpt":{"rendered":"<p>Art. 16 &#8211; Regole di presentazione dei Piani di Studio individuali Lo studente pu\u00f2 presentare un piano di studi individuale [&#8230;], che dovr\u00e0 essere approvato dal CCSIM, nel rispetto dell\u2019ordinamento didattico. Sono esonerati dal presentare il piano di studi individuale gli studenti che si attengono a quanto indicato nel Manifesto degli studi in vigore nell\u2019anno accademico di immatricolazione. In tale caso, gli studenti hanno per\u00f2 l\u2019obbligo\u00a0di indicare le attivit\u00e0 formative autonomamente scelte [&#8230;]. A tal fine agli studenti \u00e8 assicurata la libert\u00e0 di scelta tra tutti gli insegnamenti attivati nell\u2019Ateneo, compresa l\u2019acquisizione di ulteriori crediti formativi nelle discipline di base <a href='https:\/\/people.unica.it\/dottoratoindirittodeicontratti\/insegnamenti\/esami-a-scelta\/' class='excerpt-more'>[&#8230;]<\/a><\/p>\n","protected":false},"author":503,"featured_media":0,"parent":29,"menu_order":0,"comment_status":"closed","ping_status":"closed","template":"","meta":{"footnotes":""},"class_list":["post-466","page","type-page","status-publish","hentry","post-seq-1","post-parity-odd","meta-position-corners","fix"],"_links":{"self":[{"href":"https:\/\/people.unica.it\/dottoratoindirittodeicontratti\/wp-json\/wp\/v2\/pages\/466","targetHints":{"allow":["GET"]}}],"collection":[{"href":"https:\/\/people.unica.it\/dottoratoindirittodeicontratti\/wp-json\/wp\/v2\/pages"}],"about":[{"href":"https:\/\/people.unica.it\/dottoratoindirittodeicontratti\/wp-json\/wp\/v2\/types\/page"}],"author":[{"embeddable":true,"href":"https:\/\/people.unica.it\/dottoratoindirittodeicontratti\/wp-json\/wp\/v2\/users\/503"}],"replies":[{"embeddable":true,"href":"https:\/\/people.unica.it\/dottoratoindirittodeicontratti\/wp-json\/wp\/v2\/comments?post=466"}],"version-history":[{"count":18,"href":"https:\/\/people.unica.it\/dottoratoindirittodeicontratti\/wp-json\/wp\/v2\/pages\/466\/revisions"}],"predecessor-version":[{"id":536,"href":"https:\/\/people.unica.it\/dottoratoindirittodeicontratti\/wp-json\/wp\/v2\/pages\/466\/revisions\/536"}],"up":[{"embeddable":true,"href":"https:\/\/people.unica.it\/dottoratoindirittodeicontratti\/wp-json\/wp\/v2\/pages\/29"}],"wp:attachment":[{"href":"https:\/\/people.unica.it\/dottoratoindirittodeicontratti\/wp-json\/wp\/v2\/media?parent=466"}],"curies":[{"name":"wp","href":"https:\/\/api.w.org\/{rel}","templated":true}]}}